{"id":1993,"date":"2016-03-08T08:46:32","date_gmt":"2016-03-08T08:46:32","guid":{"rendered":"http:\/\/kursy-udt.pl\/?page_id=1993"},"modified":"2016-03-11T08:32:58","modified_gmt":"2016-03-11T08:32:58","slug":"krane-5","status":"publish","type":"page","link":"https:\/\/kursy-udt.de\/de\/krane\/","title":{"rendered":"Kr\u00e4ne"},"content":{"rendered":"<div style=\"float:left; padding-right:10px;\"><img decoding=\"async\" src=\"\/wp-content\/uploads\/2014\/04\/zurawie.jpeg\" alt=\"Kr\u00e4ne\"><\/div>\n<div class=\"wyjustuj\">Kran ist ein Hebeger\u00e4t, ausgestattet mit schwenkbarer Ausladung. Das Ger\u00e4t wird im Bauwesen und Transport eingesetzt. Wir unterscheiden unter anderem Selbstfahr-, Werft-, Hafen-, transportable, Turm-, und Schienenkr\u00e4ne. Mitarbeiter, die Kr\u00e4ne bedienen, sind verpflichtet \u00fcber entsprechende UDT-Berechtigungen zu verf\u00fcgen. Die Kurse helfen diese Berechtigungen zu erwerben. <\/p>\n<p>Wir bieten Ihnen Kurse an, die komplexes Wissen \u00fcbermitteln und zur Pr\u00fcfung lassen, um die Berechtigungen f\u00fcr Kr\u00e4ne zu erwerben. Wir f\u00fchren UDT-Kurse verschiedener Art. Jeder Kurs im Bereich der Kr\u00e4ne besteht aus dem theoretischen und praktischen Teil, auf diese Weise machen unsere Kurse die Kursteilnehmer mit der komplexen Thematik der Bedienung und Wartung der Ger\u00e4te vertraut. <\/p><\/div>\n<div class=\"button_styl\" style=\"float:right; padding-left:15px; padding-bottom:8px; margin-bottom:5px;\"><a href=\"https:\/\/platformaedukacji.pl\/login\/signup.php\" rel=\"nofollow\" target=\"_blank\" class=\"myButton myButton_maly\"><font color=\"white\">am Kurs teilnehmen<\/font><\/a><\/div>","protected":false},"excerpt":{"rendered":"<p>Kran ist ein Hebeger\u00e4t, ausgestattet mit schwenkbarer Ausladung. Das Ger\u00e4t wird im Bauwesen und Transport eingesetzt. Wir unterscheiden unter anderem Selbstfahr-, Werft-, Hafen-, transportable, Turm-, und Schienenkr\u00e4ne. Mitarbeiter, die Kr\u00e4ne bedienen, sind verpflichtet \u00fcber entsprechende UDT-Berechtigungen zu verf\u00fcgen. Die Kurse helfen diese Berechtigungen zu erwerben. Wir bieten Ihnen Kurse an, die komplexes Wissen \u00fcbermitteln und zur Pr\u00fcfung lassen, um die Berechtigungen f\u00fcr Kr\u00e4ne zu erwerben. Wir f\u00fchren UDT-Kurse verschiedener Art. Jeder Kurs im Bereich der Kr\u00e4ne besteht aus dem theoretischen und praktischen Teil, auf diese Weise machen unsere Kurse die Kursteilnehmer mit der komplexen Thematik der Bedienung und Wartung der Ger\u00e4te vertraut. am Kurs teilnehmen<\/p>","protected":false},"author":1,"featured_media":0,"parent":0,"menu_order":0,"comment_status":"closed","ping_status":"closed","template":"","meta":{"sfsi_plus_gutenberg_text_before_share":"","sfsi_plus_gutenberg_show_text_before_share":"","sfsi_plus_gutenberg_icon_type":"","sfsi_plus_gutenberg_icon_alignemt":"","sfsi_plus_gutenburg_max_per_row":"","footnotes":""},"class_list":["post-1993","page","type-page","status-publish","hentry","has_thumb"],"aioseo_notices":[],"_links":{"self":[{"href":"https:\/\/kursy-udt.pl\/de\/wp-json\/wp\/v2\/pages\/1993","targetHints":{"allow":["GET"]}}],"collection":[{"href":"https:\/\/kursy-udt.pl\/de\/wp-json\/wp\/v2\/pages"}],"about":[{"href":"https:\/\/kursy-udt.pl\/de\/wp-json\/wp\/v2\/types\/page"}],"author":[{"embeddable":true,"href":"https:\/\/kursy-udt.pl\/de\/wp-json\/wp\/v2\/users\/1"}],"replies":[{"embeddable":true,"href":"https:\/\/kursy-udt.pl\/de\/wp-json\/wp\/v2\/comments?post=1993"}],"version-history":[{"count":2,"href":"https:\/\/kursy-udt.pl\/de\/wp-json\/wp\/v2\/pages\/1993\/revisions"}],"predecessor-version":[{"id":2139,"href":"https:\/\/kursy-udt.pl\/de\/wp-json\/wp\/v2\/pages\/1993\/revisions\/2139"}],"wp:attachment":[{"href":"https:\/\/kursy-udt.pl\/de\/wp-json\/wp\/v2\/media?parent=1993"}],"curies":[{"name":"wp","href":"https:\/\/api.w.org\/{rel}","templated":true}]}}