{"id":1987,"date":"2016-03-08T08:44:55","date_gmt":"2016-03-08T08:44:55","guid":{"rendered":"http:\/\/kursy-udt.pl\/?page_id=1987"},"modified":"2016-03-11T08:31:27","modified_gmt":"2016-03-11T08:31:27","slug":"hubwinden","status":"publish","type":"page","link":"https:\/\/kursy-udt.de\/de\/hubwinden\/","title":{"rendered":"Hubwinden"},"content":{"rendered":"<div style=\"float:left; padding-right:10px;\"><img decoding=\"async\" src=\"\/wp-content\/uploads\/2014\/04\/ciegniki.jpg\" alt=\"Abschleppwagen\"><\/div>\n<div class=\"wyjustuj\">Hubwinden sind die Kranger\u00e4te, ihre Aufgabe ist Unterst\u00fctzung bei Bef\u00f6rderung der Gegenst\u00e4nde anhand von Spannschl\u00f6ssern - Haken oder Greifer, andere Bezeichnung ist Winde - um die bedien zu d\u00fcrfen, sind erst die entsprechenden UDT-Berechtigungen erforderlich. Wir bieten Ihnen einen Kurs im Bereich der Hubwinden an, um diese Berechtigungen erwerben zu k\u00f6nnen. <\/p>\n<p>Die von uns durchgef\u00fchrten Kurse im Bereich der Hubwinden sind voller wertvoller Informationen und Praxis Seminare, die als UDT-Kurse realisiert werden. Alle Kurse werden von Spezialisten auf diesem Gebiet durchgef\u00fchrt. Nach durchgelaufenem Kurs und bestandener Pr\u00fcfung k\u00f6nnen die Berechtigungen der Technischen Aufsichtsbeh\u00f6rde erworben werden<\/p><\/div>\n<div class=\"button_styl\" style=\"float:right; padding-left:15px; padding-bottom:8px; margin-bottom:5px;\"><a href=\"https:\/\/platformaedukacji.pl\/login\/signup.php\" rel=\"nofollow\" target=\"_blank\" class=\"myButton myButton_maly\"><font color=\"white\">am Kurs teilnehmen<\/font><\/a><\/div>","protected":false},"excerpt":{"rendered":"<p>Hubwinden sind die Kranger\u00e4te, ihre Aufgabe ist Unterst\u00fctzung bei Bef\u00f6rderung der Gegenst\u00e4nde anhand von Spannschl\u00f6ssern - Haken oder Greifer, andere Bezeichnung ist Winde - um die bedien zu d\u00fcrfen, sind erst die entsprechenden UDT-Berechtigungen erforderlich. Wir bieten Ihnen einen Kurs im Bereich der Hubwinden an, um diese Berechtigungen erwerben zu k\u00f6nnen. Die von uns durchgef\u00fchrten Kurse im Bereich der Hubwinden sind voller wertvoller Informationen und Praxis Seminare, die als UDT-Kurse realisiert werden. Alle Kurse werden von Spezialisten auf diesem Gebiet durchgef\u00fchrt. Nach durchgelaufenem Kurs und bestandener Pr\u00fcfung k\u00f6nnen die Berechtigungen der Technischen Aufsichtsbeh\u00f6rde erworben werden am Kurs teilnehmen<\/p>","protected":false},"author":1,"featured_media":0,"parent":0,"menu_order":0,"comment_status":"closed","ping_status":"closed","template":"","meta":{"sfsi_plus_gutenberg_text_before_share":"","sfsi_plus_gutenberg_show_text_before_share":"","sfsi_plus_gutenberg_icon_type":"","sfsi_plus_gutenberg_icon_alignemt":"","sfsi_plus_gutenburg_max_per_row":"","footnotes":""},"class_list":["post-1987","page","type-page","status-publish","hentry","has_thumb"],"aioseo_notices":[],"_links":{"self":[{"href":"https:\/\/kursy-udt.pl\/de\/wp-json\/wp\/v2\/pages\/1987","targetHints":{"allow":["GET"]}}],"collection":[{"href":"https:\/\/kursy-udt.pl\/de\/wp-json\/wp\/v2\/pages"}],"about":[{"href":"https:\/\/kursy-udt.pl\/de\/wp-json\/wp\/v2\/types\/page"}],"author":[{"embeddable":true,"href":"https:\/\/kursy-udt.pl\/de\/wp-json\/wp\/v2\/users\/1"}],"replies":[{"embeddable":true,"href":"https:\/\/kursy-udt.pl\/de\/wp-json\/wp\/v2\/comments?post=1987"}],"version-history":[{"count":2,"href":"https:\/\/kursy-udt.pl\/de\/wp-json\/wp\/v2\/pages\/1987\/revisions"}],"predecessor-version":[{"id":2133,"href":"https:\/\/kursy-udt.pl\/de\/wp-json\/wp\/v2\/pages\/1987\/revisions\/2133"}],"wp:attachment":[{"href":"https:\/\/kursy-udt.pl\/de\/wp-json\/wp\/v2\/media?parent=1987"}],"curies":[{"name":"wp","href":"https:\/\/api.w.org\/{rel}","templated":true}]}}