{"id":1978,"date":"2016-03-07T21:14:22","date_gmt":"2016-03-07T21:14:22","guid":{"rendered":"http:\/\/kursy-udt.pl\/?page_id=1978"},"modified":"2016-03-11T08:24:54","modified_gmt":"2016-03-11T08:24:54","slug":"wartung-der-container-und-palettentransporter","status":"publish","type":"page","link":"https:\/\/kursy-udt.de\/de\/fachkurse\/bereich-von-gse\/bedienung-der-container-und-palettentransporter\/","title":{"rendered":"Wartung von Container- und Palettentransportern"},"content":{"rendered":"<p>Unsere Aufgabe ist Realisierung der Kurse im Bereich der Container-, und Palettentransporter, die \u00fcblicherweise in Flugh\u00e4fen benutzt werden um Ladungen zu bef\u00f6rdern - Gep\u00e4ck, Paletten, Container und Sonderladungen, die eine spezielle Vorbereitung erfordern<\/p>\n<p>Haben Sie Interesse an unserem Kurs? Wir laden Sie ein, sich mit unserem Angebot vertraut zu machen!<\/p>\n<p>Die Container-, und Palettentransporter im Flughafen sind eine Art von mobilen Scherenarbeitsb\u00fchnen - es sind vor allem Hebefahrzeuge wie high loader mit Elektro-, oder Verbrennungsantrieben und Flugzeughubfahrzeuge wie cargo - diese dienen der Bef\u00f6rderung der Container und Paletten in und aus L\u00e4gern, Regale, von Wagen, und hi-loaders. Diese Fahrzeuge sind an Transport der ULD (unit load device) Einheiten zweckgebunden, Container und Paletten, sie werden in breiter technischer Vielfalt hergestellt. Zu Arbeiten im Flugzeughafen werden au\u00dferdem solche Transportfahrzeuge benutzt wie Flughafengep\u00e4ckelektroschlepper, und Schlepper mit Dieselantrieb. <\/p>\n<p>Mitarbeiter, deren Aufgabe die Bef\u00f6rderung mit Container-, und Palettentransportern ist, sind verpflichtet Wissen im Bereich der Ladungsbef\u00f6rderung zu haben. Die Hauptbedrohungen wegen unangemessener Bedienung der Ger\u00e4te sind mit unangemessenen Methoden der Bef\u00f6rderung und anschlie\u00dfender Nichtbefolgung der Vorschriften des Arbeitsschutzes verbunden. Manche Ladungen wie z.B. Autos erfordern besondere Sorge um Auswahl der entsprechenden Mittel, anderenfalls ist die Ladung und Transportfahrzeug oder Flugzeug dem Besch\u00e4digungsrisiko ausgesetzt. <\/p>\n<p>Die von uns f\u00fcr Flughafenpersonal organisierten Kurse bieten Ihnen einen breiten Bereich von Wissen und F\u00e4higkeiten bez\u00fcglich Transportfahrzeugen und damit verbundenen Sicherheitsgrunds\u00e4tzen an. Unsere Seminare ber\u00fccksichtigen geltende Vorschriften und Praxis in dieser Thematik, indem sie auf Erfahrung unserer Kursleiter im Bereich von GSE beruhen (Ground Support Equipment) - Ger\u00e4te und Ausr\u00fcstung zur Abfertigung der Luftfahrzeuge. <\/p>\n<p>Der von uns durchgef\u00fchrte Kurs im Bereich der Bedienung derartiger Ger\u00e4te ist eine komplexe Vorbereitung f\u00fcr jeden Mitarbeiter des Flughafens und Personen, die sich im Flughafenpersonal um Arbeitsstellen bewerben m\u00f6chten. Wir bieten Kurse f\u00fcr Flugh\u00e4fen - f\u00fcr organisierte Gruppen an und f\u00fcr diejenigen, die am Erwerb der Berechtigungen in dieser Richtung Interesse haben. <\/p>\n<p>Wir laden Sie ein, sich mit unserem Angebot vertraut zu machen!<\/p>","protected":false},"excerpt":{"rendered":"<p>Unsere Aufgabe ist Realisierung der Kurse im Bereich der Container-, und Palettentransporter, die \u00fcblicherweise in Flugh\u00e4fen benutzt werden um Ladungen zu bef\u00f6rdern \u2013 Gep\u00e4ck, Paletten, Container und Sonderladungen, die eine spezielle Vorbereitung erfordern Haben Sie Interesse am unseren Kurs? Wir laden Sie ein, sich mit unserem Angebot vertraut zu machen! Die Container-, und Palettentransporter im Flughafen sind eine Art von mobilen Scherenarbeitsb\u00fchnen \u2013 es sind vor allem Hebefahrzeuge wie high loader mit Elektro-, oder Verbrennungsantrieben und Flugzeughubfahrzeuge wie cargo \u2013 diese dienen der Bef\u00f6rderung der Container und Paletten in und aus L\u00e4gern, Regale, von Wagen, und hi-loaders. Diese Fahrzeuge sind an Transport der ULD (unit load device) Einheiten zweckgebunden, Container und Paletten, sie werden in breiter technischer Vielfalt hergestellt. Zu Arbeiten im Flugzeughafen werden au\u00dferdem solcher Transportfahrzeuge benutzt wie Flughafengep\u00e4ckelektroschlepper, und Schlepper mit Dieselantrieb. Mitarbeiter, deren Aufgabe die Bef\u00f6rderung mit Container-, und Palettetransporter ist, sind verpflichtet Wissen im Bereich der Ladungsbef\u00f6rderung zu haben. Die Hauptbedrohungen wegen unangemessener Bedienung der Ger\u00e4te sind mit unangemessenen Methoden der Bef\u00f6rderung und anschlie\u00dfen Nichtbefolgung der Vorschriften des Arbeitsschutzes verbunden. Manche Ladungen wie z.B. Autos erfordern besondere Sorge um Auswahl der entsprechenden Mittel, anderenfalls ist die Ladung und Transportfahrzeug oder Flugzeug dem Besch\u00e4digungsrisiko ausgesetzt. Die von uns f\u00fcr Flughafenpersonal organisierten Kurse bieten Ihnen einen breiten Bereich von Wissen und F\u00e4higkeiten bez\u00fcglich Transportfahrzeuge und damit verbundenen Sicherheitsgrunds\u00e4tzen an. Unsere Seminare ber\u00fccksichtigen geltende Vorschriften und Praxis in dieser Thematik, indem sie auf Erfahrung unserer Kursleiter im Bereich von GSE beruhen (Ground Support Equipment) \u2013 Ger\u00e4te und Ausr\u00fcstung zur Abfertigung der Luftfahrzeuge. Der von [&hellip;]<\/p>\n","protected":false},"author":1,"featured_media":0,"parent":1973,"menu_order":0,"comment_status":"closed","ping_status":"closed","template":"","meta":{"sfsi_plus_gutenberg_text_before_share":"","sfsi_plus_gutenberg_show_text_before_share":"","sfsi_plus_gutenberg_icon_type":"","sfsi_plus_gutenberg_icon_alignemt":"","sfsi_plus_gutenburg_max_per_row":"","footnotes":""},"class_list":["post-1978","page","type-page","status-publish","hentry","has_no_thumb"],"aioseo_notices":[],"_links":{"self":[{"href":"https:\/\/kursy-udt.pl\/de\/wp-json\/wp\/v2\/pages\/1978","targetHints":{"allow":["GET"]}}],"collection":[{"href":"https:\/\/kursy-udt.pl\/de\/wp-json\/wp\/v2\/pages"}],"about":[{"href":"https:\/\/kursy-udt.pl\/de\/wp-json\/wp\/v2\/types\/page"}],"author":[{"embeddable":true,"href":"https:\/\/kursy-udt.pl\/de\/wp-json\/wp\/v2\/users\/1"}],"replies":[{"embeddable":true,"href":"https:\/\/kursy-udt.pl\/de\/wp-json\/wp\/v2\/comments?post=1978"}],"version-history":[{"count":2,"href":"https:\/\/kursy-udt.pl\/de\/wp-json\/wp\/v2\/pages\/1978\/revisions"}],"predecessor-version":[{"id":2085,"href":"https:\/\/kursy-udt.pl\/de\/wp-json\/wp\/v2\/pages\/1978\/revisions\/2085"}],"up":[{"embeddable":true,"href":"https:\/\/kursy-udt.pl\/de\/wp-json\/wp\/v2\/pages\/1973"}],"wp:attachment":[{"href":"https:\/\/kursy-udt.pl\/de\/wp-json\/wp\/v2\/media?parent=1978"}],"curies":[{"name":"wp","href":"https:\/\/api.w.org\/{rel}","templated":true}]}}