{"id":1969,"date":"2016-03-07T21:09:45","date_gmt":"2016-03-07T21:09:45","guid":{"rendered":"http:\/\/kursy-udt.pl\/?page_id=1969"},"modified":"2016-03-11T08:21:02","modified_gmt":"2016-03-11T08:21:02","slug":"lenkung-der-gabelstapler","status":"publish","type":"page","link":"https:\/\/kursy-udt.de\/de\/fachkurse\/bereich-der-gabelstapler\/lenkung-der-gabelstapler\/","title":{"rendered":"Lenkung der Gabelstapler"},"content":{"rendered":"<div style=\"float:left; padding-right:10px;\"><img decoding=\"async\" src=\"\/wp-content\/uploads\/2014\/08\/mster.jpg\" alt=\"\"><\/div>\n<div class=\"wyjustuj\">Gabelstapler finden ihre Anwendung in L\u00e4gern, Logistikzentren, Gro\u00dffl\u00e4chenl\u00e4den, Produktions-, und Industriehallen. Sie erleichtern in gro\u00dfer Masse das \u00dcbertragen der Ladungen auf Paletten, f\u00f6rdern dabei die Arbeit und verbessern ihre Sicherheit. Um das Ger\u00e4t bedienen zu d\u00fcrfen, m\u00fcssen erst entsprechende Berechtigungen w\u00e4hrend eines Kurses im Bereich der Gabelstapler erworben werden. W\u00e4hrend des Kurses der Kursteilnehmer eignet sich Theorie und Praxis zum Beruf Gabelstaplerfahrer.<\/p>\n<p>Die Lenkung des Gabelstaplers beruht auf Steuern des Ger\u00e4tes und zus\u00e4tzlich Mastes und Gabeltr\u00e4gers, der f\u00fcr Absenkung und Hochheben der Ladungen verantwortlich ist. Lenkung mit Gabelstapler \u00e4hnelt Lenkung mit Auto. Das Ger\u00e4t ist mit Lenkrad, Brems-, und Gaspedalen ausgestattet. Manche Arten der Gabelstapler sind auch mit Kupplung ausgestattet. Der Gro\u00dfteil der Gabelstapler hat zwei G\u00e4nge: langsam und schnell, sie fahren vorn und r\u00fcckw\u00e4rts.<\/p>\n<p>Diese Ger\u00e4te sind wendig, der Abbiegeradius ist gering, dadurch lassen sie sich leicht zwischen Regalen und schmalen R\u00e4umen lenken. Man\u00f6ver sind dabei pr\u00e4zise, nichtsdestoweniger wegen ihres Gewichts m\u00fcssen diese Fahrzeuge vorsichtig gelenkt werden, denn die \u00dcberladung kann die Ursache des Umkippens des Fahrzeugs sein. Deshalb ist es verboten, die maximale Geschwindigkeit des Fahrzeugs bei maximaler Ladung auszunutzen.<br \/>\nUnser Kurs im Bereich der Gabelstapler f\u00fcr zuk\u00fcnftige Gabelstaplerfahrer wird Ihnen angemessene Lenkung dieser Fahrzeugart und Bedienungsvorschriften beibringen.<\/p>\n<p>Um Berechtigungen im Bereich der Gabelstapler zu erwerben, die von Technischer Aufsichtsbeh\u00f6rde (UDT) Warszawa w\u00e4hrend unserer Kurse im Bildungszentrum ERGON oder anderen Einheiten verliehen werden, soll vorher Pr\u00fcfung zum praktischen Teil bestanden werden. W\u00e4hrend der Pr\u00fcfung werden korrekte Man\u00f6ver ohne und mit Ladung ausgef\u00fchrt. Der durchgelaufene Kurs im Bereich der Gabelstapler berechtigt zum Beruf Gabelstaplerfahrer. Die von Technischer Aufsichtsbeh\u00f6rde verliehenen Berechtigungen sind unbefristet und sind auch im Ausland g\u00fcltig. <\/p><\/div>\n<div class=\"button_styl\" style=\"float:right; padding-left:15px; padding-bottom:8px; margin-bottom:5px;\"><a href=\"https:\/\/platformaedukacji.pl\/login\/signup.php\" rel=\"nofollow\" target=\"_blank\" class=\"myButton myButton_maly\"><font color=\"white\">am Kurs teilnehmen<\/font><\/a><\/div>","protected":false},"excerpt":{"rendered":"<p>Gabelstapler finden ihre Anwendung in L\u00e4gern, Logistikzentren, Gro\u00dffl\u00e4chenl\u00e4den, Produktions-, und Industriehallen. Sie erleichtern in gro\u00dfem Masse das \u00dcbertragen der Ladungen auf Paletten, dabei f\u00f6rdern die Arbeit und verbessern ihre Sicherheit. Um das Ger\u00e4t bedienen zu d\u00fcrfen m\u00fcssen erst entsprechende Berechtigungen w\u00e4hrend eines Kurses im Bereich der Gabelstapler erworben werden. W\u00e4hrend des Kurses der Kursteilnehmer eignet sich Theorie und Praxis zum Beruf Gabelstaplerfahrer. Lenkung des Gabelstaplers beruht auf Steuern des Ger\u00e4tes und zus\u00e4tzlich Mastes und Gabeltr\u00e4gers, der f\u00fcr Absenkung und Hochheben der Ladungen verantwortet. Lenkung mit Gabelstapler \u00e4hnelt Lenkung mit Auto. Das Ger\u00e4t ist mit Lenkrad, Brems-, und Gaspedalen ausgestattet. Manche Arten der Gabelstapler sind auch mit Kupplung ausgestattet. Der Gro\u00dfteil der Gabelstapler hat zwei G\u00e4nge: langsam und schnell, sie fahren vorn und r\u00fcckw\u00e4rts. Diese Ger\u00e4te sind wendig, der Abbiegeradius ist gering, dadurch lassen sie sich leicht zwischen Regalen und schmalen R\u00e4umen lenken. Man\u00f6ver sind dabei pr\u00e4zise, nichtsdestoweniger wegen ihr Gewicht, m\u00fcssen diese Fahrzeuge vorsichtig gelenkt werden, denn die \u00dcberladung kann die Ursache des Umkippens des Fahrzeugs sein. Deshalb verboten ist, die maximale Geschwindigkeit des Fahrzeugs bei maximaler Ladung auszun\u00fctzen. Unser Kurs im Bereich der Gabelstapler f\u00fcr zuk\u00fcnftige Gabelstaplerfahrer wird Ihnen angemessene Lenkung dieser Fahrzeugart und Bedienungsvorschriften beibringen. Um Berechtigungen im Bereich der Gabelstapler zu erwerben, die von Technischer Aufsichtsbeh\u00f6rde (UDT) Warszawa w\u00e4hrend unserer Kurse im Bildungszentrum ERGON oder anderen Einheiten verliehen werden, soll vorher Pr\u00fcfung zum praktischen Teil bestanden sein. W\u00e4hrend der Pr\u00fcfung werden korrekte Man\u00f6ver ohne und mit Ladung ausgef\u00fchrt. Der durchgelaufene Kurs im Bereich der Gabelstapler berechtigt zum Beruf Gabelstaplerfahrer. Die von Technischer [&hellip;]<\/p>\n","protected":false},"author":1,"featured_media":0,"parent":1943,"menu_order":0,"comment_status":"closed","ping_status":"closed","template":"","meta":{"sfsi_plus_gutenberg_text_before_share":"","sfsi_plus_gutenberg_show_text_before_share":"","sfsi_plus_gutenberg_icon_type":"","sfsi_plus_gutenberg_icon_alignemt":"","sfsi_plus_gutenburg_max_per_row":"","footnotes":""},"class_list":["post-1969","page","type-page","status-publish","hentry","has_thumb"],"aioseo_notices":[],"_links":{"self":[{"href":"https:\/\/kursy-udt.pl\/de\/wp-json\/wp\/v2\/pages\/1969","targetHints":{"allow":["GET"]}}],"collection":[{"href":"https:\/\/kursy-udt.pl\/de\/wp-json\/wp\/v2\/pages"}],"about":[{"href":"https:\/\/kursy-udt.pl\/de\/wp-json\/wp\/v2\/types\/page"}],"author":[{"embeddable":true,"href":"https:\/\/kursy-udt.pl\/de\/wp-json\/wp\/v2\/users\/1"}],"replies":[{"embeddable":true,"href":"https:\/\/kursy-udt.pl\/de\/wp-json\/wp\/v2\/comments?post=1969"}],"version-history":[{"count":2,"href":"https:\/\/kursy-udt.pl\/de\/wp-json\/wp\/v2\/pages\/1969\/revisions"}],"predecessor-version":[{"id":2063,"href":"https:\/\/kursy-udt.pl\/de\/wp-json\/wp\/v2\/pages\/1969\/revisions\/2063"}],"up":[{"embeddable":true,"href":"https:\/\/kursy-udt.pl\/de\/wp-json\/wp\/v2\/pages\/1943"}],"wp:attachment":[{"href":"https:\/\/kursy-udt.pl\/de\/wp-json\/wp\/v2\/media?parent=1969"}],"curies":[{"name":"wp","href":"https:\/\/api.w.org\/{rel}","templated":true}]}}