{"id":1922,"date":"2016-03-07T20:53:44","date_gmt":"2016-03-07T20:53:44","guid":{"rendered":"http:\/\/kursy-udt.pl\/?page_id=1922"},"modified":"2016-03-11T08:16:32","modified_gmt":"2016-03-11T08:16:32","slug":"bereich-der-laufkrane","status":"publish","type":"page","link":"https:\/\/kursy-udt.de\/de\/fachkurse\/bereich-der-laufkrane\/","title":{"rendered":"Kurs im Bereich der Laufkr\u00e4ne"},"content":{"rendered":"<div style=\"float: left; padding-right: 10px;\"><img decoding=\"async\" alt=\"Foto Warschau - Kranichkurs\" src=\"\/wp-content\/uploads\/2014\/04\/suwnice.jpeg\" \/><\/div>\n<div class=\"wyjustuj\">\nWir laden Sie herzlich zum kurs im Bereich der Laufkr\u00e4ne in unserem Bildungszentrum ERGON ein. Als Bildungszentrum mit langj\u00e4hriger Erfahrung sichern wir eine ganz professionelle Unterst\u00fctzung f\u00fcr jeden unserer Kunden - unser Angebot ist sowohl auf individuelle Teilnehmer als auch auf Gruppenmitarbeiter im Auftrag vom Arbeitsgeber ausgerichtet. Wir bem\u00fchen uns damit die Bildungsqualit\u00e4t in ERGON auf h\u00f6chstem Niveau ist. Wenn Sie Kr\u00e4ne bedienen m\u00f6chten, so ist unser Kurs f\u00fcr Sie ein guter Schritt in Ihre Zukunft. Danach bekommen Sie Ihren Job viel leichter, sowohl in Polen als auch in der ganzen Europa.<\/p>\n<p><strong>Beschreibung der Ger\u00e4te und ihrer Anwendung<\/strong><br \/>\nGegenw\u00e4rtig werden Laufkr\u00e4ne, die zum Berech Kr\u00e4ne geh\u00f6ren, in vielen Betrieben verwendet unter anderem in Werften, Umladestellen, L\u00e4gern, Sammelstellen, Produktions-, und Industriehallen. Die Vielfalt in Bezug auf ihre Konstruktion dieser Ger\u00e4te macht sie anpassend an jeweilige Arbeiten. In jedem Fall sind die Laufkran-Berechtigungen erforderlich, die Sie durch Technische Aufsichtsbeh\u00f6rde erwerben k\u00f6nnen.<\/p>\n<p><strong>Die zu am h\u00e4ufigsten in Betrieben angewendeten Varianten geh\u00f6ren:<\/strong><\/p>\n<ul>\n<li>Laufkr\u00e4ne - werden meist in Hallen benutzt, ausger\u00fcstet in Laufkatzen zum Anh\u00e4ngen der Ladungen. Dieser Typ wird an Decken montiert.<\/li>\n<li>Aufgeh\u00e4ngte Kr\u00e4ne - die Konstruktion \u00e4hnelt der Konstruktion von Laufkr\u00e4nen, diese Art von Kr\u00e4nen f\u00e4hrt jedoch auf Kranbahnen unter der Decke<\/li>\n<li>Portalkr\u00e4ne - werden haupts\u00e4chlich bei Au\u00dfenarbeiten benutzt, die Bestendteile sind Plattformen, die auf Seitenbr\u00fccken platziert sind<\/li>\n<\/ul>\n<p>In unserem Bildungszentrum realisieren wir Kurse im Bereich der Kr\u00e4ne als Bedienungsgrundlage Ger\u00e4te aller Art. W\u00e4hrend des Kurses eignen Sie sich bereichs\u00fcbergreifendes Wissen bez\u00fcglich konkreter Arten dieser Ger\u00e4te an. Unten stellen wir Ihnen Kursarten dar, die unser Angebot umfasst, zu bemerken ist, dass sie sich voneinander in Bezug auf Wissensaneignung unterscheiden. <\/p>\n<p><strong>Die Berechtigungen zur Bedienung der Laufkr\u00e4ne lassen sich in zwei Kategorien gliedern:<\/strong><\/p>\n<ul>\n<li>I S - umfassen Laufkr\u00e4ne, Hebezeuge und Winden in Kat. I W, gesteuert von Arbeitsebene, oder von Kabine - Ger\u00e4ten von Kat. II S<\/li>\n<li>II S - umfasst gesteuerte von Arbeitsebene Ger\u00e4te, Winden und Hebezeuge in Kat. II W und Stehwerkstattkr\u00e4ne<\/li>\n<\/ul>\n<p><strong>Angebot<\/strong><br \/>\nDie Preise f\u00fcr Kurse im Bereich der Laufkr\u00e4ne in unserem Bildungszentrum sind immer g\u00fcnstig. Wir vereinbaren die individuelle, jech Anzahl der Kursteilnehmer, wir sind auch verhandlungswillig. Traditionell laden wir Sie zu Kursen zu unserem Firmensitz in Warszawa ein, aber auch zu anderen Zentren wie Krak\u00f3w, Katowice, Bielsko-Bia\u0142a. Wir k\u00f6nnen au\u00dferdem zu Ihnen in ganz Polen Kontakt aufnehmen. Je nach Bedarf, sind wir f\u00e4hig kurs an Bed\u00fcrfnisse der Teilnehmer oder Auftraggeber anzupassen. <\/p>\n<div style=\"float: right; padding-left: 10px;\"><img decoding=\"async\" alt=\"Ausbildung f\u00fcr UDT-Lizenzen\" src=\"\/wp-content\/uploads\/2014\/09\/suwnice.jpeg\" \/><\/div>\n<p><strong>Kursthematik <\/strong><br \/>\nJeder Kurs im Bereich Laufkr\u00e4ne ist in unserem Bildungszentrum ERGON wird sachlich von professionellen Kursleitern vorbereitet und mit Spezialisten von Technischer Aufsichtsbeh\u00f6rde (UDT) abgesprochen. Wir bem\u00fchen uns um die Qualit\u00e4t der Kurse, deshalb befassen sie sich immer mit jeweiligem Thema komplex, sind auch dadurch f\u00fcr Kursteilnehmer verst\u00e4ndlich und sind relevant effektiv. Das erworbene Wissen ist von Vorteil nicht nur w\u00e4hrend der Pr\u00fcfung, aber l\u00e4sst sich dann von jedem den Laufkran bedienenden Mitarbeiter umsetzen. <\/p>\n<p><strong>Unten schildern wir die allgemeine Thematik unserer Kurse:<\/strong><\/p>\n<ul>\n<li>Informationen bez\u00fcglich technischer Aufsicht f\u00fcr jeweilige Kategorie I S oder II S<\/li>\n<li>Informationen bez\u00fcglich bestimmter Ger\u00e4te - Aufbau und Nutzung einer Arbeitsstelle<\/li>\n<li>Pflichten des Bedienenden vor Arbeitsbeginn<\/li>\n<li>Pflichten des Bedienenden w\u00e4hrend der Arbeitsrealisierung<\/li>\n<li>Pflichten des Bedienenden nach beendeter Arbeit<\/li>\n<li>Grunds\u00e4tze des Arbeitsschutzes an der Arbeitsstelle<\/li>\n<li>Praxis - \u00dcbungen an Ger\u00e4ten, je nach Kategorie I S oder II S<\/li>\n<\/ul>\n<p>Der vom Bildungszentrum ODK ERGON angebotene Kurs im Bereich der Laufkr\u00e4ne bereitet die Teilnehmer komplex zur Pr\u00fcfung vor Pr\u00fcfungskommission von Technischer Aufsichtsbeh\u00f6rde vor um die erw\u00fcnschten Berechtigungen zum Job als Kranf\u00fchrer zu erwerben. Indem Sie sich f\u00fcr unser Angebot entschieden haben, garantieren wir Ihnen, dass die w\u00e4hrend des Kurses \u00fcbermittelten Informationen behilflich bei der Pr\u00fcfung sind.<br \/>\nUnser Bildungszentrum weist den h\u00f6chsten Faktor der Erfolgsquote nach, deshalb mit uns k\u00f6nnen Sie Ihren Kurs leicht durchlaufen und nach erster Antretung zur Pr\u00fcfung Berechtigungen erwerben. <\/p>\n<p><strong>Kurs im Bereich der Laufkr\u00e4ne - Preise<\/strong><br \/>\nPreise der Kurse werden je nach Anzahl der Kursteilnehmer vereinbart. Sie werden individuell mit dem Auftraggeber abgesprochen. Bei gr\u00f6\u00dferen Gruppen bieten wir g\u00fcnstige Rabatte an. Wir bitten um Kontakt um vollst\u00e4ndigen Kostenvoranschlag erfassen zu k\u00f6nnen.<\/p>\n<p><strong>Um am Kurs teilnehmen zu k\u00f6nnen, m\u00fcssen folgende Voraussetzungen erf\u00fcllt werden:<\/strong><\/p>\n<ul>\n<li>Vollj\u00e4hrigkeit<\/li>\n<li>Begutachtung durch einen Facharzt f\u00fcr Arbeitsmedizin wegen Begutachtung zur Besch\u00e4ftigungsf\u00e4higkeit als Kranfahrer<\/li>\n<li>Grundausbildung f\u00fcr Berechtigungen f\u00fcr Laufkr\u00e4ne II S und absolvierte Berufsfachschule - technische Fachrichtung f\u00fcr I S<\/li>\n<\/ul>\n<p><strong>Rechtsgrund zum Kurs<\/strong><br \/>\nVerordnung des Wirtschaftsministers vom 18.07.2001 wegen erforderlicher Qualifikationen bei Bedienung und Wartung der technischen Ger\u00e4te (Gesetzblatt Nr. 79 Abs. 849).<\/p>\n<p>Wenn Sie sich f\u00fcr unser Angebot entscheiden, k\u00f6nnen Sie die erw\u00fcnschten Berechtigungen f\u00fcr Laufkr\u00e4ne, f\u00fcr Ger\u00e4te aller Art erwerben. Dank langj\u00e4hriger Erfahrung und komplexen L\u00f6sungen im Bereich der Berufsausbildung, kompetenten Kursleitern und st\u00e4ndiger Fortbildung erfreut sich unser Bildungszentrum gro\u00dfer Beliebtheit in ganzem Polen. F\u00fcr Ihre Fragen bez\u00fcglich des Angebots stehen wir nat\u00fcrlich gerne zur Verf\u00fcgung - wir bitten um Kontakt um Details der Dienstleistung abzumachen und wegen Erstellung des Kostenvoranschlags und Terminsetzung. <\/p>\n<p>Wir laden Sie herzlich zum kurs im Bereich der Laufkr\u00e4ne zum Bildungszentrum ERGON ein!\n<\/p><\/div>\n<div class=\"button_styl\" style=\"float:right; padding-left:15px; padding-bottom:8px; margin-bottom:5px;\"><a href=\"https:\/\/platformaedukacji.pl\/login\/signup.php\" rel=\"nofollow\" target=\"_blank\" class=\"myButton myButton_maly\"><font color=\"white\">am Kurs teilnehmen<\/font><\/a><\/div>\n<div style=\"padding-top:70px;\">\n<h2>Mehr Infos:<\/h2>\n<div style=\"text-align:center; font-size:85%; line-height:120%;\">\n<div style=\"float:left; margin-right:40px; height:290px;\">\n<a href=\"\/de\/fachkurse\/bereich-der-laufkrane\/aufbau-der-laufkrane\/\"><img decoding=\"async\" src=\"\/wp-content\/uploads\/2014\/08\/budowa.jpg\" alt=\"\"><\/a><br \/>\n<a href=\"\/de\/fachkurse\/bereich-der-laufkrane\/aufbau-der-laufkrane\/\"><font color=\"black\"><\/p>\n<div style=\"width:300px; font-size:130%;\"><strong>Aufbau der Laufkr\u00e4ne<\/strong><\/div>\n<p><\/font><\/a>\n<\/div>\n<div style=\"float:left; margin-right:40px; height:290px;\">\n<a href=\"\/de\/fachkurse\/bereich-der-laufkrane\/untersagt-verfahren\/\"><img decoding=\"async\" src=\"\/wp-content\/uploads\/2014\/08\/zabronione.jpg\" alt=\"\"><\/a><br \/>\n<a href=\"\/de\/fachkurse\/bereich-der-laufkrane\/untersagt-verfahren\/\"><font color=\"black\"><\/p>\n<div style=\"width:300px; font-size:130%;\"><strong>Untersagtes Verfahren<\/strong><\/div>\n<p><\/font><\/a>\n<\/div>\n<\/div>\n<div style=\"clear:both;\"><\/div>\n<div style=\"text-align:center; font-size:85%; line-height:120%;\">\n<div style=\"float:left; margin-right:40px; height:290px;\">\n<a href=\"\/de\/fachkurse\/bereich-der-laufkrane\/vorbereitungstatigkeiten\/\"><img decoding=\"async\" src=\"\/wp-content\/uploads\/2014\/08\/przygotowanie.jpg\" alt=\"\"><\/a><br \/>\n<a href=\"\/de\/fachkurse\/bereich-der-laufkrane\/vorbereitungstatigkeiten\/\"><font color=\"black\"><\/p>\n<div style=\"width:300px; font-size:130%;\"><strong>Vorbereitungst\u00e4tigkeiten<\/strong><\/div>\n<p><\/font><\/a>\n<\/div>\n<div style=\"float:left; margin-right:40px; height:290px;\">\n<a href=\"\/de\/fachkurse\/bereich-der-laufkrane\/nach-beendigung-der-arbeit\/\"><img decoding=\"async\" src=\"\/wp-content\/uploads\/2014\/08\/po-pracy.jpg\" alt=\"\"><\/a><br \/>\n<a href=\"\/de\/fachkurse\/bereich-der-laufkrane\/nach-beendigung-der-arbeit\/\"><font color=\"black\"><\/p>\n<div style=\"width:300px; font-size:130%;\"><strong>Nach Beendigung der Arbeit<\/strong><\/div>\n<p><\/font><\/a>\n<\/div>\n<\/div>\n<\/div>","protected":false},"excerpt":{"rendered":"<p>Wir laden Sie herzlich zum Kurs im Bereich der Laufkr\u00e4ne im unseren Bildungszentrum ERGON ein. Als Bildungszentrum mit langj\u00e4hriger Erfahrung sichern wir eine ganz professionelle Unterst\u00fctzung f\u00fcr jeden unseren Kunden \u2013 unser Angebot ist sowohl auf individuelle Teilnehmer als auch auf Gruppenmitarbeiter im Auftrag vom Arbeitsgeber orientiert. Wir bem\u00fchen uns damit die Bildungsqualit\u00e4t in ERGON auf h\u00f6chsten Niveau ist. Wenn Sie Kr\u00e4ne bedienen m\u00f6chten, so ist unser Kurs f\u00fcr Sie ein guter Schritt in Ihre Zukunft. Danach bekommen Sie Ihren Job viel leichter, sowohl in Polen als auch in der ganzen Europa. Beschreibung der Ger\u00e4te und ihre Anwendung Gegenw\u00e4rtig Laufkr\u00e4ne, die zum Berech Kr\u00e4ne geh\u00f6ren werden in vielen Betrieben verwendet unter anderem in Werften, Umladestellen, L\u00e4gern, Sammelstellen, Produktions-, und Industriehallen. Die Vielfalt in Hinsicht auf ihre Konstruktion dieser Ger\u00e4te macht sie anpassend an jeweilige Arbeiten. In jedem Fall sind die Laufkran-Berechtigungen erforderlich, die Sie durch Technische Aufsichtsbeh\u00f6rde erwerben k\u00f6nnen. Die zu am h\u00e4ufigsten in Betrieben angewendeten Varianten geh\u00f6ren: Laufkr\u00e4ne \u2013 werden meistens in Hallen benutzt, ausger\u00fcstet in Laufkatzen zum Anh\u00e4ngen der Ladungen. Dieser Typ wird an Decken montiert. Aufgeh\u00e4ngte Kr\u00e4ne \u2013 die Konstruktion \u00e4hnelt Konstruktion von Laufkr\u00e4nen, diese Art von Kr\u00e4nen f\u00e4hrt jedoch auf Kranbahnen unter der Decke Portalkr\u00e4ne \u2013 werden haupts\u00e4chlich bei Au\u00dfenarbeiten benutzt, die Bestendteile sind Plattformen, die auf Seitenbr\u00fccken platziert sind Im unseren Bildungszentrum realisieren wir Kurse im Bereich der Kr\u00e4ne als Bedienungsgrundlage Ger\u00e4te aller Art. W\u00e4hrend des Kurses eignen Sie sich bereichs\u00fcbergreifendes Wissen bez\u00fcglich konkreter Arten dieser Ger\u00e4te an. Unten stellen wir Ihnen Kursarten dar, die unser Angebot umfasst, zu bemerken [&hellip;]<\/p>\n","protected":false},"author":1,"featured_media":0,"parent":1879,"menu_order":4,"comment_status":"closed","ping_status":"closed","template":"","meta":{"sfsi_plus_gutenberg_text_before_share":"","sfsi_plus_gutenberg_show_text_before_share":"","sfsi_plus_gutenberg_icon_type":"","sfsi_plus_gutenberg_icon_alignemt":"","sfsi_plus_gutenburg_max_per_row":"","footnotes":""},"class_list":["post-1922","page","type-page","status-publish","hentry","has_thumb"],"aioseo_notices":[],"_links":{"self":[{"href":"https:\/\/kursy-udt.pl\/de\/wp-json\/wp\/v2\/pages\/1922","targetHints":{"allow":["GET"]}}],"collection":[{"href":"https:\/\/kursy-udt.pl\/de\/wp-json\/wp\/v2\/pages"}],"about":[{"href":"https:\/\/kursy-udt.pl\/de\/wp-json\/wp\/v2\/types\/page"}],"author":[{"embeddable":true,"href":"https:\/\/kursy-udt.pl\/de\/wp-json\/wp\/v2\/users\/1"}],"replies":[{"embeddable":true,"href":"https:\/\/kursy-udt.pl\/de\/wp-json\/wp\/v2\/comments?post=1922"}],"version-history":[{"count":3,"href":"https:\/\/kursy-udt.pl\/de\/wp-json\/wp\/v2\/pages\/1922\/revisions"}],"predecessor-version":[{"id":2044,"href":"https:\/\/kursy-udt.pl\/de\/wp-json\/wp\/v2\/pages\/1922\/revisions\/2044"}],"up":[{"embeddable":true,"href":"https:\/\/kursy-udt.pl\/de\/wp-json\/wp\/v2\/pages\/1879"}],"wp:attachment":[{"href":"https:\/\/kursy-udt.pl\/de\/wp-json\/wp\/v2\/media?parent=1922"}],"curies":[{"name":"wp","href":"https:\/\/api.w.org\/{rel}","templated":true}]}}