{"id":1895,"date":"2016-03-07T20:46:32","date_gmt":"2016-03-07T20:46:32","guid":{"rendered":"http:\/\/kursy-udt.pl\/?page_id=1895"},"modified":"2017-12-04T07:57:25","modified_gmt":"2017-12-04T07:57:25","slug":"kontakt-2","status":"publish","type":"page","link":"https:\/\/kursy-udt.de\/de\/kontakt-2\/","title":{"rendered":"Kontakt"},"content":{"rendered":"<div class=\"wyjustuj\" style=\"margin-bottom: 20px;\">Wenn Sei Fragen haben oder andere Informationen ben\u00f6tigen, schicken Sie uns eine Mail oder erreichen Sie uns telefonisch - unsere Mitarbeiter stehen Ihnen gerne zur Verf\u00fcgung und beraten Sie auch gerne, indem Sie Einzelheiten unseres Angebotes mit Preisen darstellen.<br \/>\nF\u00fcr gr\u00f6\u00dfere Gruppen sind g\u00fcnstige Rabatte vorgesehen. Wir laden Sie ein, unsere Kurs-, Beratungs-, Einf\u00fchrungs-, Auditdienstleistungen in Anspruch zu nehmen!<\/div>\n<h3>Hauptabteilung:<\/h3>\n<div style=\"float: right; margin-right: 20px; width: 65%; margin-top: -1%; font-size: 80%; color: red;\"><span style=\"font-weight: bold; text-decoration: underline;\">Zufahrt:<\/span> Hauptabteilung Bildungszentrum Ergon befindet sich im Einkaufszentrum Galeria Gawra, erste Etage Raum 47 (Eingang von hinten, zweites Treppenhaus) damit Sie uns problemlos erreichen schlagen wir vor in Ihrem Navi folgende Anschrift zu w\u00e4hlen:<br \/>\nHermana 1-Str. Hinter Einkaufszentrum Gawra steht Ihnen ein Parkplatz zur Verf\u00fcgung.<br \/>\nWir laden ein!<\/div>\n<p>Ul. Warszawska 58C Raum. 47<br \/>\n02-496 Warschau<br \/>\ntel. +48 22 290 29 09<br \/>\n<script type=\"text\/javascript\">var srodek=\"o@k\"; document.write(\"biur\"); document.write(srodek+\"u\"); document.write(\"rsy-\"); document.write(\"udt.\"); document.write(\"pl\");<\/script><\/p>\n<h3>Regionalabteilungen:<\/h3>\n<div style=\"float: left; margin-right: 20px; width: 210px;\">\n<div style=\"font-weight: bold;\">Abteilung Bialystok<\/div>\n<p>Nowy \u015bwiat Stra\u00dfe 9<br \/>\n15-453 Bialystok<\/p>\n<\/div>\n<div style=\"float: left; margin-right: 20px; width: 210px;\">\n<div style=\"font-weight: bold;\">Abteilung Bielsko Bia\u0142a<\/div>\n<p>Obro\u0144c\u00f3w W\u0119gierskiej G\u00f3rki Stra\u00dfe<br \/>\n34-350 Wegierska G\u00f3rka<\/p>\n<\/div>\n<div style=\"float: left; margin-right: 20px; width: 210px;\">\n<div style=\"font-weight: bold;\">Abteilung Bydgoszcz<\/div>\n<p>13 Stary Port Stra\u00dfe<br \/>\n85-068 Bydgoszcz<\/p>\n<\/div>\n<div style=\"clear: both;\">\n<div style=\"float: left; margin-right: 20px; width: 210px;\">\n<div style=\"font-weight: bold;\">Abteilung Gda\u0144sk<\/div>\n<p>Kolobrzeska-Stra\u00dfe 45<br \/>\n80-391 Danzig<\/p>\n<\/div>\n<div style=\"float: left; margin-right: 20px; width: 210px;\">\n<div style=\"font-weight: bold;\">Abteilung Gdynia<\/div>\n<p>Zbo\u017cowa-Stra\u00dfe 7<br \/>\n81-020 Gdynia<\/p>\n<\/div>\n<div style=\"float: left; margin-right: 20px; width: 210px;\">\n<div style=\"font-weight: bold;\">Abteilung Kattowitz (Schlesien)<\/div>\n<p>Kijowska-Stra\u00dfe 51<br \/>\n40-754 Kattowitz<\/p>\n<\/div>\n<\/div>\n<div style=\"clear: both;\">\n<div style=\"float: left; margin-right: 20px; width: 210px;\">\n<div style=\"font-weight: bold;\">Abteilung Krak\u00f3w (Kleinpolen)<\/div>\n<p>9\/23 Lepkowskiego Stra\u00dfe<br \/>\n31-423 Krakau<br \/>\ntel. +48 12 626 67 09<\/p>\n<\/div>\n<div style=\"float: left; margin-right: 20px; width: 210px;\">\n<div style=\"font-weight: bold;\">Abteilung Lublin<\/div>\n<p>10 Nieca\u0142a St.<br \/>\n20-080 Lublin<\/p>\n<\/div>\n<div style=\"float: left; margin-right: 20px; width: 210px;\">\n<div style=\"font-weight: bold;\">Abteilung \u0141\u00f3d\u017a<\/div>\n<p>Piotrowska-Stra\u00dfe 121<br \/>\n62-061 \u0141\u00f3d\u017a<\/p>\n<\/div>\n<\/div>\n<div style=\"clear: both;\">\n<div style=\"float: left; margin-right: 20px; width: 210px;\">\n<div style=\"font-weight: bold;\">Abteilung Pozna\u0144<\/div>\n<p>Sienkiewicza-Stra\u00dfe 20<br \/>\n60-818 Pozna\u0144<\/p>\n<\/div>\n<div style=\"float: left; margin-right: 20px; width: 210px;\">\n<div style=\"font-weight: bold;\">Abteilung Szczecin<\/div>\n<p>Rugianska-Stra\u00dfe 71<br \/>\n71-653 Szczecin<\/p>\n<\/div>\n<div style=\"float: left; margin-right: 20px; width: 210px;\">\n<div style=\"font-weight: bold;\">Abteilung Wroc\u0142aw<\/div>\n<p>Partynicka-Stra\u00dfe 32<br \/>\n53-031 Breslau (Wroc\u0142aw)<\/p>\n<\/div>\n<\/div>\n<div style=\"clear: both;\">\n<div style=\"margin-top: 50px; font-weight: bold;\">Sehen Sie, wie Sie uns finden!<\/div>\n<p><iframe loading=\"lazy\" src=\"https:\/\/maps.google.pl\/maps?ie=UTF8&amp;cid=1316822299054705781&amp;q=Zak%C5%82ad+Doradztwa+Bezpiecze%C5%84stwa+Pracy+ERGON+-+O%C5%9Brodek+Doskonalenia+Kadr&amp;gl=PL&amp;hl=pl&amp;t=m&amp;ll=52.195416,20.864003&amp;spn=0.004604,0.010192&amp;z=16&amp;iwloc=A&amp;output=embed\" width=\"600\" height=\"700\" frameborder=\"0\" marginwidth=\"0\" marginheight=\"0\" scrolling=\"no\"><\/iframe><\/p>\n<\/div>","protected":false},"excerpt":{"rendered":"<p>Wenn Sei Fragen haben oder andere Informationen ben\u00f6tigen, schicken Sie uns eine Mail oder erreichen Sie uns telefonisch - unsere Mitarbeiter stehen Ihnen gerne zur Verf\u00fcgung und beraten Sie auch gerne, indem Sie Einzelheiten unseres Angebotes mit Preisen darstellen. F\u00fcr gr\u00f6\u00dfere Gruppen sind g\u00fcnstige Rabatte vorgesehen. Wir laden Sie ein, unsere Kurs-, Beratungs-, Einf\u00fchrungs-, Auditdienstleistungen in Anspruch zu nehmen! Das Hauptthema ist: Konfirmation: Hauptabteilung Bildungszentrum Ergon befindet sich im Einkaufszentrum Galeria Gawra, erste Etage Raum 47 (Eingang von hinten, zweites Treppenhaus) damit Sie uns problemlos erreichen schlagen wir vor in Ihrem Navi folgende Anschrift zu w\u00e4hlen: Hermana 1-Str. Hinter Einkaufszentrum Gawra steht Ihnen Parkplatz zur Verf\u00fcgung. Wir laden ein! Ul. Warszawska 58C Raum. 47 02-496 Warschau Telefon +48 22 290 29 09 Regionalabteilungen: Abteilung Bia\u0142ystok ul. Nowy \u015bwiat 9 15-453 Bia\u0142ystok Abteilung Bielsko Bia\u0142a ul. Obro\u0144c\u00f3w W\u0119gierskiej G\u00f3rki 34-350 Wegierska G\u00f3rka Abteilung Bydgoszcz ul. Stary Port 13 85-068 Bydgoszcz Abteilung Gda\u0144sk ul. Ko\u0142obrzeska 45 80-391 Gda\u0144sk Abteilung Gdynia ul. Zbo\u017cowa 7 81-020 Gdynia Abteilung Katowice (Silesia) ul. Kijowska 51 40-754 Katowice Abteilung Krak\u00f3w (Kleinpolen) ul. Lepkowskiego 9\/23 31-423 Krak\u00f3w tel. +48 12 626 67 09 Abteilung Lublin ul. Nieca\u0142a 10 20-080 Lublin Abteilung \u0141\u00f3d\u017a ul. Piotrowska 121 62-061 \u0141\u00f3d\u017a Abteilung Pozna\u0144 ul. Sienkiewicza 20 60-818 Pozna\u0144 Abteilung Szczecin ul. Rugia\u0144ska 71 71-653 Szczecin Abteilung Wroc\u0142aw ul. Partynicka 32 53-031 Wroc\u0142aw Sehen Sie, wie Sie uns finden!<\/p>","protected":false},"author":1,"featured_media":0,"parent":0,"menu_order":5,"comment_status":"closed","ping_status":"closed","template":"","meta":{"sfsi_plus_gutenberg_text_before_share":"","sfsi_plus_gutenberg_show_text_before_share":"","sfsi_plus_gutenberg_icon_type":"","sfsi_plus_gutenberg_icon_alignemt":"","sfsi_plus_gutenburg_max_per_row":"","footnotes":""},"class_list":["post-1895","page","type-page","status-publish","hentry","has_no_thumb"],"aioseo_notices":[],"_links":{"self":[{"href":"https:\/\/kursy-udt.pl\/de\/wp-json\/wp\/v2\/pages\/1895","targetHints":{"allow":["GET"]}}],"collection":[{"href":"https:\/\/kursy-udt.pl\/de\/wp-json\/wp\/v2\/pages"}],"about":[{"href":"https:\/\/kursy-udt.pl\/de\/wp-json\/wp\/v2\/types\/page"}],"author":[{"embeddable":true,"href":"https:\/\/kursy-udt.pl\/de\/wp-json\/wp\/v2\/users\/1"}],"replies":[{"embeddable":true,"href":"https:\/\/kursy-udt.pl\/de\/wp-json\/wp\/v2\/comments?post=1895"}],"version-history":[{"count":7,"href":"https:\/\/kursy-udt.pl\/de\/wp-json\/wp\/v2\/pages\/1895\/revisions"}],"predecessor-version":[{"id":2409,"href":"https:\/\/kursy-udt.pl\/de\/wp-json\/wp\/v2\/pages\/1895\/revisions\/2409"}],"wp:attachment":[{"href":"https:\/\/kursy-udt.pl\/de\/wp-json\/wp\/v2\/media?parent=1895"}],"curies":[{"name":"wp","href":"https:\/\/api.w.org\/{rel}","templated":true}]}}