{"id":1891,"date":"2016-03-07T20:45:54","date_gmt":"2016-03-07T20:45:54","guid":{"rendered":"http:\/\/kursy-udt.pl\/?page_id=1891"},"modified":"2016-03-11T08:28:46","modified_gmt":"2016-03-11T08:28:46","slug":"gerate-2","status":"publish","type":"page","link":"https:\/\/kursy-udt.de\/de\/gerate\/","title":{"rendered":"Ger\u00e4te"},"content":{"rendered":"<div class=\"wyjustuj\">\n<h3>Ger\u00e4teauswahl<\/h3>\n<div style=\"text-align:center; font-size:85%; line-height:120%; height:220px; margin-top:5px;\">\n<div style=\"float:left; margin-right:20px;\">\n<a href=\"\/de\/hubwinden\/\"><img decoding=\"async\" src=\"\/wp-content\/uploads\/2014\/04\/ciegniki.jpg\"><\/a><br \/>\n<a href=\"\/de\/hubwinden\/\"><font color=\"black\"><\/p>\n<div style=\"width:200px; font-size:150%; margin-top:5px;\"><strong>Laufkatzen<\/strong><\/div>\n<p><\/font><\/a>\n<\/div>\n<div style=\"float:left; margin-right:20px;\">\n<a href=\"\/de\/aufgeschlagen\/\"><img decoding=\"async\" src=\"\/wp-content\/uploads\/2014\/04\/dzwigi.jpeg\"><\/a><br \/>\n<a href=\"\/de\/aufgeschlagen\/\"><font color=\"black\"><\/p>\n<div style=\"width:200px; font-size:150%; margin-top:5px;\"><strong>Aufz\u00fcge<\/strong><\/div>\n<p><\/font><\/a>\n<\/div>\n<div style=\"float:left; margin-right:20px;\">\n<a href=\"\/de\/kabelkran\/\"><img decoding=\"async\" src=\"\/wp-content\/uploads\/2014\/04\/dzwignice-linotorowe-2.jpg\"><\/a><br \/>\n<a href=\"\/de\/kabelkran\/\"><font color=\"black\"><\/p>\n<div style=\"width:200px; font-size:150%; margin-top:5px;\"><strong>Kabelkr\u00e4ne<\/strong><\/div>\n<p><\/font><\/a>\n<\/div>\n<\/div>\n<div style=\"text-align:center; font-size:85%; line-height:120%; height:220px; margin-top:5px;\">\n<div style=\"float:left; margin-right:20px;\">\n<a href=\"\/de\/teleskoplader-3\/\"><img decoding=\"async\" src=\"\/wp-content\/uploads\/2014\/03\/wozki-widlowe-1.jpeg\"><\/a><br \/>\n<a href=\"\/de\/teleskoplader-3\/\"><font color=\"black\"><\/p>\n<div style=\"width:200px; font-size:150%; margin-top:5px;\"><strong>Teleskoplader<\/strong><\/div>\n<p><\/font><\/a>\n<\/div>\n<div style=\"float:left; margin-right:20px;\">\n<a href=\"\/de\/scherenarbeitsbuhnen\/\"><img decoding=\"async\" src=\"\/wp-content\/uploads\/2014\/04\/01-podest.jpeg\"><\/a><br \/>\n<a href=\"\/de\/scherenarbeitsbuhnen\/\"><font color=\"black\"><\/p>\n<div style=\"width:200px; font-size:150%; margin-top:5px;\"><strong>Scherenarbeitsb\u00fchnen<\/strong><\/div>\n<p><\/font><\/a>\n<\/div>\n<div style=\"float:left; margin-right:20px;\">\n<a href=\"\/de\/fachkurse\/berech-arbeitsbuhnen\/\"><img decoding=\"async\" src=\"\/wp-content\/uploads\/2014\/04\/10-pokaz.jpeg\"  alt=\"Kurs f\u00fcr mobile Plattformen\"><\/a><br \/>\n<a href=\"\/de\/fachkurse\/berech-arbeitsbuhnen\/\"><font color=\"black\"><\/p>\n<div style=\"width:200px; font-size:150%; margin-top:5px;\"><strong>Arbeitsb\u00fchnen<\/strong><\/div>\n<p><\/font><\/a>\n<\/div>\n<\/div>\n<div style=\"text-align:center; font-size:85%; line-height:120%; height:220px; margin-top:5px;\">\n<div style=\"float:left; margin-right:20px;\">\n<a href=\"\/de\/scherenarbeitsbuhnen-2\/\"><img decoding=\"async\" src=\"\/wp-content\/uploads\/2014\/04\/09-slajd.jpeg\"><\/a><br \/>\n<a href=\"\/de\/scherenarbeitsbuhnen-2\/\"><font color=\"black\"><\/p>\n<div style=\"width:200px; font-size:150%; margin-top:5px;\"><strong>Hubarbeitsb\u00fchnen<\/strong><\/div>\n<p><\/font><\/a>\n<\/div>\n<div style=\"float:left; margin-right:20px;\">\n<a href=\"\/de\/bereich-der-laufkrane\/\"><img loading=\"lazy\" decoding=\"async\" src=\"\/wp-content\/uploads\/2014\/04\/suwnice.jpeg\" width=\"200\" height=\"150\" ><\/a><br \/>\n<a href=\"\/de\/bereich-der-laufkrane\/\"><font color=\"black\"><\/p>\n<div style=\"width:200px; font-size:150%; margin-top:5px;\"><strong>Laufkr\u00e4ne<\/strong><\/div>\n<p><\/font><\/a>\n<\/div>\n<div style=\"float:left; margin-right:20px;\">\n<a href=\"\/de\/regalbediengerate-2\/\"><img decoding=\"async\" src=\"\/wp-content\/uploads\/2014\/04\/ukladnice.jpg\"><\/a><br \/>\n<a href=\"\/de\/regalbediengerate-2\/\"><font color=\"black\"><\/p>\n<div style=\"width:200px; font-size:150%; margin-top:5px;\"><strong>Regalbedienger\u00e4te<\/strong><\/div>\n<p><\/font><\/a>\n<\/div>\n<\/div>\n<div style=\"text-align:center; font-size:85%; line-height:120%; height:220px; margin-top:5px;\">\n<div style=\"float:left; margin-right:20px;\">\n<a href=\"\/de\/container-fur-die-verlagerung\/\"><img decoding=\"async\" src=\"\/wp-content\/uploads\/2014\/04\/urzadzenia-do-manipulacji-kontenerami.jpeg\"><\/a><br \/>\n<a href=\"\/de\/container-fur-die-verlagerung\/\"><font color=\"black\"><\/p>\n<div style=\"width:200px; font-size:150%; margin-top:5px;\"><strong>Container-Bef\u00f6rderungsger\u00e4te<\/strong><\/div>\n<p><\/font><\/a>\n<\/div>\n<div style=\"float:left; margin-right:20px;\">\n<a href=\"\/de\/hefter\/\"><img decoding=\"async\" src=\"\/wp-content\/uploads\/2014\/03\/wozki-widlowe-3.jpeg\"><\/a><br \/>\n<a href=\"\/de\/hefter\/\"><font color=\"black\"><\/p>\n<div style=\"width:200px; font-size:150%; margin-top:5px;\"><strong>Hefter<\/strong><\/div>\n<p><\/font><\/a>\n<\/div>\n<div style=\"float:left; margin-right:20px;\">\n<a href=\"\/de\/fachkurse\/bereich-der-gabelstapler\/\"><img decoding=\"async\" src=\"\/wp-content\/uploads\/2014\/03\/wozki-widlowe-4.jpeg\" alt=\"Kurse f\u00fcr Gabelstapler\"><\/a><br \/>\n<a href=\"\/de\/fachkurse\/bereich-der-gabelstapler\/\"><font color=\"black\"><\/p>\n<div style=\"width:200px; font-size:150%; margin-top:5px;\"><strong>Gabelstapler<\/strong><\/div>\n<p><\/font><\/a>\n<\/div>\n<\/div>\n<div style=\"text-align:center; font-size:85%; line-height:120%; height:220px; margin-top:5px;\">\n<div style=\"float:left; margin-right:20px;\">\n<a href=\"\/de\/lastenaufzuge-4\/\"><img decoding=\"async\" src=\"\/wp-content\/uploads\/2014\/04\/wyciagi-towarowe.jpeg\"><\/a><br \/>\n<a href=\"\/de\/lastenaufzuge-4\/\"><font color=\"black\"><\/p>\n<div style=\"width:200px; font-size:150%; margin-top:5px;\"><strong>Lastenaufz\u00fcge<\/strong><\/div>\n<p><\/font><\/a>\n<\/div>\n<div style=\"float:left; margin-right:20px;\">\n<a href=\"\/de\/gelenkarbeitsbuhnen\/\"><img decoding=\"async\" src=\"\/wp-content\/uploads\/2014\/03\/szkolenia-na-podnosnik.jpeg\"><\/a><br \/>\n<a href=\"\/de\/gelenkarbeitsbuhnen\/\"><font color=\"black\"><\/p>\n<div style=\"width:200px; font-size:150%; margin-top:5px;\"><strong>Gelenkarbeitsb\u00fchnen<\/strong><\/div>\n<p><\/font><\/a>\n<\/div>\n<div style=\"float:left; margin-right:20px;\">\n<a href=\"\/de\/krane-5\/\"><img decoding=\"async\" src=\"\/wp-content\/uploads\/2014\/04\/zurawie.jpeg\"><\/a><br \/>\n<a href=\"\/de\/krane-5\/\"><font color=\"black\"><\/p>\n<div style=\"width:200px; font-size:150%; margin-top:5px;\"><strong>Kr\u00e4ne<\/strong><\/div>\n<p><\/font><\/a>\n<\/div>\n<\/div>\n<\/div>","protected":false},"excerpt":{"rendered":"<p>Ger\u00e4teauswahl Laufkatzen Aufz\u00fcge Kabelkr\u00e4ne Teleskoplader Scherenarbeitsb\u00fchnen Arbeitsb\u00fchnen Hubarbeitsb\u00fchnen Laufkr\u00e4ne Regalbedienger\u00e4te Containerbef\u00f6rdeger\u00e4te Stapler Gabelstapler Lastenaufz\u00fcge Gelenkarbeitsb\u00fchnen Kr\u00e4ne<\/p>","protected":false},"author":1,"featured_media":0,"parent":0,"menu_order":2,"comment_status":"closed","ping_status":"closed","template":"","meta":{"sfsi_plus_gutenberg_text_before_share":"","sfsi_plus_gutenberg_show_text_before_share":"","sfsi_plus_gutenberg_icon_type":"","sfsi_plus_gutenberg_icon_alignemt":"","sfsi_plus_gutenburg_max_per_row":"","footnotes":""},"class_list":["post-1891","page","type-page","status-publish","hentry","has_thumb"],"aioseo_notices":[],"_links":{"self":[{"href":"https:\/\/kursy-udt.pl\/de\/wp-json\/wp\/v2\/pages\/1891","targetHints":{"allow":["GET"]}}],"collection":[{"href":"https:\/\/kursy-udt.pl\/de\/wp-json\/wp\/v2\/pages"}],"about":[{"href":"https:\/\/kursy-udt.pl\/de\/wp-json\/wp\/v2\/types\/page"}],"author":[{"embeddable":true,"href":"https:\/\/kursy-udt.pl\/de\/wp-json\/wp\/v2\/users\/1"}],"replies":[{"embeddable":true,"href":"https:\/\/kursy-udt.pl\/de\/wp-json\/wp\/v2\/comments?post=1891"}],"version-history":[{"count":3,"href":"https:\/\/kursy-udt.pl\/de\/wp-json\/wp\/v2\/pages\/1891\/revisions"}],"predecessor-version":[{"id":2118,"href":"https:\/\/kursy-udt.pl\/de\/wp-json\/wp\/v2\/pages\/1891\/revisions\/2118"}],"wp:attachment":[{"href":"https:\/\/kursy-udt.pl\/de\/wp-json\/wp\/v2\/media?parent=1891"}],"curies":[{"name":"wp","href":"https:\/\/api.w.org\/{rel}","templated":true}]}}