{"id":1887,"date":"2016-03-07T20:45:03","date_gmt":"2016-03-07T20:45:03","guid":{"rendered":"http:\/\/kursy-udt.pl\/?page_id=1887"},"modified":"2016-03-11T08:26:44","modified_gmt":"2016-03-11T08:26:44","slug":"udt-berechtigungen","status":"publish","type":"page","link":"https:\/\/kursy-udt.de\/de\/udt-berechtigungen\/","title":{"rendered":"UDT-Berechtigungen"},"content":{"rendered":"<div class=\"wyjustuj\">\n<div style=\"float: left; padding-right: 10px;\"><a href=\"\/de\/ausbildung\/\"><div id=\"metaslider-id-631\" style=\"max-width: 200px;\" class=\"ml-slider-3-108-0 metaslider metaslider-flex metaslider-631 ml-slider ms-theme-default nav-hidden\" role=\"region\" aria-label=\"macht-udt\" data-height=\"150\" data-width=\"200\">\n    <div id=\"metaslider_container_631\">\n        <div id=\"metaslider_631\" class=\"flexslider\">\n            <ul class='slides'>\n                <li style=\"display: block; width: 100%;\" class=\"slide-1368 ms-image\" aria-roledescription=\"slide\" data-date=\"2014-09-06 00:23:31\" data-filename=\"dzwigi.jpeg\" data-slide-type=\"image\"><img loading=\"lazy\" decoding=\"async\" src=\"https:\/\/kursy-udt.pl\/wp-content\/uploads\/2014\/09\/dzwigi.jpeg\" height=\"150\" width=\"200\" alt=\"\" class=\"slider-631 slide-1368 msDefaultImage\" \/><\/li>\n                <li style=\"display: none; width: 100%;\" class=\"slide-632 ms-image\" aria-roledescription=\"slide\" data-date=\"2014-04-13 12:14:05\" data-filename=\"01-uprawnienia-udt-foto.jpeg\" data-slide-type=\"image\"><img loading=\"lazy\" decoding=\"async\" src=\"https:\/\/kursy-udt.pl\/wp-content\/uploads\/2014\/04\/01-uprawnienia-udt-foto.jpeg\" height=\"150\" width=\"200\" alt=\"UDT-Genehmigungen Warschau\" class=\"slider-631 slide-632 msDefaultImage\" \/><\/li>\n                <li style=\"display: none; width: 100%;\" class=\"slide-633 ms-image\" aria-roledescription=\"slide\" data-date=\"2014-04-13 12:14:05\" data-filename=\"02-szkolenia-udt-zdj.jpeg\" data-slide-type=\"image\"><img loading=\"lazy\" decoding=\"async\" src=\"https:\/\/kursy-udt.pl\/wp-content\/uploads\/2014\/04\/02-szkolenia-udt-zdj.jpeg\" height=\"150\" width=\"200\" alt=\"Ergon Warschau\" class=\"slider-631 slide-633 msDefaultImage\" \/><\/li>\n                <li style=\"display: none; width: 100%;\" class=\"slide-1369 ms-image\" aria-roledescription=\"slide\" data-date=\"2014-09-06 00:23:32\" data-filename=\"zurawie.jpeg\" data-slide-type=\"image\"><img loading=\"lazy\" decoding=\"async\" src=\"https:\/\/kursy-udt.pl\/wp-content\/uploads\/2014\/09\/zurawie.jpeg\" height=\"150\" width=\"200\" alt=\"\" class=\"slider-631 slide-1369 msDefaultImage\" \/><\/li>\n                <li style=\"display: none; width: 100%;\" class=\"slide-634 ms-image\" aria-roledescription=\"slide\" data-date=\"2014-04-13 12:14:06\" data-filename=\"03-pic-kursy-udt.jpeg\" data-slide-type=\"image\"><img loading=\"lazy\" decoding=\"async\" src=\"https:\/\/kursy-udt.pl\/wp-content\/uploads\/2014\/04\/03-pic-kursy-udt.jpeg\" height=\"150\" width=\"200\" alt=\"Foto\" class=\"slider-631 slide-634 msDefaultImage\" \/><\/li>\n            <\/ul>\n        <\/div>\n        \n    <\/div>\n<\/div><\/a><\/div>\n<p>Die Technische Aufsichtsbeh\u00f6rde ist eine staatliche Institution, deren Ziel die Sicherung der Sicherheit der Arbeit von technischen Ger\u00e4ten und Anlagen ist. Sowohl die Technische Aufsichtsbeh\u00f6rde Warszawa als auch alle anderen Aufsichtsbeh\u00f6rden in Gro\u00dfst\u00e4dten haben Aufgabe, F\u00e4higkeiten bei Ausf\u00fchrung der T\u00e4tigkeiten, Kenntnisse und Beachtung der Normen, rechtlichen Vorschriften und technischen Vorschriften der Aufsicht f\u00fcr Mitarbeiter an Arbeitsstellen zu best\u00e4tigen, an denen Bedienung der technischen Ger\u00e4te erforderlich ist, indem auch entsprechende UDT (Technische Aufsichtsbeh\u00f6rde)Berechtigungen verliehen werden.<\/p>\n<p>Zur Durchf\u00fchrung der Arbeiten sind vor allem die entsprechenden UDT Berechtigungen erforderlich, ohne die der jeweilige Mitarbeiter keine Ger\u00e4te bedienen darf. Damit der Mitarbeiter \u00fcber Berechtigungen verf\u00fcgt, muss er erst UDT Kurs durchlaufen, der sowohl theoretisches als auch praktisches Wissen umfasst, d.h. unter Einschluss der selbst\u00e4ndigen Bedienung und Wartung der Maschinen, danach kann er an die Pr\u00fcfung antreten. <\/p>\n<p>Unter Ger\u00e4ten, die zur ihrer Bedienung Berechtigungen der Technischen Aufsichtsbeh\u00f6rde erfordern, lassen sich folgende darstellen: <\/p>\n<ul>\n<li>Arbeitsb\u00fchnen (Hubarbeitsb\u00fchnen) - verliehen werden Berechtigungen f\u00fcr Hubarbeitsb\u00fchnen Kat. I P und II P. Abh\u00e4ngig davon, welche Arten von Arbeitsb\u00fchnen benutzt werden, sind entsprechende Qualifikationen erforderlich  <\/li>\n<li>Kr\u00e4ne gesteuert von Arbeitsebene und in der Kabine<\/li>\n<li>Schienen-, Turm- und tragbare HDS e<\/li>\n<li>Lasten-, und Bauaufz\u00fcge<\/li>\n<li>Winden - gesteuert von Arbeitsebene und Kabine<\/li>\n<li>Ger\u00e4te zur Bef\u00fcllung und Leeren der Zisternen, Containerbef\u00f6rdeger\u00e4te<\/li>\n<li>G\u00fcteraufz\u00fcge, und Skilifte<\/li>\n<li>Pendelbahn<\/li>\n<li>Regalbedienger\u00e4te<\/li>\n<li>Gabelstapler - Berechtigungen werden mit oder ohne Bevollm\u00e4chtigung von Technischer Aufsichtsbeh\u00f6rde verliehen<\/li>\n<\/ul>\n<p>Zur Bedienung der erw\u00e4hnten Ger\u00e4te von einem Mitarbeiter, muss zuerst Kurs durchgelaufen werden und Erwerb der Berechtigung erfolgen. Zum Staatexamen von Technischer Aufsichtsbeh\u00f6rde wird der Mitarbeiter w\u00e4hrend des Kurses vorbereitet. Nach dem bestandenen Examen wird die angestrebte Berechtigung verliehen. <\/p>\n<p>Rechtsgrundlage:<\/p>\n<ul>\n<li>Gesetz vom 21.Dezember 2000 wegen technischer Aufsicht (GBl. Nr. 122, Abs. 1321 mit weiteren \u00c4nderungen)<\/li>\n<li>Verordnung des Wirtschaftsministers vom 18.Juli.2001 wegen erforderlicher Qualifikationen bei Bedienung und Wartung der technischen Ger\u00e4te (GBl. Nr. 79 Abs. 849), ge\u00e4nderte Verordnung vom 20.Februar 2003 (GBl. Nr. 50, Abs. 426), ausgestellt gem. Art. 23 Abs. 5 Gesetz wegen technischer Aufsicht.<\/li>\n<\/ul>\n<p>Speziell f\u00fcr Mitarbeitet, die ihre gew\u00fcnschten Berechtigungen der Technischen Aufsichtsbeh\u00f6rde erwerben m\u00f6chten, haben wir eine gro\u00dfe Vielfalt von Kursen vorbereitet. Unsere UDT-Kurse werden von erfahrenen Spezialisten durchgef\u00fchrt, deswegen umfassen die Kurse gro\u00dfes Wissen von Theorie und Praxis. Wir realisieren offene und geschlossene UDT-Kurse, angepasst an die Bed\u00fcrfnisse unserer Kunden.<\/p>\n<p>Wir laden Sie zu UDT-Kursen zum Bildungszentrum ERGON ein! Wir sind im ganzen Land t\u00e4tig. Unsere Zentren:<\/p>\n<ul>\n<li>Warschau<\/li>\n<li>Kattowitz (Abteilung \u015al\u0105sk)<\/li>\n<li>Krakau<\/li>\n<li>Bielsko-Biala<\/li>\n<\/ul>\n<\/div>\n<p>Lesen Sie auch \u00fcber <a href=\"\/de\/udt-berechtigungen\/kategorien-von-rechten\/\">Kategorien von DTBs<\/a> und <a href=\"\/de\/udt-berechtigungen\/vorschriften-2\/\">geltende Vorschriften<\/a>!<\/p>","protected":false},"excerpt":{"rendered":"<p>Technische Aufsichtsbeh\u00f6rde ist staatliche Institution, deren Ziel ist Sicherung der Sicherheit der Arbeit von technischen Ger\u00e4ten und Anlagen. Sowohl Technische Aufsichtsbeh\u00f6rde Warszawa als auch alle anderen Aufsichtsbeh\u00f6rden in Gro\u00dfst\u00e4dten haben Aufgabe, F\u00e4higkeiten bei Ausf\u00fchrung der T\u00e4tigkeiten, Kenntnisse und Beachtung der Normen, rechtlichen Vorschriften und technischen Vorschriften der Aufsicht f\u00fcr Mitarbeiter an Arbeitsstellen zu best\u00e4tigen, an denen Bedienung der technischen Ger\u00e4te erforderlich ist, indem auch entsprechende UDT (Technische Aufsichtsbeh\u00f6rde)Berechtigungen verliehen werden. Zur Realisierung der Arbeiten sind vor allem die entsprechenden UDT Berechtigungen erforderlich, ohne die darf der jeweilige Mitarbeiter keine Ger\u00e4te bedienen. Damit der Mitarbeiter \u00fcber Berechtigungen verf\u00fcgt, muss er erst UDT Kurs durchlaufen, der sowohl theoretisches als auch praktisches Wissen umfasst, d.h. unter Einschluss der selbst\u00e4ndigen Bedienung und Wartung der Maschinen, danach kann er an die Pr\u00fcfung antreten. Unter Ger\u00e4ten, die zur ihren Bedienung Berechtigungen der Technischen Aufsichtsbeh\u00f6rde erfordern, lassen sich folgende darstellen: Arbeitsb\u00fchnen (Hubarbeitsb\u00fchnen) \u2013 verliehen werden Berechtigungen f\u00fcr Hubarbeitsb\u00fchne Kat. I P und II P. Abh\u00e4ngig davon, welche Arten von Arbeitsb\u00fchnen benutzt werden, sind entsprechende Qualifikationen erforderlich Kr\u00e4ne gesteuert von Arbeitsebene und in der Kabine Schienen-, Turm-, und tragbare HDS e Lasten-, und Bauaufz\u00fcge Winden \u2013 gesteuert von Arbeitsebene und Kabine Ger\u00e4te zur Bef\u00fcllung und Leeren der Zisternen, Containerbef\u00f6rdeger\u00e4te G\u00fcteraufz\u00fcge, und Skilifte Pendelbahn Regalbedienger\u00e4te Gabelstapler \u2013 Berechtigungen werden mit oder ohne Bevollm\u00e4chtigung von Technischer Aufsichtsbeh\u00f6rde verliehen Zur Bedienung der erw\u00e4hnten Ger\u00e4te vom einen Mitarbeiter, muss zuerst Kurs durchgelaufen werden und Erwerb der Berechtigung erfolgen. Zum Staatexamen von Technischer Aufsichtsbeh\u00f6rde wird der Mitarbeiter w\u00e4hrend des Kurses vorbereitet. Nach dem bestandenen Examen wird die gestrebte [&hellip;]<\/p>\n","protected":false},"author":1,"featured_media":0,"parent":0,"menu_order":2,"comment_status":"closed","ping_status":"closed","template":"","meta":{"sfsi_plus_gutenberg_text_before_share":"","sfsi_plus_gutenberg_show_text_before_share":"","sfsi_plus_gutenberg_icon_type":"","sfsi_plus_gutenberg_icon_alignemt":"","sfsi_plus_gutenburg_max_per_row":"","footnotes":""},"class_list":["post-1887","page","type-page","status-publish","hentry","has_no_thumb"],"aioseo_notices":[],"_links":{"self":[{"href":"https:\/\/kursy-udt.pl\/de\/wp-json\/wp\/v2\/pages\/1887","targetHints":{"allow":["GET"]}}],"collection":[{"href":"https:\/\/kursy-udt.pl\/de\/wp-json\/wp\/v2\/pages"}],"about":[{"href":"https:\/\/kursy-udt.pl\/de\/wp-json\/wp\/v2\/types\/page"}],"author":[{"embeddable":true,"href":"https:\/\/kursy-udt.pl\/de\/wp-json\/wp\/v2\/users\/1"}],"replies":[{"embeddable":true,"href":"https:\/\/kursy-udt.pl\/de\/wp-json\/wp\/v2\/comments?post=1887"}],"version-history":[{"count":3,"href":"https:\/\/kursy-udt.pl\/de\/wp-json\/wp\/v2\/pages\/1887\/revisions"}],"predecessor-version":[{"id":2108,"href":"https:\/\/kursy-udt.pl\/de\/wp-json\/wp\/v2\/pages\/1887\/revisions\/2108"}],"wp:attachment":[{"href":"https:\/\/kursy-udt.pl\/de\/wp-json\/wp\/v2\/media?parent=1887"}],"curies":[{"name":"wp","href":"https:\/\/api.w.org\/{rel}","templated":true}]}}