{"id":1785,"date":"2016-01-23T15:49:16","date_gmt":"2016-01-23T15:49:16","guid":{"rendered":"http:\/\/kursy-udt.pl\/?page_id=1785"},"modified":"2016-01-23T15:49:16","modified_gmt":"2016-01-23T15:49:16","slug":"teleskoplader-2","status":"publish","type":"page","link":"https:\/\/kursy-udt.eu\/de\/telescopic-loaders\/","title":{"rendered":"Teleskoplader"},"content":{"rendered":"<div style=\"float: left; padding-right: 10px;\"><img decoding=\"async\" alt=\"Bewegliche Plattformen - Foto\" src=\"\/wp-content\/uploads\/2014\/03\/wozki-widlowe-1.jpeg\" \/><\/div>\n<div class=\"wyjustuj\">\n<p>Bei Transportarbeiten werden in der Regel Gabelstapler und Lader eingesetzt. Mit ihnen lassen sich arbeitsintensive T\u00e4tigkeiten zeitsparend und mit dem Schwerpunkt auf einem h\u00f6heren Sicherheitsniveau durchf\u00fchren.<\/p>\n<p><strong>Der Einsatz von Maschinen<\/strong><br \/>\nTeleskoplader sind eine der am h\u00e4ufigsten verwendeten Maschinen bei Bauarbeiten, einschlie\u00dflich Erdarbeiten, die auch in anderen Branchen, u.a. in der Landwirtschaft und in Magazinen, gut eingesetzt werden. Er wird auch f\u00fcr den Nahtransport von verschiedenen Arten sowohl horizontal als auch vertikal verwendet. Diese speziellen Gabelstapler erfordern entsprechende Kenntnisse, die durch die Qualifikation des Bedieners best\u00e4tigt werden.<\/p>\n<p>Der Fahrer eines Teleskopladers kann G\u00fcter wie Erde oder Zuschlagstoffe bei Erdarbeiten richtig transportieren. In der Landwirtschaft k\u00f6nnen Stroh, Dung oder Holz transportiert werden. Solche Maschinen werden auch bei der Beladung und Handhabung von Paletten, Kistenpaletten und Big Bags in Lagern und Umschlagh\u00e4fen eingesetzt.<\/p>\n<p>Einige Lader haben spezielle Boxen f\u00fcr Personen und k\u00f6nnen als Hebezeuge verwendet werden. Die gesamte Bandbreite der Ausr\u00fcstung f\u00fchrt dazu, dass es sich um umfangreiche und h\u00e4ufig genutzte Maschinen handelt, die hohe Anforderungen an die Qualifikation der Arbeiter f\u00fcr ihre Bedienung stellen.<\/p>\n<p><strong>Die Konstruktion<\/strong><br \/>\nEin Teleskoplader oder ein Lader mit Wechselaufsatz (diese Bezeichnung wird auch verwendet) unterscheidet sich von einem typischen Gabelstapler. In erster Linie ist er mit einem Motor mit h\u00f6herer Leistung ausgestattet, was dazu f\u00fchrt, dass er schwierigere Aufgaben erledigen kann. Seine kleinen Ausleger sind auch ein gro\u00dfer Vorteil, weil er auf kleinen Fl\u00e4chen eingesetzt werden kann. Die Maschine hat vier R\u00e4der mit einem stabilen Getriebe, sie kann auf jeder Art von Oberfl\u00e4che arbeiten, auch auf schwierigen Untergr\u00fcnden wie Sand oder Schlamm. Die Lader haben ger\u00e4umige Kabinen zum Schutz des Fahrers oder der St\u00fctzen.<\/p>\n<p><strong>Maschinen werden \u00fcblicherweise in zwei Typen unterteilt:<\/strong><\/p>\n<ul>\n<li>Feststehende Frontlader mit Panoramablick - das sind Lader, die eine fest installierte Fahrerkabine haben. Bei diesen Modellen werden die Anbauten auf der rechten Seite des Fahrzeugs gefahren. Die Ausleger k\u00f6nnen mit Seitenst\u00fctzen ausgestattet sein. Die Tragf\u00e4higkeit liegt in der Regel zwischen 1,5 und 20 Tonnen, die Ausladung betr\u00e4gt 20 Meter.<\/li>\n<li>Drehbare Modelle mit drehbarem Kopf, der es erm\u00f6glicht, die Position der Fahrerkabine mit einer 360-Grad-Ausdehnung auf der Plattform der Maschine zu ver\u00e4ndern. Meistens liegt die Tragf\u00e4higkeit bei 3 bis 5 Tonnen und die Ausladung bei 30 Metern.<\/li>\n<\/ul>\n<p>Zu den beliebtesten Herstellern von Teleskopladern geh\u00f6ren: New Holland, Manitou, Case, Dieci, JCB oder Merlo. In ihrem Angebot finden Sie eine ganze Reihe von modernen Maschinen, die umfassend bei Bauarbeiten und anderen Arbeiten helfen. Der Preis der Ausr\u00fcstung betr\u00e4gt bis zu mehreren Tausend Zloty, abh\u00e4ngig vom Hersteller, der Gr\u00f6\u00dfe und der Verwendung der Ausr\u00fcstung.<\/p>\n<p><strong>Kurse \u00fcber Teleskoplader<\/strong><br \/>\nUm als Maschinenf\u00fchrer zu arbeiten, ben\u00f6tigen Sie eine entsprechende Qualifikation. Sie werden nach Abschluss von Schulungen und bestandener UDT-Pr\u00fcfung (Amt f\u00fcr technische \u00dcberwachung) erteilt. Bei der Wahl des Kurses \u00fcber Teleskoplader erh\u00e4lt der Teilnehmer Informationen \u00fcber die sichere Nutzung der Maschine in der Position des Bedieners. Der Kurs lehrt Sie, wie Sie den Stapler richtig fahren, Lasten platzieren, die Vorschriften der technischen \u00dcberwachung und des Arbeitsschutzes einhalten.<\/p>\n<p>Im ODK (Zentrum f\u00fcr Personalschulung) ERGON bieten wir Ihnen Fachschulungen an, die die Grundlage f\u00fcr den Erwerb der I WJO-Qualifikation auf Spezialstaplern, also u.a. einem Teleskoplader, sind. Als Unternehmen mit langj\u00e4hriger Erfahrung in der Ausbildung bieten wir unseren Sch\u00fclern volle Unterst\u00fctzung durch unsere Experten bei der Ablegung der Pr\u00fcfung vor dem Ausschuss des Technischen \u00dcberwachungsamtes. Wir sind in den St\u00e4dten Warschau, Krakau, Kattowitz und Bielsko-Biala t\u00e4tig und sind in der Lage, f\u00fcr unsere Kunden Kurse in geschlossenen Gruppen an jedem Ort und zu jeder Zeit zu organisieren. Die Preise f\u00fcr unsere Kurse sind an die Anzahl der Teilnehmer angepasst.<\/p>\n<p>Alle Interessierten sind zum Kurs auf einem Teleskoplader in das Zentrum f\u00fcr Personalausbildung ERGON eingeladen.<\/p>\n<\/div>","protected":false},"excerpt":{"rendered":"<p>In transport works, forklifts and loaders are commonly used. Thanks to them, you can do labor-intensive operations saving time and with the emphasis on higher level of safety. The use of machines Telescopic loaders are one of commonly used machines in building works, including earthworks which are also good in other branches, among others, agriculture, magazines. It is also used for close transport of different types both horizontally and vertically. This specialized forklifts need appropriate knowledge certified by the operator\u2019s qualifications. Telescopic loader operator can move goods correctly such as ground or aggregate while doing ground works. In agriculture, straw, manure or wood can be transported. Such machines also are used while loading and handling pallets, casepallets, big bags in warehouses and handling ports. Some loaders have special boxes for people and they can be used as hoists. Full range of the equipment cause them being comprehensive and often used machines which makes high demand on workers having qualifications for their operation. The construction Telescopic loaders or a loader with a changebale extension (such name is used too) differs from the typical forklift. First and foremost, it is equipped with the engine with higher power which causes it can do more difficult tasks. Its small extensions are also a big advantage because it can be used on small surfaces. The machine has four wheels with a stable transmission, it is able to work on every kind of surface also on difficult surfaces such as sand or mud. Loaders have roomy cabins protecting the operator or [&hellip;]<\/p>\n","protected":false},"author":1,"featured_media":0,"parent":0,"menu_order":0,"comment_status":"closed","ping_status":"closed","template":"","meta":{"sfsi_plus_gutenberg_text_before_share":"","sfsi_plus_gutenberg_show_text_before_share":"","sfsi_plus_gutenberg_icon_type":"","sfsi_plus_gutenberg_icon_alignemt":"","sfsi_plus_gutenburg_max_per_row":"","footnotes":""},"class_list":["post-1785","page","type-page","status-publish","hentry","has_thumb"],"aioseo_notices":[],"_links":{"self":[{"href":"https:\/\/kursy-udt.pl\/de\/wp-json\/wp\/v2\/pages\/1785","targetHints":{"allow":["GET"]}}],"collection":[{"href":"https:\/\/kursy-udt.pl\/de\/wp-json\/wp\/v2\/pages"}],"about":[{"href":"https:\/\/kursy-udt.pl\/de\/wp-json\/wp\/v2\/types\/page"}],"author":[{"embeddable":true,"href":"https:\/\/kursy-udt.pl\/de\/wp-json\/wp\/v2\/users\/1"}],"replies":[{"embeddable":true,"href":"https:\/\/kursy-udt.pl\/de\/wp-json\/wp\/v2\/comments?post=1785"}],"version-history":[{"count":2,"href":"https:\/\/kursy-udt.pl\/de\/wp-json\/wp\/v2\/pages\/1785\/revisions"}],"predecessor-version":[{"id":1788,"href":"https:\/\/kursy-udt.pl\/de\/wp-json\/wp\/v2\/pages\/1785\/revisions\/1788"}],"wp:attachment":[{"href":"https:\/\/kursy-udt.pl\/de\/wp-json\/wp\/v2\/media?parent=1785"}],"curies":[{"name":"wp","href":"https:\/\/api.w.org\/{rel}","templated":true}]}}