{"id":1781,"date":"2016-01-23T15:45:08","date_gmt":"2016-01-23T15:45:08","guid":{"rendered":"http:\/\/kursy-udt.pl\/?page_id=1781"},"modified":"2016-01-23T15:45:08","modified_gmt":"2016-01-23T15:45:08","slug":"maschinen-fur-das-manovrieren-von-containern","status":"publish","type":"page","link":"https:\/\/kursy-udt.eu\/de\/machines-for-the-manoeuvring-of-containers\/","title":{"rendered":"Maschinen f\u00fcr das Man\u00f6vrieren von Containern"},"content":{"rendered":"<div style=\"float:left; padding-right:10px;\"><img decoding=\"async\" src=\"\/wp-content\/uploads\/2014\/04\/urzadzenia-do-manipulacji-kontenerami.jpeg\" alt=\"Ausr\u00fcstung f\u00fcr den Containerumschlag\"><\/div>\n<div class=\"wyjustuj\">Maschinen f\u00fcr das Man\u00f6vrieren von Containern werden vor allem in H\u00e4fen eingesetzt und helfen, Container leicht zu man\u00f6vrieren. Um das Ger\u00e4t bedienen zu k\u00f6nnen, muss der Arbeitnehmer \u00fcber eine Qualifikation f\u00fcr Maschinen zum Man\u00f6vrieren von Containern verf\u00fcgen. Um sie zu erhalten, m\u00fcssen Sie den Kurs \u00fcber das Man\u00f6vrieren von Containern absolvieren.<\/p>\n<p>Wir bieten Kurse zu Maschinen f\u00fcr das Man\u00f6vrieren von Containern an. Alle unsere Schulungen umfassen theoretischen und praktischen Unterricht zur Vorbereitung auf die Arbeit als Bediener dieser Art von Ger\u00e4ten. Es handelt sich um UDT-Schulungen (Office of Technical Inspection) zur Erlangung der UDT-Qualifikation. Wir bieten Kurse mit Experten auf einem bestimmten Gebiet an. Wir laden Sie ein!<\/p><\/div>\n<div class=\"button_styl\" style=\"float:right; padding-left:15px; padding-bottom:8px; margin-bottom:5px;\"><a href=\"https:\/\/platformaedukacji.pl\/login\/signup.php\" rel=\"nofollow\" target=\"_blank\" class=\"myButton myButton_maly\"><font color=\"white\">Anmeldung zur Schulung<\/font><\/a><\/div>","protected":false},"excerpt":{"rendered":"<p>Maschinen f\u00fcr das Man\u00f6vrieren von Containern werden vor allem in H\u00e4fen eingesetzt und helfen, Container leicht zu man\u00f6vrieren. Um das Ger\u00e4t bedienen zu k\u00f6nnen, muss der Arbeitnehmer \u00fcber eine Qualifikation f\u00fcr Maschinen zum Man\u00f6vrieren von Containern verf\u00fcgen. Um sie zu erhalten, m\u00fcssen Sie den Kurs \u00fcber das Man\u00f6vrieren von Containern absolvieren. Wir bieten Kurse zu Maschinen f\u00fcr das Man\u00f6vrieren von Containern an. Alle unsere Schulungen umfassen theoretischen und praktischen Unterricht zur Vorbereitung auf die Arbeit als Bediener dieser Art von Ger\u00e4ten. Dabei handelt es sich um UDT-Schulungen (Office of Technical Inspection) zur Erlangung der UDT-Qualifikation. Wir bieten Kurse mit Experten auf einem bestimmten Gebiet an. Wir laden Sie ein! Anmeldung zur Schulung<\/p>","protected":false},"author":1,"featured_media":0,"parent":0,"menu_order":0,"comment_status":"closed","ping_status":"closed","template":"","meta":{"sfsi_plus_gutenberg_text_before_share":"","sfsi_plus_gutenberg_show_text_before_share":"","sfsi_plus_gutenberg_icon_type":"","sfsi_plus_gutenberg_icon_alignemt":"","sfsi_plus_gutenburg_max_per_row":"","footnotes":""},"class_list":["post-1781","page","type-page","status-publish","hentry","has_thumb"],"aioseo_notices":[],"_links":{"self":[{"href":"https:\/\/kursy-udt.pl\/de\/wp-json\/wp\/v2\/pages\/1781","targetHints":{"allow":["GET"]}}],"collection":[{"href":"https:\/\/kursy-udt.pl\/de\/wp-json\/wp\/v2\/pages"}],"about":[{"href":"https:\/\/kursy-udt.pl\/de\/wp-json\/wp\/v2\/types\/page"}],"author":[{"embeddable":true,"href":"https:\/\/kursy-udt.pl\/de\/wp-json\/wp\/v2\/users\/1"}],"replies":[{"embeddable":true,"href":"https:\/\/kursy-udt.pl\/de\/wp-json\/wp\/v2\/comments?post=1781"}],"version-history":[{"count":2,"href":"https:\/\/kursy-udt.pl\/de\/wp-json\/wp\/v2\/pages\/1781\/revisions"}],"predecessor-version":[{"id":1783,"href":"https:\/\/kursy-udt.pl\/de\/wp-json\/wp\/v2\/pages\/1781\/revisions\/1783"}],"wp:attachment":[{"href":"https:\/\/kursy-udt.pl\/de\/wp-json\/wp\/v2\/media?parent=1781"}],"curies":[{"name":"wp","href":"https:\/\/api.w.org\/{rel}","templated":true}]}}