{"id":1772,"date":"2016-01-23T15:38:46","date_gmt":"2016-01-23T15:38:46","guid":{"rendered":"http:\/\/kursy-udt.pl\/?page_id=1772"},"modified":"2016-01-23T15:39:44","modified_gmt":"2016-01-23T15:39:44","slug":"gleisbaukran","status":"publish","type":"page","link":"https:\/\/kursy-udt.eu\/de\/line-track-hosting-crane\/","title":{"rendered":"Streckengleis mit Kran"},"content":{"rendered":"<div style=\"float:left; padding-right:10px;\"><img decoding=\"async\" src=\"\/wp-content\/uploads\/2014\/04\/dzwignice-linotorowe-2.jpg\" alt=\"Linotor-Kr\u00e4ne\"><\/div>\n<div class=\"wyjustuj\">Seilbahnkr\u00e4ne sind Tr\u00e4gerger\u00e4te - eine Art von Standseilbahnen. Sie sind f\u00fcr den Transport von pulverf\u00f6rmigen Lasten oder Materialien in Beh\u00e4ltern konzipiert. Zu diesem Zweck wird ein WODZAK (Hebekran zum Umsetzen der Last mit zwei B\u00e4ndern) verwendet, der sich an Trag- und Zugseilen oder tragbaren Seilen bewegt, die an zwei St\u00fctzen angebracht sind. Das Personal, das diese Ger\u00e4te bedient, muss f\u00fcr die Bedienung von Raupenkr\u00e4nen qualifiziert sein. Es handelt sich dabei um UDT-Qualifikationen, die Sie nach bestandener Pr\u00fcfung erhalten.<\/p>\n<p>In den Online-Kursen f\u00fcr Raupenkr\u00e4ne erhalten Sie theoretische Informationen und praktische Kenntnisse \u00fcber die Bedienung der Ger\u00e4te. Wie bei der technischen Inspektion berichtet wird, enth\u00e4lt jeder Kurs \u00fcber Gleishebekr\u00e4ne Vorschriften \u00fcber technische Bedingungen im Bereich der Nutzung. Da es sich um UDT-Kurse (Amt f\u00fcr technische \u00dcberwachung) handelt, sind Sie berechtigt, eine Pr\u00fcfung abzulegen.<\/p>\n<p>Wir bieten Schulungen zu Gleishebekr\u00e4nen an. Dabei handelt es sich um UDT-Schulungen (Amt f\u00fcr technische \u00dcberwachung), die dabei helfen, die Pr\u00fcfung zu bestehen und die Qualifikationen zu erwerben. Wir laden Sie ein!<\/p><\/div>\n<div class=\"button_styl\" style=\"float:right; padding-left:15px; padding-bottom:8px; margin-bottom:5px;\"><a href=\"https:\/\/platformaedukacji.pl\/login\/signup.php\" rel=\"nofollow\" target=\"_blank\" class=\"myButton myButton_maly\"><font color=\"white\">Anmeldung zur Schulung<\/font><\/a><\/div>","protected":false},"excerpt":{"rendered":"<p>Seilbahnkr\u00e4ne sind Transportmaschinen - eine Art von Standseilbahnen. Sie sind f\u00fcr den Transport von pulverf\u00f6rmigen Lasten oder Materialien in Containern bestimmt. Zu diesem Zweck wird ein WODZAK (Hebekran f\u00fcr die Verlagerung der Last mit zwei B\u00e4ndern) verwendet, der sich an Trag- und Zugseilen oder tragbaren Seilen bewegt, die an zwei St\u00fctzen angebracht sind. Die Arbeiter, die diese Art von Ger\u00e4ten bedienen, m\u00fcssen \u00fcber eine Qualifikation f\u00fcr Seilbahnkr\u00e4ne verf\u00fcgen. Dabei handelt es sich um eine Qualifikation des Technischen \u00dcberwachungsvereins (UDT), die man nach bestandener Pr\u00fcfung erh\u00e4lt. In den angebotenen Kursen \u00fcber Seilzugkr\u00e4ne erhalten Sie theoretische Informationen und praktische Kenntnisse \u00fcber die Bedienung des Ger\u00e4ts. Da sie der technischen Inspektion unterstellt sind, enth\u00e4lt jeder Kurs \u00fcber Raupenkrane Vorschriften \u00fcber die technischen Bedingungen im Bereich der Nutzung. Da es sich um UDT-Kurse handelt, sind Sie berechtigt, eine Pr\u00fcfung abzulegen. Wir bieten Schulungen f\u00fcr Gleishebekr\u00e4ne an. Es handelt sich um UDT-Schulungen, die zum Bestehen der Pr\u00fcfung und zur Erlangung von Qualifikationen beitragen. Wir laden Sie ein! Melden Sie sich f\u00fcr eine Schulung an<\/p>","protected":false},"author":1,"featured_media":0,"parent":0,"menu_order":0,"comment_status":"closed","ping_status":"closed","template":"","meta":{"sfsi_plus_gutenberg_text_before_share":"","sfsi_plus_gutenberg_show_text_before_share":"","sfsi_plus_gutenberg_icon_type":"","sfsi_plus_gutenberg_icon_alignemt":"","sfsi_plus_gutenburg_max_per_row":"","footnotes":""},"class_list":["post-1772","page","type-page","status-publish","hentry","has_thumb"],"aioseo_notices":[],"_links":{"self":[{"href":"https:\/\/kursy-udt.pl\/de\/wp-json\/wp\/v2\/pages\/1772","targetHints":{"allow":["GET"]}}],"collection":[{"href":"https:\/\/kursy-udt.pl\/de\/wp-json\/wp\/v2\/pages"}],"about":[{"href":"https:\/\/kursy-udt.pl\/de\/wp-json\/wp\/v2\/types\/page"}],"author":[{"embeddable":true,"href":"https:\/\/kursy-udt.pl\/de\/wp-json\/wp\/v2\/users\/1"}],"replies":[{"embeddable":true,"href":"https:\/\/kursy-udt.pl\/de\/wp-json\/wp\/v2\/comments?post=1772"}],"version-history":[{"count":2,"href":"https:\/\/kursy-udt.pl\/de\/wp-json\/wp\/v2\/pages\/1772\/revisions"}],"predecessor-version":[{"id":1774,"href":"https:\/\/kursy-udt.pl\/de\/wp-json\/wp\/v2\/pages\/1772\/revisions\/1774"}],"wp:attachment":[{"href":"https:\/\/kursy-udt.pl\/de\/wp-json\/wp\/v2\/media?parent=1772"}],"curies":[{"name":"wp","href":"https:\/\/api.w.org\/{rel}","templated":true}]}}