{"id":1767,"date":"2016-01-23T15:36:44","date_gmt":"2016-01-23T15:36:44","guid":{"rendered":"http:\/\/kursy-udt.pl\/?page_id=1767"},"modified":"2016-01-23T15:36:44","modified_gmt":"2016-01-23T15:36:44","slug":"lastenaufzuge-3","status":"publish","type":"page","link":"https:\/\/kursy-udt.eu\/de\/freight-elevators\/","title":{"rendered":"Lastenaufz\u00fcge"},"content":{"rendered":"<div style=\"float:left; padding-right:10px;\"><img decoding=\"async\" src=\"\/wp-content\/uploads\/2014\/04\/wyciagi-towarowe.jpeg\" alt=\"Lastenaufz\u00fcge\"><\/div>\n<div class=\"wyjustuj\">Lastenaufz\u00fcge sind Hebezeuge, die zum Transport von Lasten in Schr\u00e4glage mit Kettenz\u00fcgen und Seilz\u00fcgen auf Gleitschienen verwendet werden. F\u00fcr die Bedienung von Lastenaufz\u00fcgen m\u00fcssen Sie eine Qualifikation f\u00fcr Lastenaufz\u00fcge haben.<\/p>\n<p>Wir bieten Schulungen f\u00fcr Lastenaufz\u00fcge an, die Sie dazu bef\u00e4higen, die Anlagen zu bedienen und zu warten. Der Unterricht besteht aus Theorie und Praxis. Wer den Kurs \u00fcber Lastenaufz\u00fcge abgeschlossen hat, kann eine Pr\u00fcfung ablegen. Nach bestandener Pr\u00fcfung erhalten sie die UDT-Qualifikation (Amt f\u00fcr technische \u00dcberwachung). Unsere Kurse f\u00fcr Lastenaufz\u00fcge werden von Fachleuten durchgef\u00fchrt und sind daher sehr effizient. Sie sind herzlich eingeladen!<\/p><\/div>\n<div class=\"button_styl\" style=\"float:right; padding-left:15px; padding-bottom:8px; margin-bottom:5px;\"><a href=\"https:\/\/platformaedukacji.pl\/login\/signup.php\" rel=\"nofollow\" target=\"_blank\" class=\"myButton myButton_maly\"><font color=\"white\">Anmeldung zur Schulung<\/font><\/a><\/div>","protected":false},"excerpt":{"rendered":"<p>Lastenaufz\u00fcge sind Hebezeuge, die zum Transport von Lasten in Schr\u00e4glage mit Kettenz\u00fcgen und Seilz\u00fcgen auf Gleitschienen verwendet werden. Um einen Lastenaufzug bedienen zu k\u00f6nnen, ben\u00f6tigen Sie eine Qualifikation f\u00fcr Lastenaufz\u00fcge. Wir bieten Schulungen f\u00fcr Lastenaufz\u00fcge an, die Sie dazu bef\u00e4higen, die Ger\u00e4te zu bedienen und zu warten. Der Unterricht besteht aus Theorie und Praxis. Wer den Kurs f\u00fcr Lastenaufz\u00fcge absolviert hat, kann eine Pr\u00fcfung ablegen. Nach bestandener Pr\u00fcfung erh\u00e4lt er die UDT-Qualifikation (Amt f\u00fcr technische \u00dcberwachung). Unsere Kurse f\u00fcr Lastenaufz\u00fcge werden von Fachleuten durchgef\u00fchrt und sind daher sehr effizient. Sie sind herzlich eingeladen! Melden Sie sich f\u00fcr eine Schulung an<\/p>","protected":false},"author":1,"featured_media":0,"parent":0,"menu_order":0,"comment_status":"closed","ping_status":"closed","template":"","meta":{"sfsi_plus_gutenberg_text_before_share":"","sfsi_plus_gutenberg_show_text_before_share":"","sfsi_plus_gutenberg_icon_type":"","sfsi_plus_gutenberg_icon_alignemt":"","sfsi_plus_gutenburg_max_per_row":"","footnotes":""},"class_list":["post-1767","page","type-page","status-publish","hentry","has_thumb"],"aioseo_notices":[],"_links":{"self":[{"href":"https:\/\/kursy-udt.pl\/de\/wp-json\/wp\/v2\/pages\/1767","targetHints":{"allow":["GET"]}}],"collection":[{"href":"https:\/\/kursy-udt.pl\/de\/wp-json\/wp\/v2\/pages"}],"about":[{"href":"https:\/\/kursy-udt.pl\/de\/wp-json\/wp\/v2\/types\/page"}],"author":[{"embeddable":true,"href":"https:\/\/kursy-udt.pl\/de\/wp-json\/wp\/v2\/users\/1"}],"replies":[{"embeddable":true,"href":"https:\/\/kursy-udt.pl\/de\/wp-json\/wp\/v2\/comments?post=1767"}],"version-history":[{"count":2,"href":"https:\/\/kursy-udt.pl\/de\/wp-json\/wp\/v2\/pages\/1767\/revisions"}],"predecessor-version":[{"id":1770,"href":"https:\/\/kursy-udt.pl\/de\/wp-json\/wp\/v2\/pages\/1767\/revisions\/1770"}],"wp:attachment":[{"href":"https:\/\/kursy-udt.pl\/de\/wp-json\/wp\/v2\/media?parent=1767"}],"curies":[{"name":"wp","href":"https:\/\/api.w.org\/{rel}","templated":true}]}}