{"id":1763,"date":"2016-01-23T15:29:23","date_gmt":"2016-01-23T15:29:23","guid":{"rendered":"http:\/\/kursy-udt.pl\/?page_id=1763"},"modified":"2016-01-23T15:32:49","modified_gmt":"2016-01-23T15:32:49","slug":"gabelstapler-2","status":"publish","type":"page","link":"https:\/\/kursy-udt.eu\/de\/forklift-stacking-trucks\/","title":{"rendered":"Gabelstapler Stapler"},"content":{"rendered":"<div style=\"float:left; padding-right:10px;\"><img decoding=\"async\" src=\"\/wp-content\/uploads\/2014\/03\/wozki-widlowe-3.jpeg\" alt=\"Gabelstapler\"><\/div>\n<div class=\"wyjustuj\">Wir laden Sie zum Staplerkurs ins Zentrum f\u00fcr Personalausbildung ERGON ein! Unsere Kursteilnehmer lernen immer Gabelstapler kennen und k\u00f6nnen so leicht Qualifikationen erwerben. Alle unsere Kurse zum Thema Gabelstapler werden auf der Grundlage unserer qualifizierten Dozenten und Ausbilder sowie aktueller gesetzlicher Vorschriften durchgef\u00fchrt. Die Kurse werden auf allen Ebenen durchgef\u00fchrt, daher k\u00f6nnen Sie die WJO-Qualifikationen I, II und III f\u00fcr die Bedienung aller Arten von Maschinen erwerben. <\/p>\n<p>Die Ausbildung zum Gabelstaplerfahrer gliedert sich in Theorie und Praxis. Im theoretischen Teil erhalten Sie Informationen \u00fcber den Aufbau und die Funktionsweise der Maschine sowie \u00fcber den sicheren Umgang mit der Maschine gem\u00e4\u00df den EHS- und UDT-Vorschriften (Amt f\u00fcr technische \u00dcberwachung). Im praktischen Teil lernen die Teilnehmer, die Maschine zu bedienen und verschiedene Arbeiten auszuf\u00fchren. Nach Abschluss der Ausbildung k\u00f6nnen Sie die Pr\u00fcfung des Technischen \u00dcberwachungsvereins ablegen und sich qualifizieren. Dank unserer Schulungen, die umfassend und wirkungsorientiert sind, ist es viel einfacher, sich zu qualifizieren. <\/p>\n<p><strong>Verwenden Sie<\/strong><br \/>\nGabelstapler Stapler oder <span class=\"linkwartykule\"><a href=\"\/de\/ausbildungen\/gabelstaplerkurse\/\">Gabelstapler<\/a><\/span> sind Maschinen f\u00fcr den Nahverkehr, die einen umfassenden Einsatz haben. Sie werden f\u00fcr den Transport von G\u00fctern haupts\u00e4chlich auf Holzpaletten in Lagerh\u00e4usern, Industriehallen, Gesch\u00e4ften und H\u00e4fen eingesetzt.<\/p>\n<p>Die Einteilung der Lastkraftwagen erfolgt nach den Qualifikationskategorien des Technischen \u00dcberwachungsvereins (UDT). Unter ihnen gibt es Maschinen mit verschiedenen Antriebsarten, darunter Elektro-, Batterie-, Benzin- und Dieselmotorantrieb. Was die Ausnutzung betrifft, so gibt es Hub-, Hebe-, Zug-, Last- oder Spezialstapler. Je nach Art der Bedienung\/Fahrt der Maschine gibt es angetriebene, plattformgesteuerte, ferngesteuerte und mit St\u00fchlen ausgestattete Stapler.<\/p>\n<p><strong>Arten von Qualifizierungen:<\/strong><br \/>\nUDT (das Amt f\u00fcr technische \u00dcberwachung) unterscheidet drei Kategorien von Qualifikationen, die f\u00fcr die Bedienung der Maschine erforderlich sind:<\/p>\n<ul>\n<li>\n<strong>Kategorie I WJO:<\/strong><br \/>\n- Gabelstapler-Hubwagen<br \/>\n- Gabelstapler f\u00fcr die Aufnahme von Lastwagen - mit einem Bediener, der mit der Last angehoben wird, und mit einer auswechselbaren Verl\u00e4ngerung\n<\/li>\n<li>\n<strong>Kategorie II WJO:<\/strong><br \/>\n- Gabelstapler trotz dedizierter Hubwagen\n<\/li>\n<li>\n<strong>Kategorie III WJO:<\/strong><br \/>\n- Gabelstapler mit Antrieb oder Fernsteuerung\n<\/li>\n<\/ul>\n<p><strong>Der Zweck der Ausbildung<\/strong><br \/>\nDie Schulungen in unserem Angebot richten sich an Personen, die \u00fcber 18 Jahre alt sind, eine abgeschlossene Grundschulausbildung haben und keine Kontraindikationen f\u00fcr die Arbeit als Operator haben.<\/p>\n<p>Derzeit werden auf vielen Baustellen Arbeitskr\u00e4fte gesucht. Sie sollten \u00fcber Qualifikationen f\u00fcr Gabelstapler-Hubwagen verf\u00fcgen. Die in unserem Zentrum durchgef\u00fchrten Schulungen sind eine gute Investition, die dazu beitr\u00e4gt, einen Arbeitsplatz zu finden. Die Schulungen werden f\u00fcr Gruppen von Arbeitnehmern organisiert, die von einem Arbeitgeber vermittelt werden. Wir k\u00f6nnen sie zu jeder Zeit und an jedem Ort machen.<\/p>\n<p>Wir laden Sie ein, unser Angebot zu nutzen.<\/p><\/div>\n<div class=\"button_styl\" style=\"float:right; padding-left:15px; padding-bottom:8px; margin-bottom:5px;\"><a href=\"https:\/\/platformaedukacji.pl\/login\/signup.php\" rel=\"nofollow\" target=\"_blank\" class=\"myButton myButton_maly\"><font color=\"white\">Anmeldung zur Schulung<\/font><\/a><\/div>","protected":false},"excerpt":{"rendered":"<p>We invite you for the course on forklift stacking trucks to the Centre for Staff Training ERGON! Our course participants always get to know forklift stacking trucks and therefore it is easy to obtain qualifications. All our courses on forklift stacking trucks are taught on the basis of our qualified lecturers and instructors as well as up-to-date law regulations. Courses are run on all levels, that is why you can get I, II, III WJO qualifications for operating every kind of machine. The training on forklift stacking trucks is divided into theory and practice. During theoretical part, you will get information on the construction and principles of the machine functions as well as using the machine in a safe way in accordance with EHS and UDT( the Office of Technical Inspection) regulations. In the practical part, participants learn the maneuvering of the machine and doing different works. After completing the training, you can take the Office of Technical Inspection exam and receive qualifications. Thanks to our trainings being run comprehensively and putting the emphasis on effects, getting qualifications is much easier. Use Forklift stacking trucks or forklift trucks are machines for close transport which have comprehensive use. They are used for transporting goods mainly on wooden pallets in warehouses, industrial halls, shops and harbours. The division of trucks is in accordance with UDT ( the Office of Technical Inspection) categories of qualifications. Among them, there are machines with different kinds of transmission including electric, battery, petrol and Diesel engine transmission. As far as the exploitation [&hellip;]<\/p>\n","protected":false},"author":1,"featured_media":0,"parent":0,"menu_order":0,"comment_status":"closed","ping_status":"closed","template":"","meta":{"sfsi_plus_gutenberg_text_before_share":"","sfsi_plus_gutenberg_show_text_before_share":"","sfsi_plus_gutenberg_icon_type":"","sfsi_plus_gutenberg_icon_alignemt":"","sfsi_plus_gutenburg_max_per_row":"","footnotes":""},"class_list":["post-1763","page","type-page","status-publish","hentry","has_thumb"],"aioseo_notices":[],"_links":{"self":[{"href":"https:\/\/kursy-udt.pl\/de\/wp-json\/wp\/v2\/pages\/1763","targetHints":{"allow":["GET"]}}],"collection":[{"href":"https:\/\/kursy-udt.pl\/de\/wp-json\/wp\/v2\/pages"}],"about":[{"href":"https:\/\/kursy-udt.pl\/de\/wp-json\/wp\/v2\/types\/page"}],"author":[{"embeddable":true,"href":"https:\/\/kursy-udt.pl\/de\/wp-json\/wp\/v2\/users\/1"}],"replies":[{"embeddable":true,"href":"https:\/\/kursy-udt.pl\/de\/wp-json\/wp\/v2\/comments?post=1763"}],"version-history":[{"count":3,"href":"https:\/\/kursy-udt.pl\/de\/wp-json\/wp\/v2\/pages\/1763\/revisions"}],"predecessor-version":[{"id":1765,"href":"https:\/\/kursy-udt.pl\/de\/wp-json\/wp\/v2\/pages\/1763\/revisions\/1765"}],"wp:attachment":[{"href":"https:\/\/kursy-udt.pl\/de\/wp-json\/wp\/v2\/media?parent=1763"}],"curies":[{"name":"wp","href":"https:\/\/api.w.org\/{rel}","templated":true}]}}