{"id":1756,"date":"2016-01-23T15:25:41","date_gmt":"2016-01-23T15:25:41","guid":{"rendered":"http:\/\/kursy-udt.pl\/?page_id=1756"},"modified":"2016-01-23T15:27:51","modified_gmt":"2016-01-23T15:27:51","slug":"aufzuge-3","status":"publish","type":"page","link":"https:\/\/kursy-udt.eu\/de\/lifts\/","title":{"rendered":"Aufz\u00fcge"},"content":{"rendered":"<div style=\"float:left; padding-right:10px;\"><img decoding=\"async\" src=\"\/wp-content\/uploads\/2014\/04\/dzwigi.jpeg\" alt=\"Kr\u00e4ne\"><\/div>\n<div class=\"wyjustuj\">Maschinen zum einfachen Heben von Lasten - Fracht oder Personen auf Plattformen oder in speziellen Kabinen. Es gibt horizontale Bau-, Transport-, Kreis-, Schr\u00e4g- oder Hafenaufz\u00fcge, d. h. Auslegerkr\u00e4ne. Sie ben\u00f6tigen eine UDT-Qualifikation (Amt f\u00fcr technische \u00dcberwachung) f\u00fcr die professionelle Bedienung von Maschinen. Erlangung der Qualifikation f\u00fcr die Bedienung und Wartung von Aufz\u00fcgen.<\/p>\n<p>W\u00e4hrend der Schulung vermitteln Ihnen unsere Mitarbeiter alle notwendigen Kenntnisse, die ein Aufzugf\u00fchrer haben sollte. Der Kurs im Aufzug umfasst theoretischen und praktischen Unterricht. W\u00e4hrend der UDT-Schulung (Amt f\u00fcr technische \u00dcberwachung) erh\u00e4lt der Teilnehmer die wichtigsten Informationen, um eine Pr\u00fcfung abzulegen. Alle Kurse werden von qualifizierten Experten geleitet! Wir laden Sie ein! <\/p><\/div>\n<div class=\"button_styl\" style=\"float:right; padding-left:15px; padding-bottom:8px; margin-bottom:5px;\"><a href=\"https:\/\/platformaedukacji.pl\/login\/signup.php\" rel=\"nofollow\" target=\"_blank\" class=\"myButton myButton_maly\"><font color=\"white\">Anmeldung zur Schulung<\/font><\/a><\/div>","protected":false},"excerpt":{"rendered":"<p>Maschinen zum einfachen Heben von Lasten - Fracht oder Personen auf Plattformen oder in speziellen Kabinen. Es gibt horizontale Bau-, Transport-, Kreis-, Schr\u00e4g- oder Hafenaufz\u00fcge, d. h. Auslegerkr\u00e4ne. Sie ben\u00f6tigen eine UDT-Qualifikation (Amt f\u00fcr technische \u00dcberwachung) f\u00fcr die professionelle Bedienung von Maschinen. Erlangung der Qualifikation f\u00fcr die Bedienung und Wartung von Aufz\u00fcgen. W\u00e4hrend der Schulung vermitteln Ihnen unsere Mitarbeiter alle notwendigen Kenntnisse, die ein Aufzugf\u00fchrer haben sollte. Der Kurs im Aufzug umfasst theoretischen und praktischen Unterricht. W\u00e4hrend der UDT-Schulung (Amt f\u00fcr technische \u00dcberwachung) erh\u00e4lt der Teilnehmer die wichtigsten Informationen, um eine Pr\u00fcfung abzulegen. Alle Kurse werden von qualifizierten Experten geleitet! Wir laden Sie ein! Anmeldung zur Schulung<\/p>","protected":false},"author":1,"featured_media":0,"parent":0,"menu_order":0,"comment_status":"closed","ping_status":"closed","template":"","meta":{"sfsi_plus_gutenberg_text_before_share":"","sfsi_plus_gutenberg_show_text_before_share":"","sfsi_plus_gutenberg_icon_type":"","sfsi_plus_gutenberg_icon_alignemt":"","sfsi_plus_gutenburg_max_per_row":"","footnotes":""},"class_list":["post-1756","page","type-page","status-publish","hentry","has_thumb"],"aioseo_notices":[],"_links":{"self":[{"href":"https:\/\/kursy-udt.pl\/de\/wp-json\/wp\/v2\/pages\/1756","targetHints":{"allow":["GET"]}}],"collection":[{"href":"https:\/\/kursy-udt.pl\/de\/wp-json\/wp\/v2\/pages"}],"about":[{"href":"https:\/\/kursy-udt.pl\/de\/wp-json\/wp\/v2\/types\/page"}],"author":[{"embeddable":true,"href":"https:\/\/kursy-udt.pl\/de\/wp-json\/wp\/v2\/users\/1"}],"replies":[{"embeddable":true,"href":"https:\/\/kursy-udt.pl\/de\/wp-json\/wp\/v2\/comments?post=1756"}],"version-history":[{"count":3,"href":"https:\/\/kursy-udt.pl\/de\/wp-json\/wp\/v2\/pages\/1756\/revisions"}],"predecessor-version":[{"id":1760,"href":"https:\/\/kursy-udt.pl\/de\/wp-json\/wp\/v2\/pages\/1756\/revisions\/1760"}],"wp:attachment":[{"href":"https:\/\/kursy-udt.pl\/de\/wp-json\/wp\/v2\/media?parent=1756"}],"curies":[{"name":"wp","href":"https:\/\/api.w.org\/{rel}","templated":true}]}}