{"id":1751,"date":"2016-01-23T15:23:51","date_gmt":"2016-01-23T15:23:51","guid":{"rendered":"http:\/\/kursy-udt.pl\/?page_id=1751"},"modified":"2016-01-23T15:23:51","modified_gmt":"2016-01-23T15:23:51","slug":"auslegerkrane","status":"publish","type":"page","link":"https:\/\/kursy-udt.eu\/de\/jib-cranes\/","title":{"rendered":"Auslegerkr\u00e4ne"},"content":{"rendered":"<div style=\"float:left; padding-right:10px;\"><img decoding=\"async\" src=\"\/wp-content\/uploads\/2014\/04\/zurawie.jpeg\" alt=\"Kr\u00e4ne\"><\/div>\n<div class=\"wyjustuj\">Ein Auslegerkran, auch Lift genannt, ist die gastgebende Maschine, die mit einem Wippradius ausgestattet ist. Die Maschine wird in der Bau- und Transportindustrie eingesetzt. Es gibt selbstfahrende, Schiffbau-, Hafen- und Mobilkrane sowie Turm- und Raupenkrane. Das Personal, das die Maschine bedient, muss \u00fcber eine UDT-Qualifikation (Amt f\u00fcr technische \u00dcberwachung) verf\u00fcgen. Um sie zu erhalten, ist ein Auslegerkran-Kurs hilfreich.<\/p>\n<p>Wir bieten Kurse an, die umfassende Kenntnisse vermitteln und in denen Sie eine Pr\u00fcfung ablegen k\u00f6nnen, um eine Qualifikation f\u00fcr Krane zu erhalten. Wir f\u00fchren verschiedene Arten von UDT-Schulungen durch. Jeder Kurs \u00fcber den Auslegerkran besteht aus einem theoretischen und einem praktischen Teil. Auf diese Weise k\u00f6nnen die Kursteilnehmer in unseren Kursen Informationen \u00fcber den Betrieb und die Wartung der Maschinen erhalten.<\/p><\/div>\n<div class=\"button_styl\" style=\"float:right; padding-left:15px; padding-bottom:8px; margin-bottom:5px;\"><a href=\"https:\/\/platformaedukacji.pl\/login\/signup.php\" rel=\"nofollow\" target=\"_blank\" class=\"myButton myButton_maly\"><font color=\"white\">Anmeldung zur Schulung<\/font><\/a><\/div>","protected":false},"excerpt":{"rendered":"<p>Ein Auslegerkran, auch Lift genannt, ist die gastgebende Maschine, die mit dem Wippradius ausgestattet ist. Die Maschine wird in der Bau- und Transportindustrie eingesetzt. Es gibt selbstfahrende, Schiffbau-, Hafen- und Mobilkrane sowie Turm- und Raupenkrane. Das Personal, das die Maschine bedient, muss \u00fcber eine UDT-Qualifikation (Amt f\u00fcr technische \u00dcberwachung) verf\u00fcgen. Um sie zu erhalten, ist ein Auslegerkran-Kurs hilfreich. Wir bieten Kurse an, die umfassendes Wissen vermitteln und in denen Sie eine Pr\u00fcfung ablegen k\u00f6nnen, um eine Qualifikation f\u00fcr Krane zu erhalten. Wir f\u00fchren verschiedene Arten von UDT-Schulungen durch. Jeder Kurs \u00fcber den Auslegerkran besteht aus einem theoretischen und einem praktischen Teil. Auf diese Weise k\u00f6nnen die Kursteilnehmer in unseren Kursen Informationen \u00fcber den Betrieb und die Wartung der Maschinen erhalten. Anmeldung zur Schulung<\/p>","protected":false},"author":1,"featured_media":0,"parent":0,"menu_order":0,"comment_status":"closed","ping_status":"closed","template":"","meta":{"sfsi_plus_gutenberg_text_before_share":"","sfsi_plus_gutenberg_show_text_before_share":"","sfsi_plus_gutenberg_icon_type":"","sfsi_plus_gutenberg_icon_alignemt":"","sfsi_plus_gutenburg_max_per_row":"","footnotes":""},"class_list":["post-1751","page","type-page","status-publish","hentry","has_thumb"],"aioseo_notices":[],"_links":{"self":[{"href":"https:\/\/kursy-udt.pl\/de\/wp-json\/wp\/v2\/pages\/1751","targetHints":{"allow":["GET"]}}],"collection":[{"href":"https:\/\/kursy-udt.pl\/de\/wp-json\/wp\/v2\/pages"}],"about":[{"href":"https:\/\/kursy-udt.pl\/de\/wp-json\/wp\/v2\/types\/page"}],"author":[{"embeddable":true,"href":"https:\/\/kursy-udt.pl\/de\/wp-json\/wp\/v2\/users\/1"}],"replies":[{"embeddable":true,"href":"https:\/\/kursy-udt.pl\/de\/wp-json\/wp\/v2\/comments?post=1751"}],"version-history":[{"count":2,"href":"https:\/\/kursy-udt.pl\/de\/wp-json\/wp\/v2\/pages\/1751\/revisions"}],"predecessor-version":[{"id":1753,"href":"https:\/\/kursy-udt.pl\/de\/wp-json\/wp\/v2\/pages\/1751\/revisions\/1753"}],"wp:attachment":[{"href":"https:\/\/kursy-udt.pl\/de\/wp-json\/wp\/v2\/media?parent=1751"}],"curies":[{"name":"wp","href":"https:\/\/api.w.org\/{rel}","templated":true}]}}