{"id":1744,"date":"2016-01-23T15:16:16","date_gmt":"2016-01-23T15:16:16","guid":{"rendered":"http:\/\/kursy-udt.pl\/?page_id=1744"},"modified":"2016-01-23T15:20:51","modified_gmt":"2016-01-23T15:20:51","slug":"kurse-an-schilderbrucken","status":"publish","type":"page","link":"https:\/\/kursy-udt.eu\/de\/courses-on-gantries\/","title":{"rendered":"Kurse an Schilderbr\u00fccken - Qualifikationen erwerben"},"content":{"rendered":"<div style=\"float: left; padding-right: 10px;\"><img loading=\"lazy\" decoding=\"async\" alt=\"Kranichkurs Warschau\" src=\"\/wp-content\/uploads\/2014\/04\/suwnice.jpeg\" width=\"200\" height=\"150\" \/><\/div>\n<div class=\"wyjustuj\">F\u00fcr die Bedienung von Portalen, d. h. von Aufz\u00fcgen, die h\u00e4ufig im Verkehrswesen und in anderen Industriezweigen eingesetzt werden, sind Qualifikationen erforderlich. Nach Abschluss des Kurses und bestandener Pr\u00fcfung erh\u00e4lt der Kursteilnehmer die Qualifikation f\u00fcr Portale gem\u00e4\u00df den Vorschriften des Technischen \u00dcberwachungsvereins, denen die Maschine unterzogen werden muss.<\/p>\n<p><strong>Grundlegende Informationen<\/strong><br \/>\nPortale sind als Aufz\u00fcge bezeichnete Maschinen, die in unterbrochener Bewegung arbeiten. Sie sind mit Hebe- und Senkvorrichtungen - Hebezeugen oder Hebekr\u00e4nen - ausgestattet. Portale sind f\u00fcr die vertikale und horizontale Bewegung von Gegenst\u00e4nden konzipiert. Der Arbeitsbereich der Maschine ist durch die H\u00f6he der abzusenkenden und anzuhebenden Lasten, die L\u00e4nge der Fahrbahn und die Breite der Br\u00fccke begrenzt. Die Maschinen k\u00f6nnen kabelgebunden oder drahtlos gesteuert werden. Gr\u00f6\u00dfere Modelle werden von einem in der Kabine sitzenden Bediener gesteuert.<\/p>\n<p><strong>Die Konstruktion von Maschinen<\/strong><\/p>\n<ul>\n<li>Br\u00fcckenportale (Industrie) - werden haupts\u00e4chlich in Industriehallen installiert. Sie sind mit einer Hebevorrichtung ausgestattet, die sich auf der Br\u00fccke bewegt. Die Br\u00fcckenmodelle sind im oberen Teil der Halle installiert und bestehen aus einer Gitterbr\u00fccke, die sich auf Schienen bewegt.<\/li>\n<li>H\u00e4ngeportale - \u00e4hneln in ihrer Konstruktion den industriellen Modellen, die sich auf Schienen bewegen, die an der Hallendeckenkonstruktion aufgeh\u00e4ngt sind. Sie eignen sich auch f\u00fcr Innenr\u00e4ume, in denen die maximal verf\u00fcgbare Fl\u00e4che genutzt werden sollte.<\/li>\n<li>Torbr\u00fccken - ein Modell, das h\u00e4ufig im Freien eingesetzt wird, z. B. auf Halden oder Rampen im Schiffbau. Die Maschinen werden auf Br\u00fccken gebaut, die an seitlichen Br\u00fccken h\u00e4ngen, die Tore binden. Gates haben Ketten- und Radfahrwerke.<\/li>\n<\/ul>\n<p><strong>Verwenden Sie<\/strong><br \/>\nWie bereits erw\u00e4hnt, werden Maschinen im Transportwesen eingesetzt, z. B. in Industriehallen, auf Werften, in Umschlaganlagen oder auf Halden. Dank ihrer Konstruktion erm\u00f6glichen sie es, verschiedene Arten von Lasten schnell und sicher zu bewegen, je nach den verwendeten Greifelementen.<\/p>\n<p><strong>Qualifikationen<\/strong><br \/>\nF\u00fcr die Bedienung von Portalen, die von der Kabine aus gesteuert werden, ben\u00f6tigen Sie Portalqualifikationen. Sie werden nach Abschluss des Kurses und Bestehen der staatlichen Pr\u00fcfung vor dem Ausschuss des Technischen \u00dcberwachungsvereins erteilt. Die erworbenen Bef\u00e4higungsnachweise sind unbefristet und berechtigen zum F\u00fchren von Maschinen, die auf der Art des Bef\u00e4higungsnachweises angegeben sind.<\/p>\n<p><strong>Kategorien von Qualifikationen<\/strong><\/p>\n<ul>\n<li>II S - Bef\u00e4higung zur Bedienung von Maschinen, die von der Arbeitsebene aus gesteuert werden, sowie von Hebezeugen und Hubwinden der Kategorie II W und von statischen Werkbankkranen<\/li>\n<li>I S - Bef\u00e4higung zum Bedienen von Maschinen, die von der Kabine aus gesteuert werden, sowie von Hebezeugen und Hubwinden nach Kategorie I W oder Maschinen der Kategorie II S<\/li>\n<\/ul>\n<p>Portale sind Maschinen, die h\u00e4ufig auf verschiedenen Baustellen eingesetzt werden. Sie ben\u00f6tigen eine geeignete <a href=\"\/de\/ausbildungen\/portalverlauf\/\">Kurs und Qualifikationen<\/a> um sie richtig zu bedienen. W\u00e4hrend des Unterrichts erhalten die Teilnehmer die wichtigsten Informationen im Zusammenhang mit dem Betrieb der Maschine, einschlie\u00dflich Informationen \u00fcber Gesundheit und Sicherheit am Arbeitsplatz vor Beginn der Arbeit, w\u00e4hrend der Ausf\u00fchrung und nach Abschluss der Arbeit, damit alle Lasten korrekt transportiert werden.<\/p>\n<p>Je nach Art des Portals sollte der Bediener \u00fcber eine entsprechende Qualifikation verf\u00fcgen.  Ohne sie setzen sie sich und andere einer Gefahr aus. Die Aufgabe des Arbeitgebers besteht darin, daf\u00fcr zu sorgen, dass seine Mitarbeiter entsprechend geschult sind, und die Arbeitsbedingungen gem\u00e4\u00df den EHS-Vorschriften anzupassen.<\/p>\n<\/div>\n<div class=\"button_styl\" style=\"float:right; padding-left:15px; padding-bottom:8px; margin-bottom:5px;\"><a href=\"https:\/\/platformaedukacji.pl\/login\/signup.php\" rel=\"nofollow\" target=\"_blank\" class=\"myButton myButton_maly\"><font color=\"white\">Anmeldung zur Schulung<\/font><\/a><\/div>","protected":false},"excerpt":{"rendered":"<p>You need qualifications to operate gantries, i.e. lifts, which are commonly used in transport and other branches of industry. After completing the course and passing the exam, the course participant will get qualifications for gantries in accordance with regulations of the Office of Technical Inspection which the machine has to undergo. Basic information Gantries are machines qualified as lifts which work in interrupted movement. They are equipped with lowering and raising mechanisms- hoists or hoisting cranes. Gantries are designed to move objects vertically and horizontally. The area of machine operation is limited by the height of bringing down and raising loads, the length of the track and the width of the bridge. Machines can be controlled wiredly or wireless. Bigger models are controlled by an operator sitting in the cabin. The construction of machines bridge gantries (industrial)- are mainly installed in industrial halls. They are equipped with the hoist which moves along the bridge. Bridge models are installed in an upper part of the hall and consist of grate bridge which moves on tracks suspension gantries- are similar in construction to industrial models which move along tracks suspended to the hall ceiling construction. They are also good in interior areas where the maximum available surface should be used. gate gantries- is a model often used outside, for example on stockpiles or shipbuilding ramps. Machines are built on bridges suspended on side bridges binding gates. Gates have track and wheeled chassis. Use As it was mentioned before, machines are used in transport, for example in industrial [&hellip;]<\/p>\n","protected":false},"author":1,"featured_media":0,"parent":0,"menu_order":0,"comment_status":"closed","ping_status":"closed","template":"","meta":{"sfsi_plus_gutenberg_text_before_share":"","sfsi_plus_gutenberg_show_text_before_share":"","sfsi_plus_gutenberg_icon_type":"","sfsi_plus_gutenberg_icon_alignemt":"","sfsi_plus_gutenburg_max_per_row":"","footnotes":""},"class_list":["post-1744","page","type-page","status-publish","hentry","has_thumb"],"aioseo_notices":[],"_links":{"self":[{"href":"https:\/\/kursy-udt.pl\/de\/wp-json\/wp\/v2\/pages\/1744","targetHints":{"allow":["GET"]}}],"collection":[{"href":"https:\/\/kursy-udt.pl\/de\/wp-json\/wp\/v2\/pages"}],"about":[{"href":"https:\/\/kursy-udt.pl\/de\/wp-json\/wp\/v2\/types\/page"}],"author":[{"embeddable":true,"href":"https:\/\/kursy-udt.pl\/de\/wp-json\/wp\/v2\/users\/1"}],"replies":[{"embeddable":true,"href":"https:\/\/kursy-udt.pl\/de\/wp-json\/wp\/v2\/comments?post=1744"}],"version-history":[{"count":4,"href":"https:\/\/kursy-udt.pl\/de\/wp-json\/wp\/v2\/pages\/1744\/revisions"}],"predecessor-version":[{"id":1747,"href":"https:\/\/kursy-udt.pl\/de\/wp-json\/wp\/v2\/pages\/1744\/revisions\/1747"}],"wp:attachment":[{"href":"https:\/\/kursy-udt.pl\/de\/wp-json\/wp\/v2\/media?parent=1744"}],"curies":[{"name":"wp","href":"https:\/\/api.w.org\/{rel}","templated":true}]}}