{"id":1739,"date":"2016-01-23T15:12:56","date_gmt":"2016-01-23T15:12:56","guid":{"rendered":"http:\/\/kursy-udt.pl\/?page_id=1739"},"modified":"2016-01-23T15:14:06","modified_gmt":"2016-01-23T15:14:06","slug":"hebezeuge","status":"publish","type":"page","link":"https:\/\/kursy-udt.eu\/de\/hoists\/","title":{"rendered":"Hebezeuge"},"content":{"rendered":"<div style=\"float:left; padding-right:10px;\"><img decoding=\"async\" src=\"\/wp-content\/uploads\/2014\/04\/ciegniki.jpg\" alt=\"Abschleppwagen\"><\/div>\n<div class=\"wyjustuj\">Ein Hebezeug ist eine Hebemaschine, die dazu dient, Gegenst\u00e4nde mit Hilfe von Zugstangen und einem Haken oder Greifer zu bewegen. Auswechselbare Bezeichnungen sind Spille, Seilwinde und ein Hebekran, der die Last mit Hilfe von zwei B\u00e4ndern verlagert. Um sie zu benutzen, muss man die Qualifikation des Technischen \u00dcberwachungsvereins (UDT) besitzen. Wir bieten einen Kurs \u00fcber Hebezeuge an, mit dem Sie diese erwerben k\u00f6nnen.<\/p>\n<p>Die von uns durchgef\u00fchrten Kurse sind voll von wertvollen Informationen und praktischem Unterricht, die als UDT-Schulungen organisiert werden. Alle Schulungen werden von professionellen Experten aus diesem Bereich durchgef\u00fchrt. Wenn Sie diese absolviert und die Pr\u00fcfung bestanden haben, k\u00f6nnen Sie die Qualifikation des Technischen \u00dcberwachungsvereins erwerben. Wir laden Sie ein, unser Bildungsangebot zu nutzen!<\/p><\/div>\n<div class=\"button_styl\" style=\"float:right; padding-left:15px; padding-bottom:8px; margin-bottom:5px;\"><a href=\"https:\/\/platformaedukacji.pl\/login\/signup.php\" rel=\"nofollow\" target=\"_blank\" class=\"myButton myButton_maly\"><font color=\"white\">Anmeldung zur Schulung<\/font><\/a><\/div>","protected":false},"excerpt":{"rendered":"<p>Ein Hebezeug ist eine Hebemaschine, die dazu dient, Gegenst\u00e4nde mit Hilfe von Zugstangen und einem Haken oder Greifer zu bewegen. Auswechselbare Bezeichnungen sind Spille, Seilwinde und ein Hebekran, der die Last mit Hilfe von zwei B\u00e4ndern verlagert. Um sie zu benutzen, muss man die Qualifikation des Technischen \u00dcberwachungsvereins (UDT) besitzen. Wir bieten einen Kurs \u00fcber Hebezeuge an, mit dem Sie diese erwerben k\u00f6nnen. Die von uns durchgef\u00fchrten Kurse sind voll von wertvollen Informationen und praktischem Unterricht, die als UDT-Schulungen organisiert werden. Alle Schulungen werden von professionellen Experten aus diesem Bereich durchgef\u00fchrt. Wenn Sie diese absolviert und die Pr\u00fcfung bestanden haben, k\u00f6nnen Sie die Qualifikation des Technischen \u00dcberwachungsvereins erwerben. Wir laden Sie ein, unser Bildungsangebot zu nutzen! Anmeldung zur Schulung<\/p>","protected":false},"author":1,"featured_media":0,"parent":0,"menu_order":0,"comment_status":"closed","ping_status":"closed","template":"","meta":{"sfsi_plus_gutenberg_text_before_share":"","sfsi_plus_gutenberg_show_text_before_share":"","sfsi_plus_gutenberg_icon_type":"","sfsi_plus_gutenberg_icon_alignemt":"","sfsi_plus_gutenburg_max_per_row":"","footnotes":""},"class_list":["post-1739","page","type-page","status-publish","hentry","has_thumb"],"aioseo_notices":[],"_links":{"self":[{"href":"https:\/\/kursy-udt.pl\/de\/wp-json\/wp\/v2\/pages\/1739","targetHints":{"allow":["GET"]}}],"collection":[{"href":"https:\/\/kursy-udt.pl\/de\/wp-json\/wp\/v2\/pages"}],"about":[{"href":"https:\/\/kursy-udt.pl\/de\/wp-json\/wp\/v2\/types\/page"}],"author":[{"embeddable":true,"href":"https:\/\/kursy-udt.pl\/de\/wp-json\/wp\/v2\/users\/1"}],"replies":[{"embeddable":true,"href":"https:\/\/kursy-udt.pl\/de\/wp-json\/wp\/v2\/comments?post=1739"}],"version-history":[{"count":3,"href":"https:\/\/kursy-udt.pl\/de\/wp-json\/wp\/v2\/pages\/1739\/revisions"}],"predecessor-version":[{"id":1741,"href":"https:\/\/kursy-udt.pl\/de\/wp-json\/wp\/v2\/pages\/1739\/revisions\/1741"}],"wp:attachment":[{"href":"https:\/\/kursy-udt.pl\/de\/wp-json\/wp\/v2\/media?parent=1739"}],"curies":[{"name":"wp","href":"https:\/\/api.w.org\/{rel}","templated":true}]}}