{"id":1733,"date":"2016-01-23T15:07:04","date_gmt":"2016-01-23T15:07:04","guid":{"rendered":"http:\/\/kursy-udt.pl\/?page_id=1733"},"modified":"2016-01-23T16:19:24","modified_gmt":"2016-01-23T16:19:24","slug":"kurse-zu-erhohungen","status":"publish","type":"page","link":"https:\/\/kursy-udt.eu\/de\/courses-on-rises\/","title":{"rendered":"Kurse \u00fcber Anstiege"},"content":{"rendered":"<div style=\"float:left; padding-right:10px;\"><img decoding=\"async\" src=\"\/wp-content\/uploads\/2014\/03\/szkolenia-na-podnosnik.jpeg\" alt=\"Kurs \u00fcber Hochaufz\u00fcge Warschau - Foto\"><\/div>\n<div class=\"wyjustuj\">Im Zentrum f\u00fcr Personalschulung ERGON bieten wir professionelle Kurse f\u00fcr Scherenb\u00fchnen, selbstfahrende Arbeitsb\u00fchnen und andere Arbeitsb\u00fchnen an. Unser Ziel ist es, jeden Mitarbeiter professionell auszubilden, damit er die Schl\u00fcsselqualifikationen f\u00fcr Steiganlagen gem\u00e4\u00df den Vorschriften des Technischen \u00dcberwachungsamtes (UDT) erwirbt. Dank uns kennen die Arbeitnehmer die Funktionsprinzipien und die Bedienung der Maschinen - die Schulungen umfassen die Thematik umfassend und sind, da sie von Experten auf diesem Gebiet durchgef\u00fchrt werden, eine gute Investition sowohl f\u00fcr den Arbeitnehmer als auch f\u00fcr den Arbeitgeber. Wir bem\u00fchen uns, die niedrigsten Preise f\u00fcr unsere Kurse zu gew\u00e4hrleisten. F\u00fcr gr\u00f6\u00dfere Gruppen haben wir zus\u00e4tzliche Rabatte vorbereitet!<\/p>\n<p>In unserem Zentrum ist jeder Kurs in einen theoretischen und einen praktischen Teil unterteilt. Er umfasst die gesamte Thematik und erm\u00f6glicht es uns, die Arbeitnehmer auf die Pr\u00fcfung des Technischen \u00dcberwachungsvereins (UDT) vorzubereiten und sie zu bestehen. W\u00e4hrend der Ausbildung an Steiganlagen erhalten die Teilnehmer Informationen \u00fcber die Prinzipien der Maschine, den sicheren Betrieb gem\u00e4\u00df den Vorschriften des Technischen \u00dcberwachungsamtes sowie die EHS-Vorschriften im Bereich der H\u00f6henarbeit und Informationen \u00fcber die Konstruktion und die Regeln f\u00fcr den Betrieb dieser Maschinen. Wir f\u00fchren auch praktische Kurse durch, die es unseren Teilnehmern erm\u00f6glichen, die notwendigen F\u00e4higkeiten im Bereich der Maschinenbedienung zu erwerben. Die in unserem Zentrum organisierten Kurse sind die beste Wahl.<\/p>\n<p><strong>Verwenden Sie<\/strong><br \/>\nAufstiege, die als Hebeb\u00fchnen definiert sind, sind <span class=\"linkwartykule\"><a href=\"\/de\/ausbildungen\/ausbildung-auf-mobilen-hubarbeitsbuhnen\/\">mobile Plattformen<\/a><\/span>. Sie sind f\u00fcr den Aufstieg von Personen, Ausr\u00fcstungen und Materialien f\u00fcr bestimmte Arbeiten bestimmt, z. B. im Baugewerbe, in der Werbung und im Dienstleistungssektor. Diese Maschinen werden bei Bau-, Montage-, Installations-, Dekorations-, Reinigungsarbeiten und vielen anderen Arbeiten eingesetzt, bei denen es notwendig ist, eine bestimmte H\u00f6he zu erreichen, aber die Aufstellung von Ger\u00fcsten keine wirtschaftliche L\u00f6sung w\u00e4re.<\/p>\n<p>Hebeb\u00fchnen k\u00f6nnen sowohl drau\u00dfen als auch drinnen verwendet werden, auch an Orten mit hohen Decken. Aus diesem Grund sind sie umfassende Maschinen. Es gibt selbstfahrende Lifte, die auf Lastwagen montiert sind, und langsam fahrende Lifte wie Scheren-, Teleskop- oder Klapplifte. Die erforderlichen Qualifikationen f\u00fcr ihre Bedienung werden als I P bezeichnet.<\/p>\n<p><strong>Der Zweck der Ausbildung<\/strong><br \/>\nUnsere Ausbildung richtet sich an Personen, die \u00fcber 18 Jahre alt sind und mindestens \u00fcber eine Grundschulausbildung verf\u00fcgen. Au\u00dferdem muss ein \u00e4rztliches Attest vorgelegt werden, aus dem hervorgeht, dass keine Kontraindikationen f\u00fcr die Aus\u00fcbung des Berufes bestehen. <\/p>\n<p>Ziel der Schulung ist es, theoretische und praktische Informationen zu vermitteln, die dem Teilnehmer die richtige Bedienung der Maschine und den Erwerb der erforderlichen F\u00e4higkeiten zur Erlangung der UDT-Qualifikation (Amt f\u00fcr technische \u00dcberwachung) vermitteln. Der Arbeitnehmer, der die entsprechenden Qualifikationen besitzt, kann an Arbeiten teilnehmen, bei denen Erh\u00f6hungen verwendet werden.<\/p>\n<p>Mit dem Zentrum f\u00fcr Personalfortbildung ERGON ist es einfach, sich zu qualifizieren. Wir laden Sie herzlich ein, unsere Dienste zu nutzen.<\/p><\/div>\n<div class=\"button_styl\" style=\"float:right; padding-left:15px; padding-bottom:8px; margin-bottom:5px;\"><a href=\"https:\/\/platformaedukacji.pl\/login\/signup.php\" rel=\"nofollow\" target=\"_blank\" class=\"myButton myButton_maly\"><font color=\"white\">Anmeldung zur Schulung<\/font><\/a><\/div>","protected":false},"excerpt":{"rendered":"<p>In the Centre for Staff Training ERGON, we offer professional courses on scissor, self-propelled and other rises. Our purpose is to train every worker professionally to obtain key qualifications on rises according to UDT ( the Office of Technical Inspection) regulations. Thanks to us, workers know the principles of operation and the machine service- trainings comprehensively encompass the subject matter and thanks to being run by experts in this field, they are a good investment both for the worker and the employer. We put all efforts to ensure lowest prices for our courses on rises. For larger groups, we have prepared additional discounts! Every course on rises is divided into theoretical and practical part in our centre. It comprehensively encompasses the subject matter and allows us to prepare workers to take UDT ( the Office of Technical Inspection) exam and passing it. During the training on rises, its participants obtain information on the principles of the machine, safe operation according to the regulations of the Office of Technical Inspection as well as EHS rules in the range of working at altitude and information about the construction and rules of operating those machines. We also run practical classes which allow our participants to obtain necessary skills in the range of machine operation. Courses organized in our centre are the best choice. Use Rises which are defined as aerial platforms are mobile platforms. They are designed for rising people, equipment and materials to do appointed works, for example in building, advertising and service industry. These machines are [&hellip;]<\/p>\n","protected":false},"author":1,"featured_media":0,"parent":0,"menu_order":0,"comment_status":"closed","ping_status":"closed","template":"","meta":{"sfsi_plus_gutenberg_text_before_share":"","sfsi_plus_gutenberg_show_text_before_share":"","sfsi_plus_gutenberg_icon_type":"","sfsi_plus_gutenberg_icon_alignemt":"","sfsi_plus_gutenburg_max_per_row":"","footnotes":""},"class_list":["post-1733","page","type-page","status-publish","hentry","has_thumb"],"aioseo_notices":[],"_links":{"self":[{"href":"https:\/\/kursy-udt.pl\/de\/wp-json\/wp\/v2\/pages\/1733","targetHints":{"allow":["GET"]}}],"collection":[{"href":"https:\/\/kursy-udt.pl\/de\/wp-json\/wp\/v2\/pages"}],"about":[{"href":"https:\/\/kursy-udt.pl\/de\/wp-json\/wp\/v2\/types\/page"}],"author":[{"embeddable":true,"href":"https:\/\/kursy-udt.pl\/de\/wp-json\/wp\/v2\/users\/1"}],"replies":[{"embeddable":true,"href":"https:\/\/kursy-udt.pl\/de\/wp-json\/wp\/v2\/comments?post=1733"}],"version-history":[{"count":4,"href":"https:\/\/kursy-udt.pl\/de\/wp-json\/wp\/v2\/pages\/1733\/revisions"}],"predecessor-version":[{"id":1808,"href":"https:\/\/kursy-udt.pl\/de\/wp-json\/wp\/v2\/pages\/1733\/revisions\/1808"}],"wp:attachment":[{"href":"https:\/\/kursy-udt.pl\/de\/wp-json\/wp\/v2\/media?parent=1733"}],"curies":[{"name":"wp","href":"https:\/\/api.w.org\/{rel}","templated":true}]}}