{"id":1729,"date":"2016-01-23T15:03:05","date_gmt":"2016-01-23T15:03:05","guid":{"rendered":"http:\/\/kursy-udt.pl\/?page_id=1729"},"modified":"2016-01-23T15:03:05","modified_gmt":"2016-01-23T15:03:05","slug":"scherenbuhnen-2","status":"publish","type":"page","link":"https:\/\/kursy-udt.eu\/de\/scissor-platforms\/","title":{"rendered":"Scherenb\u00fchnen"},"content":{"rendered":"<div style=\"float: left; padding-right: 10px;\"><img decoding=\"async\" alt=\"Scherenb\u00fchnen\" src=\"\/wp-content\/uploads\/2014\/04\/01-podest.jpeg\" \/><\/div>\n<div class=\"wyjustuj\">\n<p>Das Zentrum f\u00fcr Personalausbildung ERGON l\u00e4dt Sie zu Scherenb\u00fchnenkursen ein. Dank unserer Kurse k\u00f6nnen Sie die Schl\u00fcsselqualifikationen des UDT (Amt f\u00fcr technische \u00dcberwachung) und die vom Amt f\u00fcr technische \u00dcberwachung festgelegten Normen erwerben. Scherenb\u00fchnen werden sehr h\u00e4ufig auf Baustellen und bei Montagearbeiten eingesetzt, daher sind die Kurse eine gute Investition sowohl f\u00fcr den Arbeitnehmer als auch f\u00fcr den Arbeitgeber. F\u00fcr die Bedienung der Maschine ist es unabdingbar, den Kurs zu absolvieren und die Qualifikation des Technischen \u00dcberwachungsvereins (T\u00dcV) zu erwerben.<\/p>\n<p>Unsere Kurse \u00fcber Scherenb\u00fchnen umfassen ein breites Spektrum an theoretischen Informationen, die die wichtigsten Daten \u00fcber den Bau von Scherenb\u00fchnen und anderen mobilen Arbeitsb\u00fchnen, deren Betrieb, Wartung, EHS-Vorschriften und Vorschriften f\u00fcr die technische \u00dcberwachung vermitteln. Zu unserer Ausbildung geh\u00f6rt auch ein praktischer Unterricht, in dem die Teilnehmer die Maschinen kennen lernen und lernen, wie man sie sachgem\u00e4\u00df und nach bestimmten Verfahren bedient. In unserem Zentrum arbeiten nur Fachleute und wir garantieren die h\u00f6chste Qualit\u00e4t der Ausbildung, so dass der Erwerb der UDT-Qualifikation sp\u00e4ter kein Problem darstellt.<\/p>\n<p><strong>Verwenden Sie<\/strong><br \/>\nScherenb\u00fchnen oder <span class=\"linkwartykule\"><a href=\"\/de\/hubarbeitsbuhnen\/\">Scherenhebezeuge<\/a><\/span> sind Maschinen, die unter die Kategorie der <span class=\"linkwartykule\"><a href=\"\/de\/ausbildungen\/ausbildung-auf-mobilen-hubarbeitsbuhnen\/\">mobile Plattformen<\/a><\/span>. Dabei handelt es sich um Niedriggeschwindigkeitsplattformen, die dazu bestimmt sind, Personen, Ausr\u00fcstungen und Materialien in eine bestimmte H\u00f6he zu bef\u00f6rdern. Um sie bedienen zu k\u00f6nnen, muss der Arbeitnehmer \u00fcber eine Qualifikation des Technischen \u00dcberwachungsvereins verf\u00fcgen.<\/p>\n<p>Heutzutage werden Scherenarbeitsb\u00fchnen bei vielen Arten von Arbeiten eingesetzt - Schulungen sind erforderlich, um sie professionell und unter Einhaltung der Sicherheitsvorschriften zu bedienen. Scherenb\u00fchnen werden h\u00e4ufig auf Baustellen, bei Ausbauarbeiten, Installationen, Dekorations- und Reinigungsarbeiten eingesetzt. Neben dem Baugewerbe werden die Maschinen auch in der Werbebranche eingesetzt. Arbeiter, die nicht qualifiziert sind, d\u00fcrfen nach den gesetzlichen Bestimmungen nicht an den Arbeiten teilnehmen.<\/p>\n<p><strong>Der Zweck der Ausbildung<\/strong><br \/>\nAn der Schulung k\u00f6nnen Personen teilnehmen, die \u00fcber 18 Jahre alt sind, mindestens \u00fcber eine Grundschulausbildung verf\u00fcgen und ein \u00e4rztliches Attest vorlegen k\u00f6nnen, das best\u00e4tigt, dass keine Kontraindikationen f\u00fcr die Arbeit als Betreiber einer mobilen Plattform bestehen.<\/p>\n<p>Nach Abschluss des Kurses kann der Teilnehmer die UDT-Pr\u00fcfung (Amt f\u00fcr technische \u00dcberwachung) ablegen. Nach bestandener Pr\u00fcfung erhalten Sie ein entsprechendes Dokument, das die Kenntnisse und F\u00e4higkeiten f\u00fcr die Bedienung von Scherenb\u00fchnen best\u00e4tigt. Es handelt sich um Maschinen, die der technischen \u00dcberwachung unterliegen. Vor dem Einsatz von Scherenarbeitsb\u00fchnen m\u00fcssen daher alle beauftragten Arbeitnehmer eine Qualifikation erwerben.<\/p>\n<p>Im Zentrum f\u00fcr Personalausbildung ERGON haben wir Tausende von Arbeitnehmern ausgebildet. Daher garantieren wir die beste Qualit\u00e4t der Dienstleistung, die auf unserer Erfahrung und Professionalit\u00e4t beruht. Wir k\u00f6nnen Schulungen an jedem vom Auftraggeber festgelegten Ort und zu jeder vom Auftraggeber festgelegten Zeit durchf\u00fchren. F\u00fcr gr\u00f6\u00dfere Gruppen bieten wir attraktive Rabatte.<\/p>\n<p>Wir laden Sie herzlich ein, unser Ausbildungsangebot zu nutzen!<\/p>\n<\/div>\n<div class=\"button_styl\" style=\"float:right; padding-left:15px; padding-bottom:8px; margin-bottom:5px;\"><a href=\"https:\/\/platformaedukacji.pl\/login\/signup.php\" rel=\"nofollow\" target=\"_blank\" class=\"myButton myButton_maly\"><font color=\"white\">Anmeldung zur Schulung<\/font><\/a><\/div>","protected":false},"excerpt":{"rendered":"<p>The Centre for Staff Training ERGON invite you for scissor platforms courses. Thanks to our courses, you can gain key UDT ( the Office of Technical Inspection) qualifications and standards defined by the Office of Technical Inspection. Scissor platforms are very often used on building sites and while doing assembly works; therefore, courses are a great investment both for a worker and an employer. For the machine operation, it is a must to complete the course and obtain UDT ( the Office of Technical Inspection) qualifications. Our courses on scissor platforms involve a wide range of theoretical information which present most important data on scissor platform construction and other mobile platforms, their operation, maintenance, EHS regulations and regulations of the technical inspection. Our training includes practical classes during which participants get to know machines and are taught how to operate them appropriately according to procedures. In our centre, we employ only specialists and we guarantee the highest quality of education so that getting UDT qualifications later would not be of any problem. Use Scissor platforms or scissor hoists are machines which fall into the category of mobile platforms. These are low-speed platforms which are designed to raise people, equipment and materials at certain altitude. To operate them, the worker must have qualifications of the Office of Technical Inspection. Nowadays, scissor lifts are used in many types of works- trainings are necessary to operate them professionally and with safety rules. Scissor platforms are often used on building sites, finishing works, installation, decorating and cleaning works. Apart [&hellip;]<\/p>\n","protected":false},"author":1,"featured_media":0,"parent":0,"menu_order":0,"comment_status":"closed","ping_status":"closed","template":"","meta":{"sfsi_plus_gutenberg_text_before_share":"","sfsi_plus_gutenberg_show_text_before_share":"","sfsi_plus_gutenberg_icon_type":"","sfsi_plus_gutenberg_icon_alignemt":"","sfsi_plus_gutenburg_max_per_row":"","footnotes":""},"class_list":["post-1729","page","type-page","status-publish","hentry","has_thumb"],"aioseo_notices":[],"_links":{"self":[{"href":"https:\/\/kursy-udt.pl\/de\/wp-json\/wp\/v2\/pages\/1729","targetHints":{"allow":["GET"]}}],"collection":[{"href":"https:\/\/kursy-udt.pl\/de\/wp-json\/wp\/v2\/pages"}],"about":[{"href":"https:\/\/kursy-udt.pl\/de\/wp-json\/wp\/v2\/types\/page"}],"author":[{"embeddable":true,"href":"https:\/\/kursy-udt.pl\/de\/wp-json\/wp\/v2\/users\/1"}],"replies":[{"embeddable":true,"href":"https:\/\/kursy-udt.pl\/de\/wp-json\/wp\/v2\/comments?post=1729"}],"version-history":[{"count":2,"href":"https:\/\/kursy-udt.pl\/de\/wp-json\/wp\/v2\/pages\/1729\/revisions"}],"predecessor-version":[{"id":1731,"href":"https:\/\/kursy-udt.pl\/de\/wp-json\/wp\/v2\/pages\/1729\/revisions\/1731"}],"wp:attachment":[{"href":"https:\/\/kursy-udt.pl\/de\/wp-json\/wp\/v2\/media?parent=1729"}],"curies":[{"name":"wp","href":"https:\/\/api.w.org\/{rel}","templated":true}]}}