{"id":1720,"date":"2016-01-23T14:51:19","date_gmt":"2016-01-23T14:51:19","guid":{"rendered":"http:\/\/kursy-udt.pl\/?page_id=1720"},"modified":"2016-01-23T14:59:13","modified_gmt":"2016-01-23T14:59:13","slug":"hubarbeitsbuhnen","status":"publish","type":"page","link":"https:\/\/kursy-udt.eu\/de\/aerial-platforms\/","title":{"rendered":"Hubarbeitsb\u00fchnen, Scherenb\u00fchnen und andere"},"content":{"rendered":"<div style=\"float: left; padding-right: 10px;\"><img decoding=\"async\" alt=\"Foto von Scherenb\u00fchnen und Korbb\u00fchnen Warschau\" src=\"\/wp-content\/uploads\/2014\/04\/09-slajd.jpeg\" \/><\/div>\n<div class=\"wyjustuj\">Das Zentrum f\u00fcr Personalschulung ERGON l\u00e4dt Sie herzlich zu Schulungen f\u00fcr Hubarbeitsb\u00fchnen und Scherenb\u00fchnen und andere ein. Ziel der Ausbildung ist die Erlangung grundlegender UDT-Qualifikationen (Amt f\u00fcr technische \u00dcberwachung), ohne die Sie keine Maschinen bedienen k\u00f6nnen. Bau-, Montage- oder Dekorationsarbeiten erfordern den Einsatz von Maschinen wie Scherenb\u00fchnen oder Hubarbeitsb\u00fchnen - daher sind Schulungen unerl\u00e4sslich, um alle T\u00e4tigkeiten sicher und vorschriftsm\u00e4\u00dfig durchzuf\u00fchren. Mit uns werden Qualifikationen noch einfacher zu erlangen sein! In unserem Zentrum f\u00fchren wir seit Jahren Kurse f\u00fcr Hebeb\u00fchnen und Scherenb\u00fchnen durch. Wir haben Tausende von Arbeitnehmern ausgebildet, die die Pr\u00fcfungen des Technischen \u00dcberwachungsvereins (UDT) problemlos bestanden und die erforderlichen Qualifikationen erworben haben. Wir besch\u00e4ftigen nur qualifizierte Dozenten und Ausbilder, die die Vorschriften und die Theorie im Detail kennen. Sie wissen, wie Plattformen funktionieren - deshalb sind die von uns organisierten Kurse immer voll von wertvollen Informationen, die im sp\u00e4teren Arbeitsalltag n\u00fctzlich sind. Jeder Kurs ist in einen theoretischen und einen praktischen Teil unterteilt. Der theoretische Teil befasst sich mit den Vorschriften f\u00fcr die technische Pr\u00fcfung, Informationen \u00fcber Aufz\u00fcge einschlie\u00dflich Plattformen, deren Bau und Betrieb sowie EHS-Verfahren. Selbstverst\u00e4ndlich bereiten wir Sie umfassend auf die UDT-Pr\u00fcfung (Amt f\u00fcr technische \u00dcberwachung) nach den geltenden Vorschriften vor.<\/p>\n<p><strong>Die Nutzung von Plattformen<\/strong><br \/>\nPlatfroms sind eine Gruppe von Maschinen, die f\u00fcr Arbeiten in gro\u00dfer H\u00f6he ausgelegt sind. Entsprechend der Einstufung,  <span class=\"linkwartykule\"><a href=\"\/de\/ausbildungen\/ausbildung-auf-mobilen-hubarbeitsbuhnen\/\">mobile Plattformen<\/a><\/span>geh\u00f6ren auch Hebezeuge, weshalb f\u00fcr deren Bedienung eine Qualifikation gem\u00e4\u00df den gesetzlichen Vorschriften erforderlich ist. Hebeb\u00fchnen sind unter ihnen am beliebtesten. Dank ihnen k\u00f6nnen Sie Personen, Materialien oder Ger\u00e4te auf eine bestimmte H\u00f6he bringen, um Bau-, Ausbau-, Montage-, Dekorations-, Reinigungs- und andere Arbeiten auszuf\u00fchren.<\/p>\n<p>Die Maschinen k\u00f6nnen auf R\u00e4dern oder Lastwagen aufgestellt werden - man nennt sie mobile oder langsam fahrende Plattformen. Aufgrund ihrer Bauweise werden die Maschinen in klappbare und brachiale sowie in Scheren- und Teleskopmaschinen unterteilt. Um sie zu bedienen, ist eine UDT (Office of Technical Inspection) I P Qualifikation erforderlich.<\/p>\n<p><strong>Der Zweck der Ausbildung<\/strong><br \/>\nDie Schulungen richten sich an Personen, die \u00fcber 18 Jahre alt sind, mindestens die Grundschule abgeschlossen haben und \u00fcber ein \u00e4rztliches Attest verf\u00fcgen, das sie zur Arbeit als Maschinenf\u00fchrer berechtigt.<\/p>\n<p>Unsere Schulungen auf den Arbeitsb\u00fchnen vermitteln Ihnen grundlegende theoretische und praktische Kenntnisse \u00fcber die Bedienung der Maschinen in \u00dcbereinstimmung mit den EHS-Vorschriften und den Regeln der technischen \u00dcberwachung. Nach Abschluss der Ausbildung kann der Teilnehmer die Pr\u00fcfung des Technischen \u00dcberwachungsvereins (UDT) ablegen, deren Ziel die Erlangung einer geeigneten Qualifikation ist.<\/p>\n<p>Wir bieten Kurse \u00fcber Hebezeuge zu wettbewerbsf\u00e4higen Preisen und mit der M\u00f6glichkeit, Rabatte f\u00fcr gr\u00f6\u00dfere Gruppen zu erhalten. Auf Wunsch des Auftraggebers k\u00f6nnen wir den Kurs auch an jedem beliebigen Ort organisieren. Deshalb ist unser Unterricht immer detailliert geplant und reich an Theorie und Praxis. Der Erwerb von Qualifikationen nach Abschluss eines solchen Kurses ist sogar noch einfacher.<\/p>\n<p>Wir laden Sie herzlich ein, die Dienstleistungen des Zentrums f\u00fcr Personalausbildung ERGON zu nutzen!<\/p>\n<\/div>\n<div class=\"button_styl\" style=\"float:right; padding-left:15px; padding-bottom:8px; margin-bottom:5px;\"><a href=\"https:\/\/platformaedukacji.pl\/login\/signup.php\" rel=\"nofollow\" target=\"_blank\" class=\"myButton myButton_maly\"><font color=\"white\">Anmeldung zur Schulung<\/font><\/a><\/div>","protected":false},"excerpt":{"rendered":"<p>The Centre for Staff Training ERGON cordially invites you for trainings on aerial platforms and scissor lifts and others. The purpose of the training is obtaining essential UDT ( the Office of Technical Inspection) qualifications without which you cannot operate machines. Building, assembling or decorating works require using machines such as scissor lifts or aerial platforms- therefore, trainings are essential to make all activities safe and according to regulations. Qualifications will be even easier to obtain with us! In our centre, we have been running courses on aerial lifts and scissor lifts for years. We have trained thousands of workers who have passed UDT ( the Office of Technical Inspection) exams without problems and gained necessary qualifications. We employ only qualified lecturers and instructors who know regulations and theory in detail. They know how platforms work- because of that, courses organized by us are always full of valuable information which is useful in later everyday works. Every course is divided into theoretical and practical part. Theoretical part brings up the issue of regulations on technical inspection, information about lifts including platforms, their construction and operation as well as EHS procedures. As a matter of fact, we comprehensively prepare for taking UDT ( the Office of Technical Inspection) exam according to current regulations. The use of platforms Platfroms are a group of machines which are designed to do jobs at high altitude. According to grading, mobile platformsalso include hoists and this is the reason why qualifications are essential for their operation in accordance with law regulations. [&hellip;]<\/p>\n","protected":false},"author":1,"featured_media":0,"parent":0,"menu_order":0,"comment_status":"closed","ping_status":"closed","template":"","meta":{"sfsi_plus_gutenberg_text_before_share":"","sfsi_plus_gutenberg_show_text_before_share":"","sfsi_plus_gutenberg_icon_type":"","sfsi_plus_gutenberg_icon_alignemt":"","sfsi_plus_gutenburg_max_per_row":"","footnotes":""},"class_list":["post-1720","page","type-page","status-publish","hentry","has_thumb"],"aioseo_notices":[],"_links":{"self":[{"href":"https:\/\/kursy-udt.pl\/de\/wp-json\/wp\/v2\/pages\/1720","targetHints":{"allow":["GET"]}}],"collection":[{"href":"https:\/\/kursy-udt.pl\/de\/wp-json\/wp\/v2\/pages"}],"about":[{"href":"https:\/\/kursy-udt.pl\/de\/wp-json\/wp\/v2\/types\/page"}],"author":[{"embeddable":true,"href":"https:\/\/kursy-udt.pl\/de\/wp-json\/wp\/v2\/users\/1"}],"replies":[{"embeddable":true,"href":"https:\/\/kursy-udt.pl\/de\/wp-json\/wp\/v2\/comments?post=1720"}],"version-history":[{"count":4,"href":"https:\/\/kursy-udt.pl\/de\/wp-json\/wp\/v2\/pages\/1720\/revisions"}],"predecessor-version":[{"id":1727,"href":"https:\/\/kursy-udt.pl\/de\/wp-json\/wp\/v2\/pages\/1720\/revisions\/1727"}],"wp:attachment":[{"href":"https:\/\/kursy-udt.pl\/de\/wp-json\/wp\/v2\/media?parent=1720"}],"curies":[{"name":"wp","href":"https:\/\/api.w.org\/{rel}","templated":true}]}}