{"id":1714,"date":"2016-01-23T14:46:03","date_gmt":"2016-01-23T14:46:03","guid":{"rendered":"http:\/\/kursy-udt.pl\/?page_id=1714"},"modified":"2017-12-04T10:45:51","modified_gmt":"2017-12-04T10:45:51","slug":"kontakt-3","status":"publish","type":"page","link":"https:\/\/kursy-udt.eu\/de\/contact\/","title":{"rendered":"Kontakt"},"content":{"rendered":"<div class=\"wyjustuj\" style=\"margin-bottom:20px;\">Bei Fragen und Zweifeln schreiben Sie uns bitte eine E-Mail oder rufen Sie uns an - unsere Mitarbeiter werden Ihnen alle Feinheiten erkl\u00e4ren und Ihnen die Details des Angebots mit Preisen pr\u00e4sentieren. F\u00fcr gr\u00f6\u00dfere Gruppen bieten wir attraktive Rabatte an. Wir laden Sie ein, von unseren Schulungs-, Beratungs-, Umsetzungs- und Pr\u00fcfungsleistungen zu profitieren.<\/div>\n<h3>Der Hauptsitz:<\/h3>\n<div style=\"float:right; margin-right:20px; width:65%; margin-top:-1%; font-size:80%; color:red;\"><span style=\"font-weight:bold; text-decoration:underline;\">Verkehrstipps: Der Hauptsitz von ODK Ergon befindet sich im Einkaufszentrum Gawra im ersten Stock, Hausnummer 47 (Hintereingang, zweite Treppe). Um den Weg zu uns problemlos zu finden, geben Sie die Adresse 1, Hermana Street in Ihr Navigationssystem ein und Sie gelangen hinter das Gawra Einkaufszentrum, wo sich ein Parkplatz befindet. Sie sind herzlich eingeladen!<\/div>\n<p>58C Warszawska Stra\u00dfe Platz 47<br \/>\n02-496 Warschau<br \/>\ntel. +48 22 290 29 09<br \/>\n<script type=\"text\/javascript\">var srodek=\"o@k\"; document.write(\"biur\"); document.write(srodek+\"u\"); document.write(\"rsy-\"); document.write(\"udt.\"); document.write(\"pl\");<\/script><\/p>\n<h3>Lokale Abteilungen:<\/h3>\n<div style=\"float:left; margin-right:20px; width:210px;\">\n<div style=\"font-weight:bold;\">Abteilung Bialystok<\/div>\n<p>9, Stra\u00dfe der Neuen Welt<br \/>\n15-453 Bialystok<\/p><\/div>\n<div style=\"float:left; margin-right:20px; width:210px;\">\n<div style=\"font-weight:bold;\">Abteilung Bielsko Bia\u0142a<\/div>\n<p>Obro\u0144c\u00f3w W\u0119gierskiej G\u00f3rki Stra\u00dfe<br \/>\n34-350 Wegierska G\u00f3rka<\/p><\/div>\n<div style=\"float:left; margin-right:20px; width:210px;\">\n<div style=\"font-weight:bold;\">Abteilung Bydgoszcz<\/div>\n<p>13, Alte Hafenstra\u00dfe<br \/>\n85-068 Bydgoszcz<\/p><\/div>\n<div style=\"clear:both;\">\n<div style=\"float:left; margin-right:20px; width:210px;\">\n<div style=\"font-weight:bold;\">Abteilung Danzig<\/div>\n<p>45, Ko\u0142obrzeska-Stra\u00dfe<br \/>\n80-391 Danzig<\/p><\/div>\n<div style=\"float:left; margin-right:20px; width:210px;\">\n<div style=\"font-weight:bold;\">Abteilung Gdynia<\/div>\n<p>7, Grain Street<br \/>\n81-020 Gdynia<\/p><\/div>\n<div style=\"float:left; margin-right:20px; width:210px;\">\n<div style=\"font-weight:bold;\">Abteilung Kattowitz (Schlesien)<\/div>\n<p>51, Kievska Stra\u00dfe<br \/>\n40-754 Kattowitz<\/p><\/div>\n<\/div>\n<div style=\"clear:both;\">\n<div style=\"float:left; margin-right:20px; width:210px;\">\n<div style=\"font-weight:bold;\">Departement Krakau (Ma\u0142opolska)<\/div>\n<p>9, Lepkowskiego Stra\u00dfe Wohnung Nr. 23<br \/>\n31-423 Krakau<br \/>\ntel. +48 12 626 67 09<\/p><\/div>\n<div style=\"float:left; margin-right:20px; width:210px;\">\n<div style=\"font-weight:bold;\">Abteilung Lublin<\/div>\n<p>10, Nieca\u0142a Stra\u00dfe<br \/>\n20-080 Lublin<\/p><\/div>\n<div style=\"float:left; margin-right:20px; width:210px;\">\n<div style=\"font-weight:bold;\">Abteilung \u0141\u00f3d\u017a<\/div>\n<p>121, Piotrowska-Stra\u00dfe<br \/>\n62-061 \u0141\u00f3d\u017a<\/p><\/div>\n<\/div>\n<div style=\"clear:both;\">\n<div style=\"float:left; margin-right:20px; width:210px;\">\n<div style=\"font-weight:bold;\">Abteilung Pozna\u0144<\/div>\n<p>20, Sienkiewicza-Stra\u00dfe<br \/>\n60-818 Pozna\u0144<\/p><\/div>\n<div style=\"float:left; margin-right:20px; width:210px;\">\n<div style=\"font-weight:bold;\">Abteilung Stettin (Szczecin)<\/div>\n<p>71, R\u00fcgenska Stra\u00dfe<br \/>\n71-653 Szczecin<\/p><\/div>\n<div style=\"float:left; margin-right:20px; width:210px;\">\n<div style=\"font-weight:bold;\">Abteilung Wroc\u0142aw<\/div>\n<p>32, Partynicka-Stra\u00dfe<br \/>\n53-031 Breslau (Wroc\u0142aw)<\/p><\/div>\n<\/div>\n<div style=\"clear:both;\">\n<div style=\"margin-top:50px; font-weight:bold;\">Sehen Sie, wie Sie zu uns kommen!<\/div>\n<p><iframe loading=\"lazy\" frameborder=\"0\" height=\"700\" width=\"600\" marginheight=\"0\" marginwidth=\"0\" scrolling=\"no\" src=\"https:\/\/maps.google.pl\/maps?ie=UTF8&#038;cid=1316822299054705781&#038;q=Zak%C5%82ad+Doradztwa+Bezpiecze%C5%84stwa+Pracy+ERGON+-+O%C5%9Brodek+Doskonalenia+Kadr&#038;gl=PL&#038;hl=pl&#038;t=m&#038;ll=52.195416,20.864003&#038;spn=0.004604,0.010192&#038;z=16&#038;iwloc=A&#038;output=embed\"><\/iframe>\n<\/div>","protected":false},"excerpt":{"rendered":"<p>Bei Fragen und Zweifeln schreiben Sie uns bitte eine E-Mail oder rufen Sie uns an - unsere Mitarbeiter werden Ihnen alle Feinheiten erkl\u00e4ren und Ihnen die Details des Angebots mit Preisen pr\u00e4sentieren. F\u00fcr gr\u00f6\u00dfere Gruppen bieten wir attraktive Rabatte an. Wir laden Sie ein, von unseren Schulungs-, Beratungs-, Umsetzungs- und Audit-Dienstleistungen zu profitieren. Der Hauptsitz: Transporttipps: Der Hauptsitz von ODK (Zentrum f\u00fcr Personalausbildung) Ergon befindet sich im Einkaufszentrum Gawra im ersten Stock Platz 47 (Hintereingang, zweite Treppe). Um den Weg zu uns problemlos zu finden, geben Sie die Adresse 1, Hermana Street in Ihr Navigationssystem ein und Sie gelangen hinter das Gawra Einkaufszentrum, wo sich ein Parkplatz befindet. Sie sind herzlich eingeladen! 58C Warszawska Stra\u00dfe Platz 47 02-496 Warschau Tel. +48 22 290 29 09 Lokale Abteilungen: Bia\u0142ystok Abteilung 9, Nowy \u015awiat Stra\u00dfe 15-453 Bia\u0142ystok Bielsko Bia\u0142a Abteilung Obro\u0144c\u00f3w W\u0119gierskiej G\u00f3rki Stra\u00dfe 34-350 Wegierska G\u00f3rka Bydgoszcz Abteilung 13, Stary Port Stra\u00dfe 85-068 Bydgoszcz Gda\u0144sk Abteilung 45, Ko\u0142obrzeska Stra\u00dfe 80-391 Gda\u0144sk Gdynia Abteilung 7, Zbo\u017cowa Stra\u00dfe 81-020 Gdynia Katowice (Schlesien) Abteilung 51, Kijowska Stra\u00dfe 40-754 Katowice Krakauer Abteilung (Ma\u0142opolska) 9, Lepkowskiego Stra\u00dfe Wohnung Nr. 23 31-423 Krak\u00f3w Tel. +48 12 626 67 09 Abteilung Lublin 10, Nieca\u0142a Street 20-080 Lublin \u0141\u00f3d\u017a Abteilung 121, Piotrowska Street 62-061 \u0141\u00f3d\u017a Pozna\u0144 Abteilung 20, Sienkiewicza Street 60-818 Pozna\u0144 Szczecin Abteilung 71, Rugia\u0144ska Street 71-653 Szczecin Wroc\u0142aw Abteilung 32, Partynicka Street 53-031 Wroc\u0142aw Sehen Sie, wie Sie uns erreichen!<\/p>","protected":false},"author":1,"featured_media":0,"parent":0,"menu_order":5,"comment_status":"closed","ping_status":"closed","template":"","meta":{"sfsi_plus_gutenberg_text_before_share":"","sfsi_plus_gutenberg_show_text_before_share":"","sfsi_plus_gutenberg_icon_type":"","sfsi_plus_gutenberg_icon_alignemt":"","sfsi_plus_gutenburg_max_per_row":"","footnotes":""},"class_list":["post-1714","page","type-page","status-publish","hentry","has_no_thumb"],"aioseo_notices":[],"_links":{"self":[{"href":"https:\/\/kursy-udt.pl\/de\/wp-json\/wp\/v2\/pages\/1714","targetHints":{"allow":["GET"]}}],"collection":[{"href":"https:\/\/kursy-udt.pl\/de\/wp-json\/wp\/v2\/pages"}],"about":[{"href":"https:\/\/kursy-udt.pl\/de\/wp-json\/wp\/v2\/types\/page"}],"author":[{"embeddable":true,"href":"https:\/\/kursy-udt.pl\/de\/wp-json\/wp\/v2\/users\/1"}],"replies":[{"embeddable":true,"href":"https:\/\/kursy-udt.pl\/de\/wp-json\/wp\/v2\/comments?post=1714"}],"version-history":[{"count":6,"href":"https:\/\/kursy-udt.pl\/de\/wp-json\/wp\/v2\/pages\/1714\/revisions"}],"predecessor-version":[{"id":2410,"href":"https:\/\/kursy-udt.pl\/de\/wp-json\/wp\/v2\/pages\/1714\/revisions\/2410"}],"wp:attachment":[{"href":"https:\/\/kursy-udt.pl\/de\/wp-json\/wp\/v2\/media?parent=1714"}],"curies":[{"name":"wp","href":"https:\/\/api.w.org\/{rel}","templated":true}]}}