{"id":1708,"date":"2016-01-23T14:43:41","date_gmt":"2016-01-23T14:43:41","guid":{"rendered":"http:\/\/kursy-udt.pl\/?page_id=1708"},"modified":"2016-01-23T16:02:15","modified_gmt":"2016-01-23T16:02:15","slug":"maschinen","status":"publish","type":"page","link":"https:\/\/kursy-udt.eu\/de\/machines\/","title":{"rendered":"Maschinen"},"content":{"rendered":"<div class=\"wyjustuj\">\n<h3>W\u00e4hlen Sie eine Maschine, die Ihrem Interesse entspricht:<\/h3>\n<div style=\"text-align:center; font-size:85%; line-height:120%; height:220px; margin-top:5px;\">\n<div style=\"float:left; margin-right:20px;\">\n<a href=\"\/de\/hebezeuge\/\"><img decoding=\"async\" src=\"\/wp-content\/uploads\/2014\/04\/ciegniki.jpg\"><\/a><br \/>\n<a href=\"\/de\/hebezeuge\/\"><font color=\"black\"><\/p>\n<div style=\"width:200px; font-size:150%; margin-top:5px;\"><strong>Hebezeuge<\/strong><\/div>\n<p><\/font><\/a>\n<\/div>\n<div style=\"float:left; margin-right:20px;\">\n<a href=\"\/de\/aufzuge-3\/\"><img decoding=\"async\" src=\"\/wp-content\/uploads\/2014\/04\/dzwigi.jpeg\"><\/a><br \/>\n<a href=\"\/de\/aufzuge-3\/\"><font color=\"black\"><\/p>\n<div style=\"width:200px; font-size:150%; margin-top:5px;\"><strong>Aufz\u00fcge<\/strong><\/div>\n<p><\/font><\/a>\n<\/div>\n<div style=\"float:left; margin-right:20px;\">\n<a href=\"\/de\/gleisbaukran\/\"><img decoding=\"async\" src=\"\/wp-content\/uploads\/2014\/04\/dzwignice-linotorowe-2.jpg\"><\/a><br \/>\n<a href=\"\/de\/gleisbaukran\/\"><font color=\"black\"><\/p>\n<div style=\"width:200px; font-size:150%; margin-top:5px;\"><strong>Hebekr\u00e4ne mit Gleisanschluss<\/strong><\/div>\n<p><\/font><\/a>\n<\/div>\n<\/div>\n<div style=\"text-align:center; font-size:85%; line-height:120%; height:220px; margin-top:5px;\">\n<div style=\"float:left; margin-right:20px;\">\n<a href=\"\/de\/teleskoplader-2\/\"><img decoding=\"async\" src=\"\/wp-content\/uploads\/2014\/03\/wozki-widlowe-1.jpeg\"><\/a><br \/>\n<a href=\"\/de\/teleskoplader-2\/\"><font color=\"black\"><\/p>\n<div style=\"width:200px; font-size:150%; margin-top:5px;\"><strong>Teleskoplader<\/strong><\/div>\n<p><\/font><\/a>\n<\/div>\n<div style=\"float:left; margin-right:20px;\">\n<a href=\"\/de\/scherenbuhnen-2\/\"><img decoding=\"async\" src=\"\/wp-content\/uploads\/2014\/04\/01-podest.jpeg\"><\/a><br \/>\n<a href=\"\/de\/scherenbuhnen-2\/\"><font color=\"black\"><\/p>\n<div style=\"width:200px; font-size:150%; margin-top:5px;\"><strong>Scherenhebeb\u00fchnen<\/strong><\/div>\n<p><\/font><\/a>\n<\/div>\n<div style=\"float:left; margin-right:20px;\">\n<a href=\"\/de\/ausbildungen\/ausbildung-auf-mobilen-hubarbeitsbuhnen\/\"><img decoding=\"async\" src=\"\/wp-content\/uploads\/2014\/04\/10-pokaz.jpeg\"  alt=\"Kurs f\u00fcr mobile Plattformen\"><\/a><br \/>\n<a href=\"\/de\/ausbildungen\/ausbildung-auf-mobilen-hubarbeitsbuhnen\/\"><font color=\"black\"><\/p>\n<div style=\"width:200px; font-size:150%; margin-top:5px;\"><strong>Mobile Plattformen<\/strong><\/div>\n<p><\/font><\/a>\n<\/div>\n<\/div>\n<div style=\"text-align:center; font-size:85%; line-height:120%; height:220px; margin-top:5px;\">\n<div style=\"float:left; margin-right:20px;\">\n<a href=\"\/de\/hubarbeitsbuhnen\/\"><img decoding=\"async\" src=\"\/wp-content\/uploads\/2014\/04\/09-slajd.jpeg\"><\/a><br \/>\n<a href=\"\/de\/hubarbeitsbuhnen\/\"><font color=\"black\"><\/p>\n<div style=\"width:200px; font-size:150%; margin-top:5px;\"><strong>Hebezeuge<\/strong><\/div>\n<p><\/font><\/a>\n<\/div>\n<div style=\"float:left; margin-right:20px;\">\n<a href=\"\/de\/kurse-an-schilderbrucken\/\"><img loading=\"lazy\" decoding=\"async\" src=\"\/wp-content\/uploads\/2014\/04\/suwnice.jpeg\" width=\"200\" height=\"150\" ><\/a><br \/>\n<a href=\"\/de\/kurse-an-schilderbrucken\/\"><font color=\"black\"><\/p>\n<div style=\"width:200px; font-size:150%; margin-top:5px;\"><strong>Schilderbr\u00fccken<\/strong><\/div>\n<p><\/font><\/a>\n<\/div>\n<div style=\"float:left; margin-right:20px;\">\n<a href=\"\/de\/regalbediengerate\/\"><img decoding=\"async\" src=\"\/wp-content\/uploads\/2014\/04\/ukladnice.jpg\"><\/a><br \/>\n<a href=\"\/de\/regalbediengerate\/\"><font color=\"black\"><\/p>\n<div style=\"width:200px; font-size:150%; margin-top:5px;\"><strong>Hefter<\/strong><\/div>\n<p><\/font><\/a>\n<\/div>\n<\/div>\n<div style=\"text-align:center; font-size:85%; line-height:120%; height:220px; margin-top:5px;\">\n<div style=\"float:left; margin-right:20px;\">\n<a href=\"\/de\/maschinen-fur-das-manovrieren-von-containern\/\"><img decoding=\"async\" src=\"\/wp-content\/uploads\/2014\/04\/urzadzenia-do-manipulacji-kontenerami.jpeg\"><\/a><br \/>\n<a href=\"\/de\/maschinen-fur-das-manovrieren-von-containern\/\"><font color=\"black\"><\/p>\n<div style=\"width:200px; font-size:150%; margin-top:5px;\"><strong>Maschinen f\u00fcr das Man\u00f6vrieren von Containern<\/strong><\/div>\n<p><\/font><\/a>\n<\/div>\n<div style=\"float:left; margin-right:20px;\">\n<a href=\"\/de\/gabelstapler-2\/\"><img decoding=\"async\" src=\"\/wp-content\/uploads\/2014\/03\/wozki-widlowe-3.jpeg\"><\/a><br \/>\n<a href=\"\/de\/gabelstapler-2\/\"><font color=\"black\"><\/p>\n<div style=\"width:200px; font-size:150%; margin-top:5px;\"><strong>Hubwagen<\/strong><\/div>\n<p><\/font><\/a>\n<\/div>\n<div style=\"float:left; margin-right:20px;\">\n<a href=\"\/de\/ausbildungen\/gabelstaplerkurse\/\"><img decoding=\"async\" src=\"\/wp-content\/uploads\/2014\/03\/wozki-widlowe-4.jpeg\" alt=\"Kurse f\u00fcr Gabelstapler\"><\/a><br \/>\n<a href=\"\/de\/ausbildungen\/gabelstaplerkurse\/\"><font color=\"black\"><\/p>\n<div style=\"width:200px; font-size:150%; margin-top:5px;\"><strong>Gabelstapler<\/strong><\/div>\n<p><\/font><\/a>\n<\/div>\n<\/div>\n<div style=\"text-align:center; font-size:85%; line-height:120%; height:220px; margin-top:5px;\">\n<div style=\"float:left; margin-right:20px;\">\n<a href=\"\/de\/lastenaufzuge-3\/\"><img decoding=\"async\" src=\"\/wp-content\/uploads\/2014\/04\/wyciagi-towarowe.jpeg\"><\/a><br \/>\n<a href=\"\/de\/lastenaufzuge-3\/\"><font color=\"black\"><\/p>\n<div style=\"width:200px; font-size:150%; margin-top:5px;\"><strong>Lastenaufz\u00fcge<\/strong><\/div>\n<p><\/font><\/a>\n<\/div>\n<div style=\"float:left; margin-right:20px;\">\n<a href=\"\/de\/kurse-zu-erhohungen\/\"><img decoding=\"async\" src=\"\/wp-content\/uploads\/2014\/03\/szkolenia-na-podnosnik.jpeg\"><\/a><br \/>\n<a href=\"\/de\/kurse-zu-erhohungen\/\"><font color=\"black\"><\/p>\n<div style=\"width:200px; font-size:150%; margin-top:5px;\"><strong>Hebeb\u00fchnen<\/strong><\/div>\n<p><\/font><\/a>\n<\/div>\n<div style=\"float:left; margin-right:20px;\">\n<a href=\"\/de\/auslegerkrane\/\"><img decoding=\"async\" src=\"\/wp-content\/uploads\/2014\/04\/zurawie.jpeg\"><\/a><br \/>\n<a href=\"\/de\/auslegerkrane\/\"><font color=\"black\"><\/p>\n<div style=\"width:200px; font-size:150%; margin-top:5px;\"><strong>Kr\u00e4ne<\/strong><\/div>\n<p><\/font><\/a>\n<\/div>\n<\/div>\n<\/div>","protected":false},"excerpt":{"rendered":"<p>W\u00e4hlen Sie eine Maschine nach Ihrem Interesse: Hebezeuge Aufz\u00fcge Seilbahnkr\u00e4ne Teleskoplader Scherenb\u00fchnen Mobile Plattformen Hebeb\u00fchnen Portale Stapler Maschinen f\u00fcr das Man\u00f6vrieren von Containern Hubwagen Gabelstapler Lastenaufz\u00fcge Hebeb\u00fchnen Kr\u00e4ne<\/p>","protected":false},"author":1,"featured_media":0,"parent":0,"menu_order":2,"comment_status":"closed","ping_status":"closed","template":"","meta":{"sfsi_plus_gutenberg_text_before_share":"","sfsi_plus_gutenberg_show_text_before_share":"","sfsi_plus_gutenberg_icon_type":"","sfsi_plus_gutenberg_icon_alignemt":"","sfsi_plus_gutenburg_max_per_row":"","footnotes":""},"class_list":["post-1708","page","type-page","status-publish","hentry","has_thumb"],"aioseo_notices":[],"_links":{"self":[{"href":"https:\/\/kursy-udt.pl\/de\/wp-json\/wp\/v2\/pages\/1708","targetHints":{"allow":["GET"]}}],"collection":[{"href":"https:\/\/kursy-udt.pl\/de\/wp-json\/wp\/v2\/pages"}],"about":[{"href":"https:\/\/kursy-udt.pl\/de\/wp-json\/wp\/v2\/types\/page"}],"author":[{"embeddable":true,"href":"https:\/\/kursy-udt.pl\/de\/wp-json\/wp\/v2\/users\/1"}],"replies":[{"embeddable":true,"href":"https:\/\/kursy-udt.pl\/de\/wp-json\/wp\/v2\/comments?post=1708"}],"version-history":[{"count":15,"href":"https:\/\/kursy-udt.pl\/de\/wp-json\/wp\/v2\/pages\/1708\/revisions"}],"predecessor-version":[{"id":1796,"href":"https:\/\/kursy-udt.pl\/de\/wp-json\/wp\/v2\/pages\/1708\/revisions\/1796"}],"wp:attachment":[{"href":"https:\/\/kursy-udt.pl\/de\/wp-json\/wp\/v2\/media?parent=1708"}],"curies":[{"name":"wp","href":"https:\/\/api.w.org\/{rel}","templated":true}]}}