{"id":17,"date":"2014-02-07T21:14:12","date_gmt":"2014-02-07T21:14:12","guid":{"rendered":"http:\/\/kursy-udt.kwiaty0.pl\/?page_id=17"},"modified":"2025-06-04T12:04:52","modified_gmt":"2025-06-04T10:04:52","slug":"wozkiwidlowe","status":"publish","type":"page","link":"https:\/\/kursy-udt.pl\/de\/szkolenia\/wozkiwidlowe\/","title":{"rendered":"Gabelstapler-Kurse"},"content":{"rendered":"<p><img loading=\"lazy\" decoding=\"async\" class=\"paddingleft10 alignleft wp-image-3573 size-medium\" src=\"https:\/\/kursy-udt.pl\/wp-content\/uploads\/2021\/11\/wozek_widlowy-300x200.jpg\" alt=\"\" width=\"300\" height=\"200\" srcset=\"https:\/\/kursy-udt.pl\/wp-content\/uploads\/2021\/11\/wozek_widlowy-300x200.jpg 300w, https:\/\/kursy-udt.pl\/wp-content\/uploads\/2021\/11\/wozek_widlowy.jpg 611w\" sizes=\"auto, (max-width: 300px) 100vw, 300px\" \/>Das ERGON-Zentrum f\u00fcr Personalschulung hat eine breite Palette von Schulungen f\u00fcr Sie vorbereitet - wir laden Sie auch zu einem Gabelstaplerkurs (Warschau und ganz Polen) ein, einschlie\u00dflich eines Gabelstaplerfahrerkurses, dank dem Sie alle wichtigen Informationen \u00fcber die Bedienung dieses Ger\u00e4ts lernen k\u00f6nnen. Unsere Gabelstaplerkurse werden von erfahrenen Dozenten und Ausbildern geleitet, und dank unserer Ergebnisorientierung wird der Erwerb der UDT-Lizenz bei uns nur noch eine Formsache sein. Gabelstapler werden heute in vielen Berufen eingesetzt, die Kurse sind daher eine sehr gute Investition, die sich sowohl f\u00fcr den Arbeitnehmer als auch f\u00fcr den Arbeitgeber schnell auszahlt. Sie sind auch herzlich eingeladen, unsere Gabelstaplerschulungen zu besuchen, wenn Sie sich selbst weiterbilden m\u00f6chten.<\/p>\n<div class=\"wyjustuj\">\n<p>Jeder von unserem Zentrum durchgef\u00fchrte Gabelstaplerlehrgang ist umfassend und besteht aus einem theoretischen und einem praktischen Teil. Der Kurs deckt alle theoretischen Fragen im Zusammenhang mit der Konstruktion und dem Betrieb des Ger\u00e4ts w\u00e4hrend der Arbeiten ab, sowie praktische Kurse, in denen die Teilnehmer lernen, wie sie den Gabelstapler gem\u00e4\u00df den Sicherheitsvorschriften und dem Technischen \u00dcberwachungsverein richtig man\u00f6vrieren. Wir bereiten die Teilnehmer unserer Schulungen umfassend auf den Erwerb der UDT-Lizenz vor.<\/p>\n<div class=\"filmw\">\n<div class=\"responsive-youtube\" style=\"text-align: center;\"><iframe loading=\"lazy\" title=\"YouTube-Video-Player\" src=\"https:\/\/www.youtube.com\/embed\/dFMZUadVVBM\" width=\"560\" height=\"315\" frameborder=\"0\" allowfullscreen=\"allowfullscreen\"><\/iframe><\/div>\n<\/div>\n<h2 class=\"naglowekh2\">Arten von Anspr\u00fcchen<\/h2>\n<p>Nach den UDT-Vorschriften gibt es 3 Kategorien von Genehmigungen f\u00fcr den Betrieb von Gabelstaplern:<\/p>\n<p><u>WJO I f\u00fcr Stapler, einschlie\u00dflich der speziellen: mit Bediener, der die Last anhebt, und mit variabler Reichweite<\/u><br \/>\n<img decoding=\"async\" style=\"float: left; margin-right: 20px;\" src=\"\/wp-content\/uploads\/2014\/03\/wozki-jezdniowe-podnosnikowe-1.jpeg\" alt=\"Gabelstapler\" \/><img decoding=\"async\" style=\"float: left; margin-right: 20px;\" src=\"\/wp-content\/uploads\/2014\/03\/wozek-widlowy-p1.jpeg\" alt=\"I WJO f\u00fcr Gabelstapler\" \/><img decoding=\"async\" src=\"\/wp-content\/uploads\/2014\/03\/wozki-widlowe-1.jpeg\" alt=\"Teleskoplader - Gabelstapler mit variabler Reichweite\" \/><\/p>\n<p><u>WJO II f\u00fcr Gabelstapler (ohne Sonderausstattung)<\/u><br \/>\n<img decoding=\"async\" style=\"float: left; margin-right: 20px;\" src=\"\/wp-content\/uploads\/2014\/03\/wozek-widlowy-d1.jpeg\" alt=\"\" \/><img decoding=\"async\" style=\"float: left; margin-right: 20px;\" src=\"\/wp-content\/uploads\/2014\/03\/wozki-widlowe-4.jpeg\" alt=\"\" \/><img decoding=\"async\" src=\"\/wp-content\/uploads\/2014\/03\/wozek-widlowy-d2.jpeg\" alt=\"\" \/><\/p>\n<p><u>III WJO f\u00fcr gef\u00fchrte und ferngesteuerte Stapler<\/u><br \/>\n<img decoding=\"async\" style=\"float: left; margin-right: 20px;\" src=\"\/wp-content\/uploads\/2014\/03\/wozek-widlowy-t1.jpeg\" alt=\"\" \/><img decoding=\"async\" style=\"float: left; margin-right: 20px;\" src=\"\/wp-content\/uploads\/2014\/03\/wozek-widlowy-t2.jpeg\" alt=\"\" \/><img decoding=\"async\" src=\"\/wp-content\/uploads\/2014\/03\/wozek-widlowy-t3.jpeg\" alt=\"\" \/><\/p>\n<h2 class=\"naglowekh2\">Einsatz der Ger\u00e4te<\/h2>\n<p>Gabeln oder <span class=\"linkwartykule\">Flurf\u00f6rderzeuge sind mechanische Radfahrzeuge, die entweder mit einem Elektromotor oder mit einem Verbrennungsmotor angetrieben werden und dadurch l\u00e4ngere Strecken zur\u00fccklegen k\u00f6nnen. Die Ger\u00e4te helfen beim leichten und schweren Be- und Entladen von Waren auf Holzpaletten in Lagern, Gesch\u00e4ften, H\u00e4fen und Produktionshallen. <\/span><\/p>\n<p>Es gibt viele Arten von Gabelstaplern, die verwendet werden. Hinsichtlich ihrer Funktionsweise werden sie unterteilt in: Schlepp-, Last-, Hub-, Hub- und Spezialstapler. Hinsichtlich der Lenkung werden Gabelstapler in gef\u00fchrte, Plattform-, ferngesteuerte und mit Sitz ausgestattete Stapler eingeteilt. Das Fahren eines Gabelstaplers \u00e4hnelt dem Fahren eines Autos, da das Ger\u00e4t \u00fcber ein Lenkrad, Brems- und Gaspedale verf\u00fcgt. Zum F\u00fchren des Ger\u00e4ts ist ein Gabelstaplerschein erforderlich, der nach den Vorschriften des Technischen \u00dcberwachungsvereins erteilt wird.<\/p>\n<div style=\"width: 640px;\" class=\"wp-video\"><video id=\"video-17-1\" width=\"640\" height=\"360\" poster=\"https:\/\/kursy-udt.pl\/wp-content\/uploads\/2023\/02\/jpg_20230127_031138_0000.jpg\" preload=\"metadata\" controls=\"controls\"><source type=\"video\/mp4\" src=\"https:\/\/kursy-udt.pl\/wp-content\/uploads\/2023\/02\/ACCEPTED-wozki-widlowe-4K-kursy-udt.mp4?_=1\" \/><a href=\"https:\/\/kursy-udt.pl\/wp-content\/uploads\/2023\/02\/ACCEPTED-wozki-widlowe-4K-kursy-udt.mp4\">https:\/\/kursy-udt.pl\/wp-content\/uploads\/2023\/02\/ACCEPTED-wozki-widlowe-4K-kursy-udt.mp4<\/a><\/video><\/div>\n<h2 class=\"naglowekh2\">Gabelstaplerkurs - Zweck der Ausbildung<\/h2>\n<p>Gabelstaplerschulungen richten sich an Personen, die mindestens 18 Jahre alt sind, \u00fcber eine Grundschulausbildung verf\u00fcgen und sich einer \u00e4rztlichen Untersuchung unterzogen haben, bei der bescheinigt wurde, dass keine Gegenanzeigen f\u00fcr die Arbeit als Gabelstaplerfahrer vorliegen.<\/p>\n<p>Durch eine Schulung k\u00f6nnen die erforderlichen Kenntnisse und F\u00e4higkeiten erworben werden, um die Pr\u00fcfung abzulegen. Diese Ger\u00e4te werden in immer mehr Unternehmen eingesetzt. Eine Schulung im Umgang mit ihnen ist daher eine gute Investition. Es lohnt sich, den Umgang mit Gabelstaplern im ERGON-Zentrum zu erlernen - wir machen Ihnen den Erwerb der UDT-Qualifikation noch leichter!<\/p>\n<p>Sie sind herzlich eingeladen, sich unser komplettes Angebot anzuschauen!<br \/>\nODK Ergon Warschau<\/p>\n<\/div>\n<div class=\"button_styl\" style=\"float: right; padding-left: 15px; padding-bottom: 8px; margin-bottom: 5px;\"><a class=\"myButton myButton_maly\" href=\"https:\/\/platformaedukacji.pl\/login\/signup.php\" target=\"_blank\" rel=\"nofollow noopener noreferrer\"><span style=\"color: white;\">Anmeldung zur Schulung<\/span><\/a><\/div>\n<div style=\"padding-top: 70px;\">\n<h2>Weitere Informationen:<\/h2>\n<div style=\"text-align: center; font-size: 85%; line-height: 120%;\">\n<div style=\"float: left; margin-right: 40px; height: 290px;\">\n<p><a href=\"\/de\/ausbildung\/wozkiwidlowe\/kontrolle\/\"><img decoding=\"async\" src=\"\/wp-content\/uploads\/2014\/08\/ster.jpg\" alt=\"\" \/><\/a><\/p>\n<div style=\"width: 300px; font-size: 130%;\"><strong>Kontrolle<\/strong><br \/>\nRichtige Kontrolltechniken<\/div>\n<\/div>\n<div style=\"float: left; margin-right: 40px; height: 290px;\">\n<p><a href=\"\/de\/ausbildung\/wozkiwidlowe\/lastenhandhabung\/\"><img decoding=\"async\" src=\"\/wp-content\/uploads\/2014\/08\/oper.jpg\" alt=\"\" \/><\/a><\/p>\n<div style=\"width: 300px; font-size: 130%;\"><strong>Frachtumschlag<\/strong><br \/>\nBedienung eines beladenen Gabelstaplers<\/div>\n<\/div>\n<\/div>\n<div style=\"clear: both;\"><\/div>\n<div style=\"text-align: center; font-size: 85%; line-height: 120%;\">\n<div style=\"float: left; margin-right: 40px; height: 290px;\">\n<p><a href=\"\/de\/ausbildung\/wozkiwidlowe\/sicherheit\/\"><img decoding=\"async\" src=\"\/wp-content\/uploads\/2014\/08\/bezp.jpg\" alt=\"\" \/><\/a><\/p>\n<div style=\"width: 300px; font-size: 130%;\"><strong>Sicherheit<\/strong><br \/>\nGrunds\u00e4tze der sicheren Handhabung<\/div>\n<\/div>\n<div style=\"float: left; margin-right: 40px; height: 290px;\">\n<p><a href=\"\/de\/ausbildung\/wozkiwidlowe\/konstruktion-2\/\"><img decoding=\"async\" src=\"\/wp-content\/uploads\/2014\/08\/bud.jpg\" alt=\"\" \/><\/a><\/p>\n<div style=\"width: 300px; font-size: 130%;\"><strong>Bauwesen<\/strong><br \/>\nWissensbasis Bauwesen<\/div>\n<\/div>\n<\/div>\n<div style=\"text-align: center; font-size: 85%; line-height: 120%;\">\n<div style=\"float: left; margin-right: 40px; height: 290px;\">\n<p><a href=\"\/de\/ausbildung\/wozkiwidlowe\/\"><img decoding=\"async\" style=\"width: 300px; height: 225px;\" src=\"\/wp-content\/uploads\/2014\/03\/wozki-widlowe-4.jpeg\" alt=\"\" \/><\/a><\/p>\n<div style=\"width: 300px; font-size: 130%;\"><center><strong>Kurse<\/strong><br \/>\nf\u00fcr Gabelstapler<\/center><\/div>\n<\/div>\n<\/div>\n<\/div>\n<p><a href=\"https:\/\/kursy-udt.pl\/wp-content\/uploads\/2022\/12\/wozki-widlowe-kursy-udt.pl_.png\"><img loading=\"lazy\" decoding=\"async\" class=\"aligncenter wp-image-4547\" src=\"https:\/\/kursy-udt.pl\/wp-content\/uploads\/2022\/12\/wozki-widlowe-kursy-udt.pl_-300x188.png\" alt=\"\" width=\"750\" height=\"469\" srcset=\"https:\/\/kursy-udt.pl\/wp-content\/uploads\/2022\/12\/wozki-widlowe-kursy-udt.pl_-300x188.png 300w, https:\/\/kursy-udt.pl\/wp-content\/uploads\/2022\/12\/wozki-widlowe-kursy-udt.pl_-1024x640.png 1024w, https:\/\/kursy-udt.pl\/wp-content\/uploads\/2022\/12\/wozki-widlowe-kursy-udt.pl_-768x480.png 768w, https:\/\/kursy-udt.pl\/wp-content\/uploads\/2022\/12\/wozki-widlowe-kursy-udt.pl_-18x12.png 18w, https:\/\/kursy-udt.pl\/wp-content\/uploads\/2022\/12\/wozki-widlowe-kursy-udt.pl_-624x390.png 624w, https:\/\/kursy-udt.pl\/wp-content\/uploads\/2022\/12\/wozki-widlowe-kursy-udt.pl_.png 1200w\" sizes=\"auto, (max-width: 750px) 100vw, 750px\" \/><\/a><\/p>","protected":false},"excerpt":{"rendered":"<p>O\u015brodek Doskonalenia Kadr ERGON\u00a0 przygotowa\u0142 dla Pa\u0144stwa szeroki wyb\u00f3r szkole\u0144 \u2013 zapraszamy tak\u017ce na kurs na w\u00f3zki wid\u0142owe (Warszawa i ca\u0142a Polska), w tym na kurs operatora w\u00f3zka wid\u0142owego dzi\u0119ki kt\u00f3remu mo\u017cna pozna\u0107 wszystkie najwa\u017cniejsze informacje na temat obs\u0142ugi tych urz\u0105dze\u0144. Nasze kursy na w\u00f3zki wid\u0142owe s\u0105 prowadzone przez do\u015bwiadczonych wyk\u0142adowc\u00f3w i instruktor\u00f3w, a dzi\u0119ki temu, \u017ce k\u0142adziemy nacisk na efekty, uzyskanie uprawnie\u0144 UDT b\u0119dzie z nami tylko formalno\u015bci\u0105. Aktualnie w wielu pracach stosowane s\u0105 w\u00f3zki wid\u0142owe, kursy z tego powodu s\u0105 bardzo dobr\u0105 inwestycj\u0105, kt\u00f3ra zwraca si\u0119 szybko zar\u00f3wno pracownikowi, jak i pracodawcy. Zapraszamy r\u00f3wnie\u017c na nasze szkolenia na widlaki osoby chc\u0105ce doszkoli\u0107 si\u0119 samodzielnie. Ka\u017cde szkolenie na w\u00f3zki wid\u0142owe prowadzone przez nasz O\u015brodek jest kompleksowe i sk\u0142ada si\u0119 z cz\u0119\u015bci teoretycznej i praktycznej. Podczas kursy poruszane s\u0105 wszystkie kwestie teoretyczne zwi\u0105zane z budow\u0105 oraz operowaniem urz\u0105dzeniem podczas prac, jak i prowadzone s\u0105 zaj\u0119cia praktyczne, kt\u00f3re ucz\u0105 uczestnik\u00f3w prawid\u0142owego manewrowania w\u00f3zkiem zgodnie z przepisami BHP oraz Urz\u0119du Dozoru Technicznego. Wszechstronnie przygotowujemy uczestnik\u00f3w naszych szkole\u0144 do zdobycia uprawnie\u0144 UDT. Rodzaje uprawnie\u0144 Zgodnie z przepisami UDT wyr\u00f3\u017cnia si\u0119 3 kategorie uprawnie\u0144 przy obs\u0142udze w\u00f3zk\u00f3w jezdniowych podno\u015bnikowych: I WJO na w\u00f3zki jezdniowe podno\u015bnikowe, w tym specjalizowane: z operatorem podnoszonym wraz z \u0142adunkiem oraz ze zmiennym wysi\u0119giem II WJO na w\u00f3zki jezdniowe podno\u015bnikowe (bez urz\u0105dze\u0144 specjalizowanych) III WJO na w\u00f3zki jezdniowe podno\u015bnikowe prowadzone i zdalnie sterowane Zastosowanie urz\u0105dze\u0144 Widlaki czy te\u017c w\u00f3zki jezdniowe s\u0105 mechanicznymi pojazdami ko\u0142owymi, kt\u00f3re wyposa\u017cone s\u0105 w elektryczny nap\u0119d silnikowy lub te\u017c nap\u0119d spalinowy, dzi\u0119ki kt\u00f3remu mog\u0105 one porusza\u0107 si\u0119 na d\u0142u\u017cszych dystansach. Urz\u0105dzenia [&hellip;]<\/p>\n","protected":false},"author":1,"featured_media":3573,"parent":65,"menu_order":8,"comment_status":"closed","ping_status":"closed","template":"","meta":{"sfsi_plus_gutenberg_text_before_share":"","sfsi_plus_gutenberg_show_text_before_share":"","sfsi_plus_gutenberg_icon_type":"","sfsi_plus_gutenberg_icon_alignemt":"","sfsi_plus_gutenburg_max_per_row":"","footnotes":""},"class_list":["post-17","page","type-page","status-publish","has-post-thumbnail","hentry","has_thumb"],"aioseo_notices":[],"_links":{"self":[{"href":"https:\/\/kursy-udt.pl\/de\/wp-json\/wp\/v2\/pages\/17","targetHints":{"allow":["GET"]}}],"collection":[{"href":"https:\/\/kursy-udt.pl\/de\/wp-json\/wp\/v2\/pages"}],"about":[{"href":"https:\/\/kursy-udt.pl\/de\/wp-json\/wp\/v2\/types\/page"}],"author":[{"embeddable":true,"href":"https:\/\/kursy-udt.pl\/de\/wp-json\/wp\/v2\/users\/1"}],"replies":[{"embeddable":true,"href":"https:\/\/kursy-udt.pl\/de\/wp-json\/wp\/v2\/comments?post=17"}],"version-history":[{"count":25,"href":"https:\/\/kursy-udt.pl\/de\/wp-json\/wp\/v2\/pages\/17\/revisions"}],"predecessor-version":[{"id":6181,"href":"https:\/\/kursy-udt.pl\/de\/wp-json\/wp\/v2\/pages\/17\/revisions\/6181"}],"up":[{"embeddable":true,"href":"https:\/\/kursy-udt.pl\/de\/wp-json\/wp\/v2\/pages\/65"}],"wp:featuredmedia":[{"embeddable":true,"href":"https:\/\/kursy-udt.pl\/de\/wp-json\/wp\/v2\/media\/3573"}],"wp:attachment":[{"href":"https:\/\/kursy-udt.pl\/de\/wp-json\/wp\/v2\/media?parent=17"}],"curies":[{"name":"wp","href":"https:\/\/api.w.org\/{rel}","templated":true}]}}