{"id":1665,"date":"2016-01-22T16:09:47","date_gmt":"2016-01-22T16:09:47","guid":{"rendered":"http:\/\/kursy-udt.pl\/?page_id=1665"},"modified":"2016-01-23T16:16:08","modified_gmt":"2016-01-23T16:16:08","slug":"udt-qualifikationen","status":"publish","type":"page","link":"https:\/\/kursy-udt.eu\/de\/udt-qualifications\/","title":{"rendered":"UDT-Qualifikationen"},"content":{"rendered":"<div class=\"wyjustuj\">\n<div style=\"float: left; padding-right: 10px;\"><a href=\"\/de\/ausbildung\/\"><div id=\"metaslider-id-631\" style=\"max-width: 200px;\" class=\"ml-slider-3-109-0 metaslider metaslider-flex metaslider-631 ml-slider ms-theme-default nav-hidden\" role=\"region\" aria-label=\"macht-udt\" data-height=\"150\" data-width=\"200\">\n    <div id=\"metaslider_container_631\">\n        <div id=\"metaslider_631\" class=\"flexslider\">\n            <ul class='slides'>\n                <li style=\"display: block; width: 100%;\" class=\"slide-1368 ms-image\" aria-roledescription=\"slide\" data-date=\"2014-09-06 00:23:31\" data-filename=\"dzwigi.jpeg\" data-slide-type=\"image\"><img loading=\"lazy\" decoding=\"async\" src=\"https:\/\/kursy-udt.pl\/wp-content\/uploads\/2014\/09\/dzwigi.jpeg\" height=\"150\" width=\"200\" alt=\"\" class=\"slider-631 slide-1368 msDefaultImage\" \/><\/li>\n                <li style=\"display: none; width: 100%;\" class=\"slide-632 ms-image\" aria-roledescription=\"slide\" data-date=\"2014-04-13 12:14:05\" data-filename=\"01-uprawnienia-udt-foto.jpeg\" data-slide-type=\"image\"><img loading=\"lazy\" decoding=\"async\" src=\"https:\/\/kursy-udt.pl\/wp-content\/uploads\/2014\/04\/01-uprawnienia-udt-foto.jpeg\" height=\"150\" width=\"200\" alt=\"UDT-Genehmigungen Warschau\" class=\"slider-631 slide-632 msDefaultImage\" \/><\/li>\n                <li style=\"display: none; width: 100%;\" class=\"slide-633 ms-image\" aria-roledescription=\"slide\" data-date=\"2014-04-13 12:14:05\" data-filename=\"02-szkolenia-udt-zdj.jpeg\" data-slide-type=\"image\"><img loading=\"lazy\" decoding=\"async\" src=\"https:\/\/kursy-udt.pl\/wp-content\/uploads\/2014\/04\/02-szkolenia-udt-zdj.jpeg\" height=\"150\" width=\"200\" alt=\"Ergon Warschau\" class=\"slider-631 slide-633 msDefaultImage\" \/><\/li>\n                <li style=\"display: none; width: 100%;\" class=\"slide-1369 ms-image\" aria-roledescription=\"slide\" data-date=\"2014-09-06 00:23:32\" data-filename=\"zurawie.jpeg\" data-slide-type=\"image\"><img loading=\"lazy\" decoding=\"async\" src=\"https:\/\/kursy-udt.pl\/wp-content\/uploads\/2014\/09\/zurawie.jpeg\" height=\"150\" width=\"200\" alt=\"\" class=\"slider-631 slide-1369 msDefaultImage\" \/><\/li>\n                <li style=\"display: none; width: 100%;\" class=\"slide-634 ms-image\" aria-roledescription=\"slide\" data-date=\"2014-04-13 12:14:06\" data-filename=\"03-pic-kursy-udt.jpeg\" data-slide-type=\"image\"><img loading=\"lazy\" decoding=\"async\" src=\"https:\/\/kursy-udt.pl\/wp-content\/uploads\/2014\/04\/03-pic-kursy-udt.jpeg\" height=\"150\" width=\"200\" alt=\"Foto\" class=\"slider-631 slide-634 msDefaultImage\" \/><\/li>\n            <\/ul>\n        <\/div>\n        \n    <\/div>\n<\/div><\/a><\/div>\n<p>Das Amt f\u00fcr technische \u00dcberwachung ist eine staatliche Einrichtung, deren Aufgabe es ist, die Sicherheit bei der Arbeit mit industriellen Maschinen und Anlagen zu gew\u00e4hrleisten. Sowohl das UDT (Amt f\u00fcr technische \u00dcberwachung) Warschau als auch die anderen in jeder gr\u00f6\u00dferen Stadt bestehenden \u00c4mter haben die Aufgabe, die Bef\u00e4higung zur Aus\u00fcbung von T\u00e4tigkeiten und das Verst\u00e4ndnis f\u00fcr die Bedingungen im Zusammenhang mit Normen, gesetzlichen Vorschriften und technischer \u00dcberwachung f\u00fcr Arbeitnehmer an Arbeitspl\u00e4tzen, die die Bedienung technischer Maschinen beinhalten, zu best\u00e4tigen. Dies geschieht durch die Erteilung spezieller UDT-Qualifikationen (Amt f\u00fcr technische \u00dcberwachung).<\/p>\n<p>F\u00fcr die Aus\u00fcbung der Arbeit ist eine gepr\u00fcfte UDT-Qualifikation (Amt f\u00fcr technische \u00dcberwachung) erforderlich. Ohne diese darf ein Arbeitnehmer keine Maschinen bedienen. Dazu m\u00fcssen die Arbeitnehmer an einem UDT-Kurs teilnehmen, der sowohl Theorie als auch Praxis umfasst, einschlie\u00dflich individueller Bedienung und Maschinenbedienung, und anschlie\u00dfend eine Pr\u00fcfung ablegen.<\/p>\n<p>Zu den Ger\u00e4ten, die eine UDT-Qualifikation f\u00fcr den Betrieb erfordern, geh\u00f6ren:<\/p>\n<ul>\n<li>mobile Plattformen (Lufttransporte) - Qualifikationen f\u00fcr Lufttransporte sind in den Kat. IP und IIP. Je nach verwendeter mobiler Plattform sind bestimmte Qualifikationen erforderlich<\/li>\n<li>von der Arbeitsb\u00fchne und von der Kabine aus gesteuerte Portale<\/li>\n<li>Schienen-, Turm- und tragbare HDS-Auslegerkrane<\/li>\n<li>Fracht- und Baukr\u00e4ne<\/li>\n<li>Winden, die vom Arbeitsboden und von der Kabine aus gesteuert werden<\/li>\n<li>Maschinen zum F\u00fcllen und Entleeren von Beh\u00e4ltern, Beh\u00e4lterman\u00f6vriermaschinen<\/li>\n<li>G\u00fcter- und Personenskipisten und Standseilbahnen<\/li>\n<li>Stapler f\u00fcr den Gleisbau<\/li>\n<li>Gabelstapler - die Qualifikationen f\u00fcr Gabelstapler werden als solche angegeben, die mit dem UDT (Amt f\u00fcr technische \u00dcberwachung) verbunden sind oder nicht<\/li>\n<\/ul>\n<p>F\u00fcr die Bedienung der vorgestellten Maschinen muss der Arbeitnehmer eine Ausbildung absolvieren und bestimmte Qualifikationen erwerben. Auf die staatliche UDT-Pr\u00fcfung (Amt f\u00fcr technische \u00dcberwachung) wird der Arbeitnehmer w\u00e4hrend des Kurses vorbereitet, und nach dessen positivem Ergebnis erh\u00e4lt er eine Qualifikation.<\/p>\n<p>Die Rechtsgrundlage:<\/p>\n<ul>\n<li>das Gesetz vom 21. Dezember 2000 \u00fcber die technische \u00dcberwachung (Dz. U. Nr. 122, Pos. 1321, mit sp\u00e4teren \u00c4nderungen)<\/li>\n<li>die Verordnung des Wirtschaftsministers \u00fcber das Verfahren zur \u00dcberpr\u00fcfung der erforderlichen Qualifikationen bei der Bedienung und Wartung von technischen Maschinen vom 18. Juli 2001 (Dz.U. Nr. 79, Pos. 849), ge\u00e4ndert durch die Verordnung vom 20. Februar 2003 (Dz.U. Nr. 50, Pos. 426), die auf der Grundlage des Artikels 23 Gesetz 5 \u00fcber die technische Inspektion erlassen wurde.<\/li>\n<\/ul>\n<p>Arbeitnehmer, die eine Qualifikation des Technischen \u00dcberwachungsvereins erwerben m\u00f6chten, k\u00f6nnen aus einem breiten Spektrum von Schulungen w\u00e4hlen. Unsere UDT-Schulungen werden von erfahrenen Fachleuten auf dem jeweiligen Gebiet durchgef\u00fchrt, wodurch sie ein breites theoretisches und praktisches Wissen umfassen. Wir f\u00fchren offene und geschlossene UDT-Schulungen durch, die auch an die Bed\u00fcrfnisse unserer Kunden angepasst werden k\u00f6nnen.<\/p>\n<p>Wir laden Sie zu den UDT-Kursen (Amt f\u00fcr technische \u00dcberwachung) in das Zentrum f\u00fcr Personalausbildung ERGON ein! Wir arbeiten im ganzen Land. Wir haben unsere Ausbildungszentren in:<\/p>\n<ul>\n<li>Warschau<\/li>\n<li>Kattowitz (Departement Schlesien)<\/li>\n<li>Krakau<\/li>\n<li>Bielsko-Biala<\/li>\n<\/ul>\n<\/div>\n<p>Sie k\u00f6nnen auch lesen \u00fcber <a href=\"\/de\/udt-qualifikationen\/kategorien-von-qualifikationen\/\">UDT (Amt f\u00fcr technische \u00dcberwachung) Qualifikationskategorien<\/a> und <a href=\"\/de\/udt-qualifikationen\/vorschriften\/\">geltende Verordnungen<\/a>!<\/p>","protected":false},"excerpt":{"rendered":"<p>The Office of Technical Inspection is the state institution whose purpose is ensuring the safety of work with industrial machines and installations. Both UDT (the Office of Technical Inspection) Warsaw and other offices existing in every big city are to confirm skills of doing activities and the understanding of conditions connected with standards, law regulations and technical supervision for workers on positions which involve the operation of technical machines. That is done by giving them special UDT qualifications ( the Office of Technical Inspection). For doing work, testified UDT (the Office of Technical Inspection) qualifications are needed. Without them, a worker has no right to operate machines. In order to do so, workers must participate in UDT course involving both theory and practice including individual operation and machine service and then , taking an exam. Among equipment, which require having UDT qualifications for the operation, there are: mobile platforms (airlifts)- qualifications on airlift is given cat. IP and IIP. Depending on used mobile platforms, certain qualifications are needed gantries controlled from the working floor and fromt the cabin rail, tower and portable HDS jib cranes freight and building cranes winches controlled from the working floor and from the cabin machines for filling and emptying containers, container maneuvring freight and passenger ski slopes and funicular railways stackers for building tracks forklifts- qualifications on forklifts are given as those connected with UDT (the Office of Technical Inspection) or not For the operation of presented machines, the worker must complete the training and get certain qualifications. For the [&hellip;]<\/p>\n","protected":false},"author":1,"featured_media":0,"parent":0,"menu_order":2,"comment_status":"closed","ping_status":"closed","template":"","meta":{"sfsi_plus_gutenberg_text_before_share":"","sfsi_plus_gutenberg_show_text_before_share":"","sfsi_plus_gutenberg_icon_type":"","sfsi_plus_gutenberg_icon_alignemt":"","sfsi_plus_gutenburg_max_per_row":"","footnotes":""},"class_list":["post-1665","page","type-page","status-publish","hentry","has_no_thumb"],"aioseo_notices":[],"_links":{"self":[{"href":"https:\/\/kursy-udt.pl\/de\/wp-json\/wp\/v2\/pages\/1665","targetHints":{"allow":["GET"]}}],"collection":[{"href":"https:\/\/kursy-udt.pl\/de\/wp-json\/wp\/v2\/pages"}],"about":[{"href":"https:\/\/kursy-udt.pl\/de\/wp-json\/wp\/v2\/types\/page"}],"author":[{"embeddable":true,"href":"https:\/\/kursy-udt.pl\/de\/wp-json\/wp\/v2\/users\/1"}],"replies":[{"embeddable":true,"href":"https:\/\/kursy-udt.pl\/de\/wp-json\/wp\/v2\/comments?post=1665"}],"version-history":[{"count":6,"href":"https:\/\/kursy-udt.pl\/de\/wp-json\/wp\/v2\/pages\/1665\/revisions"}],"predecessor-version":[{"id":1804,"href":"https:\/\/kursy-udt.pl\/de\/wp-json\/wp\/v2\/pages\/1665\/revisions\/1804"}],"wp:attachment":[{"href":"https:\/\/kursy-udt.pl\/de\/wp-json\/wp\/v2\/media?parent=1665"}],"curies":[{"name":"wp","href":"https:\/\/api.w.org\/{rel}","templated":true}]}}