{"id":1657,"date":"2016-01-22T16:01:20","date_gmt":"2016-01-22T16:01:20","guid":{"rendered":"http:\/\/kursy-udt.pl\/?page_id=1657"},"modified":"2016-01-22T16:08:34","modified_gmt":"2016-01-22T16:08:34","slug":"preisliste","status":"publish","type":"page","link":"https:\/\/kursy-udt.eu\/de\/pricelist\/","title":{"rendered":"Preisliste"},"content":{"rendered":"<div class=\"wyjustuj\">\n<table border=\"1\" cellspacing=\"0\" cellpadding=\"7\">\n<tbody>\n<tr>\n<td rowspan=\"2\" bgcolor=\"#c6d9f1\">\n<p align=\"CENTER\"><b>Kurs- Ausbildung<\/b><br \/>\nDas Angebot umfasst die Kosten f\u00fcr die Qualifikationspr\u00fcfung vor dem Pr\u00fcfungsausschuss UDT - 152,00 Zloty brutto ZW VAT<\/p>\n<\/td>\n<td colspan=\"4\" valign=\"TOP\" bgcolor=\"#c6d9f1\">\n<p align=\"CENTER\"><b>Der Preis h\u00e4ngt von der Anzahl der angemeldeten Personen ab<br \/>\n<\/b>Die nachstehenden Preise sind die Bruttokosten ZW VAT<\/p>\n<\/td>\n<\/tr>\n<tr>\n<td bgcolor=\"#c6d9f1\">\n<p align=\"CENTER\"><span style=\"color: #c0504d;\"><b>1-2 Personen<\/b><\/span><\/p>\n<\/td>\n<td bgcolor=\"#c6d9f1\">\n<p align=\"CENTER\"><span style=\"color: #c0504d;\"><b>3-5 Personen<\/b><\/span><\/p>\n<\/td>\n<td bgcolor=\"#c6d9f1\">\n<p align=\"CENTER\"><span style=\"color: #c0504d;\"><b>6-10 Personen<\/b><\/span><\/p>\n<\/td>\n<td bgcolor=\"#c6d9f1\">\n<p align=\"CENTER\"><span style=\"color: #c0504d;\"><b>11-15 Personen<\/b><\/span><\/p>\n<\/td>\n<\/tr>\n<tr>\n<td bgcolor=\"#fde9d9\"><span style=\"text-decoration: underline;\">Gabelstapler mit austauschbaren Gasflaschen<\/span> - Kat. II WJO<\/td>\n<td bgcolor=\"#fde9d9\">\n<p align=\"CENTER\">PLN 752<\/p>\n<\/td>\n<td bgcolor=\"#fde9d9\">\n<p align=\"CENTER\">PLN 652<\/p>\n<\/td>\n<td bgcolor=\"#fde9d9\">\n<p align=\"CENTER\">PLN 602<\/p>\n<\/td>\n<td bgcolor=\"#fde9d9\">\n<p align=\"CENTER\">PLN 552<\/p>\n<\/td>\n<\/tr>\n<tr>\n<td><span style=\"text-decoration: underline;\">KSpezialisierter Gabelstaplerkurs<\/span> - Gabelstapler mit Unterkunftskabine f\u00fcr den Fahrer - Kat. IWJO<\/td>\n<td>\n<p align=\"CENTER\">952 PLN<\/p>\n<\/td>\n<td>\n<p align=\"CENTER\">PLN 902<\/p>\n<\/td>\n<td>\n<p align=\"CENTER\">852 PLN<\/p>\n<\/td>\n<td>\n<p align=\"CENTER\">PLN 802<\/p>\n<\/td>\n<\/tr>\n<tr>\n<td bgcolor=\"#fde9d9\"><span style=\"text-decoration: underline;\">Der Kurs \u00fcber Teleskoplader<\/span> - Qualifikationen f\u00fcr den Bediener von Teleskopladern (Gabelstapler mit speziellem, auswechselbarem Ausleger) - Kat. IWJO<\/td>\n<td bgcolor=\"#fde9d9\">\n<p align=\"CENTER\">PLN 1152<\/p>\n<\/td>\n<td bgcolor=\"#fde9d9\">\n<p align=\"CENTER\">PLN 1102<\/p>\n<\/td>\n<td bgcolor=\"#fde9d9\">\n<p align=\"CENTER\">PLN 1052<\/p>\n<\/td>\n<td bgcolor=\"#fde9d9\">\n<p align=\"CENTER\">PLN 1002<\/p>\n<\/td>\n<\/tr>\n<tr>\n<td><span style=\"text-decoration: underline;\">Der Kurs zur Bedienung mobiler Plattformen<\/span> - mobile Niedriggeschwindigkeits-B\u00fchnen, Scherenb\u00fchnen, Gelenkb\u00fchnen, Teleskopb\u00fchnen und mobile B\u00fchnen - Kat.IP<\/td>\n<td>\n<p align=\"CENTER\">PLN 802<\/p>\n<\/td>\n<td>\n<p align=\"CENTER\">PLN 752<\/p>\n<\/td>\n<td>\n<p align=\"CENTER\">PLN 702<\/p>\n<\/td>\n<td>\n<p align=\"CENTER\">PLN 652<\/p>\n<\/td>\n<\/tr>\n<tr>\n<td bgcolor=\"#fde9d9\"><span style=\"text-decoration: underline;\">Der Kurs auf der Hebeb\u00fchne<\/span> - den Betrieb von auf Lastwagen montierten mobilen Arbeitsb\u00fchnen - Kat. IP<\/td>\n<td bgcolor=\"#fde9d9\">\n<p align=\"CENTER\">952 PLN<\/p>\n<\/td>\n<td bgcolor=\"#fde9d9\">\n<p align=\"CENTER\">PLN 902<\/p>\n<\/td>\n<td bgcolor=\"#fde9d9\">\n<p align=\"CENTER\">852 PLN<\/p>\n<\/td>\n<td bgcolor=\"#fde9d9\">\n<p align=\"CENTER\">PLN 802<\/p>\n<\/td>\n<\/tr>\n<tr>\n<td><span style=\"text-decoration: underline;\">Der Kurs zur Bedienung von h\u00e4ngenden, mastartigen und statischen Plattformen<\/span> - ohne technologischen Ablauf - Kat. IIP<\/td>\n<td>\n<p align=\"CENTER\">952 PLN<\/p>\n<\/td>\n<td>\n<p align=\"CENTER\">852 PLN<\/p>\n<\/td>\n<td>\n<p align=\"CENTER\">PLN 752<\/p>\n<\/td>\n<td>\n<p align=\"CENTER\">PLN 702<\/p>\n<\/td>\n<\/tr>\n<tr>\n<td bgcolor=\"#fde9d9\"><span style=\"text-decoration: underline;\">Der Kurs zur Bedienung von HDS-Auslegerkranen<\/span> - Betrieb von mobilen und tragbaren Kr\u00e4nen, die auf einem LKW-Unterboden des Typs HDS montiert sind - Kat. II\u00af<\/td>\n<td bgcolor=\"#fde9d9\">\n<p align=\"CENTER\">952 PLN<\/p>\n<\/td>\n<td bgcolor=\"#fde9d9\">\n<p align=\"CENTER\">852 PLN<\/p>\n<\/td>\n<td bgcolor=\"#fde9d9\">\n<p align=\"CENTER\">PLN 802<\/p>\n<\/td>\n<td bgcolor=\"#fde9d9\">\n<p align=\"CENTER\">PLN 752<\/p>\n<\/td>\n<\/tr>\n<tr>\n<td><span style=\"text-decoration: underline;\">Der Kurs \u00fcber die Bedienung des Portals, des Hebezeugs und der Hubwinde<\/span> - von der Bodenebene aus kontrolliert - Katze. IIS<\/td>\n<td>\n<p align=\"CENTER\">PLN 752<\/p>\n<\/td>\n<td>\n<p align=\"CENTER\">PLN 702<\/p>\n<\/td>\n<td>\n<p align=\"CENTER\">PLN 652<\/p>\n<\/td>\n<td>\n<p align=\"CENTER\">PLN 602<\/p>\n<\/td>\n<\/tr>\n<tr>\n<td bgcolor=\"#fde9d9\"><span style=\"text-decoration: underline;\">Der Kurs zur Bedienung von Hebezeugen und Winden<\/span> - Qualifikationen f\u00fcr den Betrieb von Hebezeugen und Hubwinden, die vom Boden aus gesteuert werden, einschlie\u00dflich ferngesteuerter Winden Kat. IIW<\/td>\n<td bgcolor=\"#fde9d9\">\n<p align=\"CENTER\">PLN 702<\/p>\n<\/td>\n<td bgcolor=\"#fde9d9\">\n<p align=\"CENTER\">PLN 652<\/p>\n<\/td>\n<td bgcolor=\"#fde9d9\">\n<p align=\"CENTER\">PLN 602<\/p>\n<\/td>\n<td bgcolor=\"#fde9d9\">\n<p align=\"CENTER\">PLN 552<\/p>\n<\/td>\n<\/tr>\n<tr>\n<td><span style=\"text-decoration: underline;\">Der Kurs zur Bedienung von statischen Auslegerkranen<\/span> - Qualifikationen zum Erwerb von statischen und Produktionskr\u00e4nen - Kat. II\u00af<\/td>\n<td>\n<p align=\"CENTER\">PLN 702<\/p>\n<\/td>\n<td>\n<p align=\"CENTER\">PLN 602<\/p>\n<\/td>\n<td>\n<p align=\"CENTER\">PLN 552<\/p>\n<\/td>\n<td>\n<p align=\"CENTER\">PLN 502<\/p>\n<\/td>\n<\/tr>\n<tr>\n<td bgcolor=\"#fde9d9\"><span style=\"text-decoration: underline;\">Der Kurs zum Betrieb von Lasten- und Personenaufz\u00fcgen<\/span> - die Bedienung von intern gesteuerten Lastenaufz\u00fcgen und Krankenhaus- oder Geb\u00e4udeaufz\u00fcgen mit der Pr\u00fcfung vor UDT Board- ID und IID Qualifikationen<\/td>\n<td bgcolor=\"#fde9d9\">\n<p align=\"CENTER\">PLN 702<\/p>\n<\/td>\n<td bgcolor=\"#fde9d9\">\n<p align=\"CENTER\">PLN 652<\/p>\n<\/td>\n<td bgcolor=\"#fde9d9\">\n<p align=\"CENTER\">PLN 602<\/p>\n<\/td>\n<td bgcolor=\"#fde9d9\">\n<p align=\"CENTER\">PLN 552<\/p>\n<\/td>\n<\/tr>\n<tr>\n<td><span style=\"text-decoration: underline;\">Der Kurs zum Bediener von selbstfahrenden Aufz\u00fcgen<\/span> - Betrieb von selbstfahrenden, auf Lastwagen montierten Auslegerkr\u00e4nen<\/td>\n<td>\n<p align=\"CENTER\">PLN 3352<\/p>\n<\/td>\n<td>\n<p align=\"CENTER\">PLN 3252<\/p>\n<\/td>\n<td>\n<p align=\"CENTER\">PLN 3152<\/p>\n<\/td>\n<td>\n<p align=\"CENTER\">PLN 3052<\/p>\n<\/td>\n<\/tr>\n<tr>\n<td bgcolor=\"#fde9d9\"><span style=\"text-decoration: underline;\">Der Kurs f\u00fcr den Bediener von Schnellmontagekranen<\/span> - I\u00af Qualifikationen f\u00fcr Bediener von schnurlosen bodengesteuerten Auslegerkranen<\/td>\n<td bgcolor=\"#fde9d9\">\n<p align=\"CENTER\">PLN 2252<\/p>\n<\/td>\n<td bgcolor=\"#fde9d9\">\n<p align=\"CENTER\">PLN 2152<\/p>\n<\/td>\n<td bgcolor=\"#fde9d9\">\n<p align=\"CENTER\">PLN 2052<\/p>\n<\/td>\n<td bgcolor=\"#fde9d9\">\n<p align=\"CENTER\">PLN 1952<\/p>\n<\/td>\n<\/tr>\n<tr>\n<td><span style=\"text-decoration: underline;\">Der Kurs \u00fcber den Turmdrehkranf\u00fchrer<\/span> - I\u017b Qualifikationen f\u00fcr den Bediener von Turmdrehkr\u00e4nen und Auslegerkr\u00e4nen (die Kosten f\u00fcr die Versicherung sind in den praktischen Kursen enthalten)<\/td>\n<td>\n<p align=\"CENTER\">PLN 6852<\/p>\n<\/td>\n<td>\n<p align=\"CENTER\">PLN 4852<\/p>\n<\/td>\n<td>\n<p align=\"CENTER\">PLN 4252<\/p>\n<\/td>\n<td>\n<p align=\"CENTER\">PLN 3752<\/p>\n<\/td>\n<\/tr>\n<tr>\n<td bgcolor=\"#fde9d9\"><span style=\"text-decoration: underline;\">Der Handwerkerkurs<\/span> - UDT-Qualifikationen f\u00fcr Wartung, Renovierung und Maschinenservice f\u00fcr den Nahverkehr, die der technischen \u00dcberwachung unterliegen, z.B. Gabelstapler, Krane, Portale, mobile Arbeitsb\u00fchnen und andere.<\/td>\n<td bgcolor=\"#fde9d9\">\n<p align=\"CENTER\">PLN 2152<\/p>\n<\/td>\n<td bgcolor=\"#fde9d9\">\n<p align=\"CENTER\">PLN 1852<\/p>\n<\/td>\n<td bgcolor=\"#fde9d9\">\n<p align=\"CENTER\">PLN 1552<\/p>\n<\/td>\n<td bgcolor=\"#fde9d9\">\n<p align=\"CENTER\">PLN 1252<\/p>\n<\/td>\n<\/tr>\n<tr>\n<td colspan=\"5\" bgcolor=\"#c6d9f1\">\n<p align=\"CENTER\"><span style=\"font-size: small;\"><span style=\"font-weight: normal;\">Das oben genannte Preisangebot ist nicht das Angebot nach den Vorschriften des B\u00fcrgerlichen Gesetzbuches, da alle Kosten der Ausbildung individuell verhandelt werden k\u00f6nnen.<\/span><\/span><\/p>\n<\/td>\n<\/tr>\n<\/tbody>\n<\/table>\n<\/div>","protected":false},"excerpt":{"rendered":"<p>Course- training The offer includes the cost of qualifications exam in front of the exam UDT board- 152,00 zloty gross ZW VAT The price depends on the number of enrolled people Prices below are the Gross cost ZW VAT 1-2 people 3-5 people 6-10 people 11-15 people Forklift trucks with exchanging gas cylinders &#8211; cat. II WJO 752 z\u0142 652 z\u0142 602 z\u0142 552 z\u0142 KSpecialised forklift course &#8211; forklift truck with the hosting cabin of the operator- cat. IWJO 952 z\u0142 902 z\u0142 852 z\u0142 802 z\u0142 The course on telescopic loaders &#8211; qualifications for the operator of telescopic loaders ( forklift trucks with specialized changeable extension arm) \u2013 cat. IWJO 1152 z\u0142 1102 z\u0142 1052 z\u0142 1002 z\u0142 The course on operating mobile platforms &#8211; mobile low-speed platforms, scissor platforms, articulated platforms, telescopic and mobile ones- cat.IP 802 z\u0142 752 z\u0142 702 z\u0142 652 z\u0142 The course on the aerial platform &#8211; the operation of mobile platforms mounted on trucks- cat. IP 952 z\u0142 902 z\u0142 852 z\u0142 802 z\u0142 The course on operating hanging, mast, static platforms \u2013 without technological sequence- cat. IIP 952 z\u0142 852 z\u0142 752 z\u0142 702 z\u0142 The course on operating HDS jib cranes &#8211; operation of mobile and portable cranes mounted on truck underbody of HDS type- cat. II\u017b 952 z\u0142 852 z\u0142 802 z\u0142 752 z\u0142 The course on the operation of the gantry, the hoist and the hoisting winch &#8211; controlled from the ground level- cat. IIS 752 z\u0142 702 z\u0142 652 z\u0142 602 z\u0142 [&hellip;]<\/p>\n","protected":false},"author":1,"featured_media":0,"parent":0,"menu_order":2,"comment_status":"closed","ping_status":"closed","template":"","meta":{"sfsi_plus_gutenberg_text_before_share":"","sfsi_plus_gutenberg_show_text_before_share":"","sfsi_plus_gutenberg_icon_type":"","sfsi_plus_gutenberg_icon_alignemt":"","sfsi_plus_gutenburg_max_per_row":"","footnotes":""},"class_list":["post-1657","page","type-page","status-publish","hentry","has_no_thumb"],"aioseo_notices":[],"_links":{"self":[{"href":"https:\/\/kursy-udt.pl\/de\/wp-json\/wp\/v2\/pages\/1657","targetHints":{"allow":["GET"]}}],"collection":[{"href":"https:\/\/kursy-udt.pl\/de\/wp-json\/wp\/v2\/pages"}],"about":[{"href":"https:\/\/kursy-udt.pl\/de\/wp-json\/wp\/v2\/types\/page"}],"author":[{"embeddable":true,"href":"https:\/\/kursy-udt.pl\/de\/wp-json\/wp\/v2\/users\/1"}],"replies":[{"embeddable":true,"href":"https:\/\/kursy-udt.pl\/de\/wp-json\/wp\/v2\/comments?post=1657"}],"version-history":[{"count":6,"href":"https:\/\/kursy-udt.pl\/de\/wp-json\/wp\/v2\/pages\/1657\/revisions"}],"predecessor-version":[{"id":1660,"href":"https:\/\/kursy-udt.pl\/de\/wp-json\/wp\/v2\/pages\/1657\/revisions\/1660"}],"wp:attachment":[{"href":"https:\/\/kursy-udt.pl\/de\/wp-json\/wp\/v2\/media?parent=1657"}],"curies":[{"name":"wp","href":"https:\/\/api.w.org\/{rel}","templated":true}]}}