{"id":1653,"date":"2016-01-22T15:59:41","date_gmt":"2016-01-22T15:59:41","guid":{"rendered":"http:\/\/kursy-udt.pl\/?page_id=1653"},"modified":"2016-01-22T15:59:53","modified_gmt":"2016-01-22T15:59:53","slug":"eiswurfelbereiter","status":"publish","type":"page","link":"https:\/\/kursy-udt.eu\/de\/trainings\/gse-training\/icemelters\/","title":{"rendered":"Eisschmelzer"},"content":{"rendered":"<p>Unser Zentrum ist auf die Organisation von Schulungen f\u00fcr Flughafenmitarbeiter spezialisiert. In unserem Angebot haben wir einen Kurs \u00fcber den Betrieb des Eisschmelzers - der Maschine, die zum Entfernen von Eis auf Flugzeugen verwendet wird. Dank unserer Kurse k\u00f6nnen Sie Kenntnisse und F\u00e4higkeiten im Umgang mit dieser Art von GSE (Ground Support Equipment) - Maschinen und Ausr\u00fcstungen f\u00fcr den Betrieb von Bodenluftschiffen - erwerben.<\/p>\n<p>Eisschmelzer sind allgemein verwendete Ger\u00e4te, die f\u00fcr die Durchf\u00fchrung von Arbeiten zum Schmelzen von Eis auf Flugzeugen bestimmt sind. Ihr Zweck ist es, Schnee, Eis oder Reif von ihrer Oberfl\u00e4che zu entfernen. Dabei kommen geeignete Chemikalien zum Einsatz, die nicht nur die Entfernung von flugsicherheitsgef\u00e4hrdenden Stoffen bewirken, sondern auch eine erneute Verschlammung f\u00fcr eine gewisse Zeit verhindern. Eis, Schnee und Frost, die sich auf dem Flugzeug befinden, vermindern seine F\u00e4higkeit zum Aufstieg, weil sie eine unebene Oberfl\u00e4che bilden, die die Aerodynamik st\u00f6rt und sogar eine gro\u00dfe Katastrophe verursachen kann. Au\u00dferdem k\u00f6nnen gr\u00f6\u00dfere Eisbrocken in den Motor gelangen oder die Tragfl\u00e4chen treffen, was \u00e4hnliche Gefahren mit sich bringen kann. Daher ist es notwendig, das Eis zu entfernen, wenn das Flugzeug w\u00e4hrend des Aufenthalts auf dem Flughafen damit bedeckt ist, und pr\u00e4ventiv, um die Eisfl\u00e4che w\u00e4hrend des Flugs bei bestimmten Temperaturen zu sch\u00fctzen. <\/p>\n<p>Der Prozess der Eisschmelze erfolgt unter Verwendung des entsprechenden technischen Versorgungsnetzes - das sind Maschinen, die ein Gemisch aus Glykol und Wasser bei der entsprechenden Temperatur erzeugen, oder andere Substanzen mit eisschmelzenden Eigenschaften, die von den Arbeitern beim Anheben von Hebeb\u00fchnen verwendet werden. Diese Plattformen werden von Personen bedient, die \u00fcber eine entsprechende Qualifikation verf\u00fcgen.<\/p>\n<p>Unsere Lehrgangsteilnehmer f\u00fcr Flughafenpersonal erhalten die notwendigen Kenntnisse \u00fcber die Bedienung der beim Eisschmelzen eingesetzten Maschinen sowie \u00fcber Sicherheitsvorschriften und Arbeitsschutz. Der Unterricht wird durch Praxis erg\u00e4nzt. Erfahrene Ausbilder sind f\u00fcr die Durchf\u00fchrung des Kurses verantwortlich.<\/p>\n<p>Die Schulungen finden in festgelegten Zeitr\u00e4umen in unseren Zentren statt. Wir organisieren auch geschlossene Klassen f\u00fcr Flughafenschulungen. Wir laden Sie ein, von unserem Angebot zu profitieren.<\/p>","protected":false},"excerpt":{"rendered":"<p>Our centre specialises in organizing training designed for airport workers. In our offer, we have the course on the icemelter operation- the machine used in order to remove ice from planes. Thanks to our classes, you can gain knowledge and skills in the field of using this type of GSE ( Ground Support Equipment)- machines and equipment of the operation of ground airships. Icemelters are commonly used equipment designed for conducting work of melting ice from the planes. Its purpose is to remove snow, ice or frostiness from their surface. Suitable chemicals are used which not only cause removing substances which are of great danger to the safety of the flight but also prevent from renewed silting up for a certain period of time. Ice, snow and frostiness which are on the plane lower its ability to the ascent because they form uneven surface interfering aerodynamics which can cause even a great disaster. Additionally, bigger pieces of ice can get to the engine or hit the wings which can cause similar dangers. Therefore, removing ice is necessarily done when the plane is covered with it while staying at the airport and preventively to counteract its ice surface during the flight in certain temperatures. The process of ice melting is done while using the appropriate technical supply network- these are machines generating the mix of glycol and water at the appropriate temperature or other substances having ice melting properties used by workers in elevating aerial platforms. These platforms are operated by people having suitable qualifications. Our [&hellip;]<\/p>\n","protected":false},"author":1,"featured_media":0,"parent":1643,"menu_order":0,"comment_status":"closed","ping_status":"closed","template":"","meta":{"sfsi_plus_gutenberg_text_before_share":"","sfsi_plus_gutenberg_show_text_before_share":"","sfsi_plus_gutenberg_icon_type":"","sfsi_plus_gutenberg_icon_alignemt":"","sfsi_plus_gutenburg_max_per_row":"","footnotes":""},"class_list":["post-1653","page","type-page","status-publish","hentry","has_no_thumb"],"aioseo_notices":[],"_links":{"self":[{"href":"https:\/\/kursy-udt.pl\/de\/wp-json\/wp\/v2\/pages\/1653","targetHints":{"allow":["GET"]}}],"collection":[{"href":"https:\/\/kursy-udt.pl\/de\/wp-json\/wp\/v2\/pages"}],"about":[{"href":"https:\/\/kursy-udt.pl\/de\/wp-json\/wp\/v2\/types\/page"}],"author":[{"embeddable":true,"href":"https:\/\/kursy-udt.pl\/de\/wp-json\/wp\/v2\/users\/1"}],"replies":[{"embeddable":true,"href":"https:\/\/kursy-udt.pl\/de\/wp-json\/wp\/v2\/comments?post=1653"}],"version-history":[{"count":1,"href":"https:\/\/kursy-udt.pl\/de\/wp-json\/wp\/v2\/pages\/1653\/revisions"}],"predecessor-version":[{"id":1654,"href":"https:\/\/kursy-udt.pl\/de\/wp-json\/wp\/v2\/pages\/1653\/revisions\/1654"}],"up":[{"embeddable":true,"href":"https:\/\/kursy-udt.pl\/de\/wp-json\/wp\/v2\/pages\/1643"}],"wp:attachment":[{"href":"https:\/\/kursy-udt.pl\/de\/wp-json\/wp\/v2\/media?parent=1653"}],"curies":[{"name":"wp","href":"https:\/\/api.w.org\/{rel}","templated":true}]}}