{"id":1648,"date":"2016-01-22T15:57:47","date_gmt":"2016-01-22T15:57:47","guid":{"rendered":"http:\/\/kursy-udt.pl\/?page_id=1648"},"modified":"2016-01-22T15:57:47","modified_gmt":"2016-01-22T15:57:47","slug":"den-betrieb-von-container-und-palettentransportern","status":"publish","type":"page","link":"https:\/\/kursy-udt.eu\/de\/trainings\/gse-training\/the-operation-of-container-and-pallet-carriers\/","title":{"rendered":"Der Betrieb von Container- und Palettentransportern"},"content":{"rendered":"<p>Unser Zentrum befasst sich mit der Organisation von Kursen \u00fcber Container- und Palettentr\u00e4ger, die \u00fcblicherweise auf Flugh\u00e4fen f\u00fcr den Transport von G\u00fctern - Gep\u00e4ck, Paletten, Containern und anderen Arten von Lasten, einschlie\u00dflich untypischer G\u00fcter, die eine entsprechende Vorbereitung und ein entsprechendes Versorgungsnetz erfordern - verwendet werden.<\/p>\n<p>Alle, die sich f\u00fcr die Teilnahme an den Kursen interessieren, sind aufgefordert, unser Angebot n\u00e4her kennen zu lernen!<\/p>\n<p>Tr\u00e4ger von Containern und Paletten, die auf den Flugh\u00e4fen verwendet werden, sind mobile Scherenhebeb\u00fchnen - es handelt sich um Hebeb\u00fchnen des Typs Hochlader mit Verbrennungsmotor und elektrischem Antrieb sowie um Hebeb\u00fchnen des Typs Cargo, die f\u00fcr die Bef\u00f6rderung von Paletten und Containern zum und vom Lager, von Staplern, Lastkraftwagen und Hubladeb\u00fchnen verwendet werden. Sie sind f\u00fcr den ULD-Transport (Unit Load Device) auf Containern und Paletten geeignet und werden in einer Vielzahl von technischen Varianten hergestellt. Fahrzeuge wie elektrische Flughafen-Gep\u00e4ckschlepper sowie Schlepper mit Dieselmotor.<\/p>\n<p>Arbeitnehmer, die Container- und Palettentransporter bedienen, m\u00fcssen \u00fcber Kenntnisse und F\u00e4higkeiten im Umgang mit der Ladung verf\u00fcgen. Die Hauptgefahren, die mit dem unangemessenen Gewicht des Ger\u00e4ts verbunden sind, bestehen darin, dass die Manipulationsm\u00f6glichkeiten nicht angemessen sind und die Sicherheitsvorschriften und die Arbeitssicherheit nicht eingehalten werden. Einige Ladungen, wie z. B. Autos, erfordern besondere Sorgfalt und die Wahl eines geeigneten Transportmittels. Andernfalls besteht die Gefahr, dass nicht nur die Ladung, sondern auch die Transportmaschinen und das Flugzeug besch\u00e4digt werden.<\/p>\n<p>Die von uns organisierten Kurse f\u00fcr das Flugpersonal umfassen ein breites Spektrum an Kenntnissen und F\u00e4higkeiten in Bezug auf den Betrieb von Transportern und die damit verbundenen Sicherheitsvorschriften. Unsere Kurse ber\u00fccksichtigen die aktuellen Vorschriften und Praktiken in diesem Bereich und basieren auf der umfangreichen Erfahrung unserer Ausbilder im Bereich GSE (Ground Support Equipment) - den Ger\u00e4ten und Maschinen f\u00fcr den Betrieb von Luftschiffen vom Boden aus.<\/p>\n<p>Die Bedienung solcher Maschinen bedeutet eine umfassende Vorbereitung f\u00fcr jeden Flughafenmitarbeiter sowie f\u00fcr Personen, die eine Anstellung als Bodenpersonal auf dem Flughafen anstreben. Wir organisieren Schulungen f\u00fcr Flugh\u00e4fen - sowohl f\u00fcr organisierte Gruppen als auch f\u00fcr Personen, die sich f\u00fcr den Erwerb von Fachwissen in diesem Bereich interessieren.<\/p>\n<p>Wir laden Sie ein, von unseren Schulungsangeboten zu profitieren!<\/p>","protected":false},"excerpt":{"rendered":"<p>Our centre deals with organizing courses on container and pallet carriers which are commonly used at the airports in order to transport goods- luggage, pallets, containers and other types of loads including untypical goods demanding the appropriate preparation and supply network. All people interested in participating in classes are encouraged to get to know our offer closer! Carriers of containers and pallets used at the airports are mobile scissor lifts- they are air platforms, type high loader with the combustion and electric transmission as well as air platforms type cargo- used to operate pallets and containers to and from the warehouse, from stillages, trucks and hiloaders. They are suited to ULD transport (unit load device) on containers and pallets and they are produced in a wide range of technical variants. Vehicles such as electric airport luggage tugs as well as tugs with diesel engine. Workers operating transporters of containers and pallets must have knowledge and skills concerning the load manipulation. Main dangers connected with the inappropriate weight of the equipment are connected with not matching suitable ways of manipulation and not following safety rules and industrial safety. Some loads, such as cars require special care and the choice of appropriate means. Otherwise, there is the risk of damage not only to the load but also to the transport machines and the plane. Courses organized by us for air staff encompass a wide range of knowledge and skills concerning the operation of transporters and safety rules connected with them. Our classes take into consideration current regulations [&hellip;]<\/p>\n","protected":false},"author":1,"featured_media":0,"parent":1643,"menu_order":0,"comment_status":"closed","ping_status":"closed","template":"","meta":{"sfsi_plus_gutenberg_text_before_share":"","sfsi_plus_gutenberg_show_text_before_share":"","sfsi_plus_gutenberg_icon_type":"","sfsi_plus_gutenberg_icon_alignemt":"","sfsi_plus_gutenburg_max_per_row":"","footnotes":""},"class_list":["post-1648","page","type-page","status-publish","hentry","has_no_thumb"],"aioseo_notices":[],"_links":{"self":[{"href":"https:\/\/kursy-udt.pl\/de\/wp-json\/wp\/v2\/pages\/1648","targetHints":{"allow":["GET"]}}],"collection":[{"href":"https:\/\/kursy-udt.pl\/de\/wp-json\/wp\/v2\/pages"}],"about":[{"href":"https:\/\/kursy-udt.pl\/de\/wp-json\/wp\/v2\/types\/page"}],"author":[{"embeddable":true,"href":"https:\/\/kursy-udt.pl\/de\/wp-json\/wp\/v2\/users\/1"}],"replies":[{"embeddable":true,"href":"https:\/\/kursy-udt.pl\/de\/wp-json\/wp\/v2\/comments?post=1648"}],"version-history":[{"count":2,"href":"https:\/\/kursy-udt.pl\/de\/wp-json\/wp\/v2\/pages\/1648\/revisions"}],"predecessor-version":[{"id":1651,"href":"https:\/\/kursy-udt.pl\/de\/wp-json\/wp\/v2\/pages\/1648\/revisions\/1651"}],"up":[{"embeddable":true,"href":"https:\/\/kursy-udt.pl\/de\/wp-json\/wp\/v2\/pages\/1643"}],"wp:attachment":[{"href":"https:\/\/kursy-udt.pl\/de\/wp-json\/wp\/v2\/media?parent=1648"}],"curies":[{"name":"wp","href":"https:\/\/api.w.org\/{rel}","templated":true}]}}