{"id":1643,"date":"2016-01-22T15:56:08","date_gmt":"2016-01-22T15:56:08","guid":{"rendered":"http:\/\/kursy-udt.pl\/?page_id=1643"},"modified":"2016-01-22T15:56:08","modified_gmt":"2016-01-22T15:56:08","slug":"gse-ausbildung","status":"publish","type":"page","link":"https:\/\/kursy-udt.eu\/de\/trainings\/gse-training\/","title":{"rendered":"GSE-Ausbildung"},"content":{"rendered":"<p>In unserem Zentrum bieten wir GSE-Schulungen (Ground Suport Equipment) an - Maschinen und Ausr\u00fcstungen zur Bedienung von Flugzeugen vom Boden aus. In diesen Kursen k\u00f6nnen Sie Kenntnisse und F\u00e4higkeiten in Bezug auf die T\u00e4tigkeit als Bodensteward an Flugh\u00e4fen erwerben.<\/p>\n<p>Wir organisieren Schulungen f\u00fcr Flugpersonal und Menschen, die auf den Flugh\u00e4fen arbeiten m\u00f6chten. Wir f\u00fchren auch Schulungen f\u00fcr Flugh\u00e4fen durch - f\u00fcr organisierte Gruppen.<\/p>\n<p>Unser Schulungsangebot umfasst:<\/p>\n<ul>\n<li>Kurse f\u00fcr Container- und Palettentransporter<\/li>\n<li>cmbulifts-Kurse<\/li>\n<li>Kurse f\u00fcr Flugzeug-Eisschmelzer<\/li>\n<\/ul>\n<p>Das Programm unserer Kurse entspricht den gesetzlichen Anforderungen im Zusammenhang mit dem Betrieb von Flughafenmaschinen wie GSE. Sie werden auf den Flugh\u00e4fen eingesetzt, in der Regel an den Rampen und im Servicebereich der Terminals. Der Einsatzbereich umfasst den Ladebetrieb im Zusammenhang mit der Mobilit\u00e4t von Flugzeugen, die Reinigung, das Bef\u00fcllen von Sanit\u00e4rpads sowie die Versorgung von Flugzeugen. Diese Arbeiten werden von Flughafenmitarbeitern oder einem Abfertiger im Freien durchgef\u00fchrt.<\/p>\n<p>Jeder in unseren Zentren durchgef\u00fchrte Operationskurs umfasst einen theoretischen und einen praktischen Teil. Sie enth\u00e4lt eine F\u00fclle n\u00fctzlicher Informationen \u00fcber die Einsatzpositionen der Bodenluftfahrzeuge. Der Unterricht wird von erfahrenen Ausbildern geleitet, die \u00fcber langj\u00e4hrige Berufserfahrung verf\u00fcgen und ein offenes Ohr f\u00fcr Ihre Fragen haben. Die Kurse schlie\u00dfen mit Pr\u00fcfungen ab, und nach deren Bestehen erhalten die Teilnehmer Zertifikate, die ihre berufliche Qualifikation best\u00e4tigen. Die Zertifikate berechtigen zur Bewerbung auf Stellen, die f\u00fcr Bodenpersonal an Flugh\u00e4fen vorgesehen sind.<\/p>\n<p>Auf unserer Website k\u00f6nnen Sie sich \u00fcber die aktuellen Termine der Kurse informieren - sie finden in Warschau und anderen St\u00e4dten Polens statt. Es besteht auch die M\u00f6glichkeit, Kurse zu geeigneten Zeiten und an geeigneten Orten f\u00fcr geschlossene Gruppen durchzuf\u00fchren. Bei weiteren Fragen stehen wir Ihnen jederzeit gerne zur Verf\u00fcgung. Wir laden Sie herzlich ein, an unseren Kursen f\u00fcr Luftfahrt- und Flughafenpersonal teilzunehmen.<\/p>","protected":false},"excerpt":{"rendered":"<p>In our centre, we offer GSE training (Ground Suport Equipment)- machines and equipment to operate aircrafts from the ground. These are classes thanks to which you can gain knowledge and skills concerning duties as a ground steward at airports. We organise trainings for air staff and people wanting to get a job at the airports. We also run trainings for airports- for organized groups. Our training offer includes: courses on containers and pallets transporters cmbulifts courses plane icemelters courses The programme of our classes meets legal requirements connected with the operation of airport machines such as GSE. They are used at the airports, usually at ramps and in the service area at terminals. The range of operation involves the load operation connected with airplane mobility, cleaning, filling sanitary pads as well as supplying planes. Such work is conducted by airport workers or an outdoor operator. Every operation course run in our centres includes theoretical and practical part. It is full of useful information on the ground aircraft operation positions. Classes are run by experienced instructors who have longstanding vocational experience and are open to your inquiries. Courses end with exams and after passing them, participants receive certificates confirming their vocational qualifications. Certificates allow to apply for positions designed for ground airport staff. On our website, you can check current dates of organising classes- they take place in Warsaw and other cities in Poland. There is also the possibility of running courses at suitable time and places for closed groups. In case of additional questions, we [&hellip;]<\/p>\n","protected":false},"author":1,"featured_media":0,"parent":1522,"menu_order":50,"comment_status":"closed","ping_status":"closed","template":"","meta":{"sfsi_plus_gutenberg_text_before_share":"","sfsi_plus_gutenberg_show_text_before_share":"","sfsi_plus_gutenberg_icon_type":"","sfsi_plus_gutenberg_icon_alignemt":"","sfsi_plus_gutenburg_max_per_row":"","footnotes":""},"class_list":["post-1643","page","type-page","status-publish","hentry","has_no_thumb"],"aioseo_notices":[],"_links":{"self":[{"href":"https:\/\/kursy-udt.pl\/de\/wp-json\/wp\/v2\/pages\/1643","targetHints":{"allow":["GET"]}}],"collection":[{"href":"https:\/\/kursy-udt.pl\/de\/wp-json\/wp\/v2\/pages"}],"about":[{"href":"https:\/\/kursy-udt.pl\/de\/wp-json\/wp\/v2\/types\/page"}],"author":[{"embeddable":true,"href":"https:\/\/kursy-udt.pl\/de\/wp-json\/wp\/v2\/users\/1"}],"replies":[{"embeddable":true,"href":"https:\/\/kursy-udt.pl\/de\/wp-json\/wp\/v2\/comments?post=1643"}],"version-history":[{"count":2,"href":"https:\/\/kursy-udt.pl\/de\/wp-json\/wp\/v2\/pages\/1643\/revisions"}],"predecessor-version":[{"id":1646,"href":"https:\/\/kursy-udt.pl\/de\/wp-json\/wp\/v2\/pages\/1643\/revisions\/1646"}],"up":[{"embeddable":true,"href":"https:\/\/kursy-udt.pl\/de\/wp-json\/wp\/v2\/pages\/1522"}],"wp:attachment":[{"href":"https:\/\/kursy-udt.pl\/de\/wp-json\/wp\/v2\/media?parent=1643"}],"curies":[{"name":"wp","href":"https:\/\/api.w.org\/{rel}","templated":true}]}}