{"id":1636,"date":"2016-01-22T15:51:15","date_gmt":"2016-01-22T15:51:15","guid":{"rendered":"http:\/\/kursy-udt.pl\/?page_id=1636"},"modified":"2016-01-22T15:54:07","modified_gmt":"2016-01-22T15:54:07","slug":"ausziehbar","status":"publish","type":"page","link":"https:\/\/kursy-udt.eu\/de\/trainings\/telescopic\/","title":{"rendered":"Kurs f\u00fcr Teleskoplader"},"content":{"rendered":"<div style=\"float: left; padding-right: 10px;\"><img decoding=\"async\" alt=\"Bewegliche Plattformen - Foto\" src=\"\/wp-content\/uploads\/2014\/03\/wozki-widlowe-1.jpeg\" \/><\/div>\n<div class=\"wyjustuj\">\n<p>Wir laden Sie zum Teleskopladerkurs in das Zentrum f\u00fcr Personalausbildung ERGON ein!<\/p>\n<p>Wenn Sie sich f\u00fcr einen unserer Laderkurse entscheiden, k\u00f6nnen Sie sicher sein, dass Sie eine professionelle Ausbildung von professionellen Ausbildern erhalten, die Ihnen die Erlangung der UDT-Qualifikation (Office of Technical Inspection) erleichtert. Gleichzeitig sollte Sie der Preis unserer Kurse interessieren - alle Kurse im ODK (Zentrum f\u00fcr Personalentwicklung) ERGON zeichnen sich durch attraktive, erschwingliche Geb\u00fchren aus.<\/p>\n<p><strong>Die Verwendung<\/strong><br \/>\nDer Teleskoplader ist ein spezieller Gabelstapler, ein Lader mit auswechselbarem Ausleger, der h\u00e4ufig auf Baustellen und an anderen Orten eingesetzt wird, an denen es darauf ankommt, Transportarbeiten schnell und effizient durchzuf\u00fchren. Lastkraftwagen werden beim Bau von Stra\u00dfen, Br\u00fccken, \u00dcberf\u00fchrungen und Stahlkonstruktionen eingesetzt.<\/p>\n<p><strong>Der Zweck der Ausbildung<\/strong><br \/>\nDer Kurs f\u00fcr Teleskoplader wurde speziell f\u00fcr Personen konzipiert, die die erforderlichen Qualifikationen f\u00fcr die Arbeit auf einem Gabelstapler mit Teleskopausleger der Kategorie I WJO (Spezialstapler) erwerben m\u00f6chten.<\/p>\n<p>Unsere Schulungen helfen Ihnen, die Bedienung der Maschinen von Herstellern wie Manitou, Merlo, New Holland, Dieci, JCB und Case und anderen zu erlernen, die \u00fcblicherweise an Arbeitspl\u00e4tzen eingesetzt werden.<\/p>\n<p>Die von uns durchgef\u00fchrten Laderkurse bestehen aus einem theoretischen und einem praktischen Teil, die den Teilnehmer umfassend auf die Arbeit als Maschinenf\u00fchrer und den Umgang mit den Ger\u00e4ten vorbereiten.<\/p>\n<p>Der Kurs f\u00fcr Teleskoplader (Lader mit auswechselbarem Ausleger) endet mit der nationalen Pr\u00fcfung vor dem Ausschuss des Technischen \u00dcberwachungsvereins. Nach bestandener Pr\u00fcfung erhalten die Teilnehmer die entsprechende Qualifikation und den Betreiberausweis. Sie sind in Polen und den EU-L\u00e4ndern dauerhaft g\u00fcltig.<\/p>\n<p><strong>Der Stundenplan des Kurses<\/strong><br \/>\nDer Teleskopladerkurs beinhaltet alle wichtigen Informationen und F\u00e4higkeiten, die f\u00fcr die Position des Maschinenf\u00fchrers notwendig sind. Der Unterricht basiert auf dem mit dem Technischen \u00dcberwachungsverein (UDT) vereinbarten Programm und besteht aus einem theoretischen und einem praktischen Teil. Sie sind haupts\u00e4chlich:<\/p>\n<ul>\n<li>Arten von Gabelstaplern und ihre Konstruktion<\/li>\n<li>Grundlegende Informationen zum Frachtmanagement<\/li>\n<li>die technische \u00dcberwachung der Maschine<\/li>\n<li>Verwendung von Zusatzausr\u00fcstungen des Lkw<\/li>\n<li>notwendige T\u00e4tigkeiten bei der Bedienung der Maschine vor, w\u00e4hrend und nach Beendigung der Arbeit<\/li>\n<li>Klassen \u00fcber den Bau und die Nutzung im Zusammenhang mit dem Bau und der Nutzung von Gasflaschen<\/li>\n<li>EHS-Informationen<\/li>\n<li>Praktische Informationen \u00fcber Teleskopstapler<\/li>\n<\/ul>\n<p>In unserem Zentrum legen wir den Schwerpunkt auf einen f\u00fcr die Teilnehmer interessanten Unterricht und vermitteln ihnen eine breite Palette von Kenntnissen und F\u00e4higkeiten, die sie im Arbeitsalltag ben\u00f6tigen. Wir besch\u00e4ftigen erfahrene Dozenten und verf\u00fcgen \u00fcber ein modernes Bildungsnetzwerk, das Lernen zu einer guten Investition in die Erweiterung der eigenen F\u00e4higkeiten macht.<\/p>\n<p><strong>Die Zugangsbedingungen<\/strong><br \/>\nUm an dem Kurs \u00fcber Teleskoplader teilnehmen zu k\u00f6nnen, m\u00fcssen Sie die folgenden Voraussetzungen erf\u00fcllen:<\/p>\n<ul>\n<li>mindestens eine Grundschulausbildung haben<\/li>\n<li>\u00fcber 18 Jahre alt sein<\/li>\n<li>keine Einschr\u00e4nkungen haben, um die Arbeit des Maschinenf\u00fchrers auszuf\u00fchren<\/li>\n<\/ul>\n<p>Der Preis der Kurse h\u00e4ngt von der Anzahl der angemeldeten Personen ab. Bei gr\u00f6\u00dferen Gruppen gew\u00e4hren wir attraktive Rabatte. Um weitere Informationen \u00fcber die Preise zu erhalten, bitten wir Sie, sich mit unserem Unternehmen in Verbindung zu setzen, damit wir Ihnen die detaillierte Preisliste unserer Dienstleistungen vorlegen k\u00f6nnen.<\/p>\n<p>Der Unterricht findet sowohl in unserer Zentrale in Warschau als auch in anderen lokalen Zentren statt. Wir sind auch in der Lage, Kurse am Standort des Kunden zu organisieren. Wir k\u00f6nnen auch ein thematisches Angebot an Kursen speziell auf Ihre Bed\u00fcrfnisse abstimmen.<\/p>\n<p>Als Unternehmen mit langj\u00e4hriger Erfahrung auf dem Gebiet der Weiterbildung wissen wir, was unsere Kunden brauchen. Deshalb erm\u00f6glichen wir Ihnen den Zugang zu moderner Bildung zu attraktiven Preisen. Wir sind in der Lage, das Angebot individuell auf Sie abzustimmen, auch was den Ort und die Zeit in geschlossenen Gruppen anbelangt. Sollten Sie Fragen haben, werden wir versuchen, sie so schnell wie m\u00f6glich zu beantworten.<\/p>\n<p>Wir ermutigen Sie, sich f\u00fcr den Teleskopladerkurs beim Zentrum f\u00fcr Personalausbildung ERGON anzumelden!<\/p>\n<\/div>","protected":false},"excerpt":{"rendered":"<p>We invite you for the telescopic loader course to the Centre for Staff Training ERGON! Choosing our loader courses, you will be certain of professional training from professional instructors so that receiving UDT (the Office of Technical Inspection) qualifications becomes easier. At the same time, the price of our classes should interest you- all courses in ODK ( the Centre for Staff Training) ERGON stand out with attractive, affordable fees. The usage The telescopic loader is a specialised forklift , a loader with a changeable extension arm which is commonly used on worksites and in other places where it is essential to do transport work in a fast and efficient way. Trucks are used while working as part of building roads, bridges, flyovers, steel constructions. The purpose of the training Telescopic loaders course was laid down especially for those people who want to obtain necessary qualifications to work on the position of a forklift truck with a telescopic extension arm in category I WJO (specialized truck). Our training will help you to learn how to operate the machine of such producers as: Manitou, Merlo, New Holland, Dieci, JCB and Case and others which are commonly used in work places. Loader courses run by us consist of theoretical and practical part which extensively prepare the participant to work as the machine operator and to use the equipment. Telescopic loaders course ( loaders with a changeable extension arm) finishes with the national exam taken in front of the board of the Office of Technical Inspection. After passing [&hellip;]<\/p>\n","protected":false},"author":1,"featured_media":0,"parent":1522,"menu_order":15,"comment_status":"closed","ping_status":"closed","template":"","meta":{"sfsi_plus_gutenberg_text_before_share":"","sfsi_plus_gutenberg_show_text_before_share":"","sfsi_plus_gutenberg_icon_type":"","sfsi_plus_gutenberg_icon_alignemt":"","sfsi_plus_gutenburg_max_per_row":"","footnotes":""},"class_list":["post-1636","page","type-page","status-publish","hentry","has_thumb"],"aioseo_notices":[],"_links":{"self":[{"href":"https:\/\/kursy-udt.pl\/de\/wp-json\/wp\/v2\/pages\/1636","targetHints":{"allow":["GET"]}}],"collection":[{"href":"https:\/\/kursy-udt.pl\/de\/wp-json\/wp\/v2\/pages"}],"about":[{"href":"https:\/\/kursy-udt.pl\/de\/wp-json\/wp\/v2\/types\/page"}],"author":[{"embeddable":true,"href":"https:\/\/kursy-udt.pl\/de\/wp-json\/wp\/v2\/users\/1"}],"replies":[{"embeddable":true,"href":"https:\/\/kursy-udt.pl\/de\/wp-json\/wp\/v2\/comments?post=1636"}],"version-history":[{"count":4,"href":"https:\/\/kursy-udt.pl\/de\/wp-json\/wp\/v2\/pages\/1636\/revisions"}],"predecessor-version":[{"id":1640,"href":"https:\/\/kursy-udt.pl\/de\/wp-json\/wp\/v2\/pages\/1636\/revisions\/1640"}],"up":[{"embeddable":true,"href":"https:\/\/kursy-udt.pl\/de\/wp-json\/wp\/v2\/pages\/1522"}],"wp:attachment":[{"href":"https:\/\/kursy-udt.pl\/de\/wp-json\/wp\/v2\/media?parent=1636"}],"curies":[{"name":"wp","href":"https:\/\/api.w.org\/{rel}","templated":true}]}}