{"id":1626,"date":"2016-01-22T15:36:47","date_gmt":"2016-01-22T15:36:47","guid":{"rendered":"http:\/\/kursy-udt.pl\/?page_id=1626"},"modified":"2016-01-22T15:38:50","modified_gmt":"2016-01-22T15:38:50","slug":"konstruktion","status":"publish","type":"page","link":"https:\/\/kursy-udt.eu\/de\/trainings\/forklift-courses\/construction\/","title":{"rendered":"Die Konstruktion von Gabelstaplern"},"content":{"rendered":"<div style=\"float:left; padding-right:10px;\"><img decoding=\"async\" src=\"\/wp-content\/uploads\/2014\/08\/mbud.jpg\" alt=\"\"><\/div>\n<div class=\"wyjustuj\">Der Gabelstaplerkurs enth\u00e4lt alle notwendigen Informationen \u00fcber die Position des Bedieners einschlie\u00dflich der Daten \u00fcber die Konstruktion typischer Gabelstapler - eines Gabelstaplers.<\/p>\n<p><strong>Gabelstapler werden aus den folgenden Konstruktionselementen hergestellt:<\/strong><\/p>\n<ul>\n<li>der LKW-Rahmen - jeweils aus Stahl<\/li>\n<li>das Fahrwerk, d. h. die R\u00e4der, in der Regel drei oder vier, je nach Maschinenmodell<\/li>\n<li>der Motor - es gibt vor allem Motoren mit niedriger Verdichtung, die mit Diesel\u00f6l betrieben werden, aber auch der Elektromotor und der Batteriemotor sind beliebt<\/li>\n<li>Gegengewicht - sein Hauptzweck ist die Sicherung der entsprechenden Last f\u00fcr ein Fahrzeug beim Transport von Waren, es hat die Form eines Stahlblocks im hinteren Teil<\/li>\n<li>der Mast - das Teil, das vertikal an der Vorderseite der Maschine angebracht ist und es erm\u00f6glicht, die Maschine zu verlassen, sie zu heben oder die Last zu kippen<\/li>\n<li>Gabeln - sie sind L-f\u00f6rmig und werden mit einer Kette vertikal bewegt. Die Gabeln k\u00f6nnen in andere Ausr\u00fcstungen umgewandelt werden, zum Beispiel f\u00fcr den Transport von Kartons, F\u00e4ssern<\/li>\n<li>der Wagen - die Frontplatte des Staplers, die am Mast, an den Gabeln und am Schutzb\u00fcgel des Wagens angebracht ist<\/li>\n<li>der Schutzb\u00fcgel - sch\u00fctzt vor dem Verrutschen der Lasten<\/li>\n<li>der Sicherheitsb\u00fcgel - sch\u00fctzt den Bediener vor herabfallenden Lasten von oben<\/li>\n<li>die Fahrerkabine - f\u00fcr die Bedienung des Fahrzeugs, ein Lenkrad, Pedale, Ausl\u00f6ser, mit denen das gesamte Fahrzeug bedient werden kann. Die Kabine ist offen, aber geschlossen, so dass eine Person im Inneren vor Unf\u00e4llen sicher ist.<\/li>\n<\/ul>\n<p>Je nach Einsatzzweck k\u00f6nnen Gabelstapler auch mit anderen Elementen ausgestattet werden. Angetriebene Stapler haben keine Fahrerkabine, spezielle Stapler k\u00f6nnen einen Ausleger haben, der f\u00fcr die Aufnahme schwerer Lasten auf h\u00f6heren Ebenen ausgelegt ist.<\/p>\n<p>Dar\u00fcber hinaus beinhalten die Gabelstaplerkurse Informationen \u00fcber verschiedene Arten von Gabelstaplern, darunter angetriebene, plattformgesteuerte, stuhlgesteuerte und ferngesteuerte, sowie mit Elektro-, Batterie-, Benzin- und Dieselmotoren betriebene.<\/p><\/div>\n<div class=\"button_styl\" style=\"float:right; padding-left:15px; padding-bottom:8px; margin-bottom:5px;\"><a href=\"https:\/\/platformaedukacji.pl\/login\/signup.php\" rel=\"nofollow\" target=\"_blank\" class=\"myButton myButton_maly\"><font color=\"white\">Anmeldung zur Schulung<\/font><\/a><\/div>","protected":false},"excerpt":{"rendered":"<p>The forklift course includes all necessary information on the operator\u2019s position including the data concerning the construction of typical forklifts- a forklift truck. Forklifts are made of the following construction elements: the truck frame- respectively made of steel the undercarriage- i.e. wheels, usually three or four depending on the model of machine the engine- there are mainly low-compression engines supplied with diesel oil, the electric engine and the battery engine are also popular counterbalance- its main purpose is providing the appropriate load for a vehicle while transporting goods, it has the form of the steel block in the back part the mast- the part placed vertically in the front of the machine which allows to leave it, hoist it or tip the load forks- they are shaped in L letter and moved vertically with a chain. Forks can be changed into other type of equipment, for example adjusted to transport carton boxes, barrels the carriage- the faceplate of the truck which is installed to the mast, forks and the protective bar is installed to the carriage the protective bar- protects against sliding of the loads the safety bar- protects the operator against falling loads from the above the operator\u2019s cabin- designed for operating the vehicle, a steering wheel, pedals, triggers which let operate the whole vehicle. The cabin is open but enclosed which causes that a person inside is safe against accidents. Forklifts can also be equipped with other elements depending on its purpose. Driven trucks do not have the operator\u2019s cabin, specialised trucks can [&hellip;]<\/p>\n","protected":false},"author":1,"featured_media":0,"parent":1603,"menu_order":3,"comment_status":"closed","ping_status":"closed","template":"","meta":{"sfsi_plus_gutenberg_text_before_share":"","sfsi_plus_gutenberg_show_text_before_share":"","sfsi_plus_gutenberg_icon_type":"","sfsi_plus_gutenberg_icon_alignemt":"","sfsi_plus_gutenburg_max_per_row":"","footnotes":""},"class_list":["post-1626","page","type-page","status-publish","hentry","has_thumb"],"aioseo_notices":[],"_links":{"self":[{"href":"https:\/\/kursy-udt.pl\/de\/wp-json\/wp\/v2\/pages\/1626","targetHints":{"allow":["GET"]}}],"collection":[{"href":"https:\/\/kursy-udt.pl\/de\/wp-json\/wp\/v2\/pages"}],"about":[{"href":"https:\/\/kursy-udt.pl\/de\/wp-json\/wp\/v2\/types\/page"}],"author":[{"embeddable":true,"href":"https:\/\/kursy-udt.pl\/de\/wp-json\/wp\/v2\/users\/1"}],"replies":[{"embeddable":true,"href":"https:\/\/kursy-udt.pl\/de\/wp-json\/wp\/v2\/comments?post=1626"}],"version-history":[{"count":4,"href":"https:\/\/kursy-udt.pl\/de\/wp-json\/wp\/v2\/pages\/1626\/revisions"}],"predecessor-version":[{"id":1630,"href":"https:\/\/kursy-udt.pl\/de\/wp-json\/wp\/v2\/pages\/1626\/revisions\/1630"}],"up":[{"embeddable":true,"href":"https:\/\/kursy-udt.pl\/de\/wp-json\/wp\/v2\/pages\/1603"}],"wp:attachment":[{"href":"https:\/\/kursy-udt.pl\/de\/wp-json\/wp\/v2\/media?parent=1626"}],"curies":[{"name":"wp","href":"https:\/\/api.w.org\/{rel}","templated":true}]}}