{"id":1620,"date":"2016-01-22T15:32:44","date_gmt":"2016-01-22T15:32:44","guid":{"rendered":"http:\/\/kursy-udt.pl\/?page_id=1620"},"modified":"2016-01-22T15:35:38","modified_gmt":"2016-01-22T15:35:38","slug":"die-sicherheit","status":"publish","type":"page","link":"https:\/\/kursy-udt.eu\/de\/trainings\/forklift-courses\/the-safety\/","title":{"rendered":"Die Sicherheit des Gabelstaplerbetriebs"},"content":{"rendered":"<div style=\"float:left; padding-right:10px;\"><img decoding=\"async\" src=\"\/wp-content\/uploads\/2014\/08\/mbezp.jpg\" alt=\"\"><\/div>\n<div class=\"wyjustuj\">Der Hauptzweck, der in den Gabelstaplerkurs integriert ist, ist die Kenntnis der entsprechenden Maschinenbedienung auf der Position eines Bedieners. Neben Informationen \u00fcber den Betrieb des Fahrzeugs, dessen Bedienung und den Betrieb der Ladung, erh\u00e4lt jeder Informationen \u00fcber die Sicherheit und den Arbeitsschutz bei der Arbeit. Wenn die Arbeit auf der Stelle auch mit Gabelstaplern zu tun hat, ist der Kurs unerl\u00e4sslich.<\/p>\n<p>Gabelstapler m\u00fcssen, um zugelassen zu werden, bestimmte technische Anforderungen erf\u00fcllen. Die technischen Parameter der Maschine m\u00fcssen auf dem Typenschild angegeben werden, das an jedem Fahrzeug angebracht sein sollte. Zu den notwendigen Informationen geh\u00f6rt auch die Hubkapazit\u00e4tstabelle, die Auskunft \u00fcber die H\u00f6he des Anhebens der Last oder die Art des Aufsetzens der Last auf die Gabeln gibt.<\/p>\n<p>Au\u00dferdem ist f\u00fcr die Bedienung der Maschine eine Gabelstaplerqualifikation erforderlich. Die Bescheinigungen werden vom UDT (Amt f\u00fcr technische \u00dcberwachung) in Warschau ausgestellt. Dar\u00fcber hinaus m\u00fcssen psychotechnische Untersuchungen durchgef\u00fchrt und eine \u00e4rztliche Bescheinigung \u00fcber die Eignung f\u00fcr die betreffende Stelle vorgelegt werden.<\/p>\n<p><strong>Verbotene T\u00e4tigkeiten bei der Benutzung eines Gabelstaplers:<\/strong><\/p>\n<ul>\n<li>Fahren unter Drogen- oder Alkoholeinfluss sowie andere Unp\u00e4sslichkeiten<\/li>\n<li>Nutzung des Fahrzeugs entsprechend seinem Zweck<\/li>\n<li>Maschinen\u00fcberlastung<\/li>\n<li>pl\u00f6tzliches Beschleunigen und Abbremsen und \u00dcberschreiten der zul\u00e4ssigen H\u00f6chstgeschwindigkeit<\/li>\n<li>Menschen auf Gabeln tragen<\/li>\n<li>Befahren von absch\u00fcssigem Gel\u00e4nde im Leerlauf oder bei ausgeschaltetem Antrieb<\/li>\n<li>Verlassen des Fahrzeugs mit eingeschaltetem Motor<\/li>\n<li>Fahren des Fahrzeugs unter Missachtung der Sicherheitsvorschriften<\/li>\n<li>bestriding nipples and slopes which are different than allowed in technical data<\/li>\n<li>Unterfahren oder Stehen unter angehobenen Gabeln<\/li>\n<li>Belassen von Lasten auf angehobenen Gabeln<\/li>\n<li>Bewegen des Mastes beim Wenden des Fahrzeugs<\/li>\n<li>\u00c4nderungen an der Maschine selbst vornehmen<\/li>\n<li>Entsorgung von Sicherheitsabdeckungen<\/li>\n<li>Aufprall eines Fahrzeugs auf andere Gegenst\u00e4nde<\/li>\n<li>Fahren eines Fahrzeugs auf nicht befestigtem Untergrund<\/li>\n<li>Rauchen und Verwendung von offenem Feuer<\/li>\n<li>Arbeiten mit glatten Schuhen und H\u00e4nden<\/li>\n<li>Arbeiten ohne Gabelstaplerqualifikation<\/li>\n<\/ul>\n<\/div>\n<div class=\"button_styl\" style=\"float:right; padding-left:15px; padding-bottom:8px; margin-bottom:5px;\"><a href=\"https:\/\/platformaedukacji.pl\/login\/signup.php\" rel=\"nofollow\" target=\"_blank\" class=\"myButton myButton_maly\"><font color=\"white\">Anmeldung zur Schulung<\/font><\/a><\/div>","protected":false},"excerpt":{"rendered":"<p>The main purpose, which is incorporated into the forklift course, is the knowledge of the appropriate machine operation on the position of an operator. Despite information about the vehicle operation, its operation and load operation, everybody gets information about the safety and industrial safety at work. If the work on the position also involves forklifts, the course is essential. Forklifts, so as to be authorized, must fulfill certain technical requirements. Technical parameters of the machine must be found on the rating plate which should be placed on every vehicle. Additionally, necessary information include the hoisting capacity chart which informs about the height of raising the load or the way of placing the load on forks. Apart from that, to operate the machine, forklift qualifications are necessary. Certificates are delivered by UDT (the Office of Technical Inspection) Warsaw. What is more, apart from them, it is necessary to conduct psychotechnical examinations and hand in the doctor\u2019s certificate of being permitted to do the job on that position. Forbidden activities while using a forklift: operating under the influence of dopes or alcohol as well as other indispositions using the vehicle according to its purpose machine overload sudden accelerating and braking and driving exceeding the speed limit carrying people on forks driving down slanted grounds on neutral gear or with switched off drive leaving the vehicle with the engine on driving the vehicle incompatibly to the safety rules bestriding nipples and slopes which are different than allowed in technical data going under or standing under raised forks leaving [&hellip;]<\/p>\n","protected":false},"author":1,"featured_media":0,"parent":1603,"menu_order":2,"comment_status":"closed","ping_status":"closed","template":"","meta":{"sfsi_plus_gutenberg_text_before_share":"","sfsi_plus_gutenberg_show_text_before_share":"","sfsi_plus_gutenberg_icon_type":"","sfsi_plus_gutenberg_icon_alignemt":"","sfsi_plus_gutenburg_max_per_row":"","footnotes":""},"class_list":["post-1620","page","type-page","status-publish","hentry","has_thumb"],"aioseo_notices":[],"_links":{"self":[{"href":"https:\/\/kursy-udt.pl\/de\/wp-json\/wp\/v2\/pages\/1620","targetHints":{"allow":["GET"]}}],"collection":[{"href":"https:\/\/kursy-udt.pl\/de\/wp-json\/wp\/v2\/pages"}],"about":[{"href":"https:\/\/kursy-udt.pl\/de\/wp-json\/wp\/v2\/types\/page"}],"author":[{"embeddable":true,"href":"https:\/\/kursy-udt.pl\/de\/wp-json\/wp\/v2\/users\/1"}],"replies":[{"embeddable":true,"href":"https:\/\/kursy-udt.pl\/de\/wp-json\/wp\/v2\/comments?post=1620"}],"version-history":[{"count":4,"href":"https:\/\/kursy-udt.pl\/de\/wp-json\/wp\/v2\/pages\/1620\/revisions"}],"predecessor-version":[{"id":1624,"href":"https:\/\/kursy-udt.pl\/de\/wp-json\/wp\/v2\/pages\/1620\/revisions\/1624"}],"up":[{"embeddable":true,"href":"https:\/\/kursy-udt.pl\/de\/wp-json\/wp\/v2\/pages\/1603"}],"wp:attachment":[{"href":"https:\/\/kursy-udt.pl\/de\/wp-json\/wp\/v2\/media?parent=1620"}],"curies":[{"name":"wp","href":"https:\/\/api.w.org\/{rel}","templated":true}]}}