{"id":1615,"date":"2016-01-22T15:30:29","date_gmt":"2016-01-22T15:30:29","guid":{"rendered":"http:\/\/kursy-udt.pl\/?page_id=1615"},"modified":"2016-01-22T15:31:18","modified_gmt":"2016-01-22T15:31:18","slug":"bedienung-der-last-auf-dem-gabelstapler","status":"publish","type":"page","link":"https:\/\/kursy-udt.eu\/de\/trainings\/forklift-courses\/operating-the-load-on-the-forklift\/","title":{"rendered":"Bedienung der Last auf dem Gabelstapler"},"content":{"rendered":"<div style=\"float:left; padding-right:10px;\"><img decoding=\"async\" src=\"\/wp-content\/uploads\/2014\/08\/4.jpg\" alt=\"\"><\/div>\n<div class=\"wyjustuj\">Bei der Bedienung des Gabelstaplers sind drei Hauptbewegungen erforderlich (die im Kurs gelehrt werden): das Anheben und Absenken der Gabeln, das Kippen des Mastes des Gabelstaplers zu Ihnen hin und umgekehrt und das Verschieben des Wagens mit dem Gabelstapler zur Seite. Bei einigen Modellen k\u00f6nnen Sie auch die Anordnung der Gabeln und den Abstand zwischen ihnen steuern, was als Positionierung bezeichnet wird.<\/p>\n<p>Der Staplerfahrerkurs lehrt die sachgerechte Bedienung der Maschine sowie den Umgang mit Lasten. Der Teilnehmer kann eine Gabelstaplerqualifikation erwerben. Eines der Schl\u00fcsselelemente der Ausbildung ist das Erlernen des Be- und Entladens von Paletten, das zu den Aufgaben des Bedieners geh\u00f6rt.<\/p>\n<p>Die richtige Beladung des Gabelstaplers bedeutet, dass die Palette auf geraden Gabeln platziert wird - sie m\u00fcssen parallel zum Boden stehen. Nachdem die Last in die richtige Position gebracht wurde, wird sie um 30 Zentimeter angehoben und mit Hilfe des Mastes in Richtung des Maschinenf\u00fchrers geneigt. Der n\u00e4chste Schritt ist die Ann\u00e4herung an den Ort, an dem die Last platziert werden kann, das Anheben der Palette auf die vorgegebene H\u00f6he, das Aufrichten des Mastes und das Absenken der Gabeln, um von unterhalb der Palette zur\u00fcckzufahren und schlie\u00dflich das Absenken der Gabeln auf das vorgegebene Niveau. Die entsprechende Entladung bedeutet, dass der Vorgang in umgekehrter Reihenfolge durchgef\u00fchrt wird.<\/p>\n<p>Beim Be- und Entladen sollten Sie die Regeln f\u00fcr das richtige Man\u00f6vrieren der Maschine beachten. Es ist verboten, zu schnell zu fahren, insbesondere mit schweren Lasten, da dies zum Umkippen des Staplers f\u00fchren kann und eine Gefahr f\u00fcr den Fahrer und seine Umgebung darstellt. Daher vermittelt Ihnen der Gabelstaplerkurs wichtige Informationen zu Sicherheitsfragen und zur Arbeitssicherheit in der Position des Bedieners.<\/p>\n<p>Jeder Gabelstaplerkurs vermittelt Ihnen in der Theorie und in der Praxis, die Teil der Pr\u00fcfung ist, wie Sie Waren sachgerecht auf- und abladen. Auf dieser Grundlage werden die UDT-Qualifikationen erteilt, die f\u00fcr die Arbeit an allen Arten von Maschinen unerl\u00e4sslich sind.<\/p><\/div>\n<div class=\"button_styl\" style=\"float:right; padding-left:15px; padding-bottom:8px; margin-bottom:5px;\"><a href=\"https:\/\/platformaedukacji.pl\/login\/signup.php\" rel=\"nofollow\" target=\"_blank\" class=\"myButton myButton_maly\"><font color=\"white\">Anmeldung zur Schulung<\/font><\/a><\/div>","protected":false},"excerpt":{"rendered":"<p>Operating the forklift means using three main movements (that is taught on the course)- it is the movement of raising and bringing down forks, then the movement of tipping the mast of the forklift towards you and the other way round and the movement of shifting the carriage with forklifts aside. In case of some models, you can also control the allocation of forks and the distance between them, which is so called positioning. The forkllift operator\u2019s course teaches the appropriate machine operation as well as load operation. The participant can obtain forklift qualifications. One of key elements of the training is learning loading and unloading pallets which is the operator\u2019s job. The appropriate load on the forklift means placing it on the pallet on straight forks- they must be placed parallel to the ground. Next, after placing the load in the suitable position, it is raised at 30 centimetres altitude and meanwhile, it is leaned towards the machine operator using the mast. The next step is approaching the place where the load can be placed, raise the pallet at the given altitude, straightening the mast and lowering forks to move back from below the pallet and in the end, bringing down forks to the given level. The appropriate unload means doing the operation the other way round. Doing the load and unload, you should remember about rules of the appropriate machine manoeuvring. It is forbidden to move too fast, especially with heavy loads which can cause tipping the truck over and the danger for [&hellip;]<\/p>\n","protected":false},"author":1,"featured_media":0,"parent":1603,"menu_order":1,"comment_status":"closed","ping_status":"closed","template":"","meta":{"sfsi_plus_gutenberg_text_before_share":"","sfsi_plus_gutenberg_show_text_before_share":"","sfsi_plus_gutenberg_icon_type":"","sfsi_plus_gutenberg_icon_alignemt":"","sfsi_plus_gutenburg_max_per_row":"","footnotes":""},"class_list":["post-1615","page","type-page","status-publish","hentry","has_thumb"],"aioseo_notices":[],"_links":{"self":[{"href":"https:\/\/kursy-udt.pl\/de\/wp-json\/wp\/v2\/pages\/1615","targetHints":{"allow":["GET"]}}],"collection":[{"href":"https:\/\/kursy-udt.pl\/de\/wp-json\/wp\/v2\/pages"}],"about":[{"href":"https:\/\/kursy-udt.pl\/de\/wp-json\/wp\/v2\/types\/page"}],"author":[{"embeddable":true,"href":"https:\/\/kursy-udt.pl\/de\/wp-json\/wp\/v2\/users\/1"}],"replies":[{"embeddable":true,"href":"https:\/\/kursy-udt.pl\/de\/wp-json\/wp\/v2\/comments?post=1615"}],"version-history":[{"count":3,"href":"https:\/\/kursy-udt.pl\/de\/wp-json\/wp\/v2\/pages\/1615\/revisions"}],"predecessor-version":[{"id":1618,"href":"https:\/\/kursy-udt.pl\/de\/wp-json\/wp\/v2\/pages\/1615\/revisions\/1618"}],"up":[{"embeddable":true,"href":"https:\/\/kursy-udt.pl\/de\/wp-json\/wp\/v2\/pages\/1603"}],"wp:attachment":[{"href":"https:\/\/kursy-udt.pl\/de\/wp-json\/wp\/v2\/media?parent=1615"}],"curies":[{"name":"wp","href":"https:\/\/api.w.org\/{rel}","templated":true}]}}