{"id":1609,"date":"2016-01-22T15:28:01","date_gmt":"2016-01-22T15:28:01","guid":{"rendered":"http:\/\/kursy-udt.pl\/?page_id=1609"},"modified":"2016-01-22T15:29:30","modified_gmt":"2016-01-22T15:29:30","slug":"gabelstaplerbetrieb","status":"publish","type":"page","link":"https:\/\/kursy-udt.eu\/de\/trainings\/forklift-courses\/forklifts-operation\/","title":{"rendered":"Betrieb von Gabelstaplern"},"content":{"rendered":"<div style=\"float:left; padding-right:10px;\"><img decoding=\"async\" src=\"\/wp-content\/uploads\/2014\/08\/mster.jpg\" alt=\"\"><\/div>\n<div class=\"wyjustuj\">Gabelstapler werden h\u00e4ufig in Lagern, Logistikzentren, gro\u00dfen Gesch\u00e4ften, Industriehallen oder Hallen eingesetzt. Sie erm\u00f6glichen es, auf Paletten befindliche Lasten zu bewegen, und sie erlauben es, die Arbeit schneller zu erledigen und die Sicherheit zu verbessern. F\u00fcr die Bedienung des Ger\u00e4ts ist der Gabelstaplerkurs unerl\u00e4sslich, da der Teilnehmer w\u00e4hrend dieses Kurses die notwendigen theoretischen Informationen und die Praxis auf dem Fahrerplatz erh\u00e4lt.<\/p>\n<p>Die Bedienung eines Gabelstaplers beruht auf der Bewegung des Fahrzeugs und zus\u00e4tzlich auf dem Hubger\u00fcst und den Gabeln, die f\u00fcr das Heben und Absetzen von Lasten zust\u00e4ndig sind. Die Bedienung ist vergleichbar mit dem Fahren eines Autos. Das Lenkrad sowie die Bremsen und das Gaspedal werden benutzt. Einige Modelle sind zus\u00e4tzlich mit einer Kupplung ausgestattet. Die meisten Fahrzeuge haben zwei G\u00e4nge - einen langsameren und einen schnelleren, und sie k\u00f6nnen vorw\u00e4rts und r\u00fcckw\u00e4rts fahren.<\/p>\n<p>Gabelstapler sind wendige Maschinen und haben einen geringen Verdrehungswinkel, was dazu f\u00fchrt, dass sie sich leicht zwischen Staplern und in engen Bereichen bewegen lassen. Die Man\u00f6ver sind pr\u00e4zise, aber aufgrund des Gewichts der Maschine m\u00fcssen die Fahrzeuge vorsichtig bedient werden. Bei maximaler Belastung sind sie der Gefahr des Herunterfallens ausgesetzt. Es ist verboten, mit hoher Geschwindigkeit und unter Volllast zu man\u00f6vrieren. Die sachgem\u00e4\u00dfe Bedienung der Maschine wird in der<u>Gabelstaplerkurs<\/u>die die Teilnehmer mit den korrekten Vorschriften f\u00fcr den Betrieb der Maschine vertraut macht.<\/p>\n<p>Um die Qualifikation f\u00fcr Gabelstapler zu erhalten, die vom UDT (Amt f\u00fcr Technische \u00dcberwachung) Warschau nach Abschluss unserer Kurse im Zentrum f\u00fcr Personalschulung ERGON oder \u00fcber andere Einheiten erworben wird, ist es notwendig, eine praktische Pr\u00fcfung abzulegen. W\u00e4hrend dieser Pr\u00fcfung sollten Sie korrekte Man\u00f6ver mit und ohne Last durchf\u00fchren. Der abgeschlossene Gabelstaplerfahrerlehrgang qualifiziert Sie f\u00fcr diese T\u00e4tigkeit. Die vom Technischen \u00dcberwachungsverein (UDT) erworbenen Qualifikationen sind unbefristet g\u00fcltig und berechtigen Sie zur Arbeit im Ausland.<\/p><\/div>\n<div class=\"button_styl\" style=\"float:right; padding-left:15px; padding-bottom:8px; margin-bottom:5px;\"><a href=\"https:\/\/platformaedukacji.pl\/login\/signup.php\" rel=\"nofollow\" target=\"_blank\" class=\"myButton myButton_maly\"><font color=\"white\">Anmeldung zur Schulung<\/font><\/a><\/div>","protected":false},"excerpt":{"rendered":"<p>Forklifts are widely used in warehouses, logistic centres, large shops, industrial floors or halls. They make it possible to move loads which are on pallets and they allow to do the job faster and improve the safety. To operate the equipment, the forklift course is essential because during it, the participant obtains necessary theoretical information and practice on the operator\u2019s position. Forklift operation relies on operating the movement of the vehicle and additionally, the mast and the forks which are responsible for lifting and bringing down loads. Operating it is analogous to driving a car. The steering wheel as well as brakes and an accelerator are used. Some models are additionally equipped with the clutch. Most vehicles have two gears- slower and faster and it can move forwards and backwards. Forklifts are maneuverable machines and they have a small angle of twist which causes they are easy to operate between stillages and in narrow areas. Manoeuvres are precise but because of the machine weight, vehicles must be operated carefully. At the maximum load, they are exposed to falling down. It is forbidden to do maneuvers at high speed and full load. The appropriate operation of the machine is taught on theforklift course, which makes participant know correct regulations of the machine operation. To get forklift qualifications which are obtained from UDT (the Office of Technical Inspection) Warsaw after completing our classes at the Centre for Staff Training ERGON or via other units, it is necessary to take a practical exam. During this exam, you should [&hellip;]<\/p>\n","protected":false},"author":1,"featured_media":0,"parent":1603,"menu_order":0,"comment_status":"closed","ping_status":"closed","template":"","meta":{"sfsi_plus_gutenberg_text_before_share":"","sfsi_plus_gutenberg_show_text_before_share":"","sfsi_plus_gutenberg_icon_type":"","sfsi_plus_gutenberg_icon_alignemt":"","sfsi_plus_gutenburg_max_per_row":"","footnotes":""},"class_list":["post-1609","page","type-page","status-publish","hentry","has_thumb"],"aioseo_notices":[],"_links":{"self":[{"href":"https:\/\/kursy-udt.pl\/de\/wp-json\/wp\/v2\/pages\/1609","targetHints":{"allow":["GET"]}}],"collection":[{"href":"https:\/\/kursy-udt.pl\/de\/wp-json\/wp\/v2\/pages"}],"about":[{"href":"https:\/\/kursy-udt.pl\/de\/wp-json\/wp\/v2\/types\/page"}],"author":[{"embeddable":true,"href":"https:\/\/kursy-udt.pl\/de\/wp-json\/wp\/v2\/users\/1"}],"replies":[{"embeddable":true,"href":"https:\/\/kursy-udt.pl\/de\/wp-json\/wp\/v2\/comments?post=1609"}],"version-history":[{"count":3,"href":"https:\/\/kursy-udt.pl\/de\/wp-json\/wp\/v2\/pages\/1609\/revisions"}],"predecessor-version":[{"id":1612,"href":"https:\/\/kursy-udt.pl\/de\/wp-json\/wp\/v2\/pages\/1609\/revisions\/1612"}],"up":[{"embeddable":true,"href":"https:\/\/kursy-udt.pl\/de\/wp-json\/wp\/v2\/pages\/1603"}],"wp:attachment":[{"href":"https:\/\/kursy-udt.pl\/de\/wp-json\/wp\/v2\/media?parent=1609"}],"curies":[{"name":"wp","href":"https:\/\/api.w.org\/{rel}","templated":true}]}}