{"id":1603,"date":"2016-01-22T15:23:04","date_gmt":"2016-01-22T15:23:04","guid":{"rendered":"http:\/\/kursy-udt.pl\/?page_id=1603"},"modified":"2016-01-23T16:12:34","modified_gmt":"2016-01-23T16:12:34","slug":"gabelstaplerkurse","status":"publish","type":"page","link":"https:\/\/kursy-udt.eu\/de\/trainings\/forklift-courses\/","title":{"rendered":"Gabelstapler-Kurse"},"content":{"rendered":"<div style=\"float:left; padding-right:10px;\"><img decoding=\"async\" src=\"\/wp-content\/uploads\/2014\/03\/wozki-widlowe-4.jpeg\" alt=\"Gabelstapler - Fotografie\"><\/div>\n<div class=\"wyjustuj\">Das Zentrum f\u00fcr Personalschulung ERGON hat eine breite Palette von Schulungen vorbereitet - wir laden Sie zu einem Gabelstaplerkurs (Warschau und ganz Polen) ein, einschlie\u00dflich eines Kurses f\u00fcr den Bediener von Gabelstaplern. Dank dieses Kurses k\u00f6nnen Sie alle wichtigen Informationen zur Maschinenbedienung erfahren. Unsere Gabelstaplerkurse werden von erfahrenen Ausbildern und Dozenten geleitet, und da wir den Schwerpunkt auf die Wirkung legen, wird der Erwerb der UDT-Qualifikation nur noch eine Formalit\u00e4t sein. Da Gabelstapler heutzutage in vielen Berufen eingesetzt werden, sind solche Kurse eine gute Investition, die sich sowohl f\u00fcr den Arbeitnehmer als auch f\u00fcr den Arbeitgeber auszahlt. Wir laden auch Personen ein, die sich individuell in unseren Gabelstaplerkursen weiterbilden m\u00f6chten.<\/p>\n<p>Jede Gabelstaplerschulung in unserem Zentrum ist umfangreich und besteht aus Theorie und Praxis. In den Kursen werden theoretische Fragen im Zusammenhang mit der Konstruktion und dem Betrieb der Maschine w\u00e4hrend der Arbeit er\u00f6rtert und praktische Kurse durchgef\u00fchrt, in denen die Teilnehmer das richtige Verhalten der Gabelstapler gem\u00e4\u00df den Vorschriften der EHS und des Technischen \u00dcberwachungsvereins lernen. Wir bereiten die Teilnehmer unserer Kurse umfassend auf die Erlangung der UDT-Qualifikation (Amt f\u00fcr technische \u00dcberwachung) vor.<br \/>\n<strong>Arten von Qualifikationen:<\/strong><br \/>\nNach den Vorschriften des Technischen \u00dcberwachungsvereins (UDT) gibt es drei Kategorien von Qualifikationen f\u00fcr den Betrieb von Gabelstaplern:<\/p>\n<p><u>I WJO auf Gabelstaplern, auch auf Spezialstaplern: mit einem Bediener, der mit der Last angehoben ist, und mit einem auswechselbaren Ausleger<\/u><br \/>\n<img decoding=\"async\" style=\"float:left; margin-right:20px;\" src=\"\/wp-content\/uploads\/2014\/03\/wozki-jezdniowe-podnosnikowe-1.jpeg\" alt=\"Gabelstapler\"><img decoding=\"async\" style=\"float:left; margin-right:20px;\" src=\"\/wp-content\/uploads\/2014\/03\/wozek-widlowy-p1.jpeg\" alt=\"I WJO f\u00fcr Gabelstapler\"><img decoding=\"async\" src=\"\/wp-content\/uploads\/2014\/03\/wozki-widlowe-1.jpeg\" alt=\"Teleskoplader - Gabelstapler mit variabler Reichweite\"><\/p>\n<p><u>II WJO auf Motorstaplern (ohne Spezialmaschinen)<\/u><br \/>\n<img decoding=\"async\" style=\"float:left; margin-right:20px;\" src=\"\/wp-content\/uploads\/2014\/03\/wozek-widlowy-d1.jpeg\" alt=\"\"><img decoding=\"async\" style=\"float:left; margin-right:20px;\" src=\"\/wp-content\/uploads\/2014\/03\/wozki-widlowe-4.jpeg\" alt=\"\"><img decoding=\"async\" src=\"\/wp-content\/uploads\/2014\/03\/wozek-widlowy-d2.jpeg\" alt=\"\"><\/p>\n<p><u>III WJO auf angetriebenen und ferngesteuerten Kraftstaplern <\/u><br \/>\n<img decoding=\"async\" style=\"float:left; margin-right:20px;\" src=\"\/wp-content\/uploads\/2014\/03\/wozek-widlowy-t1.jpeg\" alt=\"\"><img decoding=\"async\" style=\"float:left; margin-right:20px;\" src=\"\/wp-content\/uploads\/2014\/03\/wozek-widlowy-t2.jpeg\" alt=\"\"><img decoding=\"async\" src=\"\/wp-content\/uploads\/2014\/03\/wozek-widlowy-t3.jpeg\" alt=\"\"><\/p>\n<p><strong>Der Einsatz von Maschinen<\/strong><br \/>\nGabelstapler oder <span class=\"linkwartykule\"><a href=\"\/de\/ausbildungen\/ausbildung-auf-mobilen-hubarbeitsbuhnen\/\">Gabelstapler<\/a> sind mechanische Fahrzeuge, die mit dem Motorantrieb oder dem Motor ausgestattet sind. Dank ihm k\u00f6nnen sie sich auf einer l\u00e4ngeren Strecke bewegen. Maschinen helfen beim leichten und schweren Be- und Entladen von Holzpaletten in Lagerh\u00e4usern, Gesch\u00e4ften, H\u00e4fen und Produktionshallen.<\/p>\n<p>Es sind viele Gabelstapler im Einsatz. Je nach Verwendungszweck werden sie unterteilt in: Zugstapler, Gabelhubwagen, Schubmaststapler, Stapler und Spezialstapler. Hinsichtlich des Antriebs werden Gabelstapler in angetriebene, plattformgesteuerte, ferngesteuerte und mit Sesseln ausgestattete Stapler eingeteilt. Die Bedienung des Gabelstaplers \u00e4hnelt dem Fahren eines Autos, da die Maschine \u00fcber ein Lenkrad, Bremsen und ein Gaspedal verf\u00fcgt. Zum F\u00fchren dieser Maschinen ben\u00f6tigen Sie eine Gabelstaplerqualifikation, die Sie gem\u00e4\u00df den Vorschriften des Technischen \u00dcberwachungsvereins erworben haben.<\/p>\n<p><strong>Der Gabelstaplerkurs - das Ziel der Ausbildung<\/strong><br \/>\nGabelstaplerkurse richten sich an Personen, die \u00fcber 18 Jahre alt sind und mindestens \u00fcber eine Grundschulausbildung verf\u00fcgen oder eine \u00e4rztliche Untersuchung absolviert und ein \u00e4rztliches Attest erhalten haben, das sie zur Aus\u00fcbung des Berufs des Gabelstaplers berechtigt.<\/p>\n<p>Dank der Schulungen k\u00f6nnen Sie sich das n\u00f6tige Wissen und die F\u00e4higkeiten aneignen, um die Pr\u00fcfung abzulegen. Maschinen werden in immer mehr Unternehmen eingesetzt. Operationskurse sind eine gute Investition in Ihre Zukunft. Es lohnt sich, den Umgang mit dem Gabelstapler im ERGON- UDT-Zentrum zu erlernen, denn die Qualifikationen lassen sich dort leicht erwerben.<\/p>\n<p>Wir laden Sie ein, unser komplettes Angebot kennen zu lernen!<br \/>\nODK (das Zentrum f\u00fcr Personalausbildung) ERGON Warschau<\/p><\/div>\n<div class=\"button_styl\" style=\"float:right; padding-left:15px; padding-bottom:8px; margin-bottom:5px;\"><a href=\"https:\/\/platformaedukacji.pl\/login\/signup.php\" rel=\"nofollow\" target=\"_blank\" class=\"myButton myButton_maly\"><font color=\"white\">Anmeldung zur Schulung<\/font><\/a><\/div>\n<div style=\"padding-top:70px;\">\n<h2>Weitere Informationen:<\/h2>\n<div style=\"text-align:center; font-size:85%; line-height:120%;\">\n<div style=\"float:left; margin-right:40px; height:290px;\">\n<a href=\"\/de\/ausbildungen\/gabelstaplerkurse\/gabelstaplerbetrieb\/\"><img decoding=\"async\" src=\"\/wp-content\/uploads\/2014\/08\/ster.jpg\" alt=\"\"><\/a><br \/>\n<a href=\"\/de\/ausbildungen\/gabelstaplerkurse\/gabelstaplerbetrieb\/\"><font color=\"black\"><\/p>\n<div style=\"width:300px; font-size:130%;\"><strong>Betrieb von Gabelstaplern<\/strong><br \/>Richtige Kontrolltechniken<\/div>\n<p><\/font><\/a>\n<\/div>\n<div style=\"float:left; margin-right:40px; height:290px;\">\n<a href=\"\/de\/ausbildungen\/gabelstaplerkurse\/bedienung-der-last-auf-dem-gabelstapler\/\"><img decoding=\"async\" src=\"\/wp-content\/uploads\/2014\/08\/oper.jpg\" alt=\"\"><\/a><br \/>\n<a href=\"\/de\/ausbildungen\/gabelstaplerkurse\/bedienung-der-last-auf-dem-gabelstapler\/\"><font color=\"black\"><\/p>\n<div style=\"width:300px; font-size:130%;\"><strong>Bedienung der Last auf dem Gabelstapler<\/strong><br \/>Bedienung eines beladenen Gabelstaplers<\/div>\n<p><\/font><\/a>\n<\/div>\n<\/div>\n<div style=\"clear:both;\"><\/div>\n<div style=\"text-align:center; font-size:85%; line-height:120%;\">\n<div style=\"float:left; margin-right:40px; height:290px;\">\n<a href=\"\/de\/ausbildungen\/gabelstaplerkurse\/die-sicherheit\/\"><img decoding=\"async\" src=\"\/wp-content\/uploads\/2014\/08\/bezp.jpg\" alt=\"\"><\/a><br \/>\n<a href=\"\/de\/ausbildungen\/gabelstaplerkurse\/die-sicherheit\/\"><font color=\"black\"><\/p>\n<div style=\"width:300px; font-size:130%;\"><strong>Die Sicherheit des Gabelstaplerbetriebs<\/strong><br \/>Grunds\u00e4tze der sicheren Handhabung<\/div>\n<p><\/font><\/a>\n<\/div>\n<div style=\"float:left; margin-right:40px; height:290px;\">\n<a href=\"\/de\/ausbildungen\/gabelstaplerkurse\/konstruktion\/\"><img decoding=\"async\" src=\"\/wp-content\/uploads\/2014\/08\/bud.jpg\" alt=\"\"><\/a><br \/>\n<a href=\"\/de\/ausbildungen\/gabelstaplerkurse\/konstruktion\/\"><font color=\"black\"><\/p>\n<div style=\"width:300px; font-size:130%;\"><strong>Die Konstruktion von Gabelstaplern<\/strong><br \/>Wissensbasis Bauwesen<\/div>\n<p><\/font><\/a>\n<\/div>\n<\/div>\n<\/div>","protected":false},"excerpt":{"rendered":"<p>The Centre for Staff Training ERGON has prepared wide range of trainings- we invite you for the forklift course ( Warsaw and all over Poland) including the course for the operator of forklifts. Thanks to this course, you can come across all most important information about machine operation. Our forklift courses are run by experienced instructors and lecturers and thanks to us putting the emphasis on effects, obtaining UDT (the Office of Technical Inspection) qualifications will become only a formality. Nowadays, as forklifts are used in many jobs, such courses are a good investment which pays back both to the employee and the employer. We also invite people who want to train individually on our forklift truck courses. Every forklift training run by our centre is extensive and consists of theory and practice. During courses, we discuss theoretical issues connected with the construction and operation of the machine while working as well as we run practical classes which teach participants the appropriate forklift maneuvering according to EHS and the Office of Technical Inspection regulations. We comprehensively prepare participants of our courses to obtain UDT (the Office of Technical Inspection) qualifications. Types of qualifications: According to UDT (the Office of Technical Inspection) regulations, there are three categories of qualifications while operating the power-lift truck: I WJO on power-lift trucks including specialised ones: with an operator raised with the load and with the changeable extension arm II WJO on power-lift trucks (without specialised machines) III WJO on driven and remote controlled power-lift trucks The use of machines [&hellip;]<\/p>\n","protected":false},"author":1,"featured_media":0,"parent":1522,"menu_order":8,"comment_status":"closed","ping_status":"closed","template":"","meta":{"sfsi_plus_gutenberg_text_before_share":"","sfsi_plus_gutenberg_show_text_before_share":"","sfsi_plus_gutenberg_icon_type":"","sfsi_plus_gutenberg_icon_alignemt":"","sfsi_plus_gutenburg_max_per_row":"","footnotes":""},"class_list":["post-1603","page","type-page","status-publish","hentry","has_thumb"],"aioseo_notices":[],"_links":{"self":[{"href":"https:\/\/kursy-udt.pl\/de\/wp-json\/wp\/v2\/pages\/1603","targetHints":{"allow":["GET"]}}],"collection":[{"href":"https:\/\/kursy-udt.pl\/de\/wp-json\/wp\/v2\/pages"}],"about":[{"href":"https:\/\/kursy-udt.pl\/de\/wp-json\/wp\/v2\/types\/page"}],"author":[{"embeddable":true,"href":"https:\/\/kursy-udt.pl\/de\/wp-json\/wp\/v2\/users\/1"}],"replies":[{"embeddable":true,"href":"https:\/\/kursy-udt.pl\/de\/wp-json\/wp\/v2\/comments?post=1603"}],"version-history":[{"count":6,"href":"https:\/\/kursy-udt.pl\/de\/wp-json\/wp\/v2\/pages\/1603\/revisions"}],"predecessor-version":[{"id":1802,"href":"https:\/\/kursy-udt.pl\/de\/wp-json\/wp\/v2\/pages\/1603\/revisions\/1802"}],"up":[{"embeddable":true,"href":"https:\/\/kursy-udt.pl\/de\/wp-json\/wp\/v2\/pages\/1522"}],"wp:attachment":[{"href":"https:\/\/kursy-udt.pl\/de\/wp-json\/wp\/v2\/media?parent=1603"}],"curies":[{"name":"wp","href":"https:\/\/api.w.org\/{rel}","templated":true}]}}