{"id":1595,"date":"2016-01-22T15:15:19","date_gmt":"2016-01-22T15:15:19","guid":{"rendered":"http:\/\/kursy-udt.pl\/?page_id=1595"},"modified":"2016-01-22T15:17:27","modified_gmt":"2016-01-22T15:17:27","slug":"nach-getaner-arbeit","status":"publish","type":"page","link":"https:\/\/kursy-udt.eu\/de\/trainings\/gantry-course\/after-finishing-work\/","title":{"rendered":"Nach Abschluss der Arbeiten"},"content":{"rendered":"<div style=\"float: left; padding-right: 10px;\"><img decoding=\"async\" alt=\"\" src=\"\/wp-content\/uploads\/2014\/08\/po-pracy_m.jpg\" \/><\/div>\n<h3>T\u00e4tigkeiten nach Abschluss der Arbeiten an einem Portal<\/h3>\n<p>Die Arbeit an einem Portal erfordert eine korrekte Arbeitsvorbereitung und die richtige Bedienung der Maschine w\u00e4hrend des Transports, aber auch jeder Arbeiter, der \u00fcber eine Portalqualifikation verf\u00fcgt, muss wissen, welche T\u00e4tigkeiten nach Beendigung der Arbeit zu erledigen sind.<\/p>\n<p>Alle nachstehend aufgef\u00fchrten T\u00e4tigkeiten m\u00fcssen von jedem Arbeitnehmer nach jeder Arbeitsschicht durchgef\u00fchrt werden. Ihre Nichtbeachtung kann die Ursache f\u00fcr schwere Arbeitsunf\u00e4lle sein. Die Einhaltung der EHS-Regeln f\u00fcr die Position des Portals ist von wesentlicher Bedeutung, da das Ger\u00e4t in Anbetracht seiner Abmessungen und des Gewichts der Hebeg\u00fcter eine gro\u00dfe Gefahr am Arbeitsplatz darstellt.<\/p>\n<p><strong>Wichtigste T\u00e4tigkeiten nach Beendigung der Arbeit:<\/strong><\/p>\n<ul>\n<li>\u00dcberpr\u00fcfung, ob sich auf der Maschine, die f\u00fcr den Warentransport verwendet wird, keine Waren mehr befinden - falls doch, sollten sie abgenommen und an einem geeigneten Ort gem\u00e4\u00df den Vorschriften abgelegt werden<\/li>\n<li>Sie sollten die Lastmaschine auf die angegebene H\u00f6he heben, damit sie die Bewegung unter den Arbeitern und Fahrzeugen nicht st\u00f6rt - meistens ist es die H\u00f6he von ungef\u00e4hr 2,5 Metern, aber sie wird individuell je nach dem Typ der Maschine und dem Arbeitsplatz bestimmt<\/li>\n<li>Sie sollten die Maschine in ihre Ruhestellung bringen, damit sie andere Arbeiten am Arbeitsplatz nicht st\u00f6rt.<\/li>\n<li>sollten Sie den STOPP-Notknopf dr\u00fccken<\/li>\n<li>sollten Sie alle Steuerger\u00e4te, die sich auf dem Bedienfeld befinden, abschalten<\/li>\n<li>schalten Sie die Stromzufuhr der Maschine mit dem Hauptschalter aus<\/li>\n<li>Sie sollten f\u00fcr Windschutzbremsen sorgen, wenn die Maschine nicht damit ausgestattet ist.<\/li>\n<li>Wenn die Maschine mit einem Elektromagneten ausgestattet ist, sollte sie auf den Boden gestellt werden.<\/li>\n<li>vor dem Verlassen des Arbeitsplatzes sollten Sie die Maschine mit Ihren Augen kontrollieren und auf mechanische Sch\u00e4den oder austretende Betriebsfl\u00fcssigkeit achten<\/li>\n<li>Sie sollten die Maschine vor Personen sch\u00fctzen, die sie zuf\u00e4llig benutzen k\u00f6nnten.<\/li>\n<li>Wenn Sie M\u00e4ngel beim Betrieb der Maschine feststellen, sollten Sie Ihren Arbeitgeber und andere Bediener unverz\u00fcglich informieren, sofern dies m\u00f6glich ist.<\/li>\n<li>am Ende der Schicht sollten Sie das Betriebsbuch unterschreiben, was bedeutet, dass Sie die Maschine weitergeben<\/li>\n<\/ul>\n<p>Denken Sie daran, dass der Kranf\u00fchrer bei der \u00dcbernahme des Portals durch die n\u00e4chste Schicht das Portal an einen anderen Kranf\u00fchrer weitergeben muss. Wenn dies nicht m\u00f6glich ist, muss der Kranf\u00fchrer die Arbeit verlassen, nachdem er die Erlaubnis des direkten Vorgesetzten eingeholt hat.<\/p>\n<p>Wenn Sie sich f\u00fcr einen Portalkurs in unserem Zentrum f\u00fcr Personalschulung ERGON entscheiden, erhalten Sie alle wichtigen Informationen zur Bedienung der vorgestellten Maschinen. Unsere Ausbilder vermitteln Ihnen nicht nur theoretische Kenntnisse, sondern \u00fcberpr\u00fcfen diese auch in den praktischen Kursen, die zum Erlernen des Umgangs mit der Maschine organisiert werden. W\u00e4hrend dieser \u00dcbungen k\u00f6nnen Sie alle Verfahren kennenlernen, die vor Beginn, w\u00e4hrend und nach Beendigung der Arbeit durchgef\u00fchrt werden m\u00fcssen. Wir laden Sie ein!<\/p>","protected":false},"excerpt":{"rendered":"<p>Activities after finishing work on a gantry Working on a gantry involves correct task- preparation and the appropriate operation of the machine while transport, but also every worker who has gantry qualifications must know which activities are to be done after finishing work. All of the following activities must be done by every operator after every Shift of work. Ignoring them can be the cause of serious accidents at work. Abiding EHS rules on the gantry position is essential because the equipment causes great danger at workplace if taking into consideration its dimensions and weight of hoist goods. Most important activities after finishing work: checking if there are no goods left on the machine used for the transport of goods- if so, they should be taken off and placed in an appropriate place according to regulations you should lift up the load machine on indicated height so as it does not disturb moving below workers, vehicles- mostly, it is the height of approximately 2.5 metres, but it is individually determined according to the type of the machine and the workplace you should place the machine in its stop position so as it does not disturb other jobs at the workplace you should Press the emergency STOP button you should cut off all control units which are on the control panel you should switch off the power supply of the machine using the main off switch you should provide for wind protector brakes if the machine is not equipped with them if the machine is equipped [&hellip;]<\/p>\n","protected":false},"author":1,"featured_media":0,"parent":1561,"menu_order":8,"comment_status":"closed","ping_status":"closed","template":"","meta":{"sfsi_plus_gutenberg_text_before_share":"","sfsi_plus_gutenberg_show_text_before_share":"","sfsi_plus_gutenberg_icon_type":"","sfsi_plus_gutenberg_icon_alignemt":"","sfsi_plus_gutenburg_max_per_row":"","footnotes":""},"class_list":["post-1595","page","type-page","status-publish","hentry","has_thumb"],"aioseo_notices":[],"_links":{"self":[{"href":"https:\/\/kursy-udt.pl\/de\/wp-json\/wp\/v2\/pages\/1595","targetHints":{"allow":["GET"]}}],"collection":[{"href":"https:\/\/kursy-udt.pl\/de\/wp-json\/wp\/v2\/pages"}],"about":[{"href":"https:\/\/kursy-udt.pl\/de\/wp-json\/wp\/v2\/types\/page"}],"author":[{"embeddable":true,"href":"https:\/\/kursy-udt.pl\/de\/wp-json\/wp\/v2\/users\/1"}],"replies":[{"embeddable":true,"href":"https:\/\/kursy-udt.pl\/de\/wp-json\/wp\/v2\/comments?post=1595"}],"version-history":[{"count":3,"href":"https:\/\/kursy-udt.pl\/de\/wp-json\/wp\/v2\/pages\/1595\/revisions"}],"predecessor-version":[{"id":1598,"href":"https:\/\/kursy-udt.pl\/de\/wp-json\/wp\/v2\/pages\/1595\/revisions\/1598"}],"up":[{"embeddable":true,"href":"https:\/\/kursy-udt.pl\/de\/wp-json\/wp\/v2\/pages\/1561"}],"wp:attachment":[{"href":"https:\/\/kursy-udt.pl\/de\/wp-json\/wp\/v2\/media?parent=1595"}],"curies":[{"name":"wp","href":"https:\/\/api.w.org\/{rel}","templated":true}]}}