{"id":1589,"date":"2016-01-22T15:11:55","date_gmt":"2016-01-22T15:11:55","guid":{"rendered":"http:\/\/kursy-udt.pl\/?page_id=1589"},"modified":"2016-01-22T15:14:19","modified_gmt":"2016-01-22T15:14:19","slug":"vorbereitungstatigkeiten","status":"publish","type":"page","link":"https:\/\/kursy-udt.eu\/de\/trainings\/gantry-course\/preparation-activities\/","title":{"rendered":"Aktivit\u00e4ten zur Vorbereitung"},"content":{"rendered":"<div style=\"float: left; padding-right: 10px;\"><img decoding=\"async\" alt=\"\" src=\"\/wp-content\/uploads\/2014\/08\/przygotowanie_m.jpg\" \/><\/div>\n<h3>T\u00e4tigkeiten vor Beginn der Arbeiten an einem Portal<\/h3>\n<p>Das wirksamste Mittel zur Verringerung des Risikos von Gefahren, einschlie\u00dflich Unf\u00e4llen, bei der Arbeit an einem Portal ist die genaue Kenntnis der Sicherheitsgrunds\u00e4tze und des Arbeitsschutzes sowie die Einhaltung dieser Vorschriften. Diese T\u00e4tigkeiten m\u00fcssen vor, w\u00e4hrend und nach der Fertigstellung der Maschine durchgef\u00fchrt werden. Im Folgenden werden die notwendigen Aktivit\u00e4ten vor Beginn der Arbeiten beschrieben.<\/p>\n<p>Vor Beginn der Arbeit ist jeder Bediener der Maschine verpflichtet, spezielle Kontrollarbeiten durchzuf\u00fchren. Ihr Ziel ist es, die Sicherheit f\u00fcr sich selbst und die anderen Arbeitnehmer an ihren Arbeitspl\u00e4tzen zu gew\u00e4hrleisten. Jeder Portalkurs beinhaltet Informationen \u00fcber die folgenden T\u00e4tigkeiten; daher sollte die Person nach Abschluss des Kurses wissen, wie sie mit der Arbeit beginnen kann.<\/p>\n<p><strong>Wichtigste Regeln vor Beginn der Arbeiten an Schilderbr\u00fccken:<\/strong><\/p>\n<ul>\n<li>Arbeiten mit der Maschine d\u00fcrfen nur durchgef\u00fchrt werden, wenn eine aktuelle Entscheidung des T\u00dcV vorliegt.<\/li>\n<li>Bei der Bedienung der Maschine m\u00fcssen Sie alle EHS-Vorschriften, einschlie\u00dflich der Arbeitsplatzrichtlinien, sowie zus\u00e4tzlich die Bedienungsanleitung der Maschine beachten.<\/li>\n<li>Arbeiten, die den Einsatz des Werkzeugs erfordern, k\u00f6nnen von einer Person durchgef\u00fchrt werden, die \u00fcber eine entsprechende Qualifikation f\u00fcr den Einsatz des Portals verf\u00fcgt.<\/li>\n<li>Bei Feststellung von M\u00e4ngeln ist die Arbeit sofort einzustellen, die Maschine abzuschalten und die zust\u00e4ndige Person zu informieren.<\/li>\n<\/ul>\n<p><strong>Aktivit\u00e4ten, die vor Beginn der Arbeit durchgef\u00fchrt werden sollten:<\/strong><\/p>\n<ul>\n<li>Sie sollten die aktuellen Informationen im Betriebsbuch, im Betriebsbuch, im Auslieferungsbuch f\u00fcr eine bestimmte Maschine lesen<\/li>\n<li>Pr\u00fcfen Sie, ob die Maschine an einem sicheren Ort steht und keine Gegenst\u00e4nde vorhanden sind, die eine Person oder einen Gegenstand gef\u00e4hrden k\u00f6nnten.<\/li>\n<li>Sie sollten das Gewicht aller zu verlagernden Lasten genau \u00fcberpr\u00fcfen und mit der maximalen Gewichtsgrenze der Maschine vergleichen, um diese nicht zu \u00fcberschreiten<\/li>\n<li>Sie sollten sich mit einem Hook Operator auf Kommunikationszeichen einigen<\/li>\n<li>sollten Sie den Platz f\u00fcr die Lagerung von Lasten entsprechend vorbereiten.<\/li>\n<li>Sie sollten die Maschineninspektion durchf\u00fchren - es ist wichtig, dass Sie sie bei jedem Arbeitsbeginn durchf\u00fchren.<\/li>\n<\/ul>\n<p><strong>Die Inspektion der Maschine umfasst:<\/strong><\/p>\n<ul>\n<li>Kontrolle der Funktionst\u00fcchtigkeit mit Hilfe von Augenschein - \u00dcberpr\u00fcfung der Arbeitsumgebung, der Strecke, des technischen Zustands der Maschine und ihrer einzelnen Elemente, z. B. mit besonderem Augenmerk auf mechanische Besch\u00e4digungen oder Undichtigkeiten; auch die R\u00e4der des Hebezeugs oder der Hubwinde und die Br\u00fccke, das Seil, die Tragkette, die Auffangvorrichtung und die Schutzabdeckungen sollten \u00fcberpr\u00fcft werden. Au\u00dferdem sollten Sie pr\u00fcfen, ob die Maschine nicht blockiert oder au\u00dfer Betrieb ist und ob sie nicht gerade gewartet oder \u00fcberpr\u00fcft wird.<\/li>\n<li>\u00dcberpr\u00fcfung der einzelnen Sicherheitselemente - \u00dcberpr\u00fcfung der Funktionsf\u00e4higkeit des Hauptschalters, der Kistensteuerung, der Warnmechanismen, der Elemente, die die Bewegung blockieren, der Steuervorrichtungen, des STOP-Anschlusses, der Endanschl\u00fcsse, der Bremse mit Last- und Hubkraftbegrenzer und der Rutschkupplung auch an der Maschine. Au\u00dferdem muss der Bediener \u00fcberpr\u00fcfen, ob die Maschine sich entsprechend den Angaben auf dem Bedienfeld bewegt.<\/li>\n<li>die Kontrolle der Antriebsmechanismen - es ist unerl\u00e4sslich, die Probefahrt der Maschine abzuschlie\u00dfen<\/li>\n<\/ul>\n<p>Am Ende m\u00fcssen Sie die erledigten Aufgaben in das Betriebsbuch eintragen.<\/p>","protected":false},"excerpt":{"rendered":"<p>Activities before starting work on a gantry The most effective way to lower the risk of danger, including accidents while working on a gantry is the precise knowledge of security principles and industrial safety as well as abiding those rules. These activities must be carried out before, during and after finishing to operate the machine. Below, we present necessary activities before starting work. Before starting the job, every operator of the machine is obliged to do special control jobs. Their aim is to ensure safety to yourself and other workers on their positions. Every gantry course involves information about the following activities; therefore, the person after finishing the course should know how to start work. Most important rules before starting work on gantries: work using the machine can be done only in case it has a current decision of the Office of Technical Inspection while operating the machine, you must follow all EHS regulations, including the workplace guidance as well as additionally the manual of the machine. work involving using the tool can be conducted by a person holding suitable gantry qualifications in case of noticing defects, you must immediately stop working, switch off the machine and inform the responsible person Activities that should be done before starting the job: you should read current information in the exploitation book, the operation book, the delivery-acceptance book for a particular machine you should check if the machine is situated in a safe position and there are no objects being to the risk of a person or an [&hellip;]<\/p>\n","protected":false},"author":1,"featured_media":0,"parent":1561,"menu_order":7,"comment_status":"closed","ping_status":"closed","template":"","meta":{"sfsi_plus_gutenberg_text_before_share":"","sfsi_plus_gutenberg_show_text_before_share":"","sfsi_plus_gutenberg_icon_type":"","sfsi_plus_gutenberg_icon_alignemt":"","sfsi_plus_gutenburg_max_per_row":"","footnotes":""},"class_list":["post-1589","page","type-page","status-publish","hentry","has_thumb"],"aioseo_notices":[],"_links":{"self":[{"href":"https:\/\/kursy-udt.pl\/de\/wp-json\/wp\/v2\/pages\/1589","targetHints":{"allow":["GET"]}}],"collection":[{"href":"https:\/\/kursy-udt.pl\/de\/wp-json\/wp\/v2\/pages"}],"about":[{"href":"https:\/\/kursy-udt.pl\/de\/wp-json\/wp\/v2\/types\/page"}],"author":[{"embeddable":true,"href":"https:\/\/kursy-udt.pl\/de\/wp-json\/wp\/v2\/users\/1"}],"replies":[{"embeddable":true,"href":"https:\/\/kursy-udt.pl\/de\/wp-json\/wp\/v2\/comments?post=1589"}],"version-history":[{"count":3,"href":"https:\/\/kursy-udt.pl\/de\/wp-json\/wp\/v2\/pages\/1589\/revisions"}],"predecessor-version":[{"id":1593,"href":"https:\/\/kursy-udt.pl\/de\/wp-json\/wp\/v2\/pages\/1589\/revisions\/1593"}],"up":[{"embeddable":true,"href":"https:\/\/kursy-udt.pl\/de\/wp-json\/wp\/v2\/pages\/1561"}],"wp:attachment":[{"href":"https:\/\/kursy-udt.pl\/de\/wp-json\/wp\/v2\/media?parent=1589"}],"curies":[{"name":"wp","href":"https:\/\/api.w.org\/{rel}","templated":true}]}}