{"id":1584,"date":"2016-01-22T15:08:28","date_gmt":"2016-01-22T15:08:28","guid":{"rendered":"http:\/\/kursy-udt.pl\/?page_id=1584"},"modified":"2016-01-22T15:11:10","modified_gmt":"2016-01-22T15:11:10","slug":"verbotene-aktivitaten-2","status":"publish","type":"page","link":"https:\/\/kursy-udt.eu\/de\/trainings\/gantry-course\/forbidden-activities\/","title":{"rendered":"Verbotene Aktivit\u00e4ten"},"content":{"rendered":"<div style=\"float: left; padding-right: 10px;\"><img decoding=\"async\" alt=\"\" src=\"\/wp-content\/uploads\/2014\/08\/zabronione_m.jpg\" \/><\/div>\n<h3>Verbotene T\u00e4tigkeiten w\u00e4hrend des Portierbetriebs<\/h3>\n<p>Der Bediener des Portals muss sich an die Betriebsvorschriften halten - die Nichtbeachtung aller Vorschriften erh\u00f6ht das Risiko von Arbeitsunf\u00e4llen. Jeder Portalkurs beinhaltet einen theoretischen Teil, der sich mit der Sicherheit und der Arbeitshygiene w\u00e4hrend des Maschinenbetriebs befasst. Unter den Informationen sind auch ausdr\u00fccklich verbotene T\u00e4tigkeiten w\u00e4hrend des Betriebs des Portals aufgef\u00fchrt. Sie sind:<\/p>\n<ul>\n<li>der Bediener der Maschine darf keine Person sein, die nicht \u00fcber die vom Technischen \u00dcberwachungsverein erteilte Qualifikation verf\u00fcgt<\/li>\n<li>Sie k\u00f6nnen die Maschine nicht verwenden, wenn sie fehlerhaft ist oder keine verbindliche, vom UDT (Amt f\u00fcr technische \u00dcberwachung) oder TDT (Verband f\u00fcr technische \u00dcberwachung) erteilte Genehmigung f\u00fcr die Ausf\u00fchrung der Arbeit hat.<\/li>\n<li>Sie k\u00f6nnen die Arbeit nach Alkoholmissbrauch und anderen berauschenden Substanzen oder Medikamenten, die die psychophysische Leistungsf\u00e4higkeit beeintr\u00e4chtigen, nicht ausf\u00fchren <\/li>\n<li>Sie k\u00f6nnen keine abtrennbaren Masterlinks oder besch\u00e4digte Masterlinks verwenden.<\/li>\n<li>Sie d\u00fcrfen keine Lasten heben, deren Gewicht gr\u00f6\u00dfer ist als die zul\u00e4ssige H\u00f6chstlast - dies kann zu einer direkten Bedrohung des Lebens oder der Gesundheit des Bedieners und der Arbeiter auf der Baustelle f\u00fchren.<\/li>\n<li>Sie k\u00f6nnen keine Lasten heben, die sich au\u00dferhalb der Kontrolle befinden.<\/li>\n<li>Sie k\u00f6nnen Lasten nicht diagonal ziehen<\/li>\n<li>Sie k\u00f6nnen keine Lasten oder Gegenst\u00e4nde heben, die am Boden befestigt sind, zum Beispiel verschraubt, verschwei\u00dft oder im Winter vereist sind<\/li>\n<li>Sie d\u00fcrfen keine Lasten direkt \u00fcber den Arbeitspl\u00e4tzen der Arbeitnehmer oder \u00fcber anderen Personen, die sich auf dem Werksgel\u00e4nde aufhalten, anheben.<\/li>\n<li>Sie k\u00f6nnen die Last nicht auf dem Greifmittel belassen, ohne es zur Seite zu legen.<\/li>\n<li>Sie k\u00f6nnen nicht mit einem Wagen, einer Bespannungsmaschine oder einer Br\u00fccke \u00fcber sichere Verbindungsst\u00fccke fahren<\/li>\n<li>Sie k\u00f6nnen die Seilverankerung nicht als Element zur Aufnahme von Lasten verwenden.<\/li>\n<li>Sie k\u00f6nnen keine \u00dcberlastungsschutzvorrichtungen beim Wiegen von Lasten verwenden.<\/li>\n<li>Sie k\u00f6nnen keine Wartungsarbeiten durchf\u00fchren, z. B. Schmieren oder Reinigen der Maschine w\u00e4hrend ihrer Arbeit<\/li>\n<li>Sie k\u00f6nnen nicht selbst\u00e4ndig w\u00e4hrend der Arbeit oder ohne entsprechende Qualifikation Reparaturarbeiten oder Einstellungen an der Maschine oder ihren Bestandteilen vornehmen<\/li>\n<\/ul>\n<p>Jede Person, die eine Portalqualifikation erwerben m\u00f6chte, sollte alle mit dem Betrieb der Maschine verbundenen Verfahren kennen. Ohne sie zu kennen, ist das Risiko eines Arbeitsunfalls h\u00f6her.<\/p>\n<p><strong>Erinnern Sie sich!<\/strong><\/p>\n<ul>\n<li>Arbeiten, die den Einsatz von Schilderbr\u00fccken beinhalten, k\u00f6nnen nur auf der Grundlage eines aktuellen UDT-Beschlusses (Amt f\u00fcr technische \u00dcberwachung) durchgef\u00fchrt werden, der besagt, ob der Einsatz von Schilderbr\u00fccken erlaubt ist.<\/li>\n<li>Bei der Bedienung der Maschine sollten Sie die EHS-Richtlinien am Arbeitsplatz oder das Handbuch beachten.<\/li>\n<li>wenn der Arbeiter den Schaden an der Maschine bemerkt, sollte er die Arbeit sofort beenden und die Maschine anhalten sowie den Verantwortlichen f\u00fcr den technischen Zustand der Maschine informieren<\/li>\n<\/ul>\n<p>Wenn Sie Interesse haben, sich f\u00fcr die Bedienung der vorgestellten Maschinen zu qualifizieren, laden wir Sie herzlich zum Portalkurs in unser Zentrum f\u00fcr Mitarbeiterschulung ERGON ein. Dank uns lernen Sie alle EHS-Fragen und die Bedienung der Maschine kennen und k\u00f6nnen eine Pr\u00fcfung beim Technischen \u00dcberwachungsverein ablegen.<\/p>","protected":false},"excerpt":{"rendered":"<p>Forbidden activities while gantry operation The gantry operator must remember about abiding the rules of operation- not following all requirements increases the risk of accidents at work. Every gantry course involves the theoretical part connected with safety and work hygiene during the machine operation. Among information given, there are also explicitly forbidden activities while operating the gantry. They are: the machine operator can not be a person without appropriate qualifications given by the Office of Technical Inspection you cannot use the machine which is faulty or does not have the binding decision permitting to do the job obtained from UDT (the Office of Technical Inspection) or TDT (the Association of Technical Inspection) you cannot do the job after alcohol abuse and other intoxicating substances or medicines which interferes with the psychophysical efficiency you cannot use dissociable master links or damaged master links you cannot hoist loads whose weight is bigger than the permissible maximum load- it can cause direct life threat or the danger to the operator\u2019s and workers\u2019 health on the worksite. you cannot hoist loads which are located out of control you cannot pull loads diagonally you cannot hoist loads or objects which are attached to the ground, for example they are screwed, welded or iced in winter you cannot hoist loads directly above the workers\u2019 workplaces or above other people being present on the premises of the factory you cannot leave the load on the gripping device without setting it aside you cannot transit or drive over safe connectors with a trolley, [&hellip;]<\/p>\n","protected":false},"author":1,"featured_media":0,"parent":1561,"menu_order":5,"comment_status":"closed","ping_status":"closed","template":"","meta":{"sfsi_plus_gutenberg_text_before_share":"","sfsi_plus_gutenberg_show_text_before_share":"","sfsi_plus_gutenberg_icon_type":"","sfsi_plus_gutenberg_icon_alignemt":"","sfsi_plus_gutenburg_max_per_row":"","footnotes":""},"class_list":["post-1584","page","type-page","status-publish","hentry","has_thumb"],"aioseo_notices":[],"_links":{"self":[{"href":"https:\/\/kursy-udt.pl\/de\/wp-json\/wp\/v2\/pages\/1584","targetHints":{"allow":["GET"]}}],"collection":[{"href":"https:\/\/kursy-udt.pl\/de\/wp-json\/wp\/v2\/pages"}],"about":[{"href":"https:\/\/kursy-udt.pl\/de\/wp-json\/wp\/v2\/types\/page"}],"author":[{"embeddable":true,"href":"https:\/\/kursy-udt.pl\/de\/wp-json\/wp\/v2\/users\/1"}],"replies":[{"embeddable":true,"href":"https:\/\/kursy-udt.pl\/de\/wp-json\/wp\/v2\/comments?post=1584"}],"version-history":[{"count":3,"href":"https:\/\/kursy-udt.pl\/de\/wp-json\/wp\/v2\/pages\/1584\/revisions"}],"predecessor-version":[{"id":1586,"href":"https:\/\/kursy-udt.pl\/de\/wp-json\/wp\/v2\/pages\/1584\/revisions\/1586"}],"up":[{"embeddable":true,"href":"https:\/\/kursy-udt.pl\/de\/wp-json\/wp\/v2\/pages\/1561"}],"wp:attachment":[{"href":"https:\/\/kursy-udt.pl\/de\/wp-json\/wp\/v2\/media?parent=1584"}],"curies":[{"name":"wp","href":"https:\/\/api.w.org\/{rel}","templated":true}]}}