{"id":1561,"date":"2016-01-21T22:14:36","date_gmt":"2016-01-21T22:14:36","guid":{"rendered":"http:\/\/kursy-udt.pl\/?page_id=1561"},"modified":"2016-01-22T15:21:28","modified_gmt":"2016-01-22T15:21:28","slug":"portalverlauf","status":"publish","type":"page","link":"https:\/\/kursy-udt.eu\/de\/trainings\/gantry-course\/","title":{"rendered":"Gantry-Kurs"},"content":{"rendered":"<div style=\"float: left; padding-right: 10px;\"><img decoding=\"async\" alt=\"Foto Warschau - Kranichkurs\" src=\"\/wp-content\/uploads\/2014\/04\/suwnice.jpeg\" \/><\/div>\n<div class=\"wyjustuj\">\nWir laden Sie f\u00fcr den Portalkurs in das Zentrum f\u00fcr Personalausbildung ERGON ein. Als Zentrum mit langj\u00e4hriger Erfahrung garantieren wir jedem unserer Kunden eine professionelle Betreuung - unsere Kurse sind sowohl f\u00fcr Einzelteilnehmer als auch f\u00fcr Gruppen von Arbeitnehmern, die vom Arbeitgeber gestellt werden, konzipiert. Wir sorgen daf\u00fcr, dass die Qualit\u00e4t der Ausbildung bei ERGON immer auf h\u00f6chstem Niveau ist. Wenn Sie Schilderbr\u00fccken bedienen wollen, ist der Kurs in unserem Zentrum eine sehr gute Investition in die Zukunft. Dadurch wird es in Polen und Europa viel einfacher sein, eine Stelle in der Position des Operators zu finden.<\/p>\n<p><strong>Die Beschreibung der Ausr\u00fcstung und ihre Verwendung<\/strong><br \/>\nHeutzutage werden Portale, die zu den Hebezeugen geh\u00f6ren, an vielen verschiedenen Arbeitspl\u00e4tzen eingesetzt, z. B. in der Schiffsbauindustrie, an Umschlagpl\u00e4tzen, in Lagerh\u00e4usern, auf Halden, in Produktions- und Industriehallen. Unterschiedliche Konstruktionsweisen der Maschinen bewirken, dass sie individuell an bestimmte Arbeiten angepasst werden k\u00f6nnen. In jedem Fall sind Qualifikationen f\u00fcr die Portale erforderlich, die vom Technischen \u00dcberwachungsverein best\u00e4tigt werden.<\/p>\n<p><strong>Die folgenden Varianten geh\u00f6ren zu den am h\u00e4ufigsten verwendeten Maschinen an Arbeitspl\u00e4tzen:<\/strong><\/p>\n<ul>\n<li>ndustrie- oder Br\u00fcckenstapler - sie werden haupts\u00e4chlich in Hallen eingesetzt und sind mit einem Hebezeug ausgestattet, um Lasten, die sich auf Plattformen befinden, anzuh\u00e4ngen. Br\u00fccken- oder LKW-Modelle werden in der Halle unter der Decke montiert.<\/li>\n<li>h\u00e4ngend - \u00e4hnlich wie bei den Lastwagen im Baugewerbe, aber sie verwenden Lastwagen, die unter der Decke h\u00e4ngen<\/li>\n<li>Tor - haupts\u00e4chlich bei Arbeiten im Freien verwendet, mit Plattformen auf seitlichen Br\u00fccken, die die Tore verbinden<\/li>\n<\/ul>\n<p>In unserem Zentrum f\u00fchren wir Portalkurse durch, bei denen Sie alle Arten von Maschinen bedienen k\u00f6nnen. In den Kursen erhalten die Teilnehmer umfassende Kenntnisse \u00fcber bestimmte Maschinentypen. Im Folgenden werden die verschiedenen Arten von Schulungen vorgestellt. Sie unterscheiden sich in den Voraussetzungen f\u00fcr den Beginn der Ausbildung.<\/p>\n<p><strong>Die Qualifikationen f\u00fcr den Betrieb eines Portals werden in zwei Kategorien unterteilt:<\/strong><\/p>\n<ul>\n<li>I S - umfassen Portale und Winden der Kategorie I W, die vom Arbeitsboden oder vom Cockpit des Bedieners aus gesteuert werden, Maschinen der Kategorie II S<\/li>\n<li>II S - umfasst Maschinen, die vom Boden aus gesteuert werden, Winden und Hebezeuge der Kategorie II W sowie statische Bodenkr\u00e4ne<\/li>\n<\/ul>\n<p><strong>Das Angebot<\/strong><br \/>\nDer Preis f\u00fcr den Portalkurs in unserem Zentrum ist immer ermutigend. Sie wird je nach Anzahl der Kursteilnehmer individuell festgelegt und wir sind auch offen f\u00fcr Verhandlungen. Wir laden Sie zu Kursen in unserem Hauptsitz in Warschau und in unseren Niederlassungen in Kattowitz, Krakau und Bielsko-Biala ein. Wir k\u00f6nnen auch zu Ihnen in ganz Polen reisen. Wir sind in der Lage, Portalkurse zu organisieren, deren Programm speziell auf die Bed\u00fcrfnisse der Teilnehmer und des Auftraggebers zugeschnitten ist.<\/p>\n<div style=\"float: right; padding-left: 10px;\"><img decoding=\"async\" alt=\"Ausbildung f\u00fcr UDT-Lizenzen\" src=\"\/wp-content\/uploads\/2014\/09\/suwnice.jpeg\" \/><\/div>\n<p><strong>Themen des Kurses<\/strong><br \/>\nJeder Krankurs des ERGON-Zentrums f\u00fcr die Entwicklung von Humanressourcen wird von professionellen Ausbildern inhaltlich vorbereitet und mit Fachleuten des Technischen \u00dcberwachungsvereins abgestimmt. Wir legen Wert auf die Qualit\u00e4t der Ausbildung, daher sind die von uns durchgef\u00fchrten Kurse immer umfassend und gleichzeitig f\u00fcr die Teilnehmer erschwinglich, so dass sie eine optimale Wirkung erzielen und nicht nur bei der Pr\u00fcfung f\u00fcr die Krangenehmigung, sondern auch bei der t\u00e4glichen Arbeit eines jeden Kranf\u00fchrers n\u00fctzlich sind.<\/p>\n<p><strong>Nachstehend finden Sie die allgemeinen Themen der von uns durchgef\u00fchrten Schulungen:<\/strong><\/p>\n<ul>\n<li>Informationen \u00fcber die technische \u00dcberwachung f\u00fcr eine bestimmte Kategorie I S oder IIS Informationen \u00fcber bestimmte Maschinen - ihre Konstruktion und ihren Einsatz am Arbeitsplatz<\/li>\n<li>Pflichten des Bedieners vor Beginn der Arbeit<\/li>\n<li>Pflichten des Bedieners bei der Ausf\u00fchrung der Arbeit<\/li>\n<li>Pflichten des Bedieners nach Beendigung der Arbeit mit der Maschine<\/li>\n<li>EHS-Regeln am Arbeitsplatz<\/li>\n<li>Gesundheits- und Sicherheitsvorschriften am Arbeitsplatz<\/li>\n<li>Praktischer Unterricht - \u00dcbungen an Maschinen I S oder II S je nach gew\u00e4hlter Kategorie<\/li>\n<\/ul>\n<p>Der im ODK (Zentrum f\u00fcr Personalschulung) ERGON angebotene Portalkurs ist der Kurs, der die Teilnehmer vollst\u00e4ndig darauf vorbereitet, die Pr\u00fcfung beim Technischen \u00dcberwachungsverein abzulegen, um ein Zertifikat zu erhalten, und der es erm\u00f6glicht, auf der Portalseite zu arbeiten. Wenn Sie sich f\u00fcr unser Angebot entscheiden, k\u00f6nnen Sie sicher sein, dass die im Unterricht vermittelten Informationen bei der Pr\u00fcfung n\u00fctzlich sein werden und Ihnen zu einer guten Note verhelfen werden. Wir haben einen der h\u00f6chsten Koeffizienten f\u00fcr das Bestehen der Pr\u00fcfung. Daher kann die Portalpr\u00fcfung ohne Probleme bestanden und die entsprechenden Qualifikationen auf Anhieb erworben werden.<\/p>\n<p><strong>Gantry-Kurs - der Preis<\/strong><br \/>\nDer Preis f\u00fcr den Unterricht richtet sich nach der Anzahl der Teilnehmer. Sie wird individuell mit dem Auftraggeber festgelegt. Gr\u00f6\u00dfere Gruppen k\u00f6nnen attraktive Rabatte erhalten. Bitte setzen Sie sich mit uns in Verbindung, um den genauen Preis f\u00fcr diese Dienstleistung zu erfahren.<\/p>\n<p><strong>Um an dem Kurs teilnehmen zu k\u00f6nnen, m\u00fcssen Sie die folgenden Voraussetzungen erf\u00fcllen:<\/strong><\/p>\n<ul>\n<li>\u00dcber 18 Jahre alt sein<\/li>\n<li>Bringen Sie eine Bescheinigung des Facharztes f\u00fcr Arbeitsmedizin \u00fcber den Gesundheitszustand mit, der die Arbeit an der Stelle des Betreibers erm\u00f6glicht<\/li>\n<li>Abgeschlossene Volksschule f\u00fcr Portalqualifikationen II S und abgeschlossene Berufsschule (technisches Profil) f\u00fcr I S<\/li>\n<\/ul>\n<p><strong>Der Rechtsanspruch auf die Ausbildung<\/strong><br \/>\nDie Verordnung des Wirtschaftsministers vom 18.07.2001 \u00fcber die erforderlichen Qualifikationen bei der Bedienung und Wartung technischer Maschinen (Dz. U. Nr. 79 Pos. 849).<\/p>\n<p>Dank der Auswahl unseres Angebots k\u00f6nnen Sie geeignete Portalqualifikationen f\u00fcr verschiedene Maschinentypen erhalten. Unsere Erfahrung und die komplexen p\u00e4dagogischen L\u00f6sungen, das kompetente Personal und die st\u00e4ndige Verbesserung f\u00fchren dazu, dass unser Zentrum bei den Kursteilnehmern in ganz Polen erfolgreich ist. Wenn Sie Fragen zu unserem Angebot haben, stehen wir Ihnen jederzeit zur Verf\u00fcgung. Nehmen Sie Kontakt mit uns auf, um die Einzelheiten der Durchf\u00fchrung der Dienstleistung, einschlie\u00dflich des Preises und der geeigneten Zeit, zu besprechen.<\/p>\n<p>Wir laden Sie herzlich zu unseren Portalkursen in das Zentrum f\u00fcr Personalentwicklung ERGON ein!\n<\/p><\/div>\n<div class=\"button_styl\" style=\"float:right; padding-left:15px; padding-bottom:8px; margin-bottom:5px;\"><a href=\"https:\/\/platformaedukacji.pl\/login\/signup.php\" rel=\"nofollow\" target=\"_blank\" class=\"myButton myButton_maly\"><font color=\"white\">F\u00fcr die Ausbildung anmelden<\/font><\/a><\/div>\n<div style=\"padding-top:70px;\">\n<h2>Weitere Informationen:<\/h2>\n<div style=\"text-align:center; font-size:85%; line-height:120%;\">\n<div style=\"float:left; margin-right:40px; height:290px;\">\n<a href=\"\/de\/ausbildungen\/portalverlauf\/portalkonstruktion\/\"><img decoding=\"async\" src=\"\/wp-content\/uploads\/2014\/08\/budowa.jpg\" alt=\"Portalkonstruktion\"><\/a><br \/>\n<a href=\"\/de\/ausbildungen\/portalverlauf\/portalkonstruktion\/\"><font color=\"black\"><\/p>\n<div style=\"width:300px; font-size:130%;\"><strong>Portalkonstruktion<\/strong><\/div>\n<p><\/font><\/a>\n<\/div>\n<div style=\"float:left; margin-right:40px; height:290px;\">\n<a href=\"\/de\/ausbildungen\/portalverlauf\/verbotene-aktivitaten-2\/\"><img decoding=\"async\" src=\"\/wp-content\/uploads\/2014\/08\/zabronione.jpg\" alt=\"Verbotene Aktivit\u00e4ten\"><\/a><br \/>\n<a href=\"\/de\/ausbildungen\/portalverlauf\/verbotene-aktivitaten-2\/\"><font color=\"black\"><\/p>\n<div style=\"width:300px; font-size:130%;\"><strong>Verbotene Aktivit\u00e4ten<\/strong><\/div>\n<p><\/font><\/a>\n<\/div>\n<\/div>\n<div style=\"clear:both;\"><\/div>\n<div style=\"text-align:center; font-size:85%; line-height:120%;\">\n<div style=\"float:left; margin-right:40px; height:290px;\">\n<a href=\"\/de\/ausbildungen\/portalverlauf\/vorbereitungstatigkeiten\/\"><img decoding=\"async\" src=\"\/wp-content\/uploads\/2014\/08\/przygotowanie.jpg\" alt=\"Aktivit\u00e4ten zur Vorbereitung\"><\/a><br \/>\n<a href=\"\/de\/ausbildungen\/portalverlauf\/vorbereitungstatigkeiten\/\"><font color=\"black\"><\/p>\n<div style=\"width:300px; font-size:130%;\"><strong>Aktivit\u00e4ten zur Vorbereitung<\/strong><\/div>\n<p><\/font><\/a>\n<\/div>\n<div style=\"float:left; margin-right:40px; height:290px;\">\n<a href=\"\/de\/ausbildungen\/portalverlauf\/nach-getaner-arbeit\/\"><img decoding=\"async\" src=\"\/wp-content\/uploads\/2014\/08\/po-pracy.jpg\" alt=\"Nach Abschluss der Arbeiten\"><\/a><br \/>\n<a href=\"\/de\/ausbildungen\/portalverlauf\/nach-getaner-arbeit\/\"><font color=\"black\"><\/p>\n<div style=\"width:300px; font-size:130%;\"><strong>Nach Abschluss der Arbeiten<\/strong><\/div>\n<p><\/font><\/a>\n<\/div>\n<\/div>\n<\/div>","protected":false},"excerpt":{"rendered":"<p>We invite you for the gantry course to the Centre of Staff Training ERGON. As the centre with longstanding experience, we ensure professional assistance to every our customer- our classes are designed for individual participants as well as for groups of workers pitched by the employer. We take care of the quality of training in ERGON so that it is always on the highest level. If you want to operate gantries, the course in our centre will be a very good investment for the future. Thanks to it, finding a job on the position of the operator will be much easier in Poland and Europe. The description of equipment and its use Nowadays, gantries, which belong to hoisting equipment, are used in many different workplaces, including ship-building industry, transshipment points, warehouses, stockpiles, production and industrial halls. Different methods of constructing machines cause that they can be individually fitted to certain works. In each case, gantry qualifications are needed and they are endued by the Office of Technical Inspection. The following variants are among most often used machines in work places: ndustrial or bridge truck- they are mainny fitted in halls and equipped with the hoist to hang loads which are on platforms. Bridge or truck models are mounted below the ceiling in the hall. hanging- similar to truck ones in construction, but they use trucks hung below the ceiling gate- mainly used in outdoor works, constructed with platforms placed on side bridges connecting gates In our centre, we run gantry courses which let you operate [&hellip;]<\/p>\n","protected":false},"author":1,"featured_media":0,"parent":1522,"menu_order":4,"comment_status":"closed","ping_status":"closed","template":"","meta":{"sfsi_plus_gutenberg_text_before_share":"","sfsi_plus_gutenberg_show_text_before_share":"","sfsi_plus_gutenberg_icon_type":"","sfsi_plus_gutenberg_icon_alignemt":"","sfsi_plus_gutenburg_max_per_row":"","footnotes":""},"class_list":["post-1561","page","type-page","status-publish","hentry","has_thumb"],"aioseo_notices":[],"_links":{"self":[{"href":"https:\/\/kursy-udt.pl\/de\/wp-json\/wp\/v2\/pages\/1561","targetHints":{"allow":["GET"]}}],"collection":[{"href":"https:\/\/kursy-udt.pl\/de\/wp-json\/wp\/v2\/pages"}],"about":[{"href":"https:\/\/kursy-udt.pl\/de\/wp-json\/wp\/v2\/types\/page"}],"author":[{"embeddable":true,"href":"https:\/\/kursy-udt.pl\/de\/wp-json\/wp\/v2\/users\/1"}],"replies":[{"embeddable":true,"href":"https:\/\/kursy-udt.pl\/de\/wp-json\/wp\/v2\/comments?post=1561"}],"version-history":[{"count":6,"href":"https:\/\/kursy-udt.pl\/de\/wp-json\/wp\/v2\/pages\/1561\/revisions"}],"predecessor-version":[{"id":1600,"href":"https:\/\/kursy-udt.pl\/de\/wp-json\/wp\/v2\/pages\/1561\/revisions\/1600"}],"up":[{"embeddable":true,"href":"https:\/\/kursy-udt.pl\/de\/wp-json\/wp\/v2\/pages\/1522"}],"wp:attachment":[{"href":"https:\/\/kursy-udt.pl\/de\/wp-json\/wp\/v2\/media?parent=1561"}],"curies":[{"name":"wp","href":"https:\/\/api.w.org\/{rel}","templated":true}]}}