{"id":1553,"date":"2016-01-21T22:05:42","date_gmt":"2016-01-21T22:05:42","guid":{"rendered":"http:\/\/kursy-udt.pl\/?page_id=1553"},"modified":"2016-01-21T22:07:54","modified_gmt":"2016-01-21T22:07:54","slug":"vorbereitung-des-bodens","status":"publish","type":"page","link":"https:\/\/kursy-udt.eu\/de\/trainings\/training-on-mobile-elevated-work-platforms\/preparing-the-ground\/","title":{"rendered":"Vorbereitung des Bodens"},"content":{"rendered":"<div style=\"float:left; padding-right:10px;\"><img decoding=\"async\" src=\"\/wp-content\/uploads\/2014\/08\/wypadek_m.jpg\" alt=\"\"><\/div>\n<h3>Vorbereitung auf die Nutzung mobiler Plattformen<\/h3>\n<p>Die Gew\u00e4hrleistung eines geeigneten Untergrunds f\u00fcr den Einsatz mobiler Arbeitsb\u00fchnen ist f\u00fcr die Sicherheit der Arbeitnehmer und ihrer Umgebung von wesentlicher Bedeutung. Scherenhebeb\u00fchnen, Hubarbeitsb\u00fchnen, selbstfahrende Arbeitsb\u00fchnen und andere Arten von Arbeitsb\u00fchnen m\u00fcssen auf geeignetem Boden eingesetzt werden. Alle Plattformen (mit Ausnahme von H\u00e4ngeb\u00fchnen) sind von dem Boden abh\u00e4ngig, auf dem sie stehen. Wenn sie stabil ist, arbeitet die Maschine sicherer, was Arbeitsunf\u00e4lle verhindert. Daher beinhaltet jeder Kurs \u00fcber Arbeitsb\u00fchnen Informationen \u00fcber die Vorbereitung des Bodens f\u00fcr den Einsatz der Maschine.<\/p>\n<p>Heutzutage sind verschiedene Arten von Scherenhebeb\u00fchnen, Hebeb\u00fchnen und andere im Einsatz, auch solche, die f\u00fcr den Einsatz auf schwierigem Untergrund angepasst sind. Bevor jedoch eine Hebeb\u00fchne, eine Scherenb\u00fchne, eine S\u00e4ulenb\u00fchne oder eine andere selbstfahrende Arbeitsb\u00fchne eingesetzt wird, muss der Boden gepr\u00fcft und vorbereitet werden. Er ist f\u00fcr die Sicherheit bei der Arbeit, aber auch zus\u00e4tzlich f\u00fcr den Komfort beim Bewegen der gesamten Maschine verantwortlich.<\/p>\n<p><strong>Bevor Sie die Maschine einsetzen, m\u00fcssen Sie den Boden untersuchen - entweder durch eine Sichtpr\u00fcfung oder durch eine spezielle geotechnische Untersuchung. Dies sind die am h\u00e4ufigsten verwendeten Gr\u00fcnde und die damit verbundenen Risiken:<\/strong><\/p>\n<ul>\n<li>mit Gras bewachsene Fl\u00e4chen - das gr\u00f6\u00dfte Risiko besteht bei Gras in Wassern\u00e4he, wo der Boden aufgew\u00fchlt werden kann<\/li>\n<li>Str\u00e4nde - aufgrund der geringen Dichte des Sandes und der Wirkung des Wassers ist dies ein schwieriges Gebiet<\/li>\n<li>Unbebautes Land - bisher unbekannte Strukturen, das Risiko kann in nicht markierten Kellern und Gruben liegen<\/li>\n<li>gepflasterte und geteerte Fl\u00e4chen - sie sind im Allgemeinen sicher, aber es besteht die Gefahr, dass der Boden ausgewaschen und besch\u00e4digt wird, insbesondere an den R\u00e4ndern<\/li>\n<li>Stadtzentren - das Risiko besteht in Tunneln, Kan\u00e4len, Kellern, Auffanggruben, unsachgem\u00e4\u00df verf\u00fcllten Gruben<\/li>\n<\/ul>\n<p>Es ist zu bedenken, dass der Zustand des Bodens durch das Wetter beeinflusst wird. Langanhaltender Regen f\u00fchrt dazu, dass der Boden rutschiger und scheuernder wird.<\/p>\n<p>Unabh\u00e4ngig von den Bodenverh\u00e4ltnissen kann es unerl\u00e4sslich sein, unter Scherenhebeb\u00fchnen, Hubarbeitsb\u00fchnen oder anderen Ger\u00e4ten spezielle Platten zu verwenden. Diese Bretter stabilisieren die Maschine und sch\u00fctzen sie vor Sch\u00e4den.<\/p>\n<p><strong>Die wichtigsten Regeln f\u00fcr das Aufstellen von Brettern:<\/strong><\/p>\n<ul>\n<li>Sie m\u00fcssen die Maschine zentrieren und an den Kanten des Brettes ansetzen<\/li>\n<li>Sie m\u00fcssen eventuelle L\u00fccken im Boden schlie\u00dfen, z. B. indem Sie die Maschine in die Senke stellen<\/li>\n<li>Sie d\u00fcrfen das Brett nicht dort aufstellen, wo unter der ersten Schicht des Bodens Leerr\u00e4ume vermutet werden.<\/li>\n<li>Sie d\u00fcrfen keine Bretter und Plattformen aufstellen, deren Material leicht ausgewaschen werden kann, z. B. H\u00fcgel<\/li>\n<\/ul>\n<p>Unser Kurs \u00fcber Hubarbeitsb\u00fchnen, Scherenarbeitsb\u00fchnen und andere pr\u00e4sentiert genau alle Informationen, die mit dem sicheren Aufstellen der Maschine auf verschiedenen Untergr\u00fcnden verbunden sind. Mobile Hubarbeitsb\u00fchnen, Scherenb\u00fchnen, Hebeb\u00fchnen in Warschau - wir laden Sie ein, unser Bildungsangebot zu pr\u00fcfen!<\/p>","protected":false},"excerpt":{"rendered":"<p>Preparing the ground to use mobile platforms Ensuring the appropriate ground to use mobile platforms is essential for workers\u2019 safety and their surroundings. Scissor lifts, aerial platforms, self-propelled platforms and other types of platforms must be used on the appropriate ground. All platforms ( apart from hanging platforms) are dependent on the ground which they are situated on. If it is stable, then the machine works in a safer way, which prevents accidents at work. Therefore, each course on platforms involves information connected with preparing the ground to use the machine. Nowadays, there are different types of scissor lifts, aerial platforms and others in use; also those lifts which are adjusted to be used on the difficult ground. However, always before the aerial platform, the scissor lift, the column lift or another type of self-propelled platform is used, it is necessary to check and prepare the ground. It is responsible for the safety at work, but also additionally for the comfort of moving the whole machine. Before using the machine, you must examine the ground- you can do it by visual inspection or special geotechnic examination. These are grounds which are most often used and risks carried with them: areas covered with grass- the greatest risk is grass situated near water where the ground can be scoured beaches- the low density of sand and the effect of water causes that this is a difficult area untilled land- previously unknown structures, the risk can be unmarked basements and pits cobbled and tarmac areas- they are generally [&hellip;]<\/p>\n","protected":false},"author":1,"featured_media":0,"parent":1530,"menu_order":0,"comment_status":"closed","ping_status":"closed","template":"","meta":{"sfsi_plus_gutenberg_text_before_share":"","sfsi_plus_gutenberg_show_text_before_share":"","sfsi_plus_gutenberg_icon_type":"","sfsi_plus_gutenberg_icon_alignemt":"","sfsi_plus_gutenburg_max_per_row":"","footnotes":""},"class_list":["post-1553","page","type-page","status-publish","hentry","has_thumb"],"aioseo_notices":[],"_links":{"self":[{"href":"https:\/\/kursy-udt.pl\/de\/wp-json\/wp\/v2\/pages\/1553","targetHints":{"allow":["GET"]}}],"collection":[{"href":"https:\/\/kursy-udt.pl\/de\/wp-json\/wp\/v2\/pages"}],"about":[{"href":"https:\/\/kursy-udt.pl\/de\/wp-json\/wp\/v2\/types\/page"}],"author":[{"embeddable":true,"href":"https:\/\/kursy-udt.pl\/de\/wp-json\/wp\/v2\/users\/1"}],"replies":[{"embeddable":true,"href":"https:\/\/kursy-udt.pl\/de\/wp-json\/wp\/v2\/comments?post=1553"}],"version-history":[{"count":3,"href":"https:\/\/kursy-udt.pl\/de\/wp-json\/wp\/v2\/pages\/1553\/revisions"}],"predecessor-version":[{"id":1556,"href":"https:\/\/kursy-udt.pl\/de\/wp-json\/wp\/v2\/pages\/1553\/revisions\/1556"}],"up":[{"embeddable":true,"href":"https:\/\/kursy-udt.pl\/de\/wp-json\/wp\/v2\/pages\/1530"}],"wp:attachment":[{"href":"https:\/\/kursy-udt.pl\/de\/wp-json\/wp\/v2\/media?parent=1553"}],"curies":[{"name":"wp","href":"https:\/\/api.w.org\/{rel}","templated":true}]}}