{"id":1548,"date":"2016-01-21T22:01:52","date_gmt":"2016-01-21T22:01:52","guid":{"rendered":"http:\/\/kursy-udt.pl\/?page_id=1548"},"modified":"2016-01-21T22:03:40","modified_gmt":"2016-01-21T22:03:40","slug":"die-sicherheitsverfahren","status":"publish","type":"page","link":"https:\/\/kursy-udt.eu\/de\/trainings\/training-on-mobile-elevated-work-platforms\/the-safety-procedures\/","title":{"rendered":"Die Sicherheitsverfahren"},"content":{"rendered":"<div style=\"float:left; padding-right:10px;\"><img decoding=\"async\" src=\"\/wp-content\/uploads\/2014\/08\/bezpieczenstwo_m.jpg\" alt=\"\"><\/div>\n<p>Jeder Kurs \u00fcber die Hubarbeitsb\u00fchne, die Scherenb\u00fchne oder eine andere Art von Ger\u00e4t umfasst Sicherheitsfragen und Verfahren im Falle von Lebensgefahr oder der Gesundheit des Bedieners und anderer Benutzer des Ger\u00e4ts. Wir stellen Schritt f\u00fcr Schritt das Verfahren vor, das anzuwenden ist, wenn die mobile Arbeitsb\u00fchne oder eine andere Art von Ausr\u00fcstung es dem Bediener unm\u00f6glich macht, reibungslos auszusteigen und sogar zu kommunizieren.<\/p>\n<p><strong>In solchen F\u00e4llen ist die erste Ma\u00dfnahme, sofort bestimmte Dienste anzurufen. In der Zwischenzeit sollten Sie einige Rettungsma\u00dfnahmen ergreifen, zu denen die folgenden Aktivit\u00e4ten geh\u00f6ren:<\/strong><\/p>\n<ul>\n<li>Wenn der Betreiber des Ger\u00e4ts die Situation nicht unter Kontrolle hat, k\u00f6nnen Personen, die sich auf dem Bahnsteig befinden, aber nur solche, die \u00fcber entsprechende Kenntnisse und die Genehmigung des Eigent\u00fcmers verf\u00fcgen, das Bedienfeld benutzen.<\/li>\n<li>Wenn die oben beschriebene Situation nicht m\u00f6glich ist, kann eine Person, die sich in Bodenn\u00e4he befindet, die Plattform verlassen, jedoch nur, wenn sie mit dem Notfallverfahren f\u00fcr das Verlassen der Plattform vertraut ist, vom Arbeitnehmer autorisiert wurde und alle anderen Sicherheitsverfahren kennt.<\/li>\n<\/ul>\n<p>Vor dem Verlassen von Arbeitsb\u00fchnen wie mobilen selbstfahrenden Arbeitsb\u00fchnen, mobilen Mastb\u00fchnen, mobilen H\u00e4ngeb\u00fchnen oder gezogenen mobilen Arbeitsb\u00fchnen und anderen Typen muss der Boden, auf dem sie sich befinden, unbedingt auf Hindernisse untersucht werden.<\/p>\n<p>Es ist am besten, die Maschine vom Boden aus zu bedienen, da sie so pr\u00e4zise gesteuert werden kann, aber auch die H\u00f6he der Plattform je nach Situation genutzt werden kann. Die Schl\u00fcssel zur Maschine sollten von den Personen aufbewahrt werden, die bei einem Defekt oder einem Unfall f\u00fcr die Rettungsma\u00dfnahmen zust\u00e4ndig sind.<\/p>\n<p>Die genaue Schulung der Arbeitnehmer im Bereich der Bedienung mobiler Arbeitsb\u00fchnen ist das Schl\u00fcsselelement f\u00fcr sicheres Arbeiten, und wenn die Arbeitnehmer nicht \u00fcber entsprechende Kenntnisse verf\u00fcgen, ist das Unfallrisiko wesentlich h\u00f6her. Wenn Sie bei der Arbeit mit mobilen Plattformen arbeiten wollen, dann ist der Kurs in unserem Zentrum die beste Wahl. Wir laden Sie ein, sich mit unserem Angebot vertraut zu machen und es zu nutzen.<\/p>","protected":false},"excerpt":{"rendered":"<p>Every course on the aerial platform, the scissor lift or other type of equipment includes safety issues and proceedings in case of life threat or the operator\u2019s health and other users of the equipment. Step by step, we present the procedure which should be performed when the mobile platform or other type of equipment will make it impossible for the operator to get out smoothly and even to communicate. In such cases, the first activity is to immediately call certain services. Meanwhile, you should take some rescue activities which include the following activities: if the operator of the device cannot take control over the situation, then people standing on the platform, but only those having appropriate knowledge and the owner\u2019s authorization, can use the control panel. if the above situation is not possibile, then a person who is at the level of the ground can leave the platform, but only when they are familiarized with the emergency procedure of leaving the platform and they are authorised by the worker and know all other safety procedures. Before leaving platforms such as mobile self-propelled platforms, mobile mast platforms, mobile hanging platforms or towed mobile platforms and other types, it is essential to check the ground which they are situated on in order to get rid of obstacles. It is best to operate the machine from the ground because it lets to operate it precisely but also you can use the level of the platform depending on the certain situation. Keys to the machine should be kept by [&hellip;]<\/p>\n","protected":false},"author":1,"featured_media":0,"parent":1530,"menu_order":0,"comment_status":"closed","ping_status":"closed","template":"","meta":{"sfsi_plus_gutenberg_text_before_share":"","sfsi_plus_gutenberg_show_text_before_share":"","sfsi_plus_gutenberg_icon_type":"","sfsi_plus_gutenberg_icon_alignemt":"","sfsi_plus_gutenburg_max_per_row":"","footnotes":""},"class_list":["post-1548","page","type-page","status-publish","hentry","has_thumb"],"aioseo_notices":[],"_links":{"self":[{"href":"https:\/\/kursy-udt.pl\/de\/wp-json\/wp\/v2\/pages\/1548","targetHints":{"allow":["GET"]}}],"collection":[{"href":"https:\/\/kursy-udt.pl\/de\/wp-json\/wp\/v2\/pages"}],"about":[{"href":"https:\/\/kursy-udt.pl\/de\/wp-json\/wp\/v2\/types\/page"}],"author":[{"embeddable":true,"href":"https:\/\/kursy-udt.pl\/de\/wp-json\/wp\/v2\/users\/1"}],"replies":[{"embeddable":true,"href":"https:\/\/kursy-udt.pl\/de\/wp-json\/wp\/v2\/comments?post=1548"}],"version-history":[{"count":3,"href":"https:\/\/kursy-udt.pl\/de\/wp-json\/wp\/v2\/pages\/1548\/revisions"}],"predecessor-version":[{"id":1551,"href":"https:\/\/kursy-udt.pl\/de\/wp-json\/wp\/v2\/pages\/1548\/revisions\/1551"}],"up":[{"embeddable":true,"href":"https:\/\/kursy-udt.pl\/de\/wp-json\/wp\/v2\/pages\/1530"}],"wp:attachment":[{"href":"https:\/\/kursy-udt.pl\/de\/wp-json\/wp\/v2\/media?parent=1548"}],"curies":[{"name":"wp","href":"https:\/\/api.w.org\/{rel}","templated":true}]}}