{"id":1543,"date":"2016-01-21T21:57:06","date_gmt":"2016-01-21T21:57:06","guid":{"rendered":"http:\/\/kursy-udt.pl\/?page_id=1543"},"modified":"2016-01-21T22:00:41","modified_gmt":"2016-01-21T22:00:41","slug":"arbeiten-in-der-nahe-von-hochspannungsleitungen","status":"publish","type":"page","link":"https:\/\/kursy-udt.eu\/de\/trainings\/training-on-mobile-elevated-work-platforms\/work-near-power-lines\/","title":{"rendered":"Arbeiten in der N\u00e4he von Stromleitungen"},"content":{"rendered":"<div style=\"float:left; padding-right:10px;\"><img decoding=\"async\" src=\"\/wp-content\/uploads\/2014\/08\/linie-energetyczne_m.jpg\" alt=\"\"><\/div>\n<h3>Sicherheit beim Einsatz mobiler Arbeitsb\u00fchnen in der N\u00e4he von Stromleitungen<\/h3>\n<p>Moderne Arbeitsb\u00fchnen, einschlie\u00dflich Hubarbeitsb\u00fchnen, sind eine optimale Wahl f\u00fcr Arbeiten in der H\u00f6he. Wenn Arbeiten in der N\u00e4he von Hochspannungsleitungen stattfinden, ist \u00e4u\u00dferste Vorsicht geboten. Stromschl\u00e4ge sind die h\u00e4ufigste Todesursache bei Hebeb\u00fchnenbedienern in den USA im Jahr 2012. Unser Hubarbeitsb\u00fchnenkurs beinhaltet genaue Informationen zum sicheren Arbeiten am Ort des Stromschlagrisikos.<\/p>\n<p><strong>Zu den h\u00e4ufigsten Ursachen f\u00fcr Stromschl\u00e4ge geh\u00f6ren:<\/strong><\/p>\n<ul>\n<li>der Bediener oder Teile der Plattform sich der Stromleitung in gef\u00e4hrlicher Weise n\u00e4hern oder sie ber\u00fchren<\/li>\n<li>das fehlende Bewusstsein f\u00fcr die Stromleitungen in der Luft<\/li>\n<li>das Fehlen des Bewusstseins, dass Strom durch Leitungen flie\u00dft<\/li>\n<li>unsachgem\u00e4\u00dfer Betrieb der Plattform in der N\u00e4he von Stromleitungen<\/li>\n<\/ul>\n<p>Der Stromschlag kann durch geeignete Ma\u00dfnahmen zur Verringerung des Risikos oder zur Bew\u00e4ltigung der Arbeit in der H\u00f6he gemildert werden. Es ist wichtig, dass der Bediener, der \u00fcber eine UDT-Qualifikation verf\u00fcgen sollte, entsprechend geschult wird.<\/p>\n<p><strong>Wichtigste Regeln f\u00fcr sicheres Arbeiten in der N\u00e4he von Stromleitungen:<\/strong><\/p>\n<ul>\n<li>wo immer es m\u00f6glich ist, sollten Sie die Druckluftleitungen vor Beginn der Arbeit abklemmen<\/li>\n<li>wenn dies nicht m\u00f6glich ist, sollten Sie f\u00fcr einen angemessenen Schutz des Bedieners der Arbeitsb\u00fchne sorgen, indem Sie ihn mit geeigneten Werkzeugen abschirmen<\/li>\n<li>Sie k\u00f6nnen Hilfsmittel verwenden, die den Abstand zu Hochspannungsleitungen definieren, die bei zu gro\u00dfer Ann\u00e4herung den Alarm ausl\u00f6sen<\/li>\n<li>Es wird empfohlen, in der N\u00e4he von Strommasten einen Abstand von maximal 15 Metern und in der N\u00e4he von h\u00f6lzernen Strommasten einen Abstand von maximal 9 Metern einzuhalten, wenn der Ausleger vollst\u00e4ndig ausgefahren ist.<\/li>\n<li>w\u00e4hrend der Arbeit ist es ratsam, auf dem Boden, um den maximalen Abstand der Einstellung der Ausleger zu setzen<\/li>\n<li>Sie sollten die genaue Kontrolle der Baustelle durch zus\u00e4tzliche Arbeiter sicherstellen<\/li>\n<li>Es m\u00fcssen geeignete Pl\u00e4ne f\u00fcr Notf\u00e4lle vorhanden sein, und alle Arbeitnehmer m\u00fcssen \u00fcber die Verfahren informiert sein.<\/li>\n<\/ul>\n<p>Die entsprechende Ausbildung und die Einhaltung der Sicherheitsvorschriften bei Arbeiten in der N\u00e4he von Hochspannungsleitungen mit verschiedenen Arten von Arbeitsb\u00fchnen ist das Wichtigste. Stromleitungen stellen eine gro\u00dfe Gefahr dar, und Unf\u00e4lle passieren am h\u00e4ufigsten, und sie sind die gef\u00e4hrlichsten, da die meisten von ihnen t\u00f6dlich enden. Bei jeder Schulung auf mobilen Hubarbeitsb\u00fchnen sind EHS-Themen f\u00fcr ein risikofreies Arbeiten in der H\u00f6he unerl\u00e4sslich.<\/p>\n<p>Wenn Sie einen Kurs \u00fcber Hubarbeitsb\u00fchnen in Warschau oder in ganz Polen ben\u00f6tigen, laden wir Sie ein, das Angebot von ERGON zu nutzen.<\/p>","protected":false},"excerpt":{"rendered":"<p>Safety using mobile platforms near power lines Modern working platforms including aerial platforms are an optimal choice while working at altitude. Then, when works are taking place near power lines, it is necessary to be extremely cautious. Power shocks are the most often cause of deaths among lift operators in the USA in 2012. Our aerial platform course includes exact information how to work safe on the site of power shock risk. Among most frequent causes of power shock, there are: the operator or some parts of the platform approaching or touching the power line in a dangerous way the lack of the awareness of air power lines the lack of the awareness of power running through lines inappropriate operation of the platform when it is near power lines The power shock can be mitigated thanks to appropriate actions decreasing the risk or managing the work at altitude. It is essential to properly train the operator, who should have UDT (the Office of Technical Inspection) qualifications. Most important rules of safe work near power lines: wherever it is possible, you should disconnect the air power lines before starting the job if it is not possible, you should ensure adequate protection for the operator of the platform by shielding them using designed tools you can use tools defining the distance from power lines which set on the alarm by approaching them too much it is recommended to maintain the distance of maximum 15 metres having the extension arm fully set out near power poles and maximum [&hellip;]<\/p>\n","protected":false},"author":1,"featured_media":0,"parent":1530,"menu_order":0,"comment_status":"closed","ping_status":"closed","template":"","meta":{"sfsi_plus_gutenberg_text_before_share":"","sfsi_plus_gutenberg_show_text_before_share":"","sfsi_plus_gutenberg_icon_type":"","sfsi_plus_gutenberg_icon_alignemt":"","sfsi_plus_gutenburg_max_per_row":"","footnotes":""},"class_list":["post-1543","page","type-page","status-publish","hentry","has_thumb"],"aioseo_notices":[],"_links":{"self":[{"href":"https:\/\/kursy-udt.pl\/de\/wp-json\/wp\/v2\/pages\/1543","targetHints":{"allow":["GET"]}}],"collection":[{"href":"https:\/\/kursy-udt.pl\/de\/wp-json\/wp\/v2\/pages"}],"about":[{"href":"https:\/\/kursy-udt.pl\/de\/wp-json\/wp\/v2\/types\/page"}],"author":[{"embeddable":true,"href":"https:\/\/kursy-udt.pl\/de\/wp-json\/wp\/v2\/users\/1"}],"replies":[{"embeddable":true,"href":"https:\/\/kursy-udt.pl\/de\/wp-json\/wp\/v2\/comments?post=1543"}],"version-history":[{"count":3,"href":"https:\/\/kursy-udt.pl\/de\/wp-json\/wp\/v2\/pages\/1543\/revisions"}],"predecessor-version":[{"id":1546,"href":"https:\/\/kursy-udt.pl\/de\/wp-json\/wp\/v2\/pages\/1543\/revisions\/1546"}],"up":[{"embeddable":true,"href":"https:\/\/kursy-udt.pl\/de\/wp-json\/wp\/v2\/pages\/1530"}],"wp:attachment":[{"href":"https:\/\/kursy-udt.pl\/de\/wp-json\/wp\/v2\/media?parent=1543"}],"curies":[{"name":"wp","href":"https:\/\/api.w.org\/{rel}","templated":true}]}}