{"id":1538,"date":"2016-01-21T21:47:56","date_gmt":"2016-01-21T21:47:56","guid":{"rendered":"http:\/\/kursy-udt.pl\/?page_id=1538"},"modified":"2016-01-21T21:52:22","modified_gmt":"2016-01-21T21:52:22","slug":"gebote-und-verbote","status":"publish","type":"page","link":"https:\/\/kursy-udt.eu\/de\/trainings\/training-on-mobile-elevated-work-platforms\/dos-and-donts\/","title":{"rendered":"Dos und Don'ts"},"content":{"rendered":"<div style=\"float:left; padding-right:10px;\"><img decoding=\"async\" src=\"\/wp-content\/uploads\/2014\/08\/nakazy-zakazy_m.jpg\" alt=\"\"><\/div>\n<h3>Die wichtigsten Dos und Don'ts bei der Arbeit auf mobilen Plattformen<\/h3>\n<p>Arbeitnehmer, die eine UDT-Qualifikation f\u00fcr mobile Arbeitsb\u00fchnen verschiedener Art erwerben wollen, erwerben komplexe theoretische Kenntnisse, die auch Sicherheitsvorschriften umfassen.<\/p>\n<p><strong>Vor <strong>die Maschine<\/strong> verwendet wird:\u00a0<\/strong><\/p>\n<ul>\n<li>Sie m\u00fcssen alle allt\u00e4glichen T\u00e4tigkeiten ausf\u00fchren, indem Sie die Maschine untersuchen<\/li>\n<li>Sie d\u00fcrfen keine besch\u00e4digten oder unvollst\u00e4ndigen Ger\u00e4te verwenden.<\/li>\n<li>Sie d\u00fcrfen keine Ger\u00e4te verwenden, die nicht an jeden Boden angepasst sind<\/li>\n<\/ul>\n<p><strong>Bevor Sie die Maschine bewegen:<\/strong><\/p>\n<ul>\n<li>Sie m\u00fcssen den Boden genau auf Sch\u00e4den und Hindernisse untersuchen<\/li>\n<li>Sie m\u00fcssen die Bewegungsrichtung der Maschine \u00fcberpr\u00fcfen<\/li>\n<\/ul>\n<p><strong>Bewegen der Maschine:<\/strong><\/p>\n<ul>\n<li>Sie m\u00fcssen st\u00e4ndig den Raum vor und \u00fcber der Maschine in Bewegungsrichtung kontrollieren<\/li>\n<li>Sie m\u00fcssen die Plattform mit einer bestimmten Geschwindigkeit bewegen<\/li>\n<li>Sie m\u00fcssen die Maschine so bedienen, dass sie aufspringenden Hindernissen ausweicht.<\/li>\n<li>Sie d\u00fcrfen sich nicht \u00fcber die Schranken der Maschine beugen<\/li>\n<li>Sie d\u00fcrfen keine Gegenst\u00e4nde auf dem Bedienfeld ablegen.<\/li>\n<li>Sie d\u00fcrfen sich nicht auf dem Steuerpult zur\u00fccklehnen<\/li>\n<li>Sie d\u00fcrfen keine Handys benutzen<\/li>\n<\/ul>\n<p><strong>Platzierung <strong>die Maschine<\/strong> an der entsprechenden Stelle:<\/strong><\/p>\n<ul>\n<li>Sie m\u00fcssen die H\u00f6he der Maschine auf das entsprechende Niveau einstellen<\/li>\n<li>Sie m\u00fcssen auf alle auftauchenden Hindernisse achten, auch an der Decke<\/li>\n<li>Sie m\u00fcssen den Boden auf Sch\u00e4den und Ebenheit pr\u00fcfen<\/li>\n<\/ul>\n<p><strong>Verwendung von <strong>die Maschine<\/strong>:<\/strong><\/p>\n<ul>\n<li>mobile Plattformen sollten nicht von Personen ohne Ausbildung genutzt werden<\/li>\n<li>der Bediener sollte mit dem jeweiligen Typ der Maschine vertraut sein<\/li>\n<li>der Bediener sollte mit den Risiken bei der Benutzung der Maschine und den Arbeitsvorschriften vertraut sein<\/li>\n<\/ul>\n<p><strong>Rettung:<\/strong><\/p>\n<ul>\n<li>Sie sollten die Maschine nicht benutzen, wenn Sie die Rettungsma\u00dfnahmen nicht kennen und keine Person in der N\u00e4he ist, die mit ihnen vertraut sein k\u00f6nnte<\/li>\n<\/ul>\n<p>Dar\u00fcber hinaus umfasst der Kurs \u00fcber mobile Arbeitsb\u00fchnen weitere Themen im Zusammenhang mit den Sicherheitsvorschriften bei der Benutzung der Maschine. Als Betreiber sollten Sie alle vorgestellten Vorschriften f\u00fcr mobile Arbeitsb\u00fchnen, mobile Lastkraftwagen, langsam fahrende Lastkraftwagen und andere, je nach Art und erworbener Qualifikation, kennen. <\/p>\n<p>Wenn Sie sich f\u00fcr unseren Kurs \u00fcber mobile Arbeitsb\u00fchnen entscheiden, erhalten Sie einen komplexen Service mit theoretischer und praktischer Ausbildung, der Ihnen eine sichere Bedienung der Maschine erm\u00f6glicht.<\/p>","protected":false},"excerpt":{"rendered":"<p>Most important Dos and don\u2019ts while working on mobile platforms Workers wanting to obtain UDT (the Office of Technical Inspection) qualifications for mobile platforms of various types, gain complex theoretical background which also include safety rules. Before the machine is used:\u00a0 you must fulfill all everyday activities examining the machine you mustn\u2019t use damaged or incomplete devices you mustn\u2019t use devices which are not adjusted to every ground Before moving the machine: you must exactly check the ground according to its damages and obstacles you must check the direction of moving the machine Moving the machine: you must constantly check the space in front of and over the machine in the direction of moving it you must move the platform at certain speed you must operate the machine to avoid pop-up obstacles you mustn\u2019t lean over the barriers of the machine you mustn\u2019t place objects on the control panel you mustn\u2019t lean back on the control panel you mustn\u2019t use mobile phones Placing the machine in the appropriate position: you must set the height of the machine on the appropriate level you must mind all pop-up obstacles, also on the ceiling you must check the ground considering its damages and level Using the machine: mobile platforms should not be used by people without training the operator should be familiar with the certain type of the machine the operator should be familiar with the risk of using the machine and the rules of work Rescue: you shouldn\u2019t use the machine in case you are not sure [&hellip;]<\/p>\n","protected":false},"author":1,"featured_media":0,"parent":1530,"menu_order":0,"comment_status":"closed","ping_status":"closed","template":"","meta":{"sfsi_plus_gutenberg_text_before_share":"","sfsi_plus_gutenberg_show_text_before_share":"","sfsi_plus_gutenberg_icon_type":"","sfsi_plus_gutenberg_icon_alignemt":"","sfsi_plus_gutenburg_max_per_row":"","footnotes":""},"class_list":["post-1538","page","type-page","status-publish","hentry","has_thumb"],"aioseo_notices":[],"_links":{"self":[{"href":"https:\/\/kursy-udt.pl\/de\/wp-json\/wp\/v2\/pages\/1538","targetHints":{"allow":["GET"]}}],"collection":[{"href":"https:\/\/kursy-udt.pl\/de\/wp-json\/wp\/v2\/pages"}],"about":[{"href":"https:\/\/kursy-udt.pl\/de\/wp-json\/wp\/v2\/types\/page"}],"author":[{"embeddable":true,"href":"https:\/\/kursy-udt.pl\/de\/wp-json\/wp\/v2\/users\/1"}],"replies":[{"embeddable":true,"href":"https:\/\/kursy-udt.pl\/de\/wp-json\/wp\/v2\/comments?post=1538"}],"version-history":[{"count":3,"href":"https:\/\/kursy-udt.pl\/de\/wp-json\/wp\/v2\/pages\/1538\/revisions"}],"predecessor-version":[{"id":1541,"href":"https:\/\/kursy-udt.pl\/de\/wp-json\/wp\/v2\/pages\/1538\/revisions\/1541"}],"up":[{"embeddable":true,"href":"https:\/\/kursy-udt.pl\/de\/wp-json\/wp\/v2\/pages\/1530"}],"wp:attachment":[{"href":"https:\/\/kursy-udt.pl\/de\/wp-json\/wp\/v2\/media?parent=1538"}],"curies":[{"name":"wp","href":"https:\/\/api.w.org\/{rel}","templated":true}]}}