{"id":1530,"date":"2016-01-21T21:38:32","date_gmt":"2016-01-21T21:38:32","guid":{"rendered":"http:\/\/kursy-udt.pl\/?page_id=1530"},"modified":"2016-01-21T22:24:30","modified_gmt":"2016-01-21T22:24:30","slug":"ausbildung-auf-mobilen-hubarbeitsbuhnen","status":"publish","type":"page","link":"https:\/\/kursy-udt.eu\/de\/trainings\/training-on-mobile-elevated-work-platforms\/","title":{"rendered":"Ausbildung auf mobilen Hubarbeitsb\u00fchnen"},"content":{"rendered":"<div style=\"float:left; padding-right:10px;\"><img decoding=\"async\" src=\"\/wp-content\/uploads\/2014\/04\/10-pokaz.jpeg\" alt=\"Bewegliche Plattformen - Foto\"><\/div>\n<div class=\"wyjustuj\">Im Zentrum f\u00fcr Personalschulung ERGON bieten wir Kurse f\u00fcr mobile Arbeitsb\u00fchnen an, die sich an Arbeitnehmer richten, die die Qualifikation des Technischen \u00dcberwachungsvereins (UDT) erwerben m\u00f6chten. Mobile Plattformen werden immer h\u00e4ufiger auf Baustellen und bei Vermessungsarbeiten eingesetzt. Um sie professionell einzusetzen, sind Schulungen unerl\u00e4sslich. In unserem Schulungsangebot finden Sie Kurse f\u00fcr mobile Arbeitsb\u00fchnen der Kategorien IP und IIP, wie z.B.: Mast- und mobile Hubarbeitsb\u00fchnen: langsam fahrende und mobile selbstfahrende Arbeitsb\u00fchnen, Hebeb\u00fchnen und Scherenb\u00fchnen. Sie k\u00f6nnen die erforderlichen Qualifikationen f\u00fcr die Arbeit mit allen Arten von Ger\u00e4ten erwerben.<\/p>\n<p>Die von unserem Zentrum durchgef\u00fchrten Schulungen umfassen ein breites Spektrum an Theorie und Praxis. Jeder Kurs \u00fcber mobile Arbeitsb\u00fchnen ist in Teile gegliedert, die ausf\u00fchrliche Informationen \u00fcber die Arbeitsposition und die EHS-Vorschriften sowie die Vorschriften f\u00fcr die technische Pr\u00fcfung, den Bau, die Wartung und den Betrieb der Ger\u00e4te enthalten. Nach Abschluss des Kurses k\u00f6nnen Sie die UDT-Pr\u00fcfung (Amt f\u00fcr technische \u00dcberwachung) ablegen, um die Qualifikation f\u00fcr mobile Hubarbeitsb\u00fchnen zu erhalten.<\/p>\n<p><strong>Arten von Qualifikationen:<\/strong><br \/>\nDie von uns durchgef\u00fchrten Schulungen helfen Ihnen, die folgenden UDT-Qualifikationen zu erwerben:<br \/>\n<strong>Kategorie IP-Qualifikationen:<\/strong><\/p>\n<ul>\n<li>mobile Plattformen mit geringer Geschwindigkeit (Scherenb\u00fchnen)<\/li>\n<\/ul>\n<div style=\"height:230px; float:left; margin-right:25px;\"><img decoding=\"async\" src=\"\/wp-content\/uploads\/2014\/04\/pion-2-podesty-ruchome.jpg\" alt=\"Kurs f\u00fcr mobile Plattformen\"><\/div>\n<div style=\"height:230px; float:left; margin-right:25px;\"><img decoding=\"async\" src=\"\/wp-content\/uploads\/2014\/04\/pion-4-kurs-na-podesty-ruchome.jpg\" alt=\"Ergon station\u00e4re mobile Plattformen\"><\/div>\n<div style=\"height:230px; float:left; margin-right:25px;\"><img decoding=\"async\" src=\"\/wp-content\/uploads\/2014\/04\/pion-1-podesty.jpg\" alt=\"Ergon Warschau\"><\/div>\n<div style=\"height:230px; float:left; margin-right:25px;\"><img decoding=\"async\" src=\"\/wp-content\/uploads\/2014\/04\/pion-3-podest-zdjecie.jpg\" alt=\"Scherenarbeitsb\u00fchnen und Hubarbeitsb\u00fchnen\"><\/div>\n<div style=\"clear:both;\"><\/div>\n<ul>\n<li>selbstfahrend (Hebeb\u00fchnen))<\/li>\n<li>mobil (Crawler schnallten das Auto ab)<\/li>\n<\/ul>\n<div style=\"height:180px; float:left; margin-right:20px;\"><img decoding=\"async\" src=\"\/wp-content\/uploads\/2014\/04\/09-slajd.jpeg\" alt=\"Bahnsteigausbildung - Kat. I P\"><\/div>\n<div style=\"height:180px; float:left; margin-right:20px;\"><img decoding=\"async\" src=\"\/wp-content\/uploads\/2014\/04\/07-podesty-ruchome-udt.jpeg\" alt=\"Kurse f\u00fcr UDT-Qualifikationen\"><\/div>\n<div style=\"height:180px; float:left; margin-right:20px;\"><img decoding=\"async\" src=\"\/wp-content\/uploads\/2014\/04\/06-fotografia.jpeg\" alt=\"Ergon Warschau\"><\/div>\n<div style=\"clear:both;\"><\/div>\n<p><strong>Qualifikationen der Kategorie IIP:<\/strong><\/p>\n<ul>\n<li>Aufh\u00e4ngen<\/li>\n<li>station\u00e4r<\/li>\n<li>Mast<\/li>\n<\/ul>\n<div style=\"height:180px; float:left; margin-right:20px;\"><img decoding=\"async\" src=\"\/wp-content\/uploads\/2014\/04\/3-pic.jpg\" alt=\"\"><\/div>\n<div style=\"height:180px; float:left; margin-right:20px;\"><img decoding=\"async\" src=\"\/wp-content\/uploads\/2014\/04\/2-zdjecie.jpg\" alt=\"Ergon Schulungen und Kurse\"><\/div>\n<div style=\"height:180px; float:left; margin-right:20px;\"><img decoding=\"async\" src=\"\/wp-content\/uploads\/2014\/04\/1-foto.jpg \" alt=\"\"><\/div>\n<div style=\"clear:both;\"><\/div>\n<p><strong>Verwendung<\/strong><br \/>\nMobile Arbeitsb\u00fchnen werden in die Kategorie der Hebekrananlagen eingeordnet. Sie sind f\u00fcr das Heben von Material und Personen in einer bestimmten H\u00f6he mit Hilfe einer Plattform oder einer Gondel konzipiert, die an einem Hebezeug aufgeh\u00e4ngt oder vom Hebekran angehoben werden. Man unterscheidet zwischen station\u00e4ren (an einem Ort befindlichen) und selbstfahrenden (mobilen, z. B. auf einem LKW montierten) Plattformen. Alle Arten von Ger\u00e4ten unterliegen der technischen Kontrolle.<\/p>\n<p>Fahrbare Arbeitsb\u00fchnen werden vor allem bei Bau- und Trimmarbeiten sowie bei Installations- und Dekorationsarbeiten in der H\u00f6he eingesetzt. Sie werden auch in der Werbung, bei Reinigungsarbeiten und in vielen anderen Bereichen eingesetzt, in denen ein Arbeiter, eine Ausr\u00fcstung oder ein Material in eine bestimmte H\u00f6he gehoben werden muss. Es sind verschiedene mobile Plattformen im Einsatz, aber f\u00fcr jede Art von Maschine sind Qualifikationen erforderlich.<\/p>\n<p><strong>Der Zweck der Ausbildung<\/strong><br \/>\nAn der Ausbildung k\u00f6nnen Personen teilnehmen, die \u00fcber 18 Jahre alt sind, keine \u00e4rztlichen Einw\u00e4nde gegen eine T\u00e4tigkeit als Bediener haben und mindestens \u00fcber eine Grundschulausbildung verf\u00fcgen.<\/p>\n<p>Die Schulung f\u00fcr mobile Arbeitsb\u00fchnen berechtigt den Arbeitnehmer, die Maschine auf der Grundlage der erworbenen Kenntnisse und Fertigkeiten entsprechend einer bestimmten Qualifikationskategorie zu bedienen und kann einen sicheren Betrieb gew\u00e4hrleisten. Die Klassen bereiten sich auf die UDT-Pr\u00fcfung vor, und nach deren Bestehen k\u00f6nnen Sie die Qualifikation f\u00fcr die Bedienung der Maschine erwerben.<\/p>\n<p>Wir laden Sie ein, unser Angebot zu nutzen. Die Kurse werden regelm\u00e4\u00dfig durchgef\u00fchrt und k\u00f6nnen auch an einem Ort und zu einer Zeit stattfinden, die der Auftraggeber bestimmt. Wir geben Ihnen die M\u00f6glichkeit, Preise zu verhandeln. Wir ermutigen Sie, sich in unserem Zentrum zu qualifizieren.<\/p><\/div>\n<div class=\"button_styl\" style=\"float:right; padding-left:15px; padding-bottom:8px; margin-bottom:5px;\"><a href=\"https:\/\/platformaedukacji.pl\/login\/signup.php\" rel=\"nofollow\" target=\"_blank\" class=\"myButton myButton_maly\"><font color=\"white\">Anmeldung zur Schulung<\/font><\/a><\/div>\n<div style=\"padding-top:70px;\">\n<h2>Weitere Informationen:<\/h2>\n<div style=\"text-align:center; font-size:85%; line-height:120%;\">\n<div style=\"float:left; margin-right:40px; height:290px;\">\n<a href=\"\/de\/ausbildungen\/ausbildung-auf-mobilen-hubarbeitsbuhnen\/gebote-und-verbote\/\"><img decoding=\"async\" src=\"\/wp-content\/uploads\/2014\/08\/nakazy-zakazy.jpg\" alt=\"\"><\/a><br \/>\n<a href=\"\/de\/ausbildungen\/ausbildung-auf-mobilen-hubarbeitsbuhnen\/gebote-und-verbote\/\"><font color=\"black\"><\/p>\n<div style=\"width:300px; font-size:130%;\"><strong>Dos und Don'ts<\/strong><\/div>\n<p><\/font><\/a>\n<\/div>\n<div style=\"float:left; margin-right:40px; height:290px;\">\n<a href=\"\/de\/ausbildungen\/ausbildung-auf-mobilen-hubarbeitsbuhnen\/arbeiten-in-der-nahe-von-hochspannungsleitungen\/\"><img decoding=\"async\" src=\"\/wp-content\/uploads\/2014\/08\/linie-energetyczne.jpg\" alt=\"\"><\/a><br \/>\n<a href=\"\/de\/ausbildungen\/ausbildung-auf-mobilen-hubarbeitsbuhnen\/arbeiten-in-der-nahe-von-hochspannungsleitungen\/\"><font color=\"black\"><\/p>\n<div style=\"width:300px; font-size:130%;\"><strong>Arbeiten in der N\u00e4he von Stromleitungen<\/strong><\/div>\n<p><\/font><\/a>\n<\/div>\n<\/div>\n<div style=\"clear:both;\"><\/div>\n<div style=\"text-align:center; font-size:85%; line-height:120%;\">\n<div style=\"float:left; margin-right:40px; height:290px;\">\n<a href=\"\/de\/ausbildungen\/ausbildung-auf-mobilen-hubarbeitsbuhnen\/die-sicherheitsverfahren\/\"><img decoding=\"async\" src=\"\/wp-content\/uploads\/2014\/08\/bezpieczenstwo.jpg\" alt=\"\"><\/a><br \/>\n<a href=\"\/de\/ausbildungen\/ausbildung-auf-mobilen-hubarbeitsbuhnen\/die-sicherheitsverfahren\/\"><font color=\"black\"><\/p>\n<div style=\"width:300px; font-size:130%;\"><strong>Die Sicherheitsverfahren<\/strong><\/div>\n<p><\/font><\/a>\n<\/div>\n<div style=\"float:left; margin-right:40px; height:290px;\">\n<a href=\"\/de\/ausbildungen\/ausbildung-auf-mobilen-hubarbeitsbuhnen\/vorbereitung-des-bodens\/\"><img decoding=\"async\" src=\"\/wp-content\/uploads\/2014\/08\/wypadek.jpg\" alt=\"\"><\/a><br \/>\n<a href=\"\/de\/ausbildungen\/ausbildung-auf-mobilen-hubarbeitsbuhnen\/vorbereitung-des-bodens\/\"><font color=\"black\"><\/p>\n<div style=\"width:300px; font-size:130%;\"><strong>Vorbereitung des Bodens<\/strong><\/div>\n<p><\/font><\/a>\n<\/div>\n<\/div>\n<\/div>","protected":false},"excerpt":{"rendered":"<p>In the Centre for Staff Training ERGON, we run courses for mobile platforms, which are designed for workers wanting to obtain UDT (the Office of Technical Inspection) qualifications. Mobile platforms are more and more often used on building sites and mouting works. Trainings are essential to operate them professionally. In our training offer, you will find courses for mobile platforms in category IP and IIP such as: mast and mobile elevated work platforms: low-speed and mobile self-propelled, aerial platforms and scissor lifts. They let gain necessary qualifications to work with all types of equipment. Trainings run by our centre include a wide range of theory and practice. Every course on mobile platforms is divided into parts which include detailed information on working position and EHS regulations as well as regulations of technical inspection, building, maintenance and device operation. After the course completion, you can take UDT (the Office of Technical Inspection) exam to obtain mobile elevated work platform qualifications. Types of qualifications: Trainings run by us will help you to obtain the following UDT (the Office of Technical Inspection) qualifications: Category IP qualifications: low-speed mobile platforms (scissor lifts) self-propelled (aerial platforms)) mobile ( crawlers buckled down the car) Category IIP qualifications: hanging stationary mast Usage Mobile platforms are classified to the category of hoisting crane devices. They are designed for hoisting materials and people at certain altitude using a platform or a gondola car, which are hung on a hoist or lifted by the hoisting crane. Platforms are divided into static (situated in one place) [&hellip;]<\/p>\n","protected":false},"author":1,"featured_media":0,"parent":1522,"menu_order":0,"comment_status":"closed","ping_status":"closed","template":"","meta":{"sfsi_plus_gutenberg_text_before_share":"","sfsi_plus_gutenberg_show_text_before_share":"","sfsi_plus_gutenberg_icon_type":"","sfsi_plus_gutenberg_icon_alignemt":"","sfsi_plus_gutenburg_max_per_row":"","footnotes":""},"class_list":["post-1530","page","type-page","status-publish","hentry","has_thumb"],"aioseo_notices":[],"_links":{"self":[{"href":"https:\/\/kursy-udt.pl\/de\/wp-json\/wp\/v2\/pages\/1530","targetHints":{"allow":["GET"]}}],"collection":[{"href":"https:\/\/kursy-udt.pl\/de\/wp-json\/wp\/v2\/pages"}],"about":[{"href":"https:\/\/kursy-udt.pl\/de\/wp-json\/wp\/v2\/types\/page"}],"author":[{"embeddable":true,"href":"https:\/\/kursy-udt.pl\/de\/wp-json\/wp\/v2\/users\/1"}],"replies":[{"embeddable":true,"href":"https:\/\/kursy-udt.pl\/de\/wp-json\/wp\/v2\/comments?post=1530"}],"version-history":[{"count":5,"href":"https:\/\/kursy-udt.pl\/de\/wp-json\/wp\/v2\/pages\/1530\/revisions"}],"predecessor-version":[{"id":1567,"href":"https:\/\/kursy-udt.pl\/de\/wp-json\/wp\/v2\/pages\/1530\/revisions\/1567"}],"up":[{"embeddable":true,"href":"https:\/\/kursy-udt.pl\/de\/wp-json\/wp\/v2\/pages\/1522"}],"wp:attachment":[{"href":"https:\/\/kursy-udt.pl\/de\/wp-json\/wp\/v2\/media?parent=1530"}],"curies":[{"name":"wp","href":"https:\/\/api.w.org\/{rel}","templated":true}]}}