{"id":1522,"date":"2016-01-21T21:25:45","date_gmt":"2016-01-21T21:25:45","guid":{"rendered":"http:\/\/kursy-udt.pl\/?page_id=1522"},"modified":"2016-01-23T16:10:38","modified_gmt":"2016-01-23T16:10:38","slug":"ausbildungen","status":"publish","type":"page","link":"https:\/\/kursy-udt.eu\/de\/trainings\/","title":{"rendered":"Schulungen"},"content":{"rendered":"<div class=\"wyjustuj\">\n<h3>PS-Beispielger\u00e4te, f\u00fcr die wir Kurse und Pr\u00fcfungen veranstalten.<\/h3>\n<div style=\"text-align: center; font-size: 85%; line-height: 100%;\">\n<div style=\"float: left; margin-right: 20px; height: 210px;\"><a href=\"\/de\/ausbildungen\/ausbildung-auf-mobilen-hubarbeitsbuhnen\/\"><img decoding=\"async\" alt=\"udt-Ausbildung Warschau ergon company\" src=\"\/wp-content\/uploads\/2014\/04\/05-podesty-ruchome.jpeg\" \/><\/a><br \/>\n<a href=\"\/de\/ausbildungen\/ausbildung-auf-mobilen-hubarbeitsbuhnen\/\"><span style=\"color: black;\"><\/span><\/a><\/p>\n<div style=\"width: 200px;\"><strong>Mobile Hubarbeitsb\u00fchnen mit geringer Geschwindigkeit<\/strong><br \/>\nz. B. Plattformen, Scherenb\u00fchnen, Arbeitsb\u00fchnen - Kat. IP<\/div>\n<\/div>\n<div style=\"float: left; margin-right: 20px; height: 210px;\"><a href=\"\/de\/ausbildungen\/ausbildung-auf-mobilen-hubarbeitsbuhnen\/\"><img decoding=\"async\" alt=\"Kurs f\u00fcr mobile Plattformen\" src=\"\/wp-content\/uploads\/2014\/04\/08-fotogr.jpeg\" \/><\/a><br \/>\n<a href=\"\/de\/ausbildungen\/ausbildung-auf-mobilen-hubarbeitsbuhnen\/\"><span style=\"color: black;\"><\/span><\/a><\/p>\n<div style=\"width: 200px;\"><strong>Mobile Hubarbeitsb\u00fchnen mit geringer Geschwindigkeit<\/strong><br \/>\nz. B. Hubarbeitsb\u00fchnen, Teleskop-Gelenkfahrzeug - Kat. IP<\/div>\n<\/div>\n<div style=\"float: left; margin-right: 20px; height: 210px;\"><a href=\"\/de\/ausbildungen\/ausbildung-auf-mobilen-hubarbeitsbuhnen\/\"><img decoding=\"async\" alt=\"mobile Aufz\u00fcge Warschau\" src=\"\/wp-content\/uploads\/2014\/04\/podest-ruchomy-samojezdny.jpg\" \/><\/a><br \/>\n<a href=\"\/de\/ausbildungen\/ausbildung-auf-mobilen-hubarbeitsbuhnen\/\"><span style=\"color: black;\"><\/span><\/a><\/p>\n<div style=\"width: 200px;\"><strong>Selbstfahrende mobile Hebeb\u00fchnen<\/strong><br \/>\nd.h. auf Lastwagen montierte Hubarbeitsb\u00fchnen - Kat. IP<\/div>\n<\/div>\n<\/div>\n<div style=\"text-align: center; font-size: 85%; line-height: 100%;\">\n<div style=\"float: left; margin-right: 20px; height: 210px;\"><a href=\"\/de\/ausbildungen\/ausziehbar\/\"><img decoding=\"async\" alt=\"Kurse f\u00fcr Gabelstapler ergon\" src=\"\/wp-content\/uploads\/2014\/04\/ladowarka-teleskopowa.jpg\" \/><\/a><br \/>\n<a href=\"\/de\/ausbildungen\/ausziehbar\/\"><span style=\"color: black;\"><\/span><\/a><\/p>\n<div style=\"width: 200px;\"><strong>Teleskoplader<\/strong><br \/>\nmit auswechselbarem Ausleger - Kat. IWJO<\/div>\n<\/div>\n<div style=\"float: left; margin-right: 20px; height: 210px;\"><a href=\"\/de\/ausbildungen\/gabelstaplerkurse\/\"><img decoding=\"async\" alt=\"Gabelstaplerfahrerkurs ergon\" src=\"\/wp-content\/uploads\/2014\/03\/wozki-widlowe-4.jpeg\" \/><\/a><br \/>\n<a href=\"\/de\/ausbildungen\/gabelstaplerkurse\/\"><span style=\"color: black;\"><\/span><\/a><\/p>\n<div style=\"width: 200px;\"><strong>Hubwagen<\/strong><br \/>\nz.B. Gabelstapler Kat. - IIWJO<\/div>\n<\/div>\n<div style=\"float: left; margin-right: 20px; height: 210px;\"><a href=\"\/de\/ausbildungen\/gabelstaplerkurse\/\"><img decoding=\"async\" alt=\"Ergotraining\" src=\"\/wp-content\/uploads\/2014\/04\/wozki-jezdniowe-unoszace.jpg\" \/><\/a><br \/>\n<a href=\"\/de\/ausbildungen\/gabelstaplerkurse\/\"><span style=\"color: black;\"><\/span><\/a><\/p>\n<div style=\"width: 200px;\"><strong>Gabelstapler<\/strong><br \/>\nz.B. Pritschenwagen Kat. - IIIWJO<\/div>\n<\/div>\n<\/div>\n<h3>UDT Ergon Ausbildung<\/h3>\n<p>Im B\u00fcro f\u00fcr Personalschulung ERGON f\u00fchren wir professionelle UDT-Schulungen (Amt f\u00fcr technische \u00dcberwachung) durch, die zu UDT-Qualifikationen f\u00fchren. Unsere UDT-Kurse richten sich an Kunden, die eine gr\u00fcndliche Unterst\u00fctzung bei der Verbesserung ihrer Qualifikationen und der ihrer Mitarbeiter f\u00fcr Stellen suchen, f\u00fcr die UDT-Kurse erforderlich sind. Wir arbeiten st\u00e4ndig mit UDT zusammen - die Schulungen werden st\u00e4ndig nach den neuesten Anforderungen durchgef\u00fchrt.<\/p>\n<div style=\"float:right; padding-left:10px;\"><img decoding=\"async\" src=\"\/wp-content\/uploads\/2014\/09\/podesty.jpeg\" alt=\"\"><\/div>\n<p>Wir bieten UDT-Kurse zu erschwinglichen Preisen an, die sich nach der Anzahl der Teilnehmer richten. Alle Kurse werden von qualifizierten Fachleuten mit modernem Ausbildungshintergrund durchgef\u00fchrt, wobei wir sowohl auf Theorie als auch auf Praxis Wert legen. Die vom Zentrum f\u00fcr Personalschulung durchgef\u00fchrten UDT-Schulungen zeichnen sich daher durch h\u00f6chste Effizienz aus und werden h\u00e4ufig empfohlen. Wir f\u00fchren sowohl offene als auch geschlossene UDT-Schulungen durch. Wir k\u00f6nnen das Angebot auch an das Profil des Unternehmens anpassen.<\/p>\n<p>In unserem Angebot finden Sie die folgenden Qualifikationen des Technischen \u00dcberwachungsvereins:<\/p>\n<ul>\n<li>Portale, die vom Boden und von der Arbeitsb\u00fchne aus gesteuert werden<\/li>\n<li>Winden, die von der Kabine und vom Arbeitsboden aus gesteuert werden<\/li>\n<li>Fracht- und Baukr\u00e4ne mit Service<\/li>\n<li>Turm-, Schienen- und mobile Auslegerkrane (HDS)<\/li>\n<li>Gabelstapler einschlie\u00dflich Hubwagen und Spezialstapler, z. B. Teleskoplader mit auswechselbarem Ausleger<\/li>\n<li>und der Kurs f\u00fcr mobile Hebeb\u00fchnen<\/li>\n<\/ul>\n<p>Dar\u00fcber hinaus haben wir auch ADR-Kurse im Angebot und den Kurs f\u00fcr einen Kfz-Diagnostiker, TDT-Qualifikationen und UNO-Betrieb.<\/p>\n<p>Dar\u00fcber hinaus bieten wir Gabelstaplerkurse und Riggerqualifikationen an. In unserem Zentrum wird der Gabelstaplerkurs mit und ohne UDT-Bef\u00e4higung durchgef\u00fchrt.<\/p>\n<p>Wir laden Sie ein, sich f\u00fcr den Kurs im Zentrum f\u00fcr Personalausbildung ERGON einzuschreiben!<\/p>\n<\/div>","protected":false},"excerpt":{"rendered":"<p>PSample devices which we organize courses and exams for. Low-speed mobile elevated work platforms i.e. platforms, scissor lifts, work platforms- cat. IP Low-speed mobile elevated work platforms i.e. aerial platforms, telescopic articulated vehicle- cat. IP Self-propelled mobile elevated platforms i.e. aerial platforms mounted on trucks \u2013 cat. IP Telescopic loaders with changeable extension arm- cat. IWJO Lift truck i.e. forklifts cat. \u2013 IIWJO Lift trucks i.e. platform trucks cat. \u2013 IIIWJO UDT Ergon Training In the Office for Staff Training ERGON, we realize professional UDT (the Office of Technical Inspection) trainings giving UDT qualifications. Our UDT courses are designed for customers searching for thorough assistance in upgrading their and their employees\u2019 qualifications on job positions for which UDT courses are necessary. We constantly cooperate with UDT- trainings are run all the time according to the latest requirements. We offer UDT courses for affordable prices depending on the number of participants. All classes are conducted by qualified specialists using modern training background and we emphasize both theory and practice. Thanks to this, UDT training conducted by the Centre for Staff Training outstand the best efficiency and they are often recommended. We run UDT trainings both open and close. We can also adjust the offer to the company\u2019s profile. In our offer, you can find the following qualifications of the Office of Technical Inspection: gantries controlled from the ground and the working floor winches controlled from the cabin and the working floor freight and building cranes with service tower, rail and mobile jib cranes (HDS) forklifts including [&hellip;]<\/p>\n","protected":false},"author":1,"featured_media":0,"parent":0,"menu_order":1,"comment_status":"closed","ping_status":"closed","template":"","meta":{"sfsi_plus_gutenberg_text_before_share":"","sfsi_plus_gutenberg_show_text_before_share":"","sfsi_plus_gutenberg_icon_type":"","sfsi_plus_gutenberg_icon_alignemt":"","sfsi_plus_gutenburg_max_per_row":"","footnotes":""},"class_list":["post-1522","page","type-page","status-publish","hentry","has_thumb"],"aioseo_notices":[],"_links":{"self":[{"href":"https:\/\/kursy-udt.pl\/de\/wp-json\/wp\/v2\/pages\/1522","targetHints":{"allow":["GET"]}}],"collection":[{"href":"https:\/\/kursy-udt.pl\/de\/wp-json\/wp\/v2\/pages"}],"about":[{"href":"https:\/\/kursy-udt.pl\/de\/wp-json\/wp\/v2\/types\/page"}],"author":[{"embeddable":true,"href":"https:\/\/kursy-udt.pl\/de\/wp-json\/wp\/v2\/users\/1"}],"replies":[{"embeddable":true,"href":"https:\/\/kursy-udt.pl\/de\/wp-json\/wp\/v2\/comments?post=1522"}],"version-history":[{"count":7,"href":"https:\/\/kursy-udt.pl\/de\/wp-json\/wp\/v2\/pages\/1522\/revisions"}],"predecessor-version":[{"id":1800,"href":"https:\/\/kursy-udt.pl\/de\/wp-json\/wp\/v2\/pages\/1522\/revisions\/1800"}],"wp:attachment":[{"href":"https:\/\/kursy-udt.pl\/de\/wp-json\/wp\/v2\/media?parent=1522"}],"curies":[{"name":"wp","href":"https:\/\/api.w.org\/{rel}","templated":true}]}}