{"id":1509,"date":"2016-01-21T21:03:43","date_gmt":"2016-01-21T21:03:43","guid":{"rendered":"http:\/\/kursy-udt.pl\/?page_id=1509"},"modified":"2025-12-20T20:00:36","modified_gmt":"2025-12-20T19:00:36","slug":"uber-das-unternehmen-3","status":"publish","type":"page","link":"https:\/\/kursy-udt.eu\/de\/about-the-company-3\/","title":{"rendered":"\u00dcber das Unternehmen"},"content":{"rendered":"<div style=\"float: left; padding-right: 10px;\"><div id=\"metaslider-id-636\" style=\"max-width: 200px;\" class=\"ml-slider-3-107-0 metaslider metaslider-flex metaslider-636 ml-slider ms-theme-default nav-hidden\" role=\"region\" aria-label=\"\u00fcber-unternehmen-verkauf\" data-height=\"150\" data-width=\"200\">\n    <div id=\"metaslider_container_636\">\n        <div id=\"metaslider_636\" class=\"flexslider\">\n            <ul class='slides'>\n                <li style=\"display: block; width: 100%;\" class=\"slide-651 ms-image\" aria-roledescription=\"slide\" data-date=\"2014-04-13 12:21:19\" data-filename=\"01-sale-szkoleniowe1.jpeg\" data-slide-type=\"image\"><img loading=\"lazy\" decoding=\"async\" src=\"https:\/\/kursy-udt.pl\/wp-content\/uploads\/2014\/04\/01-sale-szkoleniowe1.jpeg\" height=\"150\" width=\"200\" alt=\"\" class=\"slider-636 slide-651 msDefaultImage\" \/><\/li>\n                <li style=\"display: none; width: 100%;\" class=\"slide-652 ms-image\" aria-roledescription=\"slide\" data-date=\"2014-04-13 12:21:19\" data-filename=\"02-sala-szkoleniowa1.jpeg\" data-slide-type=\"image\"><img loading=\"lazy\" decoding=\"async\" src=\"https:\/\/kursy-udt.pl\/wp-content\/uploads\/2014\/04\/02-sala-szkoleniowa1.jpeg\" height=\"150\" width=\"200\" alt=\"\" class=\"slider-636 slide-652 msDefaultImage\" \/><\/li>\n                <li style=\"display: none; width: 100%;\" class=\"slide-653 ms-image\" aria-roledescription=\"slide\" data-date=\"2014-04-13 12:21:21\" data-filename=\"03-sala-szkolenia-udt1.jpeg\" data-slide-type=\"image\"><img loading=\"lazy\" decoding=\"async\" src=\"https:\/\/kursy-udt.pl\/wp-content\/uploads\/2014\/04\/03-sala-szkolenia-udt1.jpeg\" height=\"150\" width=\"200\" alt=\"\" class=\"slider-636 slide-653 msDefaultImage\" \/><\/li>\n            <\/ul>\n        <\/div>\n        \n    <\/div>\n<\/div><\/div>\n<div class=\"wyjustuj\">\n<p>Das Zentrum f\u00fcr Personalausbildung Ergon verf\u00fcgt \u00fcber eine 15-j\u00e4hrige Erfahrung in der Organisation von Kursen f\u00fcr verschiedene Berufsgruppen. Wir haben uns auf die Kurse UDT (Amt f\u00fcr technische \u00dcberwachung), SEP (Verband polnischer Elektriker), IP, EHS, PPO\u017b (Brandbek\u00e4mpfung) und Erste Hilfe spezialisiert, die wir zusammen mit unseren Dozenten durchf\u00fchren, die \u00fcber ein breites Wissen und Erfahrung in diesem Bereich verf\u00fcgen. Wir sind Teil der Einrichtung f\u00fcr Arbeitssicherheitsberatung ERGON, die seit 20 Jahren Aufsichts- und Beratungsdienste im Bereich EHS anbietet.<\/p>\n<p>Wir konzentrieren uns auf die Vorbereitung von Kursen und Pr\u00fcfungen f\u00fcr Hebe- und Zugger\u00e4te, Arbeiter, die Ger\u00e4te und Energieanlagen bedienen und beaufsichtigen, sowie auf wichtige EHS- und Feuerl\u00f6schkurse. Wir haben uns insbesondere auf die Durchf\u00fchrung von UDT-Kursen (Amt f\u00fcr technische \u00dcberwachung) spezialisiert. Jeder unserer UDT-Kurse ist professionell und dank ihm k\u00f6nnen die Teilnehmer die notwendigen UDT-Qualifikationen f\u00fcr die gew\u00e4hlten Positionen erwerben.<\/p>\n<div style=\"float: right; padding-left: 10px;\"><div id=\"metaslider-id-644\" style=\"max-width: 200px;\" class=\"ml-slider-3-107-0 metaslider metaslider-flex metaslider-644 ml-slider ms-theme-default nav-hidden nav-hidden\" role=\"region\" aria-label=\"\u00fcber-unternehmen-verkauf2\" data-height=\"150\" data-width=\"200\">\n    <div id=\"metaslider_container_644\">\n        <div id=\"metaslider_644\" class=\"flexslider\">\n            <ul class='slides'>\n                <li style=\"display: block; width: 100%;\" class=\"slide-648 ms-image\" aria-roledescription=\"slide\" data-date=\"2014-04-13 12:20:45\" data-filename=\"04-uprawnienia-udt-sale2.jpeg\" data-slide-type=\"image\"><img loading=\"lazy\" decoding=\"async\" src=\"https:\/\/kursy-udt.pl\/wp-content\/uploads\/2014\/04\/04-uprawnienia-udt-sale2.jpeg\" height=\"150\" width=\"200\" alt=\"\" class=\"slider-644 slide-648 msDefaultImage\" \/><\/li>\n                <li style=\"display: none; width: 100%;\" class=\"slide-649 ms-image\" aria-roledescription=\"slide\" data-date=\"2014-04-13 12:20:45\" data-filename=\"05-foto-szkolenia2.jpeg\" data-slide-type=\"image\"><img loading=\"lazy\" decoding=\"async\" src=\"https:\/\/kursy-udt.pl\/wp-content\/uploads\/2014\/04\/05-foto-szkolenia2.jpeg\" height=\"150\" width=\"200\" alt=\"\" class=\"slider-644 slide-649 msDefaultImage\" \/><\/li>\n                <li style=\"display: none; width: 100%;\" class=\"slide-650 ms-image\" aria-roledescription=\"slide\" data-date=\"2014-04-13 12:20:46\" data-filename=\"06-pic-ergon-warszawa2.jpeg\" data-slide-type=\"image\"><img loading=\"lazy\" decoding=\"async\" src=\"https:\/\/kursy-udt.pl\/wp-content\/uploads\/2014\/04\/06-pic-ergon-warszawa2.jpeg\" height=\"150\" width=\"200\" alt=\"\" class=\"slider-644 slide-650 msDefaultImage\" \/><\/li>\n            <\/ul>\n        <\/div>\n        \n    <\/div>\n<\/div><\/div>\n<p>Wir f\u00fchren Gabelstaplerkurse durch. Dieser Kurs ist eines unserer beliebtesten Angebote, das von den Teilnehmern sehr gesch\u00e4tzt und gelobt wird. Der in unserem Zentrum angebotene Kurs wird im Rahmen des UDT (Amt f\u00fcr technische \u00dcberwachung) und unabh\u00e4ngig davon durchgef\u00fchrt. Dar\u00fcber hinaus bieten wir Kurse f\u00fcr gesteuerte Portale, Winden, verschiedene Arten von Auslegerkr\u00e4nen, Fracht- und Baukr\u00e4ne sowie mobile Hubarbeitsb\u00fchnen an. Sie k\u00f6nnen Qualifikationen f\u00fcr Hubarbeitsb\u00fchnen der Kategorien I P und IIP erwerben. Wir k\u00f6nnen auch Gabelstaplerkurse und andere Kurse als geschlossene Kurse durchf\u00fchren, die individuell auf die Bed\u00fcrfnisse des Kunden zugeschnitten sind.<\/p>\n<p>Unser Angebot umfasst auch:<\/p>\n<ul>\n<li>SEP-Qualifikationen<\/li>\n<li><a href=\"http:\/\/ergon.edu.pl\/szkolenia\/kurs-na-uprawnienia-hds\/\" rel=\"nofollow\">HDS-Qualifikationen<\/a><\/li>\n<li><a href=\"http:\/\/odkergon.pl\" rel=\"nofollow\">EHS- und Brandbek\u00e4mpfungsschulungen<\/a><\/li>\n<li><a href=\"http:\/\/kursadr.com\">ADR-Kurs<\/a><\/li>\n<li><a href=\"http:\/\/kursadr.com\/szkolenia\/kurs-tdt-do-obslugi-uno\/\" rel=\"nofollow\">TDT-Qualifikationen<\/a><\/li>\n<\/ul>\n<p>Wir zeichnen uns durch h\u00f6chste Effizienz und Zuverl\u00e4ssigkeit aus. 98% der Teilnehmer w\u00fcrden uns nat\u00fcrlich weiterempfehlen. Wir konzentrieren uns auf den st\u00e4ndigen Fortschritt, indem wir sowohl das Personal als auch unser Wissen und unsere F\u00e4higkeiten erweitern. Wir arbeiten vor allem in der Woiwodschaft Masowien, aber wir sind auch in der Lage, Kunden in ganz Polen zu erreichen.<\/p>\n<p>Das Zentrum f\u00fcr Personalschulung ERGON ist unter der Identifikationsnummer 699\/K\/95 im Warschauer Register f\u00fcr nicht-\u00f6ffentliche Schulen und Einrichtungen als nicht-\u00f6ffentliche Bildungseinrichtung mit Schulungsaktivit\u00e4ten registriert.<\/p>\n<p>Wir laden Sie ein zur Nutzung <a href=\"\/de\/ausbildungen\/\">unsere Dienstleistungen<\/a>,<br \/>\nERGON ODK Company (Zentrum f\u00fcr Personalausbildung)<\/p>\n<\/div>","protected":false},"excerpt":{"rendered":"<p>The Centre for Staff Training Ergon has had 15 years of experience in organising courses designed for different professional groups. We specialize in UDT (the Office of Technical Inspection) courses, SEP (the Association of Polish Electricians), IP, EHS, PPO\u017b (fire fighting), first aid, which we conduct together with our lecturers who have wide knowledge and experience in this field. We act as the part of the Establishment for Work Safety Consulting ERGON, which has been providing EHS supervision and consulting services for 20 years. We focus on preparing courses and exams designed for hoisting and hauling equipment, workers utilizing and supervising devices and power system as well as essential EHS and fire fighting courses. We especially specialize in running UDT (the Office of Technical Inspection) courses. Every our UDT (the Office of Technical Inspection) course is professional and thanks to it, its participants can gain necessary UDT (the Office of Technical Inspection) qualifications for chosen positions. We run forklift courses. This course is one of our most popular offers which is appreciated and praised by participants. The course available at our centre is run as part of UDT (the Office of Technical Inspection) and apart from it. Additionally, we offer courses on controlled gantries, winches, different types of jib cranes, freight and building cranes as well as mobile elevated work platforms. You can obtain qualifications for aerial platforms category I P and IIP. We can also run forklift course and other courses as closed ones, individually designed for customer\u2019s needs. Our offer also includes: SEP [&hellip;]<\/p>\n","protected":false},"author":1,"featured_media":0,"parent":0,"menu_order":0,"comment_status":"closed","ping_status":"closed","template":"","meta":{"sfsi_plus_gutenberg_text_before_share":"","sfsi_plus_gutenberg_show_text_before_share":"","sfsi_plus_gutenberg_icon_type":"","sfsi_plus_gutenberg_icon_alignemt":"","sfsi_plus_gutenburg_max_per_row":"","footnotes":""},"class_list":["post-1509","page","type-page","status-publish","hentry","has_no_thumb"],"aioseo_notices":[],"_links":{"self":[{"href":"https:\/\/kursy-udt.pl\/de\/wp-json\/wp\/v2\/pages\/1509","targetHints":{"allow":["GET"]}}],"collection":[{"href":"https:\/\/kursy-udt.pl\/de\/wp-json\/wp\/v2\/pages"}],"about":[{"href":"https:\/\/kursy-udt.pl\/de\/wp-json\/wp\/v2\/types\/page"}],"author":[{"embeddable":true,"href":"https:\/\/kursy-udt.pl\/de\/wp-json\/wp\/v2\/users\/1"}],"replies":[{"embeddable":true,"href":"https:\/\/kursy-udt.pl\/de\/wp-json\/wp\/v2\/comments?post=1509"}],"version-history":[{"count":6,"href":"https:\/\/kursy-udt.pl\/de\/wp-json\/wp\/v2\/pages\/1509\/revisions"}],"predecessor-version":[{"id":6231,"href":"https:\/\/kursy-udt.pl\/de\/wp-json\/wp\/v2\/pages\/1509\/revisions\/6231"}],"wp:attachment":[{"href":"https:\/\/kursy-udt.pl\/de\/wp-json\/wp\/v2\/media?parent=1509"}],"curies":[{"name":"wp","href":"https:\/\/api.w.org\/{rel}","templated":true}]}}