{"id":1446,"date":"2015-08-20T22:00:19","date_gmt":"2015-08-20T22:00:19","guid":{"rendered":"http:\/\/kursy-udt.pl\/?page_id=1446"},"modified":"2022-10-17T10:49:21","modified_gmt":"2022-10-17T10:49:21","slug":"enteisungsmaschinen","status":"publish","type":"page","link":"https:\/\/kursy-udt.pl\/de\/szkolenia\/gse\/odladzarki\/","title":{"rendered":"Enteisungsmaschinen"},"content":{"rendered":"<p>Unser Zentrum ist auf die Organisation von Schulungen f\u00fcr Flughafenmitarbeiter spezialisiert. Wir bieten einen Kurs \u00fcber die Verwendung von Enteisungsger\u00e4ten an, einem Ger\u00e4t, das zur Beseitigung von Eis auf Flugzeugen verwendet wird. In unseren Kursen k\u00f6nnen Sie Kenntnisse und Fertigkeiten im Umgang mit dieser Art von GSE (Ground Support Equipment), d. h. Ger\u00e4ten und Ausr\u00fcstungen zur Unterst\u00fctzung von Flugzeugen am Boden, erwerben.<\/p>\n<p><a href=\"https:\/\/kursy-udt.pl\/wp-content\/uploads\/2022\/10\/8.jpeg\"><img loading=\"lazy\" decoding=\"async\" class=\"aligncenter wp-image-4506\" src=\"https:\/\/kursy-udt.pl\/wp-content\/uploads\/2022\/10\/8-300x200.jpeg\" alt=\"Enteisung des Flugzeugs vor einem Nachtflug\" width=\"750\" height=\"500\" srcset=\"https:\/\/kursy-udt.pl\/wp-content\/uploads\/2022\/10\/8-300x200.jpeg 300w, https:\/\/kursy-udt.pl\/wp-content\/uploads\/2022\/10\/8-1024x683.jpeg 1024w, https:\/\/kursy-udt.pl\/wp-content\/uploads\/2022\/10\/8-768x512.jpeg 768w, https:\/\/kursy-udt.pl\/wp-content\/uploads\/2022\/10\/8-1536x1024.jpeg 1536w, https:\/\/kursy-udt.pl\/wp-content\/uploads\/2022\/10\/8-18x12.jpeg 18w, https:\/\/kursy-udt.pl\/wp-content\/uploads\/2022\/10\/8-624x416.jpeg 624w, https:\/\/kursy-udt.pl\/wp-content\/uploads\/2022\/10\/8.jpeg 1600w\" sizes=\"auto, (max-width: 750px) 100vw, 750px\" \/><\/a><\/p>\n<p>Enteisungsmaschinen sind allgemein verwendete Ger\u00e4te, die zur Enteisung von Flugzeugen eingesetzt werden. Ihr Zweck ist es, Schnee, Eis und Frost von ihren Oberfl\u00e4chen zu entfernen. Dabei werden geeignete Chemikalien eingesetzt, die diese flugsicherheitsgef\u00e4hrdenden Stoffe nicht nur entfernen, sondern auch verhindern, dass sie sich f\u00fcr eine bestimmte Zeit erneut ablagern. Eis, Schnee und Frost auf einem Flugzeug beeintr\u00e4chtigen dessen Flugf\u00e4higkeit, da sie eine unebene Oberfl\u00e4che bilden, die die Aerodynamik st\u00f6rt und sogar zu einem Absturz f\u00fchren kann. Dar\u00fcber hinaus k\u00f6nnen auch gr\u00f6\u00dfere Eisst\u00fccke in den Motor gelangen oder die Propeller treffen, was \u00e4hnliche Folgen haben kann. Die Enteisung wird daher obligatorisch durchgef\u00fchrt, wenn das Flugzeug im Stillstand vereist ist, und auch prophylaktisch, um die Vereisung im Flug bei bestimmten Temperaturen zu verhindern.<\/p>\n<p>Die Enteisung erfolgt mit Hilfe entsprechender technischer Einrichtungen - das sind Ger\u00e4te, die ein Gemisch aus Glykol und Wasser bei entsprechender Temperatur erzeugen, oder andere Stoffe mit Enteisungseigenschaften, die von den Arbeitern in Kostenaufz\u00fcgen aufgebracht werden. Diese Aufz\u00fcge werden von Bedienern bedient, die \u00fcber die entsprechenden <a href=\"https:\/\/kursy-udt.pl\/de\/uprawnienia-udt\/kategorie-uprawnien-2\/\">Anrechte<\/a>.<\/p>\n<p>Die Teilnehmer unserer Flugbegleiterschulung erhalten die notwendigen Kenntnisse zur Bedienung der im Enteisungsprozess verwendeten Ger\u00e4te sowie die Grunds\u00e4tze der Gesundheit und Sicherheit. Der Kurs wird durch eine praktische Ausbildung erg\u00e4nzt. Der Kurs wird von unseren erfahrenen Ausbildern betreut.<\/p>\n<p>Die Schulungen finden zu bestimmten Terminen in unseren Einrichtungen statt. Wir organisieren auch Kurse als geschlossene Schulungen f\u00fcr Flugh\u00e4fen. Nutzen Sie unser Angebot!<\/p>","protected":false},"excerpt":{"rendered":"<p>Nasz o\u015brodek specjalizuje si\u0119 w organizacji szkole\u0144 przeznaczonych dla pracownik\u00f3w lotnisk. W ofercie posiadamy kurs obs\u0142ugi odladzarki \u2013 urz\u0105dzenia stosowanego w celu usuwania lodu z samolot\u00f3w. Dzi\u0119ki naszym zaj\u0119ciom mo\u017cesz uzyska\u0107 wiedz\u0119 oraz umiej\u0119tno\u015bci w zakresie wykorzystania tego rodzaju GSE (Ground Support Equipment) \u2013 urz\u0105dze\u0144 i sprz\u0119tu do obs\u0142ugi naziemnej statk\u00f3w powietrznych. Odladzarki to powszechnie u\u017cywany sprz\u0119t przeznaczony do przeprowadzenia operacji odladzania samolot\u00f3w. Jego celem jest usuni\u0119cie \u015bniegu, lodu oraz szronu z ich powierzchni. Wykorzystuje si\u0119 odpowiednie \u015brodki chemiczne, kt\u00f3re nie tylko powoduj\u0105 usuni\u0119cie tych zagra\u017caj\u0105cych bezpiecze\u0144stwu lotu substancji, ale r\u00f3wnie\u017c zapobiegaj\u0105 one ich ponownemu osadzaniu si\u0119 przez okre\u015blony czas. L\u00f3d oraz \u015bnieg i szron znajduj\u0105ce si\u0119 na samolocie zmniejszaj\u0105 jego zdolno\u015b\u0107 do wzlotu, poniewa\u017c tworz\u0105 nier\u00f3wn\u0105 powierzchni\u0119 zaburzaj\u0105c\u0105 aerodynamik\u0119, co mo\u017ce prowadzi\u0107 nawet do katastrofy. Dodatkowo tak\u017ce wi\u0119ksze kawa\u0142ki lodu mog\u0105 dosta\u0107 si\u0119 do silnika lub uderzy\u0107 \u015bmig\u0142a, co tak\u017ce mo\u017ce by\u0107 podobne w skutkach. Dlatego te\u017c odladzanie przeprowadza si\u0119 obowi\u0105zkowo wtedy, gdy samolot jest oblodzony na postoju, a tak\u017ce profilaktycznie, by zapobiega\u0107 jego oblodzeniu w locie w okre\u015blonych temperaturach. Proces odladzania wykonuje si\u0119 z u\u017cyciem odpowiedniego zaplecza technicznego \u2013 s\u0105 to urz\u0105dzenia generuj\u0105ce mieszanin\u0119 glikolu i wody o odpowiedniej temperaturze lub te\u017c inne substancje o w\u0142a\u015bciwo\u015bciach odladzaj\u0105cych, kt\u00f3re stosuj\u0105 pracownicy znajduj\u0105cy si\u0119 w podno\u015bnikach kosztowych. Podno\u015bniki te obs\u0142ugiwane s\u0105 przez operator\u00f3w posiadaj\u0105cych odpowiednie uprawnienia. Uczestnicy naszego szkolenia dla personelu lotniczego otrzymuj\u0105 potrzebn\u0105 wiedz\u0119 dotycz\u0105c\u0105 obs\u0142ugi urz\u0105dze\u0144 wykorzystywanych w procesie odladzania, a tak\u017ce zasad bezpiecze\u0144stwa i higieny pracy. Zaj\u0119cia uzupe\u0142nione s\u0105 dodatkowo o praktyk\u0119. Nad przebiegiem czuwaj\u0105 nasi do\u015bwiadczeni instruktorzy. Szkolenia odbywaj\u0105 si\u0119 w [&hellip;]<\/p>\n","protected":false},"author":1,"featured_media":4506,"parent":1442,"menu_order":0,"comment_status":"closed","ping_status":"closed","template":"","meta":{"sfsi_plus_gutenberg_text_before_share":"","sfsi_plus_gutenberg_show_text_before_share":"","sfsi_plus_gutenberg_icon_type":"","sfsi_plus_gutenberg_icon_alignemt":"","sfsi_plus_gutenburg_max_per_row":"","footnotes":""},"class_list":["post-1446","page","type-page","status-publish","has-post-thumbnail","hentry","has_thumb"],"aioseo_notices":[],"_links":{"self":[{"href":"https:\/\/kursy-udt.pl\/de\/wp-json\/wp\/v2\/pages\/1446","targetHints":{"allow":["GET"]}}],"collection":[{"href":"https:\/\/kursy-udt.pl\/de\/wp-json\/wp\/v2\/pages"}],"about":[{"href":"https:\/\/kursy-udt.pl\/de\/wp-json\/wp\/v2\/types\/page"}],"author":[{"embeddable":true,"href":"https:\/\/kursy-udt.pl\/de\/wp-json\/wp\/v2\/users\/1"}],"replies":[{"embeddable":true,"href":"https:\/\/kursy-udt.pl\/de\/wp-json\/wp\/v2\/comments?post=1446"}],"version-history":[{"count":3,"href":"https:\/\/kursy-udt.pl\/de\/wp-json\/wp\/v2\/pages\/1446\/revisions"}],"predecessor-version":[{"id":4508,"href":"https:\/\/kursy-udt.pl\/de\/wp-json\/wp\/v2\/pages\/1446\/revisions\/4508"}],"up":[{"embeddable":true,"href":"https:\/\/kursy-udt.pl\/de\/wp-json\/wp\/v2\/pages\/1442"}],"wp:featuredmedia":[{"embeddable":true,"href":"https:\/\/kursy-udt.pl\/de\/wp-json\/wp\/v2\/media\/4506"}],"wp:attachment":[{"href":"https:\/\/kursy-udt.pl\/de\/wp-json\/wp\/v2\/media?parent=1446"}],"curies":[{"name":"wp","href":"https:\/\/api.w.org\/{rel}","templated":true}]}}