{"id":1444,"date":"2015-08-20T21:59:03","date_gmt":"2015-08-20T21:59:03","guid":{"rendered":"http:\/\/kursy-udt.pl\/?page_id=1444"},"modified":"2022-10-17T10:39:49","modified_gmt":"2022-10-17T10:39:49","slug":"container-und-palettenumschlag","status":"publish","type":"page","link":"https:\/\/kursy-udt.pl\/de\/szkolenia\/gse\/obsluga-transporterow-kontenerow-i-palet\/","title":{"rendered":"Container- und Palettentransporter f\u00fcr den Umschlag"},"content":{"rendered":"<p>Unser Zentrum organisiert Kurse f\u00fcr Container- und Palettentransporter, die auf Flugh\u00e4fen \u00fcblicherweise f\u00fcr den Transport von Gep\u00e4ck, Paletten, Containern und anderen Arten von Fracht eingesetzt werden, einschlie\u00dflich nicht standardisierter Fracht, die eine entsprechende Vorbereitung und Ausstattung erfordert.<\/p>\n<p><a href=\"https:\/\/kursy-udt.pl\/wp-content\/uploads\/2022\/10\/7.jpeg\"><img loading=\"lazy\" decoding=\"async\" class=\"aligncenter wp-image-4503\" src=\"https:\/\/kursy-udt.pl\/wp-content\/uploads\/2022\/10\/7-300x187.jpeg\" alt=\"\" width=\"750\" height=\"467\" srcset=\"https:\/\/kursy-udt.pl\/wp-content\/uploads\/2022\/10\/7-300x187.jpeg 300w, https:\/\/kursy-udt.pl\/wp-content\/uploads\/2022\/10\/7-1024x638.jpeg 1024w, https:\/\/kursy-udt.pl\/wp-content\/uploads\/2022\/10\/7-768x479.jpeg 768w, https:\/\/kursy-udt.pl\/wp-content\/uploads\/2022\/10\/7-1536x957.jpeg 1536w, https:\/\/kursy-udt.pl\/wp-content\/uploads\/2022\/10\/7-18x12.jpeg 18w, https:\/\/kursy-udt.pl\/wp-content\/uploads\/2022\/10\/7-624x389.jpeg 624w, https:\/\/kursy-udt.pl\/wp-content\/uploads\/2022\/10\/7.jpeg 1600w\" sizes=\"auto, (max-width: 750px) 100vw, 750px\" \/><\/a><\/p>\n<p>Wer sich f\u00fcr die Teilnahme an den Kursen interessiert, sollte sich unser Angebot genauer ansehen!<\/p>\n<p>Container- und Palettentransporter, die auf Flugh\u00e4fen eingesetzt werden, sind mobile Scherenhebeb\u00fchnen - in erster Linie Flughafen-Hochlader-Hebeb\u00fchnen mit Diesel- oder Elektroantrieb - sowie Flughafen-Cargo-Hebeb\u00fchnen - diese werden eingesetzt, um Paletten und Container in und aus Lagern, Regalen, Trolleys und Hochladern zu bewegen. Sie sind auf den Transport von ULD-Einheiten (Unit Load Device) f\u00fcr Container und Paletten zugeschnitten und werden in einer Vielzahl von technischen Varianten hergestellt. Auch Fahrzeuge wie elektrische Flughafengep\u00e4ckschlepper und Dieselschlepper werden f\u00fcr die Arbeit eingesetzt.<\/p>\n<p>Arbeitnehmer, die mit Container- und Palettentransportern arbeiten, m\u00fcssen \u00fcber Kenntnisse und F\u00e4higkeiten im Umgang mit Lasten verf\u00fcgen. Die Hauptgefahren, die mit einer unangemessenen Handhabung der Ger\u00e4te verbunden sind, ergeben sich aus dem Missverh\u00e4ltnis zwischen den richtigen Handhabungsmethoden und der Nichteinhaltung der Gesundheits- und Sicherheitsvorschriften. Einige Lasten, wie z. B. Autos, erfordern besondere Sorgfalt bei der Auswahl der geeigneten Mittel. Andernfalls besteht die Gefahr, dass nicht nur die Ladung selbst, sondern auch die Transportausr\u00fcstung und das Flugzeug besch\u00e4digt werden.<\/p>\n<p>Unsere Schulungskurse f\u00fcr Luftfahrtpersonal decken ein breites Spektrum an Kenntnissen und F\u00e4higkeiten in Bezug auf den Betrieb von Transportern und die damit verbundenen Sicherheitsvorschriften ab. Unsere Kurse ber\u00fccksichtigen die aktuellen Vorschriften und Praktiken in diesem Bereich und st\u00fctzen sich auf die umfangreiche Erfahrung unserer Ausbilder im Bereich GSE (Ground Support Equipment) - Bodenger\u00e4te und -einrichtungen f\u00fcr Flugzeuge.<\/p>\n<p>Unser Kurs \u00fcber die Bedienung dieser Art von Ger\u00e4ten ist eine umfassende Vorbereitung f\u00fcr alle Flughafenmitarbeiter sowie f\u00fcr diejenigen, die eine Anstellung als Luftfahrtbodenpersonal anstreben. Wir organisieren Schulungen f\u00fcr Flugh\u00e4fen - sowohl f\u00fcr organisierte Gruppen als auch f\u00fcr Einzelpersonen, die in diesem Bereich kompetent werden wollen.<\/p>\n<p>Wir laden Sie ein, unser Schulungsangebot n\u00e4her kennen zu lernen!<\/p>","protected":false},"excerpt":{"rendered":"<p>Nasz o\u015brodek zajmuje si\u0119 organizacj\u0105 kurs\u00f3w na transportery kontener\u00f3w i palet, kt\u00f3re wykorzystywane s\u0105 powszechnie na portach lotniczych w celu przewozu \u0142adunk\u00f3w \u2013 baga\u017cy, palet, kontener\u00f3w, a tak\u017ce \u0142adunk\u00f3w innego rodzaju, w tym nietypowych i wymagaj\u0105cych odpowiedniego przygotowania i zaplecza. Wszystkich zainteresowanych uczestnictwem w zaj\u0119ciach zach\u0119camy do bli\u017cszego zapoznania si\u0119 z nasz\u0105 ofert\u0105! Transportery kontener\u00f3w i palet wykorzystywane na portach lotniczych maj\u0105 posta\u0107 mobilnych podno\u015bnik\u00f3w no\u017cycowych \u2013 s\u0105 to przede wszystkim lotniskowe podno\u015bniki typu high loader z nap\u0119dami spalinowymi lub elektrycznymi, a tak\u017ce lotniskowe podno\u015bniki typu cargo \u2013 s\u0142u\u017c\u0105 one do manipulacji palet i kontener\u00f3w do i z magazynu, rega\u0142\u00f3w, z w\u00f3zk\u00f3w, hi-loader\u2019\u00f3w. S\u0105 one dopasowane do transportu jednostek ULD (unit load device) na kontenery oraz palety i s\u0105 one produkowane w szerokiej gamie wariant\u00f3w technicznych. Do prac wykorzystuje si\u0119 r\u00f3wnie\u017c pojazdy takie jak elektryczne lotniskowe ci\u0105gniki baga\u017cowe oraz ci\u0105gniki z silnikami Diesla. Pracownicy obs\u0142uguj\u0105cy transportery kontener\u00f3w oraz palet musz\u0105 posiada\u0107 wiedz\u0119 oraz umiej\u0119tno\u015bci dotycz\u0105ce manipulacji \u0142adunkami. G\u0142\u00f3wne zagro\u017cenia zwi\u0105zane z nieodpowiedni\u0105 obs\u0142ug\u0105 sprz\u0119t\u00f3w zwi\u0105zane s\u0105 z niedopasowaniem do nich w\u0142a\u015bciwych metod manipulacji oraz nieprzestrzeganiem zasad bezpiecze\u0144stwa i higieny pracy. Niekt\u00f3re \u0142adunki, na przyk\u0142ad samochody, wymagaj\u0105 szczeg\u00f3lnej dba\u0142o\u015bci o dob\u00f3r odpowiednich \u015brodk\u00f3w. W przeciwnym przypadku istnieje ryzyko uszkodzenia nie tylko samego \u0142adunku, ale r\u00f3wnie\u017c urz\u0105dze\u0144 transportowych oraz samolotu. Organizowane przez nas szkolenia dla personelu lotniczego obejmuj\u0105 szeroki zakres wiedzy i umiej\u0119tno\u015bci dotycz\u0105cych obs\u0142ugi transporter\u00f3w oraz zwi\u0105zanych z nimi zasad bezpiecze\u0144stwa. Nasze zaj\u0119cia uwzgl\u0119dniaj\u0105 aktualne przepisy i praktyk\u0119 w tym zakresie, opieraj\u0105c si\u0119 na szerokim do\u015bwiadczeniu naszych instruktor\u00f3w w dziedzinie GSE (Ground Support Equipment) \u2013 urz\u0105dze\u0144 [&hellip;]<\/p>\n","protected":false},"author":1,"featured_media":4503,"parent":1442,"menu_order":0,"comment_status":"closed","ping_status":"closed","template":"","meta":{"sfsi_plus_gutenberg_text_before_share":"","sfsi_plus_gutenberg_show_text_before_share":"","sfsi_plus_gutenberg_icon_type":"","sfsi_plus_gutenberg_icon_alignemt":"","sfsi_plus_gutenburg_max_per_row":"","footnotes":""},"class_list":["post-1444","page","type-page","status-publish","has-post-thumbnail","hentry","has_thumb"],"aioseo_notices":[],"_links":{"self":[{"href":"https:\/\/kursy-udt.pl\/de\/wp-json\/wp\/v2\/pages\/1444","targetHints":{"allow":["GET"]}}],"collection":[{"href":"https:\/\/kursy-udt.pl\/de\/wp-json\/wp\/v2\/pages"}],"about":[{"href":"https:\/\/kursy-udt.pl\/de\/wp-json\/wp\/v2\/types\/page"}],"author":[{"embeddable":true,"href":"https:\/\/kursy-udt.pl\/de\/wp-json\/wp\/v2\/users\/1"}],"replies":[{"embeddable":true,"href":"https:\/\/kursy-udt.pl\/de\/wp-json\/wp\/v2\/comments?post=1444"}],"version-history":[{"count":4,"href":"https:\/\/kursy-udt.pl\/de\/wp-json\/wp\/v2\/pages\/1444\/revisions"}],"predecessor-version":[{"id":4505,"href":"https:\/\/kursy-udt.pl\/de\/wp-json\/wp\/v2\/pages\/1444\/revisions\/4505"}],"up":[{"embeddable":true,"href":"https:\/\/kursy-udt.pl\/de\/wp-json\/wp\/v2\/pages\/1442"}],"wp:featuredmedia":[{"embeddable":true,"href":"https:\/\/kursy-udt.pl\/de\/wp-json\/wp\/v2\/media\/4503"}],"wp:attachment":[{"href":"https:\/\/kursy-udt.pl\/de\/wp-json\/wp\/v2\/media?parent=1444"}],"curies":[{"name":"wp","href":"https:\/\/api.w.org\/{rel}","templated":true}]}}