{"id":1442,"date":"2015-08-20T21:56:47","date_gmt":"2015-08-20T21:56:47","guid":{"rendered":"http:\/\/kursy-udt.pl\/?page_id=1442"},"modified":"2025-05-22T22:24:19","modified_gmt":"2025-05-22T20:24:19","slug":"gse","status":"publish","type":"page","link":"https:\/\/kursy-udt.pl\/de\/szkolenia\/gse\/","title":{"rendered":"GSE-Ausbildung"},"content":{"rendered":"<p><img loading=\"lazy\" decoding=\"async\" class=\"paddingleft10 alignleft wp-image-3431 size-medium\" src=\"https:\/\/kursy-udt.pl\/wp-content\/uploads\/2021\/08\/Projekt-bez-tytulu-38-300x251.jpg\" alt=\"\" width=\"300\" height=\"251\" srcset=\"https:\/\/kursy-udt.pl\/wp-content\/uploads\/2021\/08\/Projekt-bez-tytulu-38-300x251.jpg 300w, https:\/\/kursy-udt.pl\/wp-content\/uploads\/2021\/08\/Projekt-bez-tytulu-38-768x644.jpg 768w, https:\/\/kursy-udt.pl\/wp-content\/uploads\/2021\/08\/Projekt-bez-tytulu-38-624x523.jpg 624w, https:\/\/kursy-udt.pl\/wp-content\/uploads\/2021\/08\/Projekt-bez-tytulu-38.jpg 940w\" sizes=\"auto, (max-width: 300px) 100vw, 300px\" \/>In unserem Zentrum bieten wir Schulungen f\u00fcr GSE (Ground Support Equipment) an, d. h. f\u00fcr Bodenger\u00e4te und -einrichtungen f\u00fcr Flugzeuge. In diesen Kursen k\u00f6nnen Sie Kenntnisse und F\u00e4higkeiten in Bezug auf Ihre Aufgaben als Bodenabfertiger auf Flugh\u00e4fen erwerben.<\/p>\n<p>Wir organisieren Schulungskurse f\u00fcr Luftfahrtpersonal und Personen, die sich f\u00fcr eine T\u00e4tigkeit an Flugh\u00e4fen bewerben m\u00f6chten. Wir f\u00fchren sie auch als Flughafenschulungen durch - f\u00fcr organisierte Gruppen.<\/p>\n<p>&nbsp;<\/p>\n<p>&nbsp;<\/p>\n<p>&nbsp;<\/p>\n<p>&nbsp;<\/p>\n<p><strong>Unser Schulungsangebot umfasst:<\/strong><\/p>\n<ul>\n<li>Kurse f\u00fcr Container- und Palettentransporter<\/li>\n<li>Kurse f\u00fcr Krankenfahrst\u00fchle<\/li>\n<li>Kurse f\u00fcr Enteisungsmaschinen<\/li>\n<\/ul>\n<p>Das Programm unserer Kurse entspricht den gesetzlichen Anforderungen, die mit dem Betrieb von Flughafen-GSE-Ger\u00e4ten verbunden sind. Diese werden auf Flugh\u00e4fen eingesetzt, in der Regel auf dem Vorfeld und im Servicebereich der Terminals. Zum Aufgabenbereich geh\u00f6ren vor allem Ladevorg\u00e4nge, die Mobilit\u00e4t der Flugzeuge, die Reinigung, das Auff\u00fcllen von Hygieneartikeln und die Stromversorgung der Flugzeuge. Diese Arbeiten werden vom Flughafenpersonal oder einem externen Betreiber durchgef\u00fchrt.<\/p>\n<p>Jeder Abfertigungskurs, der in unseren Zentren durchgef\u00fchrt wird, umfasst einen theoretischen und einen praktischen Teil. Er ist vollgepackt mit wertvollen Informationen, die f\u00fcr eine T\u00e4tigkeit in der Flugzeugabfertigung erforderlich sind. Der Unterricht wird von erfahrenen Ausbildern mit langj\u00e4hriger Berufserfahrung erteilt, die immer ein offenes Ohr f\u00fcr Fragen haben. Die Kurse schlie\u00dfen mit Pr\u00fcfungen ab, nach denen die Teilnehmer Zertifikate erhalten, die ihre Qualifikationen best\u00e4tigen. Mit diesen Zertifikaten k\u00f6nnen sie sich auf Stellen bewerben, die f\u00fcr das Bodenpersonal von Flugh\u00e4fen vorgesehen sind.<\/p>\n<p>Auf unserer Website k\u00f6nnen Sie die aktuellen Termine f\u00fcr die Organisation von Kursen einsehen - diese finden in Warschau sowie in anderen polnischen St\u00e4dten statt. Es ist auch m\u00f6glich, Schulungen f\u00fcr geschlossene Gruppen zu geeigneten Zeiten und an geeigneten Orten durchzuf\u00fchren. Wenn Sie weitere Fragen haben, stehen wir Ihnen jederzeit zur Verf\u00fcgung. Wir laden Sie ein, unser Schulungsangebot f\u00fcr Luftfahrt- und Flughafenpersonal in Anspruch zu nehmen!<\/p>\n<p><a href=\"https:\/\/kursy-udt.pl\/wp-content\/uploads\/2022\/12\/GSE-kursy-udt.pl_.png\"><img loading=\"lazy\" decoding=\"async\" class=\"aligncenter wp-image-4518\" src=\"https:\/\/kursy-udt.pl\/wp-content\/uploads\/2022\/12\/GSE-kursy-udt.pl_-300x188.png\" alt=\"\" width=\"750\" height=\"469\" srcset=\"https:\/\/kursy-udt.pl\/wp-content\/uploads\/2022\/12\/GSE-kursy-udt.pl_-300x188.png 300w, https:\/\/kursy-udt.pl\/wp-content\/uploads\/2022\/12\/GSE-kursy-udt.pl_-1024x640.png 1024w, https:\/\/kursy-udt.pl\/wp-content\/uploads\/2022\/12\/GSE-kursy-udt.pl_-768x480.png 768w, https:\/\/kursy-udt.pl\/wp-content\/uploads\/2022\/12\/GSE-kursy-udt.pl_-18x12.png 18w, https:\/\/kursy-udt.pl\/wp-content\/uploads\/2022\/12\/GSE-kursy-udt.pl_-624x390.png 624w, https:\/\/kursy-udt.pl\/wp-content\/uploads\/2022\/12\/GSE-kursy-udt.pl_.png 1200w\" sizes=\"auto, (max-width: 750px) 100vw, 750px\" \/><\/a><\/p>","protected":false},"excerpt":{"rendered":"<p>W naszym o\u015brodku oferujemy szkolenia GSE (Ground Support Equipment) \u2013 urz\u0105dze\u0144 i sprz\u0119tu do obs\u0142ugi naziemnej statk\u00f3w powietrznych. S\u0105 to zaj\u0119cia, dzi\u0119ki kt\u00f3rym mo\u017cna zdoby\u0107 wiedz\u0119 oraz umiej\u0119tno\u015bci dotycz\u0105ce obowi\u0105zk\u00f3w jako pracownik obs\u0142ugi naziemnej \u2013 p\u0142ytowej w portach lotniczych. Organizujemy szkolenia dla personelu lotniczego i os\u00f3b chc\u0105cych ubiega\u0107 si\u0119 o prac\u0119 na portach lotniczych. R\u00f3wnie\u017c prowadzimy je jako szkolenia dla port\u00f3w lotniczych \u2013 dla grup zorganizowanych. &nbsp; &nbsp; &nbsp; &nbsp; Nasza oferta szkoleniowa w\u0142\u0105cza: kursy na transportery kontener\u00f3w i palet kursy na ambulifty kursy na odladzarki Program naszych zaj\u0119\u0107 spe\u0142nia wymogi prawne zwi\u0105zane z obs\u0142ug\u0105 urz\u0105dze\u0144 lotniskowych typu GSE. S\u0105 one u\u017cywane na portach lotniczych, zwykle przy rampie i w przestrzeni serwisowej przy terminalach. Zakres obs\u0142ugi w\u0142\u0105cza przede wszystkim operacje za\u0142adunku, dotycz\u0105ce mobilno\u015bci samolot\u00f3w, sprz\u0105tania, uzupe\u0142niania artyku\u0142\u00f3w higienicznych, a tak\u017ce zasilania samolot\u00f3w. Prace te prowadzone s\u0105 przez pracownik\u00f3w lotniska lub te\u017c zewn\u0119trznego operatora. Ka\u017cdy kurs obs\u0142ugi prowadzony w naszym o\u015brodk\u00f3w obejmuje cz\u0119\u015b\u0107 teoretyczn\u0105 oraz praktyczn\u0105. Jest on pe\u0142en warto\u015bciowych informacji potrzebnych na stanowiskach obs\u0142ugi naziemnej statk\u00f3w powietrznych. Zaj\u0119cia prowadzone s\u0105 przez do\u015bwiadczonych instruktor\u00f3w z wieloletni\u0105 praktyk\u0105 zawodow\u0105, kt\u00f3rzy otwarci s\u0105 zawsze na zapytania. Kursy ko\u0144cz\u0105 si\u0119 egzaminami, po kt\u00f3rych pozytywnym zaliczeniu uczestnicy uzyskuj\u0105 za\u015bwiadczenia potwierdzaj\u0105ce zdobyte kwalifikacje. Za\u015bwiadczenia te pozwalaj\u0105 na ubieganie si\u0119 o stanowiska przeznaczone dla personelu naziemnego port\u00f3w lotniczych. Na naszej stronie internetowej mo\u017cna sprawdzi\u0107 aktualne terminy organizacji zaj\u0119\u0107 \u2013 odbywaj\u0105 si\u0119 one w Warszawie, a tak\u017ce w innych miastach Polski. Tak\u017ce istnieje mo\u017cliwo\u015b\u0107 prowadzenia szkole\u0144 w dogodnych terminach i miejscach dla grup zamkni\u0119tych. W razie dodatkowych pyta\u0144 zawsze jeste\u015bmy do dyspozycji. Zapraszamy [&hellip;]<\/p>\n","protected":false},"author":1,"featured_media":3431,"parent":65,"menu_order":50,"comment_status":"closed","ping_status":"closed","template":"","meta":{"sfsi_plus_gutenberg_text_before_share":"","sfsi_plus_gutenberg_show_text_before_share":"","sfsi_plus_gutenberg_icon_type":"","sfsi_plus_gutenberg_icon_alignemt":"","sfsi_plus_gutenburg_max_per_row":"","footnotes":""},"class_list":["post-1442","page","type-page","status-publish","has-post-thumbnail","hentry","has_thumb"],"aioseo_notices":[],"_links":{"self":[{"href":"https:\/\/kursy-udt.pl\/de\/wp-json\/wp\/v2\/pages\/1442","targetHints":{"allow":["GET"]}}],"collection":[{"href":"https:\/\/kursy-udt.pl\/de\/wp-json\/wp\/v2\/pages"}],"about":[{"href":"https:\/\/kursy-udt.pl\/de\/wp-json\/wp\/v2\/types\/page"}],"author":[{"embeddable":true,"href":"https:\/\/kursy-udt.pl\/de\/wp-json\/wp\/v2\/users\/1"}],"replies":[{"embeddable":true,"href":"https:\/\/kursy-udt.pl\/de\/wp-json\/wp\/v2\/comments?post=1442"}],"version-history":[{"count":10,"href":"https:\/\/kursy-udt.pl\/de\/wp-json\/wp\/v2\/pages\/1442\/revisions"}],"predecessor-version":[{"id":6174,"href":"https:\/\/kursy-udt.pl\/de\/wp-json\/wp\/v2\/pages\/1442\/revisions\/6174"}],"up":[{"embeddable":true,"href":"https:\/\/kursy-udt.pl\/de\/wp-json\/wp\/v2\/pages\/65"}],"wp:featuredmedia":[{"embeddable":true,"href":"https:\/\/kursy-udt.pl\/de\/wp-json\/wp\/v2\/media\/3431"}],"wp:attachment":[{"href":"https:\/\/kursy-udt.pl\/de\/wp-json\/wp\/v2\/media?parent=1442"}],"curies":[{"name":"wp","href":"https:\/\/api.w.org\/{rel}","templated":true}]}}