{"id":1395,"date":"2014-10-04T16:43:54","date_gmt":"2014-10-04T16:43:54","guid":{"rendered":"http:\/\/kursy-udt.pl\/?page_id=1395"},"modified":"2022-12-05T11:51:12","modified_gmt":"2022-12-05T11:51:12","slug":"teleskopladerkurs","status":"publish","type":"page","link":"https:\/\/kursy-udt.pl\/de\/szkolenia\/kurs-na-ladowarki-teleskopowe\/","title":{"rendered":"Kurs f\u00fcr Teleskoplader"},"content":{"rendered":"<p><img loading=\"lazy\" decoding=\"async\" class=\"paddingleft10 alignleft wp-image-346\" src=\"https:\/\/kursy-udt.pl\/wp-content\/uploads\/2014\/03\/wozki-widlowe-1.jpeg\" alt=\"Teleskoplader - Gabelstapler mit variabler Reichweite\" width=\"200\" height=\"150\" \/>Wir laden Sie ein, Kurse \u00fcber den Teleskoplader zu besuchen, um <a href=\"https:\/\/kursy-udt.pl\/de\/o-firmie\/\">ERGON Zentrum f\u00fcr Personalentwicklung<\/a>!<\/p>\n<div class=\"wyjustuj\">\n<p>Wenn Sie sich f\u00fcr unsere Laderkurse entscheiden, k\u00f6nnen Sie sicher sein, dass Sie eine professionelle Ausbildung unter der Leitung von erfahrenen Ausbildern erhalten, um einen <a href=\"https:\/\/kursy-udt.pl\/de\/uprawnienia-udt\/kategorie-uprawnien-2\/\">UDT-Anspr\u00fcche<\/a> war sogar noch einfacher. Aber auch der Preis unserer Kurse sollte Ihr Interesse wecken - alle Schulungen bei ODK ERGON zeichnen sich durch attraktive, g\u00fcnstige Geb\u00fchren aus.<\/p>\n<p>&nbsp;<\/p>\n<h2 class=\"naglowekh2\">Anmeldung<\/h2>\n<p>Der Teleskoplader ist <a href=\"https:\/\/kursy-udt.pl\/de\/szkolenia\/udt-wdt-tdt\/wozki-widlowe-merlo\/\">Gabelstapler<\/a> spezialisierter Lader mit variabler Reichweite, der in gro\u00dfem Umfang auf Baustellen und an anderen Orten eingesetzt wird, an denen Transportarbeiten schnell und effizient durchgef\u00fchrt werden m\u00fcssen. Die Stapler werden unter anderem f\u00fcr Arbeiten beim Bau von Stra\u00dfen, Br\u00fccken, Viadukten und Stahlkonstruktionen eingesetzt.<\/p>\n<h2 class=\"naglowekh2\">Zweck der Ausbildung<\/h2>\n<p>Der Kurs f\u00fcr Teleskopstaplerfahrer wurde speziell f\u00fcr diejenigen konzipiert, die sich f\u00fcr die Qualifikation zum Bediener von Teleskopstaplern der Kategorie I (WJO) bewerben m\u00f6chten.<\/p>\n<p>Unsere Schulungen helfen Ihnen dabei, die Bedienung von Ger\u00e4ten von Herstellern wie Manitou, Merlo, New Holland, Dieci, JCB und Case und anderen zu erlernen, die h\u00e4ufig an Arbeitspl\u00e4tzen eingesetzt werden.<\/p>\n<p>Die von uns durchgef\u00fchrten Laderkurse bestehen aus einem theoretischen und einem praktischen Teil, die zusammen den Teilnehmer umfassend auf die Arbeit als Bediener des Ger\u00e4ts und die Verwendung seiner Anbauger\u00e4te vorbereiten.<\/p>\n<p>Der Kurs f\u00fcr Teleskoplader (Lader mit variabler Reichweite) schlie\u00dft mit einer staatlichen Pr\u00fcfung vor einer Kommission des Technischen \u00dcberwachungsamtes ab. Nach bestandener Pr\u00fcfung erhalten die Teilnehmer die entsprechenden Berechtigungen und die Betreiberkarte. Diese sind in Polen und in den L\u00e4ndern der Europ\u00e4ischen Union unbegrenzt g\u00fcltig.<\/p>\n<h2 class=\"naglowekh2\">Programm der Aktivit\u00e4ten<\/h2>\n<p>Der Kurs f\u00fcr Teleskoplader umfasst alle wesentlichen Informationen und F\u00e4higkeiten, die f\u00fcr die Position des Ger\u00e4tef\u00fchrers erforderlich sind. Der Unterricht basiert auf einem mit der UDT vereinbarten Programm und besteht aus einem theoretischen und einem praktischen Teil. <a href=\"https:\/\/kursy-udt.pl\/wp-content\/uploads\/2022\/10\/12-1.jpeg\"><img loading=\"lazy\" decoding=\"async\" class=\"size-medium wp-image-4452 alignright\" src=\"https:\/\/kursy-udt.pl\/wp-content\/uploads\/2022\/10\/12-1-300x200.jpeg\" alt=\"\" width=\"300\" height=\"200\" srcset=\"https:\/\/kursy-udt.pl\/wp-content\/uploads\/2022\/10\/12-1-300x200.jpeg 300w, https:\/\/kursy-udt.pl\/wp-content\/uploads\/2022\/10\/12-1-1024x682.jpeg 1024w, https:\/\/kursy-udt.pl\/wp-content\/uploads\/2022\/10\/12-1-768x511.jpeg 768w, https:\/\/kursy-udt.pl\/wp-content\/uploads\/2022\/10\/12-1-1536x1022.jpeg 1536w, https:\/\/kursy-udt.pl\/wp-content\/uploads\/2022\/10\/12-1-18x12.jpeg 18w, https:\/\/kursy-udt.pl\/wp-content\/uploads\/2022\/10\/12-1-624x415.jpeg 624w, https:\/\/kursy-udt.pl\/wp-content\/uploads\/2022\/10\/12-1.jpeg 1600w\" sizes=\"auto, (max-width: 300px) 100vw, 300px\" \/><\/a>Diese sind haupts\u00e4chlich:<\/p>\n<ul>\n<li>Typen von Gabelstaplern und ihre Bauweise<\/li>\n<li>Grundkenntnisse im Bereich Fracht<\/li>\n<li>technische \u00dcberwachung der Ausr\u00fcstung<\/li>\n<li>Verwendung von zus\u00e4tzlichem Wagenmaterial<\/li>\n<li>die notwendigen Schritte vor, w\u00e4hrend und nach der Operation<\/li>\n<li>Unterricht \u00fcber den Bau und die Verwendung von Gasflaschen<\/li>\n<li>Nachrichten \u00fcber <a href=\"https:\/\/kursy-udt.pl\/de\/szkolenia\/bhp-bezpieczenstwo-pracy\/prawna-ochrona-pracy\/\">GESUNDHEIT UND SICHERHEIT<\/a><\/li>\n<li>praktische T\u00e4tigkeiten mit Teleskopladern<\/li>\n<\/ul>\n<p>In unserem Zentrum legen wir Wert darauf, dass der Unterricht f\u00fcr die Teilnehmer stets interessant ist und ihnen die gesamte Bandbreite an Kenntnissen und F\u00e4higkeiten vermittelt, die sie f\u00fcr ihre t\u00e4gliche Arbeit ben\u00f6tigen. Wir besch\u00e4ftigen erfahrene Ausbilder und verf\u00fcgen \u00fcber hochmoderne Bildungseinrichtungen, so dass das Lernen bei uns immer eine gute Investition in die Erweiterung Ihrer F\u00e4higkeiten ist.<\/p>\n<h2 class=\"naglowekh2\">Bedingungen f\u00fcr die Zulassung<\/h2>\n<p>Die folgenden Voraussetzungen m\u00fcssen erf\u00fcllt sein, um an dem Kurs f\u00fcr Teleskoplader teilnehmen zu k\u00f6nnen:<\/p>\n<ul>\n<li>mindestens einen Grundschulabschluss haben<\/li>\n<li>\u00fcber 18 Jahre alt sein<\/li>\n<li>keine gesundheitlichen Gegenanzeigen f\u00fcr die Arbeit als Maschinenf\u00fchrer haben<\/li>\n<\/ul>\n<p>Der Preis der Kurse richtet sich nach der Anzahl der angemeldeten Personen. F\u00fcr gr\u00f6\u00dfere Gruppen bieten wir attraktive Rabatte. F\u00fcr die Preise bitten wir Sie, sich mit unserem Unternehmen in Verbindung zu setzen, und wir werden Ihnen einen detaillierten Kostenvoranschlag f\u00fcr die Dienstleistung unterbreiten.<\/p>\n<p>Der Unterricht findet sowohl in unserem Hauptsitz in Warschau als auch in unseren regionalen Zentren statt. Wir sind auch in der Lage, Kurse vor Ort zu organisieren. Wir k\u00f6nnen den thematischen Umfang des Unterrichts speziell auf Ihre Bed\u00fcrfnisse abstimmen.<\/p>\n<p>Als Unternehmen mit langj\u00e4hriger Erfahrung im Ausbildungsbereich wissen wir, was unsere Kunden brauchen. Deshalb bieten wir Ihnen Zugang zu moderner Ausbildung zu erschwinglichen Preisen. Wir sind in der Lage, uns individuell auf Ihre Bed\u00fcrfnisse einzustellen, auch in Bezug auf Ort und Zeit bei geschlossenen Kursen. Wenn Sie Fragen haben, werden wir versuchen, sie so schnell wie m\u00f6glich zu beantworten.<\/p>\n<p>Wir ermutigen Sie, sich f\u00fcr einen Teleskopladerkurs bei ODK ERGON anzumelden!<\/p>\n<p><a href=\"https:\/\/kursy-udt.pl\/wp-content\/uploads\/2022\/12\/13-kurs-ladowarki-teleskopowe-kursy-udt.pl_.png\"><img loading=\"lazy\" decoding=\"async\" class=\"aligncenter wp-image-4534\" src=\"https:\/\/kursy-udt.pl\/wp-content\/uploads\/2022\/12\/13-kurs-ladowarki-teleskopowe-kursy-udt.pl_-300x188.png\" alt=\"\" width=\"750\" height=\"469\" srcset=\"https:\/\/kursy-udt.pl\/wp-content\/uploads\/2022\/12\/13-kurs-ladowarki-teleskopowe-kursy-udt.pl_-300x188.png 300w, https:\/\/kursy-udt.pl\/wp-content\/uploads\/2022\/12\/13-kurs-ladowarki-teleskopowe-kursy-udt.pl_-1024x640.png 1024w, https:\/\/kursy-udt.pl\/wp-content\/uploads\/2022\/12\/13-kurs-ladowarki-teleskopowe-kursy-udt.pl_-768x480.png 768w, https:\/\/kursy-udt.pl\/wp-content\/uploads\/2022\/12\/13-kurs-ladowarki-teleskopowe-kursy-udt.pl_-18x12.png 18w, https:\/\/kursy-udt.pl\/wp-content\/uploads\/2022\/12\/13-kurs-ladowarki-teleskopowe-kursy-udt.pl_-624x390.png 624w, https:\/\/kursy-udt.pl\/wp-content\/uploads\/2022\/12\/13-kurs-ladowarki-teleskopowe-kursy-udt.pl_.png 1200w\" sizes=\"auto, (max-width: 750px) 100vw, 750px\" \/><\/a><\/p>\n<\/div>","protected":false},"excerpt":{"rendered":"<p>Zapraszamy na kursy na \u0142adowark\u0119 teleskopow\u0105 do O\u015brodka Doskonalenia Kadr ERGON! Wybieraj\u0105c nasze kursy na \u0142adowark\u0119, otrzymuj\u0105 Pa\u0144stwo pewno\u015b\u0107 profesjonalnego przeszkolenia pod okiem do\u015bwiadczonych instruktor\u00f3w, aby uzyskanie uprawnie\u0144 UDT by\u0142o jeszcze prostsze. Jednocze\u015bnie cena naszych zaj\u0119\u0107 r\u00f3wnie\u017c powinna wzbudzi\u0107 Pa\u0144stwa zainteresowanie \u2013 wszystkie szkolenia w ODK ERGON wyr\u00f3\u017cniaj\u0105 si\u0119 atrakcyjnymi, przyst\u0119pnymi dla ka\u017cdego op\u0142atami. &nbsp; Zastosowanie \u0141adowarka teleskopowa to w\u00f3zek wid\u0142owy specjalizowany, \u0142adowarka ze zmiennym wysi\u0119giem, kt\u00f3ra jest wykorzystywana powszechnie na placach bud\u00f3w oraz w innych miejscach, gdzie niezb\u0119dne jest prowadzenie prac transportowych w spos\u00f3b szybki i sprawny. W\u00f3zki stosowane s\u0105 mi\u0119dzy innymi przy pracach w ramach budowy dr\u00f3g, most\u00f3w, wiadukt\u00f3w, konstrukcji stalowych. Cel szkolenia Kurs na \u0142adowarki teleskopowe zosta\u0142 opracowany specjalnie dla tych os\u00f3b, kt\u00f3re chc\u0105 ubiega\u0107 si\u0119 o uzyskanie uprawnie\u0144 niezb\u0119dnych do pracy na stanowisku operatora w\u00f3zk\u00f3w jezdniowych z wysi\u0119gnikami teleskopowymi w kategorii I WJO (w\u00f3zek specjalizowany). Nasze szkolenie pomo\u017ce Pa\u0144stwu nauczy\u0107 si\u0119 obs\u0142ugiwa\u0107 urz\u0105dzenia takich producent\u00f3w jak: Manitou, Merlo, New Holland, Dieci, JCB oraz Case i innych stosowanych powszechnie w zak\u0142adach pracy. Prowadzone przez nas Kursy na \u0142adowarki sk\u0142adaj\u0105 si\u0119 z teoretycznej i praktycznej cz\u0119\u015bci, kt\u00f3re wsp\u00f3lnie kompleksowo przygotowuj\u0105 uczestnika do pracy na stanowisku operatora urz\u0105dzenia oraz stosowania jego osprz\u0119tu. Kurs na \u0142adowarki teleskopowe (\u0142adowarki ze zmiennym wysi\u0119giem) ko\u0144czy si\u0119 egzaminem pa\u0144stwowym przed komisj\u0105 Urz\u0119du Dozoru Technicznego. Po pozytywnym zaliczeniu egzaminu uczestnicy otrzymuj\u0105 stosowne uprawnienia oraz legitymacj\u0119 operatora. S\u0105 one wa\u017cne bezterminowo na terenie Polski oraz kraj\u00f3w Unii Europejskiej. Program zaj\u0119\u0107 Kurs na \u0142adowark\u0119 teleskopow\u0105 obejmuje wszystkie najwa\u017cniejsze informacje oraz umiej\u0119tno\u015bci niezb\u0119dne na stanowisku operatora urz\u0105dzenia. Zaj\u0119cia opieraj\u0105 si\u0119 na programie uzgodnionym [&hellip;]<\/p>\n","protected":false},"author":1,"featured_media":4452,"parent":65,"menu_order":15,"comment_status":"closed","ping_status":"closed","template":"","meta":{"sfsi_plus_gutenberg_text_before_share":"","sfsi_plus_gutenberg_show_text_before_share":"","sfsi_plus_gutenberg_icon_type":"","sfsi_plus_gutenberg_icon_alignemt":"","sfsi_plus_gutenburg_max_per_row":"","footnotes":""},"class_list":["post-1395","page","type-page","status-publish","has-post-thumbnail","hentry","has_thumb"],"aioseo_notices":[],"_links":{"self":[{"href":"https:\/\/kursy-udt.pl\/de\/wp-json\/wp\/v2\/pages\/1395","targetHints":{"allow":["GET"]}}],"collection":[{"href":"https:\/\/kursy-udt.pl\/de\/wp-json\/wp\/v2\/pages"}],"about":[{"href":"https:\/\/kursy-udt.pl\/de\/wp-json\/wp\/v2\/types\/page"}],"author":[{"embeddable":true,"href":"https:\/\/kursy-udt.pl\/de\/wp-json\/wp\/v2\/users\/1"}],"replies":[{"embeddable":true,"href":"https:\/\/kursy-udt.pl\/de\/wp-json\/wp\/v2\/comments?post=1395"}],"version-history":[{"count":21,"href":"https:\/\/kursy-udt.pl\/de\/wp-json\/wp\/v2\/pages\/1395\/revisions"}],"predecessor-version":[{"id":4535,"href":"https:\/\/kursy-udt.pl\/de\/wp-json\/wp\/v2\/pages\/1395\/revisions\/4535"}],"up":[{"embeddable":true,"href":"https:\/\/kursy-udt.pl\/de\/wp-json\/wp\/v2\/pages\/65"}],"wp:featuredmedia":[{"embeddable":true,"href":"https:\/\/kursy-udt.pl\/de\/wp-json\/wp\/v2\/media\/4452"}],"wp:attachment":[{"href":"https:\/\/kursy-udt.pl\/de\/wp-json\/wp\/v2\/media?parent=1395"}],"curies":[{"name":"wp","href":"https:\/\/api.w.org\/{rel}","templated":true}]}}