{"id":1334,"date":"2014-08-12T22:13:49","date_gmt":"2014-08-12T22:13:49","guid":{"rendered":"http:\/\/kursy-udt.pl\/?page_id=1334"},"modified":"2022-10-14T12:18:53","modified_gmt":"2022-10-14T12:18:53","slug":"wenn-die-arbeiten-abgeschlossen-sind","status":"publish","type":"page","link":"https:\/\/kursy-udt.pl\/de\/szkolenia\/kurs-na-suwnice\/po-zakonczeniu-pracy\/","title":{"rendered":"Nach der Arbeit"},"content":{"rendered":"<h2 class=\"naglowekh2\"><img loading=\"lazy\" decoding=\"async\" class=\"paddingleft10 alignleft wp-image-1340\" src=\"https:\/\/kursy-udt.pl\/wp-content\/uploads\/2014\/08\/po-pracy_m.jpg\" alt=\"\" width=\"200\" height=\"150\" \/>Aktivit\u00e4ten nach dem Kran<\/h2>\n<p>Bei der Arbeit mit Br\u00fcckenkr\u00e4nen ist nicht nur die richtige Vorbereitung auf die Aufgabe und der korrekte Umgang mit dem Ger\u00e4t w\u00e4hrend des Transports wichtig, sondern auch jeder Mitarbeiter, der eine <a href=\"https:\/\/kursy-udt.pl\/de\/uprawnienia-udt\/kategorie-uprawnien-2\/\">Anrechte<\/a> auf den Kr\u00e4nen, muss er wissen, welche Arbeiten nach Abschluss der Arbeiten durchgef\u00fchrt werden m\u00fcssen.<\/p>\n<p>Alle folgenden Arbeiten m\u00fcssen von jedem Bediener des Ger\u00e4ts nach jeder Arbeitsschicht durchgef\u00fchrt werden. Ihre Unterlassung kann zu schweren Arbeitsunf\u00e4llen f\u00fchren. Einhaltung der Vorschriften <a href=\"https:\/\/kursy-udt.pl\/de\/szkolenia\/bhp-bezpieczenstwo-pracy\/prawna-ochrona-pracy\/\">GESUNDHEIT UND SICHERHEIT<\/a> \u00fcber die Position des Kranf\u00fchrers ist von entscheidender Bedeutung, da diese Ger\u00e4te aufgrund ihrer Gr\u00f6\u00dfe und des Gewichts der von ihnen getragenen Lasten oft eine gro\u00dfe Gefahr am Arbeitsplatz darstellen.<\/p>\n<div class=\"filmw\">\n<div class=\"responsive-youtube\" style=\"text-align: center;\"><iframe loading=\"lazy\" title=\"YouTube-Video-Player\" src=\"https:\/\/www.youtube.com\/embed\/0BIkkFvLgew\" width=\"560\" height=\"315\" frameborder=\"0\" allowfullscreen=\"allowfullscreen\"><\/iframe><\/div>\n<\/div>\n<h2 class=\"naglowekh2\"><strong>Wichtige Aktivit\u00e4ten nach der Arbeit:<\/strong><\/h2>\n<ul>\n<li>Kontrolle, dass keine Ladung auf dem Ladungstr\u00e4ger verbleibt - falls doch, entfernen Sie diese und platzieren Sie sie an einem geeigneten Ort gem\u00e4\u00df den Vorschriften<\/li>\n<li>Heben Sie die Ladevorrichtung auf die angegebene H\u00f6he an, so dass die Bewegung von Arbeitern und Fahrzeugen darunter nicht behindert wird - diese H\u00f6he betr\u00e4gt in der Regel etwa 2,5 Meter, wird aber von Fall zu Fall je nach Art der Vorrichtung und des Arbeitsplatzes festgelegt<\/li>\n<li>das Ger\u00e4t so aufzustellen, dass es andere Arbeiten auf der Baustelle nicht behindert<\/li>\n<li>Dr\u00fccken Sie die Not-Aus-Taste am Ger\u00e4t<\/li>\n<li>alle Bedienelemente auf dem Bedienfeld abklemmen<\/li>\n<li>schalten Sie die Stromversorgung des Ger\u00e4ts mit dem Hauptschalter des Ger\u00e4ts aus<\/li>\n<li>die Windbremsen m\u00fcssen gesichert werden, wenn das Ger\u00e4t damit ausgestattet ist<\/li>\n<li>wenn das Ger\u00e4t mit einem Elektromagneten ausgestattet ist, muss es auf den Boden abgesenkt werden<\/li>\n<li>vor dem Verlassen des Arbeitsplatzes eine gr\u00fcndliche Sichtpr\u00fcfung des Ger\u00e4ts vornehmen und auf mechanische Besch\u00e4digungen oder das Austreten von Betriebsfl\u00fcssigkeiten achten<\/li>\n<li>das Ger\u00e4t muss gegen unbefugte Benutzung gesichert sein<\/li>\n<li>bei St\u00f6rungen im Zusammenhang mit dem Betrieb des Ger\u00e4ts sofort Ihren Vorgesetzten und nach M\u00f6glichkeit auch andere Bediener zu informieren<\/li>\n<li>am Ende der Schicht in das Logbuch einzutragen, was die \u00dcbergabe der Ausr\u00fcstung zur Folge hat<\/li>\n<\/ul>\n<p><a href=\"https:\/\/kursy-udt.pl\/wp-content\/uploads\/2022\/10\/s2.jpeg\"><img loading=\"lazy\" decoding=\"async\" class=\"aligncenter wp-image-4478\" src=\"https:\/\/kursy-udt.pl\/wp-content\/uploads\/2022\/10\/s2-300x200.jpeg\" alt=\"\" width=\"750\" height=\"500\" srcset=\"https:\/\/kursy-udt.pl\/wp-content\/uploads\/2022\/10\/s2-300x200.jpeg 300w, https:\/\/kursy-udt.pl\/wp-content\/uploads\/2022\/10\/s2-1024x683.jpeg 1024w, https:\/\/kursy-udt.pl\/wp-content\/uploads\/2022\/10\/s2-768x512.jpeg 768w, https:\/\/kursy-udt.pl\/wp-content\/uploads\/2022\/10\/s2-1536x1024.jpeg 1536w, https:\/\/kursy-udt.pl\/wp-content\/uploads\/2022\/10\/s2-18x12.jpeg 18w, https:\/\/kursy-udt.pl\/wp-content\/uploads\/2022\/10\/s2-624x416.jpeg 624w, https:\/\/kursy-udt.pl\/wp-content\/uploads\/2022\/10\/s2.jpeg 1600w\" sizes=\"auto, (max-width: 750px) 100vw, 750px\" \/><\/a><\/p>\n<p>Bei der \u00dcbernahme eines Krans durch die n\u00e4chste Schicht ist zu beachten, dass der derzeitige Kranf\u00fchrer den Kran an den n\u00e4chsten Kranf\u00fchrer \u00fcbergeben muss. Wenn dies nicht m\u00f6glich ist, kann der Kranfahrer seinen Arbeitsplatz nur mit Zustimmung seines unmittelbaren Vorgesetzten verlassen.<\/p>\n<p>Auswahl von <a href=\"https:\/\/kursy-udt.pl\/de\/szkolenia\/kurs-na-suwnice\/\">Kranbahn<\/a> in unserem <a href=\"https:\/\/kursy-udt.pl\/de\/o-firmie\/\">ERGON Zentrum f\u00fcr Personalentwicklung<\/a>Sie erhalten alle wichtigen Informationen \u00fcber die Bedienung der vorgestellten Ger\u00e4te. Unsere Ausbilder vermitteln Ihnen die Informationen nicht nur in Form von Theorie, sondern \u00fcberpr\u00fcfen sie auch bei den praktischen \u00dcbungen, die mit den Ger\u00e4ten durchgef\u00fchrt werden. Bei diesen \u00dcbungen k\u00f6nnen Sie sich gr\u00fcndlich mit allen Abl\u00e4ufen vertraut machen, die vor, w\u00e4hrend und nach der Arbeit stattfinden m\u00fcssen. Sie sind herzlich willkommen!<\/p>\n<div class=\"button_styl\" style=\"float: right; padding-left: 15px; padding-bottom: 8px; margin-bottom: 5px;\"><a class=\"myButton myButton_maly\" href=\"https:\/\/platformaedukacji.pl\/login\/signup.php\" target=\"_blank\" rel=\"nofollow noopener\"><span style=\"color: white;\">Anmeldung zur Schulung<\/span><\/a><\/div>\n<div style=\"padding-top: 70px;\">\n<h2>Weitere Informationen:<\/h2>\n<div style=\"text-align: center; font-size: 85%; line-height: 120%;\">\n<div style=\"float: left; margin-right: 40px; height: 290px;\">\n<p><a href=\"\/de\/ausbildung\/kranbahn\/bau-von-kranen\/\"><img decoding=\"async\" src=\"\/wp-content\/uploads\/2014\/08\/budowa.jpg\" alt=\"\" \/><\/a><\/p>\n<div style=\"width: 300px; font-size: 130%;\"><strong>Bau von Kr\u00e4nen<\/strong><\/div>\n<p>&nbsp;<\/p>\n<\/div>\n<div style=\"float: left; margin-right: 40px; height: 290px;\">\n<p><a href=\"\/de\/ausbildung\/kranbahn\/verbotene-aktivitaten\/\"><img decoding=\"async\" src=\"\/wp-content\/uploads\/2014\/08\/zabronione.jpg\" alt=\"\" \/><\/a><\/p>\n<div style=\"width: 300px; font-size: 130%;\"><strong>Verbotene Aktivit\u00e4ten<\/strong><\/div>\n<p>&nbsp;<\/p>\n<\/div>\n<\/div>\n<div style=\"clear: both;\"><\/div>\n<div style=\"text-align: center; font-size: 85%; line-height: 120%;\">\n<div style=\"float: left; margin-right: 40px; height: 290px;\">\n<p><a href=\"\/de\/ausbildung\/kranbahn\/vorbereitende-tatigkeiten\/\"><img decoding=\"async\" src=\"\/wp-content\/uploads\/2014\/08\/przygotowanie.jpg\" alt=\"\" \/><\/a><\/p>\n<div style=\"width: 300px; font-size: 130%;\"><strong>Vorbereitende T\u00e4tigkeiten<\/strong><\/div>\n<p>&nbsp;<\/p>\n<\/div>\n<div style=\"float: left; margin-right: 40px; height: 290px;\">\n<p><a href=\"\/de\/ausbildung\/kranbahn\/wenn-die-arbeiten-abgeschlossen-sind\/\"><img decoding=\"async\" src=\"\/wp-content\/uploads\/2014\/08\/po-pracy.jpg\" alt=\"\" \/><\/a><\/p>\n<div style=\"width: 300px; font-size: 130%;\"><strong>Nach der Arbeit<\/strong><\/div>\n<p>&nbsp;<\/p>\n<\/div>\n<\/div>\n<div style=\"text-align: center; font-size: 85%; line-height: 120%;\">\n<div style=\"float: left; margin-right: 40px; height: 290px;\">\n<p><a href=\"\/de\/ausbildung\/kranbahn\/\"><img decoding=\"async\" style=\"width: 300px; height: 225px;\" src=\"\/wp-content\/uploads\/2014\/04\/suwnice.jpeg\" alt=\"\" \/><\/a><\/p>\n<div style=\"width: 300px; font-size: 130%;\"><strong>Kranichkurs<\/strong><\/div>\n<p>&nbsp;<\/p>\n<\/div>\n<\/div>\n<\/div>","protected":false},"excerpt":{"rendered":"<p>Czynno\u015bci po zako\u0144czeniu pracy z suwnic\u0105 Przy pracy z suwnicami niezb\u0119dne jest nie tylko prawid\u0142owe przygotowanie si\u0119 do zadania oraz w\u0142a\u015bciwe operowanie urz\u0105dzeniem podczas transportu, ale dodatkowo tak\u017ce ka\u017cdy pracownik, kt\u00f3ry posiada uprawnienia na suwnice, musi wiedzie\u0107, jakie czynno\u015bci trzeba wykona\u0107 po zako\u0144czeniu prac. Wszystkie z poni\u017cej przedstawionych czynno\u015bci musi wykona\u0107 ka\u017cdy operator urz\u0105dzenia po ka\u017cdej zmianie roboczej. Ich pomini\u0119cie mo\u017ce by\u0107 przyczyn\u0105 powa\u017cnych wypadk\u00f3w przy pracy. Przestrzeganie przepis\u00f3w BHP na stanowisku suwnicowego jest kluczowe, poniewa\u017c sprz\u0119t ten cz\u0119sto ze wzgl\u0119du na swoje wymiary oraz na ci\u0119\u017car przenoszonych \u0142adunk\u00f3w stanowi powa\u017cne zagro\u017cenie na stanowisku pracy w zak\u0142adzie. Najwa\u017cniejsze czynno\u015bci po zako\u0144czonej pracy: sprawdzenie, czy na urz\u0105dzeniu do transportu \u0142adunk\u00f3w nie pozosta\u0142y \u017cadne \u0142adunki \u2013 gdy tak, nale\u017cy zgodnie z przepisami zdj\u0105\u0107 je i umie\u015bci\u0107 w odpowiednim miejscu nale\u017cy unie\u015b\u0107 urz\u0105dzenie \u0142adunkowe na wskazan\u0105 wysoko\u015b\u0107, aby nie przeszkadza\u0142o ono w poruszaniu si\u0119 poni\u017cej pracownik\u00f3w, pojazd\u00f3w \u2013 najcz\u0119\u015bciej jest to wysoko\u015b\u0107 oko\u0142o 2,5 metra, ale jest ona zwykle indywidualnie wyznaczana zale\u017cnie od rodzaju urz\u0105dzenia oraz zak\u0142adu pracy nale\u017cy umie\u015bci\u0107 urz\u0105dzenie w miejscu jego postoju, aby nie przeszkadza\u0142o w wykonywaniu innych prac w zak\u0142adzie nale\u017cy nacisn\u0105\u0107 przycisk zatrzymania awaryjnego urz\u0105dzenia nale\u017cy od\u0142\u0105czy\u0107 wszystkie uk\u0142ady sterowania, kt\u00f3re znajduj\u0105 si\u0119 na panelu steruj\u0105cym nale\u017cy wy\u0142\u0105czy\u0107 zasilanie urz\u0105dzenia z u\u017cyciem g\u0142\u00f3wnego wy\u0142\u0105cznika zasilania urz\u0105dzenia nale\u017cy zabezpieczy\u0107 hamulce przeciwwiatrowe, je\u017celi urz\u0105dzenie jest w nie wyposa\u017cone je\u017celi urz\u0105dzenie wyposa\u017cone jest w elektromagnes, nale\u017cy opu\u015bci\u0107 go na ziemi\u0119 przed opuszczeniem stanowiska pracy nale\u017cy dok\u0142adnie wzrokowo skontrolowa\u0107 urz\u0105dzenie i zwr\u00f3ci\u0107 uwag\u0119 na ewentualne uszkodzenia mechaniczne, wycieki p\u0142yn\u00f3w eksploatacyjnych nale\u017cy dokona\u0107 zabezpieczenia urz\u0105dzenia przed osobami postronnymi, [&hellip;]<\/p>\n","protected":false},"author":1,"featured_media":4478,"parent":1322,"menu_order":8,"comment_status":"closed","ping_status":"closed","template":"","meta":{"sfsi_plus_gutenberg_text_before_share":"","sfsi_plus_gutenberg_show_text_before_share":"","sfsi_plus_gutenberg_icon_type":"","sfsi_plus_gutenberg_icon_alignemt":"","sfsi_plus_gutenburg_max_per_row":"","footnotes":""},"class_list":["post-1334","page","type-page","status-publish","has-post-thumbnail","hentry","has_thumb"],"aioseo_notices":[],"_links":{"self":[{"href":"https:\/\/kursy-udt.pl\/de\/wp-json\/wp\/v2\/pages\/1334","targetHints":{"allow":["GET"]}}],"collection":[{"href":"https:\/\/kursy-udt.pl\/de\/wp-json\/wp\/v2\/pages"}],"about":[{"href":"https:\/\/kursy-udt.pl\/de\/wp-json\/wp\/v2\/types\/page"}],"author":[{"embeddable":true,"href":"https:\/\/kursy-udt.pl\/de\/wp-json\/wp\/v2\/users\/1"}],"replies":[{"embeddable":true,"href":"https:\/\/kursy-udt.pl\/de\/wp-json\/wp\/v2\/comments?post=1334"}],"version-history":[{"count":9,"href":"https:\/\/kursy-udt.pl\/de\/wp-json\/wp\/v2\/pages\/1334\/revisions"}],"predecessor-version":[{"id":4480,"href":"https:\/\/kursy-udt.pl\/de\/wp-json\/wp\/v2\/pages\/1334\/revisions\/4480"}],"up":[{"embeddable":true,"href":"https:\/\/kursy-udt.pl\/de\/wp-json\/wp\/v2\/pages\/1322"}],"wp:featuredmedia":[{"embeddable":true,"href":"https:\/\/kursy-udt.pl\/de\/wp-json\/wp\/v2\/media\/4478"}],"wp:attachment":[{"href":"https:\/\/kursy-udt.pl\/de\/wp-json\/wp\/v2\/media?parent=1334"}],"curies":[{"name":"wp","href":"https:\/\/api.w.org\/{rel}","templated":true}]}}